{"id":7874,"date":"2021-10-27T14:23:04","date_gmt":"2021-10-27T11:23:04","guid":{"rendered":"http:\/\/birimler.atauni.edu.tr\/eczacilik-fakultesi\/?page_id=7874"},"modified":"2021-10-27T14:27:13","modified_gmt":"2021-10-27T11:27:13","slug":"2016-2017-egitim-donemi-onluk-giydirme-toreni","status":"publish","type":"page","link":"https:\/\/atauni.edu.tr\/eczacilik-fakultesi\/2016-2017-egitim-donemi-onluk-giydirme-toreni\/","title":{"rendered":"2016-2017 E\u011e\u0130T\u0130M D\u00d6NEM\u0130 \u00d6NL\u00dcK G\u0130YD\u0130RME T\u00d6REN\u0130"},"content":{"rendered":"\t\t<div data-elementor-type=\"wp-page\" data-elementor-id=\"7874\" class=\"elementor elementor-7874\" data-elementor-post-type=\"page\">\n\t\t\t\t\t\t<section class=\"elementor-section elementor-top-section elementor-element elementor-element-f3e70e8 elementor-section-boxed elementor-section-height-default elementor-section-height-default\" data-id=\"f3e70e8\" data-element_type=\"section\">\n\t\t\t\t\t\t<div class=\"elementor-container elementor-column-gap-default\">\n\t\t\t\t\t<div class=\"elementor-column elementor-col-100 elementor-top-column elementor-element elementor-element-6731b0f\" data-id=\"6731b0f\" data-element_type=\"column\">\n\t\t\t<div class=\"elementor-widget-wrap\">\n\t\t\t\t\t\t\t<\/div>\n\t\t<\/div>\n\t\t\t\t\t<\/div>\n\t\t<\/section>\n\t\t\t\t<section class=\"elementor-section elementor-top-section elementor-element elementor-element-271b142 elementor-section-boxed elementor-section-height-default elementor-section-height-default\" data-id=\"271b142\" data-element_type=\"section\">\n\t\t\t\t\t\t<div class=\"elementor-container elementor-column-gap-default\">\n\t\t\t\t\t<div class=\"elementor-column elementor-col-100 elementor-top-column elementor-element elementor-element-dd30135\" data-id=\"dd30135\" data-element_type=\"column\">\n\t\t\t<div class=\"elementor-widget-wrap elementor-element-populated\">\n\t\t\t\t\t\t<div class=\"elementor-element elementor-element-509e4d8 elementor-widget elementor-widget-text-editor\" data-id=\"509e4d8\" data-element_type=\"widget\" data-widget_type=\"text-editor.default\">\n\t\t\t\t<div class=\"elementor-widget-container\">\n\t\t\t\t\t\t\t\t\t<p>16 Aral\u0131k 2016 tarihinde, Atat\u00fcrk \u00dcniversitesi Eczac\u0131l\u0131k Fak\u00fcltesi 2016-2017 E\u011fitim-\u00d6\u011fretim Y\u0131l\u0131 Geleneksel Beyaz \u00d6nl\u00fck Giydirme T\u00f6reni, Nenehatun K\u00fclt\u00fcr Merkezi\u2019nde ger\u00e7ekle\u015fti.<br>20. y\u0131l\u0131n\u0131 kutlayan Eczac\u0131l\u0131k Fak\u00fcltesi, b\u00f6l\u00fcm\u00fc yeni kazanan \u00f6\u011frencilerine Beyaz \u00d6nl\u00fck Giydirme T\u00f6reni d\u00fczenledi.<br>T\u00f6rene Vali Seyfettin Azizo\u011flu, Erzurum B\u00fcy\u00fck\u015fehir Belediye Ba\u015fkan\u0131 Mehmet Sekmen, Atat\u00fcrk \u00dcniversitesi Rekt\u00f6r Yard\u0131mc\u0131s\u0131 Prof. Dr. Ayhan \u00c7elik, Sa\u011fl\u0131k Bakanl\u0131\u011f\u0131 T\u00fcrkiye \u0130la\u00e7 ve T\u0131bbi Cihaz Kurumu Ba\u015fkan\u0131 Dr. Hakk\u0131 G\u00fcrs\u00f6z, T\u00fcrk Eczac\u0131lar\u0131 Birli\u011fi Merkez Heyeti \u00dcyesi Ecz. Mehmet Emin Beyaz, Erzurum Eczac\u0131 Odas\u0131 Genel Sekreteri Ecz. Hakan \u00d6zcan, Eczac\u0131l\u0131k Fak\u00fcltesi Dekan\u0131 Prof. Dr. Y\u00fccel Kad\u0131o\u011flu, fak\u00fclte dekanlar\u0131, akademisyenler, \u00f6\u011frenciler ve aileleri kat\u0131ld\u0131.<\/p>\t\t\t\t\t\t\t\t<\/div>\n\t\t\t\t<\/div>\n\t\t\t\t<div class=\"elementor-element elementor-element-e895ee2 elementor-widget elementor-widget-image-gallery\" data-id=\"e895ee2\" data-element_type=\"widget\" data-widget_type=\"image-gallery.default\">\n\t\t\t\t<div class=\"elementor-widget-container\">\n\t\t\t\t\t\t\t<div class=\"elementor-image-gallery\">\n\t\t\t\n\t\t<style type=\"text\/css\">\n\t\t\t#gallery-1 {\n\t\t\t\tmargin: auto;\n\t\t\t}\n\t\t\t#gallery-1 .gallery-item {\n\t\t\t\tfloat: left;\n\t\t\t\tmargin-top: 10px;\n\t\t\t\ttext-align: center;\n\t\t\t\twidth: 50%;\n\t\t\t}\n\t\t\t#gallery-1 img {\n\t\t\t\tborder: 2px solid #cfcfcf;\n\t\t\t}\n\t\t\t#gallery-1 .gallery-caption {\n\t\t\t\tmargin-left: 0;\n\t\t\t}\n\t\t\t\/* see gallery_shortcode() in wp-includes\/media.php *\/\n\t\t<\/style>\n\t\t<div id='gallery-1' class='gallery galleryid-7874 gallery-columns-2 gallery-size-medium_large'><dl class='gallery-item'>\n\t\t\t<dt class='gallery-icon landscape'>\n\t\t\t\t<a data-elementor-open-lightbox=\"yes\" data-elementor-lightbox-slideshow=\"e895ee2\" data-elementor-lightbox-title=\"85dbc60f933bbd36ee13383b7562bf71\" data-e-action-hash=\"#elementor-action%3Aaction%3Dlightbox%26settings%3DeyJpZCI6Nzg3OCwidXJsIjoiaHR0cHM6XC9cL2F0YXVuaS5lZHUudHJcL2VjemFjaWxpay1mYWt1bHRlc2lcL3dwLWNvbnRlbnRcL3VwbG9hZHNcL3NpdGVzXC81OFwvMjAyMFwvMDdcLzg1ZGJjNjBmOTMzYmJkMzZlZTEzMzgzYjc1NjJiZjcxLmpwZyIsInNsaWRlc2hvdyI6ImU4OTVlZTIifQ%3D%3D\" href='https:\/\/atauni.edu.tr\/eczacilik-fakultesi\/wp-content\/uploads\/sites\/58\/2020\/07\/85dbc60f933bbd36ee13383b7562bf71.jpg'><img fetchpriority=\"high\" decoding=\"async\" width=\"768\" height=\"513\" src=\"https:\/\/atauni.edu.tr\/eczacilik-fakultesi\/wp-content\/uploads\/sites\/58\/2020\/07\/85dbc60f933bbd36ee13383b7562bf71-768x513.jpg\" class=\"attachment-medium_large size-medium_large\" alt=\"\" srcset=\"https:\/\/atauni.edu.tr\/eczacilik-fakultesi\/wp-content\/uploads\/sites\/58\/2020\/07\/85dbc60f933bbd36ee13383b7562bf71-768x513.jpg 768w, https:\/\/atauni.edu.tr\/eczacilik-fakultesi\/wp-content\/uploads\/sites\/58\/2020\/07\/85dbc60f933bbd36ee13383b7562bf71-300x200.jpg 300w, https:\/\/atauni.edu.tr\/eczacilik-fakultesi\/wp-content\/uploads\/sites\/58\/2020\/07\/85dbc60f933bbd36ee13383b7562bf71-1024x684.jpg 1024w, https:\/\/atauni.edu.tr\/eczacilik-fakultesi\/wp-content\/uploads\/sites\/58\/2020\/07\/85dbc60f933bbd36ee13383b7562bf71-1536x1026.jpg 1536w, https:\/\/atauni.edu.tr\/eczacilik-fakultesi\/wp-content\/uploads\/sites\/58\/2020\/07\/85dbc60f933bbd36ee13383b7562bf71-600x401.jpg 600w, https:\/\/atauni.edu.tr\/eczacilik-fakultesi\/wp-content\/uploads\/sites\/58\/2020\/07\/85dbc60f933bbd36ee13383b7562bf71-560x374.jpg 560w, https:\/\/atauni.edu.tr\/eczacilik-fakultesi\/wp-content\/uploads\/sites\/58\/2020\/07\/85dbc60f933bbd36ee13383b7562bf71.jpg 1679w\" sizes=\"(max-width: 768px) 100vw, 768px\" \/><\/a>\n\t\t\t<\/dt><\/dl><dl class='gallery-item'>\n\t\t\t<dt class='gallery-icon landscape'>\n\t\t\t\t<a data-elementor-open-lightbox=\"yes\" data-elementor-lightbox-slideshow=\"e895ee2\" data-elementor-lightbox-title=\"01ff950f88c12e3c25d21bd2d49b3022\" data-e-action-hash=\"#elementor-action%3Aaction%3Dlightbox%26settings%3DeyJpZCI6Nzg3OSwidXJsIjoiaHR0cHM6XC9cL2F0YXVuaS5lZHUudHJcL2VjemFjaWxpay1mYWt1bHRlc2lcL3dwLWNvbnRlbnRcL3VwbG9hZHNcL3NpdGVzXC81OFwvMjAyMFwvMDdcLzAxZmY5NTBmODhjMTJlM2MyNWQyMWJkMmQ0OWIzMDIyLnBuZyIsInNsaWRlc2hvdyI6ImU4OTVlZTIifQ%3D%3D\" href='https:\/\/atauni.edu.tr\/eczacilik-fakultesi\/wp-content\/uploads\/sites\/58\/2020\/07\/01ff950f88c12e3c25d21bd2d49b3022.png'><img decoding=\"async\" width=\"467\" height=\"342\" src=\"https:\/\/atauni.edu.tr\/eczacilik-fakultesi\/wp-content\/uploads\/sites\/58\/2020\/07\/01ff950f88c12e3c25d21bd2d49b3022.png\" class=\"attachment-medium_large size-medium_large\" alt=\"\" srcset=\"https:\/\/atauni.edu.tr\/eczacilik-fakultesi\/wp-content\/uploads\/sites\/58\/2020\/07\/01ff950f88c12e3c25d21bd2d49b3022.png 467w, https:\/\/atauni.edu.tr\/eczacilik-fakultesi\/wp-content\/uploads\/sites\/58\/2020\/07\/01ff950f88c12e3c25d21bd2d49b3022-300x220.png 300w\" sizes=\"(max-width: 467px) 100vw, 467px\" \/><\/a>\n\t\t\t<\/dt><\/dl><br style=\"clear: both\" \/>\n\t\t<\/div>\n\t\t<\/div>\n\t\t\t\t\t\t<\/div>\n\t\t\t\t<\/div>\n\t\t\t\t\t<\/div>\n\t\t<\/div>\n\t\t\t\t\t<\/div>\n\t\t<\/section>\n\t\t\t\t<\/div>\n\t\t","protected":false},"excerpt":{"rendered":"<p>16 Aral\u0131k 2016 tarihinde, Atat\u00fcrk \u00dcniversitesi Eczac\u0131l\u0131k Fak\u00fcltesi 2016-2017 E\u011fitim-\u00d6\u011fretim Y\u0131l\u0131 Geleneksel Beyaz \u00d6nl\u00fck Giydirme T\u00f6reni, Nenehatun K\u00fclt\u00fcr Merkezi\u2019nde ger\u00e7ekle\u015fti.20. y\u0131l\u0131n\u0131 kutlayan Eczac\u0131l\u0131k Fak\u00fcltesi, b\u00f6l\u00fcm\u00fc yeni kazanan \u00f6\u011frencilerine Beyaz \u00d6nl\u00fck Giydirme T\u00f6reni d\u00fczenledi.T\u00f6rene Vali Seyfettin Azizo\u011flu, Erzurum B\u00fcy\u00fck\u015fehir Belediye Ba\u015fkan\u0131 Mehmet Sekmen, Atat\u00fcrk \u00dcniversitesi Rekt\u00f6r Yard\u0131mc\u0131s\u0131 Prof. Dr. Ayhan \u00c7elik, Sa\u011fl\u0131k Bakanl\u0131\u011f\u0131 T\u00fcrkiye \u0130la\u00e7 ve [&hellip;]<\/p>\n","protected":false},"author":47,"featured_media":0,"parent":0,"menu_order":0,"comment_status":"closed","ping_status":"closed","template":"","meta":{"footnotes":""},"class_list":["post-7874","page","type-page","status-publish","hentry"],"_links":{"self":[{"href":"https:\/\/atauni.edu.tr\/eczacilik-fakultesi\/wp-json\/wp\/v2\/pages\/7874","targetHints":{"allow":["GET"]}}],"collection":[{"href":"https:\/\/atauni.edu.tr\/eczacilik-fakultesi\/wp-json\/wp\/v2\/pages"}],"about":[{"href":"https:\/\/atauni.edu.tr\/eczacilik-fakultesi\/wp-json\/wp\/v2\/types\/page"}],"author":[{"embeddable":true,"href":"https:\/\/atauni.edu.tr\/eczacilik-fakultesi\/wp-json\/wp\/v2\/users\/47"}],"replies":[{"embeddable":true,"href":"https:\/\/atauni.edu.tr\/eczacilik-fakultesi\/wp-json\/wp\/v2\/comments?post=7874"}],"version-history":[{"count":7,"href":"https:\/\/atauni.edu.tr\/eczacilik-fakultesi\/wp-json\/wp\/v2\/pages\/7874\/revisions"}],"predecessor-version":[{"id":7888,"href":"https:\/\/atauni.edu.tr\/eczacilik-fakultesi\/wp-json\/wp\/v2\/pages\/7874\/revisions\/7888"}],"wp:attachment":[{"href":"https:\/\/atauni.edu.tr\/eczacilik-fakultesi\/wp-json\/wp\/v2\/media?parent=7874"}],"curies":[{"name":"wp","href":"https:\/\/api.w.org\/{rel}","templated":true}]}}