{"id":7889,"date":"2021-10-27T14:27:38","date_gmt":"2021-10-27T11:27:38","guid":{"rendered":"http:\/\/birimler.atauni.edu.tr\/eczacilik-fakultesi\/?page_id=7889"},"modified":"2021-10-27T14:29:18","modified_gmt":"2021-10-27T11:29:18","slug":"2017-2018-egitim-donemi-onluk-giydirme-toreni","status":"publish","type":"page","link":"https:\/\/atauni.edu.tr\/eczacilik-fakultesi\/2017-2018-egitim-donemi-onluk-giydirme-toreni\/","title":{"rendered":"2017-2018 E\u011e\u0130T\u0130M D\u00d6NEM\u0130 \u00d6NL\u00dcK G\u0130YD\u0130RME T\u00d6REN\u0130"},"content":{"rendered":"\t\t<div data-elementor-type=\"wp-page\" data-elementor-id=\"7889\" class=\"elementor elementor-7889\" data-elementor-post-type=\"page\">\n\t\t\t\t\t\t<section class=\"elementor-section elementor-top-section elementor-element elementor-element-2de609a elementor-section-boxed elementor-section-height-default elementor-section-height-default\" data-id=\"2de609a\" data-element_type=\"section\">\n\t\t\t\t\t\t<div class=\"elementor-container elementor-column-gap-default\">\n\t\t\t\t\t<div class=\"elementor-column elementor-col-100 elementor-top-column elementor-element elementor-element-efe7d64\" data-id=\"efe7d64\" data-element_type=\"column\">\n\t\t\t<div class=\"elementor-widget-wrap elementor-element-populated\">\n\t\t\t\t\t\t<div class=\"elementor-element elementor-element-0921c19 elementor-widget elementor-widget-text-editor\" data-id=\"0921c19\" data-element_type=\"widget\" data-widget_type=\"text-editor.default\">\n\t\t\t\t<div class=\"elementor-widget-container\">\n\t\t\t\t\t\t\t\t\t<p>17 Kas\u0131m 2017 g\u00fcn\u00fc Saat 14.00\u2019te \u00dcniversitemiz 15 Temmuz Mill\u00ee \u0130rade Salonu&#8217;nda Fak\u00fcltemiz birinci s\u0131n\u0131f \u00f6\u011frencileri i\u00e7in &#8220;Beyaz \u00d6nl\u00fck Giyme T\u00f6reni&#8221; d\u00fczenlendi. T\u00f6rene\u00a0\u00a0Atat\u00fcrk \u00dcniversitesi rekt\u00f6r\u00fc Prof. Dr. \u00d6mer \u00c7OMAKLI,\u00a0\u00a0Atat\u00fcrk \u00dcniversitesi Eczac\u0131l\u0131k Fak\u00fcltesi Kurucu Dekan\u0131 Prof. Dr.\u00a0Samih\u00a0BAYRAK\u00c7EKEN,\u00a0\u00a0Erzurum B\u00fcy\u00fck \u015eehir Belediye Ba\u015fkan\u0131 Vekili,Erzurum Valisi Seyfettin\u00a0\u00a0AZ\u0130ZO\u011eLU, Atat\u00fcrk \u00dcniversitesi Eczac\u0131l\u0131k Fak\u00fcltesi Eski Dekan\u0131 Prof. Dr. Yunus KARA, Fak\u00fcltemiz\u00a0Farmas\u00f6tik\u00a0Toksikoloji alan\u0131nda e\u011fitimdeste\u011fi veren \u00f6\u011fretim \u00fcyelerinden; Prof. Dr. G\u00f6n\u00fcl \u015eAH\u0130N, Prof. Dr. TerkenBAYDAR, Prof. Dr. Ay\u015fe Nur\u015fen BA\u015eARAN, Fak\u00fcltemizde Farmakognozi alan\u0131nda e\u011fitim deste\u011fi veren; Prof. Dr. Ahmet BA\u015eARAN, Prof. Dr. \u00d6m\u00fcr DEM\u0130REZER, Prof. Dr. Ufuk \u00d6ZGEN, fak\u00fcltemize\u00a0Farmas\u00f6tik\u00a0Teknoloji alan\u0131nda e\u011fitim deste\u011fi veren; Prof. Dr.\u00a0\u0130lbeyi\u00a0A\u011eABEY\u0130O\u011eLU, Prof. Dr. Y\u0131lmaz \u00c7APAN, Prof. Dr. F\u00fcsun ACART\u00dcRK, Prof. Dr. Nevin \u00c7ELEB\u0130, Prof. Dr. Sevgi TAKKA, Prof. Dr. Selma \u015eAH\u0130N, Prof. Dr. \u0130mran VURAL, fak\u00fcltemize Eczac\u0131l\u0131k \u0130\u015fletmecili\u011fi alan\u0131nda e\u011fitim deste\u011fi veren; Prof. Dr. G\u00fclbin \u00d6Z\u00c7EL\u0130KAY, Prof. Dr. Sevgi \u015eAR, fak\u00fcltemize Farmakoloji alan\u0131nda e\u011fitim deste\u011fi veren Do\u00e7. Dr. Elif \u00c7ADIRCI kat\u0131ld\u0131. Fak\u00fcltemize kuruldu\u011fu g\u00fcnden itibaren e\u011fitim deste\u011fi veren hocalar\u0131m\u0131za t\u00f6ren sonunda te\u015fekk\u00fcr ama\u00e7l\u0131 plaket takdimi yap\u0131ld\u0131.<\/p>\t\t\t\t\t\t\t\t<\/div>\n\t\t\t\t<\/div>\n\t\t\t\t\t<\/div>\n\t\t<\/div>\n\t\t\t\t\t<\/div>\n\t\t<\/section>\n\t\t\t\t<section class=\"elementor-section elementor-top-section elementor-element elementor-element-e8795dd elementor-section-boxed elementor-section-height-default elementor-section-height-default\" data-id=\"e8795dd\" data-element_type=\"section\">\n\t\t\t\t\t\t<div class=\"elementor-container elementor-column-gap-default\">\n\t\t\t\t\t<div class=\"elementor-column elementor-col-100 elementor-top-column elementor-element elementor-element-38a6393\" data-id=\"38a6393\" data-element_type=\"column\">\n\t\t\t<div class=\"elementor-widget-wrap elementor-element-populated\">\n\t\t\t\t\t\t<div class=\"elementor-element elementor-element-b7300cc elementor-arrows-position-inside elementor-pagination-position-outside elementor-widget elementor-widget-image-carousel\" data-id=\"b7300cc\" data-element_type=\"widget\" data-settings=\"{&quot;navigation&quot;:&quot;both&quot;,&quot;autoplay&quot;:&quot;yes&quot;,&quot;pause_on_hover&quot;:&quot;yes&quot;,&quot;pause_on_interaction&quot;:&quot;yes&quot;,&quot;autoplay_speed&quot;:5000,&quot;infinite&quot;:&quot;yes&quot;,&quot;speed&quot;:500}\" data-widget_type=\"image-carousel.default\">\n\t\t\t\t<div class=\"elementor-widget-container\">\n\t\t\t\t\t\t\t<div class=\"elementor-image-carousel-wrapper swiper\" role=\"region\" aria-roledescription=\"carousel\" aria-label=\"Resim D\u00f6ng\u00fcs\u00fc\" dir=\"ltr\">\n\t\t\t<div class=\"elementor-image-carousel swiper-wrapper\" aria-live=\"off\">\n\t\t\t\t\t\t\t\t<div class=\"swiper-slide\" role=\"group\" aria-roledescription=\"slide\" aria-label=\"1 \/ 5\"><figure class=\"swiper-slide-inner\"><img decoding=\"async\" class=\"swiper-slide-image\" src=\"https:\/\/atauni.edu.tr\/eczacilik-fakultesi\/wp-content\/uploads\/sites\/58\/2020\/07\/18bea9213d4e89bc617da10b2d304e18-768x539.jpg\" alt=\"18bea9213d4e89bc617da10b2d304e18\" \/><\/figure><\/div><div class=\"swiper-slide\" role=\"group\" aria-roledescription=\"slide\" aria-label=\"2 \/ 5\"><figure class=\"swiper-slide-inner\"><img decoding=\"async\" class=\"swiper-slide-image\" src=\"https:\/\/atauni.edu.tr\/eczacilik-fakultesi\/wp-content\/uploads\/sites\/58\/2020\/07\/cd653e012f966b5ac00c6512e3725c0e-768x576.jpg\" alt=\"cd653e012f966b5ac00c6512e3725c0e\" \/><\/figure><\/div><div class=\"swiper-slide\" role=\"group\" aria-roledescription=\"slide\" aria-label=\"3 \/ 5\"><figure class=\"swiper-slide-inner\"><img decoding=\"async\" class=\"swiper-slide-image\" src=\"https:\/\/atauni.edu.tr\/eczacilik-fakultesi\/wp-content\/uploads\/sites\/58\/2020\/07\/ac0761c017f49408008b82e961ef2dfe-768x557.jpg\" alt=\"ac0761c017f49408008b82e961ef2dfe\" \/><\/figure><\/div><div class=\"swiper-slide\" role=\"group\" aria-roledescription=\"slide\" aria-label=\"4 \/ 5\"><figure class=\"swiper-slide-inner\"><img decoding=\"async\" class=\"swiper-slide-image\" src=\"https:\/\/atauni.edu.tr\/eczacilik-fakultesi\/wp-content\/uploads\/sites\/58\/2020\/07\/9a8fa218b9df48d2e73a2f90fda49bea-768x576.jpg\" alt=\"9a8fa218b9df48d2e73a2f90fda49bea\" \/><\/figure><\/div><div class=\"swiper-slide\" role=\"group\" aria-roledescription=\"slide\" aria-label=\"5 \/ 5\"><figure class=\"swiper-slide-inner\"><img decoding=\"async\" class=\"swiper-slide-image\" src=\"https:\/\/atauni.edu.tr\/eczacilik-fakultesi\/wp-content\/uploads\/sites\/58\/2020\/07\/5d53d294575cc0c5c16c69942d441417-768x576.jpg\" alt=\"5d53d294575cc0c5c16c69942d441417\" \/><\/figure><\/div>\t\t\t<\/div>\n\t\t\t\t\t\t\t\t\t\t\t\t<div class=\"elementor-swiper-button elementor-swiper-button-prev\" role=\"button\" tabindex=\"0\">\n\t\t\t\t\t\t<i aria-hidden=\"true\" class=\"eicon-chevron-left\"><\/i>\t\t\t\t\t<\/div>\n\t\t\t\t\t<div class=\"elementor-swiper-button elementor-swiper-button-next\" role=\"button\" tabindex=\"0\">\n\t\t\t\t\t\t<i aria-hidden=\"true\" class=\"eicon-chevron-right\"><\/i>\t\t\t\t\t<\/div>\n\t\t\t\t\n\t\t\t\t\t\t\t\t\t<div class=\"swiper-pagination\"><\/div>\n\t\t\t\t\t\t\t\t\t<\/div>\n\t\t\t\t\t\t<\/div>\n\t\t\t\t<\/div>\n\t\t\t\t\t<\/div>\n\t\t<\/div>\n\t\t\t\t\t<\/div>\n\t\t<\/section>\n\t\t\t\t<\/div>\n\t\t","protected":false},"excerpt":{"rendered":"<p>17 Kas\u0131m 2017 g\u00fcn\u00fc Saat 14.00\u2019te \u00dcniversitemiz 15 Temmuz Mill\u00ee \u0130rade Salonu&#8217;nda Fak\u00fcltemiz birinci s\u0131n\u0131f \u00f6\u011frencileri i\u00e7in &#8220;Beyaz \u00d6nl\u00fck Giyme T\u00f6reni&#8221; d\u00fczenlendi. T\u00f6rene\u00a0\u00a0Atat\u00fcrk \u00dcniversitesi rekt\u00f6r\u00fc Prof. Dr. \u00d6mer \u00c7OMAKLI,\u00a0\u00a0Atat\u00fcrk \u00dcniversitesi Eczac\u0131l\u0131k Fak\u00fcltesi Kurucu Dekan\u0131 Prof. Dr.\u00a0Samih\u00a0BAYRAK\u00c7EKEN,\u00a0\u00a0Erzurum B\u00fcy\u00fck \u015eehir Belediye Ba\u015fkan\u0131 Vekili,Erzurum Valisi Seyfettin\u00a0\u00a0AZ\u0130ZO\u011eLU, Atat\u00fcrk \u00dcniversitesi Eczac\u0131l\u0131k Fak\u00fcltesi Eski Dekan\u0131 Prof. Dr. Yunus KARA, Fak\u00fcltemiz\u00a0Farmas\u00f6tik\u00a0Toksikoloji alan\u0131nda [&hellip;]<\/p>\n","protected":false},"author":47,"featured_media":0,"parent":0,"menu_order":0,"comment_status":"closed","ping_status":"closed","template":"","meta":{"footnotes":""},"class_list":["post-7889","page","type-page","status-publish","hentry"],"_links":{"self":[{"href":"https:\/\/atauni.edu.tr\/eczacilik-fakultesi\/wp-json\/wp\/v2\/pages\/7889","targetHints":{"allow":["GET"]}}],"collection":[{"href":"https:\/\/atauni.edu.tr\/eczacilik-fakultesi\/wp-json\/wp\/v2\/pages"}],"about":[{"href":"https:\/\/atauni.edu.tr\/eczacilik-fakultesi\/wp-json\/wp\/v2\/types\/page"}],"author":[{"embeddable":true,"href":"https:\/\/atauni.edu.tr\/eczacilik-fakultesi\/wp-json\/wp\/v2\/users\/47"}],"replies":[{"embeddable":true,"href":"https:\/\/atauni.edu.tr\/eczacilik-fakultesi\/wp-json\/wp\/v2\/comments?post=7889"}],"version-history":[{"count":4,"href":"https:\/\/atauni.edu.tr\/eczacilik-fakultesi\/wp-json\/wp\/v2\/pages\/7889\/revisions"}],"predecessor-version":[{"id":7898,"href":"https:\/\/atauni.edu.tr\/eczacilik-fakultesi\/wp-json\/wp\/v2\/pages\/7889\/revisions\/7898"}],"wp:attachment":[{"href":"https:\/\/atauni.edu.tr\/eczacilik-fakultesi\/wp-json\/wp\/v2\/media?parent=7889"}],"curies":[{"name":"wp","href":"https:\/\/api.w.org\/{rel}","templated":true}]}}