{"id":7900,"date":"2021-10-27T14:29:37","date_gmt":"2021-10-27T11:29:37","guid":{"rendered":"http:\/\/birimler.atauni.edu.tr\/eczacilik-fakultesi\/?page_id=7900"},"modified":"2021-10-27T14:47:59","modified_gmt":"2021-10-27T11:47:59","slug":"2018-2019-egitim-donemi-onluk-giydirme-toreni","status":"publish","type":"page","link":"https:\/\/atauni.edu.tr\/eczacilik-fakultesi\/2018-2019-egitim-donemi-onluk-giydirme-toreni\/","title":{"rendered":"2018-2019 E\u011e\u0130T\u0130M D\u00d6NEM\u0130 \u00d6NL\u00dcK G\u0130YD\u0130RME T\u00d6REN\u0130"},"content":{"rendered":"\t\t<div data-elementor-type=\"wp-page\" data-elementor-id=\"7900\" class=\"elementor elementor-7900\" data-elementor-post-type=\"page\">\n\t\t\t\t\t\t<section class=\"elementor-section elementor-top-section elementor-element elementor-element-2df39d0 elementor-section-boxed elementor-section-height-default elementor-section-height-default\" data-id=\"2df39d0\" data-element_type=\"section\">\n\t\t\t\t\t\t<div class=\"elementor-container elementor-column-gap-default\">\n\t\t\t\t\t<div class=\"elementor-column elementor-col-100 elementor-top-column elementor-element elementor-element-9e8588f\" data-id=\"9e8588f\" data-element_type=\"column\">\n\t\t\t<div class=\"elementor-widget-wrap elementor-element-populated\">\n\t\t\t\t\t\t<div class=\"elementor-element elementor-element-a27af62 elementor-widget elementor-widget-text-editor\" data-id=\"a27af62\" data-element_type=\"widget\" data-widget_type=\"text-editor.default\">\n\t\t\t\t<div class=\"elementor-widget-container\">\n\t\t\t\t\t\t\t\t\t<p>11 Aral\u0131k 2018 g\u00fcn\u00fc Saat 14.00\u2019te \u00dcniversitemiz 15 Temmuz Mill\u00ee \u0130rade Salonu&#8217;nda Fak\u00fcltemiz birinci s\u0131n\u0131f \u00f6\u011frencileri i\u00e7in &#8220;Beyaz \u00d6nl\u00fck Giyme T\u00f6reni&#8221; d\u00fczenlendi. T\u00f6rene\u00a0 Erzurum B\u00fcy\u00fck \u015eehir Belediye Ba\u015fkan\u0131 Vekili,\u00a0Atat\u00fcrk \u00dcniversitesi Rekt\u00f6r Yard\u0131mc\u0131s\u0131 Prof. Dr. Fuat G\u00dcNDO\u011eDU, T\u00fcrkiye \u0130la\u00e7 ve T\u0131bbi Cihaz Kurumu (T\u0130TCK) Sa\u011fl\u0131k Ba\u015f Denet\u00e7isi Denetim Hizmetleri Ba\u015fkan Yard\u0131mc\u0131s\u0131 Fatih TAN, T\u00fcrkiye \u0130la\u00e7 ve T\u0131bbi Cihaz Kurumu (T\u0130TCK) Sa\u011fl\u0131k Ba\u015f Denet\u00e7isi \u0130la\u00e7 Denetim Dairesi Ba\u015fkan\u0131 Uzm. Ecz. Sevil AZAK SUNGUR, Erzurum 13. B\u00f6lge Eczac\u0131 Odas\u0131 Ba\u015fkan\u0131 Ecz. Hakan \u00d6ZCAN, ERVAK Ba\u015fkan\u0131 Ecz. Erdal G\u00dcZEL, Erzurum Ecza Odas\u0131 Yetkilileri, \u00d6\u011fretim \u00dcyeleri, Veliler ve \u00d6\u011frenciler kat\u0131ld\u0131.\u00a0<\/p>\t\t\t\t\t\t\t\t<\/div>\n\t\t\t\t<\/div>\n\t\t\t\t\t<\/div>\n\t\t<\/div>\n\t\t\t\t\t<\/div>\n\t\t<\/section>\n\t\t\t\t<section class=\"elementor-section elementor-top-section elementor-element elementor-element-289e8a2 elementor-section-boxed elementor-section-height-default elementor-section-height-default\" data-id=\"289e8a2\" data-element_type=\"section\">\n\t\t\t\t\t\t<div class=\"elementor-container elementor-column-gap-default\">\n\t\t\t\t\t<div class=\"elementor-column elementor-col-100 elementor-top-column elementor-element elementor-element-b9a2a46\" data-id=\"b9a2a46\" data-element_type=\"column\">\n\t\t\t<div class=\"elementor-widget-wrap elementor-element-populated\">\n\t\t\t\t\t\t<div class=\"elementor-element elementor-element-b0eefa4 elementor-arrows-position-inside elementor-pagination-position-outside elementor-widget elementor-widget-image-carousel\" data-id=\"b0eefa4\" data-element_type=\"widget\" data-settings=\"{&quot;navigation&quot;:&quot;both&quot;,&quot;autoplay&quot;:&quot;yes&quot;,&quot;pause_on_hover&quot;:&quot;yes&quot;,&quot;pause_on_interaction&quot;:&quot;yes&quot;,&quot;autoplay_speed&quot;:5000,&quot;infinite&quot;:&quot;yes&quot;,&quot;speed&quot;:500}\" data-widget_type=\"image-carousel.default\">\n\t\t\t\t<div class=\"elementor-widget-container\">\n\t\t\t\t\t\t\t<div class=\"elementor-image-carousel-wrapper swiper\" role=\"region\" aria-roledescription=\"carousel\" aria-label=\"Resim D\u00f6ng\u00fcs\u00fc\" dir=\"ltr\">\n\t\t\t<div class=\"elementor-image-carousel swiper-wrapper\" aria-live=\"off\">\n\t\t\t\t\t\t\t\t<div class=\"swiper-slide\" role=\"group\" aria-roledescription=\"slide\" aria-label=\"1 \/ 13\"><figure class=\"swiper-slide-inner\"><img decoding=\"async\" class=\"swiper-slide-image\" src=\"https:\/\/atauni.edu.tr\/eczacilik-fakultesi\/wp-content\/uploads\/sites\/58\/2020\/07\/334af8dd77df11a84fe1c493a6327f27-768x512.jpg\" alt=\"334af8dd77df11a84fe1c493a6327f27\" \/><\/figure><\/div><div class=\"swiper-slide\" role=\"group\" aria-roledescription=\"slide\" aria-label=\"2 \/ 13\"><figure class=\"swiper-slide-inner\"><img decoding=\"async\" class=\"swiper-slide-image\" src=\"https:\/\/atauni.edu.tr\/eczacilik-fakultesi\/wp-content\/uploads\/sites\/58\/2020\/07\/3d89c82605ec6d2c104507aad694f2d7-768x512.jpg\" alt=\"3d89c82605ec6d2c104507aad694f2d7\" \/><\/figure><\/div><div class=\"swiper-slide\" role=\"group\" aria-roledescription=\"slide\" aria-label=\"3 \/ 13\"><figure class=\"swiper-slide-inner\"><img decoding=\"async\" class=\"swiper-slide-image\" src=\"https:\/\/atauni.edu.tr\/eczacilik-fakultesi\/wp-content\/uploads\/sites\/58\/2020\/07\/659d0290fc7fa13dc02e9017ed5d3f30-768x512.jpg\" alt=\"659d0290fc7fa13dc02e9017ed5d3f30\" \/><\/figure><\/div><div class=\"swiper-slide\" role=\"group\" aria-roledescription=\"slide\" aria-label=\"4 \/ 13\"><figure class=\"swiper-slide-inner\"><img decoding=\"async\" class=\"swiper-slide-image\" src=\"https:\/\/atauni.edu.tr\/eczacilik-fakultesi\/wp-content\/uploads\/sites\/58\/2020\/07\/086ec57df62dc24dd2d63f590cf584bd-768x512.jpg\" alt=\"086ec57df62dc24dd2d63f590cf584bd\" \/><\/figure><\/div><div class=\"swiper-slide\" role=\"group\" aria-roledescription=\"slide\" aria-label=\"5 \/ 13\"><figure class=\"swiper-slide-inner\"><img decoding=\"async\" class=\"swiper-slide-image\" src=\"https:\/\/atauni.edu.tr\/eczacilik-fakultesi\/wp-content\/uploads\/sites\/58\/2020\/07\/087428670dafa06e1ea1044823066ae8-768x512.jpg\" alt=\"087428670dafa06e1ea1044823066ae8\" \/><\/figure><\/div><div class=\"swiper-slide\" role=\"group\" aria-roledescription=\"slide\" aria-label=\"6 \/ 13\"><figure class=\"swiper-slide-inner\"><img decoding=\"async\" class=\"swiper-slide-image\" src=\"https:\/\/atauni.edu.tr\/eczacilik-fakultesi\/wp-content\/uploads\/sites\/58\/2020\/07\/96a1bc659b8375e57514005ba1ad1e11-768x512.jpg\" alt=\"96a1bc659b8375e57514005ba1ad1e11\" \/><\/figure><\/div><div class=\"swiper-slide\" role=\"group\" aria-roledescription=\"slide\" aria-label=\"7 \/ 13\"><figure class=\"swiper-slide-inner\"><img decoding=\"async\" class=\"swiper-slide-image\" src=\"https:\/\/atauni.edu.tr\/eczacilik-fakultesi\/wp-content\/uploads\/sites\/58\/2020\/07\/f88b7bda0fade3112aab3a818facfa34-768x512.jpg\" alt=\"f88b7bda0fade3112aab3a818facfa34\" \/><\/figure><\/div><div class=\"swiper-slide\" role=\"group\" aria-roledescription=\"slide\" aria-label=\"8 \/ 13\"><figure class=\"swiper-slide-inner\"><img decoding=\"async\" class=\"swiper-slide-image\" src=\"https:\/\/atauni.edu.tr\/eczacilik-fakultesi\/wp-content\/uploads\/sites\/58\/2020\/07\/ef282fa97ccb08c2ab36e13530a22672-768x512.jpg\" alt=\"ef282fa97ccb08c2ab36e13530a22672\" \/><\/figure><\/div><div class=\"swiper-slide\" role=\"group\" aria-roledescription=\"slide\" aria-label=\"9 \/ 13\"><figure class=\"swiper-slide-inner\"><img decoding=\"async\" class=\"swiper-slide-image\" src=\"https:\/\/atauni.edu.tr\/eczacilik-fakultesi\/wp-content\/uploads\/sites\/58\/2020\/07\/61b3dfd79d6aeb260ea0451c00890a6c-768x512.jpg\" alt=\"61b3dfd79d6aeb260ea0451c00890a6c\" \/><\/figure><\/div><div class=\"swiper-slide\" role=\"group\" aria-roledescription=\"slide\" aria-label=\"10 \/ 13\"><figure class=\"swiper-slide-inner\"><img decoding=\"async\" class=\"swiper-slide-image\" src=\"https:\/\/atauni.edu.tr\/eczacilik-fakultesi\/wp-content\/uploads\/sites\/58\/2020\/07\/d11d1deb76de9ef1f2289c8df79cfc6f-768x512.jpg\" alt=\"d11d1deb76de9ef1f2289c8df79cfc6f\" \/><\/figure><\/div><div class=\"swiper-slide\" role=\"group\" aria-roledescription=\"slide\" aria-label=\"11 \/ 13\"><figure class=\"swiper-slide-inner\"><img decoding=\"async\" class=\"swiper-slide-image\" src=\"https:\/\/atauni.edu.tr\/eczacilik-fakultesi\/wp-content\/uploads\/sites\/58\/2020\/07\/10817cb8475703bbced82feeda6a8d7a-768x512.jpg\" alt=\"10817cb8475703bbced82feeda6a8d7a\" \/><\/figure><\/div><div class=\"swiper-slide\" role=\"group\" aria-roledescription=\"slide\" aria-label=\"12 \/ 13\"><figure class=\"swiper-slide-inner\"><img decoding=\"async\" class=\"swiper-slide-image\" src=\"https:\/\/atauni.edu.tr\/eczacilik-fakultesi\/wp-content\/uploads\/sites\/58\/2020\/07\/dd0e98c45b37757b23929949663980c7-768x512.jpg\" alt=\"dd0e98c45b37757b23929949663980c7\" \/><\/figure><\/div><div class=\"swiper-slide\" role=\"group\" aria-roledescription=\"slide\" aria-label=\"13 \/ 13\"><figure class=\"swiper-slide-inner\"><img decoding=\"async\" class=\"swiper-slide-image\" src=\"https:\/\/atauni.edu.tr\/eczacilik-fakultesi\/wp-content\/uploads\/sites\/58\/2020\/07\/9722d35f2eaa7b2a9a479b593dc79fff-768x354.jpg\" alt=\"9722d35f2eaa7b2a9a479b593dc79fff\" \/><\/figure><\/div>\t\t\t<\/div>\n\t\t\t\t\t\t\t\t\t\t\t\t<div class=\"elementor-swiper-button elementor-swiper-button-prev\" role=\"button\" tabindex=\"0\">\n\t\t\t\t\t\t<i aria-hidden=\"true\" class=\"eicon-chevron-left\"><\/i>\t\t\t\t\t<\/div>\n\t\t\t\t\t<div class=\"elementor-swiper-button elementor-swiper-button-next\" role=\"button\" tabindex=\"0\">\n\t\t\t\t\t\t<i aria-hidden=\"true\" class=\"eicon-chevron-right\"><\/i>\t\t\t\t\t<\/div>\n\t\t\t\t\n\t\t\t\t\t\t\t\t\t<div class=\"swiper-pagination\"><\/div>\n\t\t\t\t\t\t\t\t\t<\/div>\n\t\t\t\t\t\t<\/div>\n\t\t\t\t<\/div>\n\t\t\t\t\t<\/div>\n\t\t<\/div>\n\t\t\t\t\t<\/div>\n\t\t<\/section>\n\t\t\t\t<\/div>\n\t\t","protected":false},"excerpt":{"rendered":"<p>11 Aral\u0131k 2018 g\u00fcn\u00fc Saat 14.00\u2019te \u00dcniversitemiz 15 Temmuz Mill\u00ee \u0130rade Salonu&#8217;nda Fak\u00fcltemiz birinci s\u0131n\u0131f \u00f6\u011frencileri i\u00e7in &#8220;Beyaz \u00d6nl\u00fck Giyme T\u00f6reni&#8221; d\u00fczenlendi. T\u00f6rene\u00a0 Erzurum B\u00fcy\u00fck \u015eehir Belediye Ba\u015fkan\u0131 Vekili,\u00a0Atat\u00fcrk \u00dcniversitesi Rekt\u00f6r Yard\u0131mc\u0131s\u0131 Prof. Dr. Fuat G\u00dcNDO\u011eDU, T\u00fcrkiye \u0130la\u00e7 ve T\u0131bbi Cihaz Kurumu (T\u0130TCK) Sa\u011fl\u0131k Ba\u015f Denet\u00e7isi Denetim Hizmetleri Ba\u015fkan Yard\u0131mc\u0131s\u0131 Fatih TAN, T\u00fcrkiye \u0130la\u00e7 ve [&hellip;]<\/p>\n","protected":false},"author":47,"featured_media":0,"parent":0,"menu_order":0,"comment_status":"closed","ping_status":"closed","template":"","meta":{"footnotes":""},"class_list":["post-7900","page","type-page","status-publish","hentry"],"_links":{"self":[{"href":"https:\/\/atauni.edu.tr\/eczacilik-fakultesi\/wp-json\/wp\/v2\/pages\/7900","targetHints":{"allow":["GET"]}}],"collection":[{"href":"https:\/\/atauni.edu.tr\/eczacilik-fakultesi\/wp-json\/wp\/v2\/pages"}],"about":[{"href":"https:\/\/atauni.edu.tr\/eczacilik-fakultesi\/wp-json\/wp\/v2\/types\/page"}],"author":[{"embeddable":true,"href":"https:\/\/atauni.edu.tr\/eczacilik-fakultesi\/wp-json\/wp\/v2\/users\/47"}],"replies":[{"embeddable":true,"href":"https:\/\/atauni.edu.tr\/eczacilik-fakultesi\/wp-json\/wp\/v2\/comments?post=7900"}],"version-history":[{"count":7,"href":"https:\/\/atauni.edu.tr\/eczacilik-fakultesi\/wp-json\/wp\/v2\/pages\/7900\/revisions"}],"predecessor-version":[{"id":7989,"href":"https:\/\/atauni.edu.tr\/eczacilik-fakultesi\/wp-json\/wp\/v2\/pages\/7900\/revisions\/7989"}],"wp:attachment":[{"href":"https:\/\/atauni.edu.tr\/eczacilik-fakultesi\/wp-json\/wp\/v2\/media?parent=7900"}],"curies":[{"name":"wp","href":"https:\/\/api.w.org\/{rel}","templated":true}]}}