{"id":7907,"date":"2021-10-27T14:33:49","date_gmt":"2021-10-27T11:33:49","guid":{"rendered":"http:\/\/birimler.atauni.edu.tr\/eczacilik-fakultesi\/?page_id=7907"},"modified":"2024-08-01T13:17:54","modified_gmt":"2024-08-01T10:17:54","slug":"haberler-duyurular","status":"publish","type":"page","link":"https:\/\/atauni.edu.tr\/eczacilik-fakultesi\/haberler-duyurular\/","title":{"rendered":""},"content":{"rendered":"\t\t<div data-elementor-type=\"wp-page\" data-elementor-id=\"7907\" class=\"elementor elementor-7907\" data-elementor-post-type=\"page\">\n\t\t\t\t\t\t<section class=\"elementor-section elementor-top-section elementor-element elementor-element-1f13895 elementor-section-boxed elementor-section-height-default elementor-section-height-default\" data-id=\"1f13895\" data-element_type=\"section\">\n\t\t\t\t\t\t<div class=\"elementor-container elementor-column-gap-default\">\n\t\t\t\t\t<div class=\"elementor-column elementor-col-100 elementor-top-column elementor-element elementor-element-4a886b8\" data-id=\"4a886b8\" data-element_type=\"column\">\n\t\t\t<div class=\"elementor-widget-wrap elementor-element-populated\">\n\t\t\t\t\t\t<div class=\"elementor-element elementor-element-ce10070 elementor-widget elementor-widget-heading\" data-id=\"ce10070\" data-element_type=\"widget\" data-widget_type=\"heading.default\">\n\t\t\t\t<div class=\"elementor-widget-container\">\n\t\t\t\t\t<h2 class=\"elementor-heading-title elementor-size-default\">Y\u0131ll\u0131k Etkinlikler<\/h2>\t\t\t\t<\/div>\n\t\t\t\t<\/div>\n\t\t\t\t<div class=\"elementor-element elementor-element-af2a677 elementor-widget-divider--view-line elementor-widget elementor-widget-divider\" data-id=\"af2a677\" data-element_type=\"widget\" data-widget_type=\"divider.default\">\n\t\t\t\t<div class=\"elementor-widget-container\">\n\t\t\t\t\t\t\t<div class=\"elementor-divider\">\n\t\t\t<span class=\"elementor-divider-separator\">\n\t\t\t\t\t\t<\/span>\n\t\t<\/div>\n\t\t\t\t\t\t<\/div>\n\t\t\t\t<\/div>\n\t\t\t\t<div class=\"elementor-element elementor-element-6998d47 elementor-widget elementor-widget-toggle\" data-id=\"6998d47\" data-element_type=\"widget\" data-widget_type=\"toggle.default\">\n\t\t\t\t<div class=\"elementor-widget-container\">\n\t\t\t\t\t\t\t<div class=\"elementor-toggle\">\n\t\t\t\t\t\t\t<div class=\"elementor-toggle-item\">\n\t\t\t\t\t<div id=\"elementor-tab-title-1101\" class=\"elementor-tab-title\" data-tab=\"1\" role=\"button\" aria-controls=\"elementor-tab-content-1101\" aria-expanded=\"false\">\n\t\t\t\t\t\t\t\t\t\t\t\t<span class=\"elementor-toggle-icon elementor-toggle-icon-left\" aria-hidden=\"true\">\n\t\t\t\t\t\t\t\t\t\t\t\t\t\t\t<span class=\"elementor-toggle-icon-closed\"><i class=\"fas fa-caret-right\"><\/i><\/span>\n\t\t\t\t\t\t\t\t<span class=\"elementor-toggle-icon-opened\"><i class=\"elementor-toggle-icon-opened fas fa-caret-up\"><\/i><\/span>\n\t\t\t\t\t\t\t\t\t\t\t\t\t<\/span>\n\t\t\t\t\t\t\t\t\t\t\t\t<a class=\"elementor-toggle-title\" tabindex=\"0\">Etkinlikler<\/a>\n\t\t\t\t\t<\/div>\n\n\t\t\t\t\t<div id=\"elementor-tab-content-1101\" class=\"elementor-tab-content elementor-clearfix\" data-tab=\"1\" role=\"region\" aria-labelledby=\"elementor-tab-title-1101\"><p><a href=\"https:\/\/birimler.atauni.edu.tr\/eczacilik-fakultesi\/2024-yili-etkinlikleri\/\">2024 Y\u0131l\u0131 Etkinlikleri<\/a><\/p>\n<p><a href=\"http:\/\/birimler.atauni.edu.tr\/eczacilik-fakultesi\/2023-yili-etkinlikleri\/\">2023 Y\u0131l\u0131 Etkinlikleri<br><\/a><\/p>\n<p><a href=\"http:\/\/birimler.atauni.edu.tr\/eczacilik-fakultesi\/2022-yili-etkinlikleri-2\/\">2022 Y\u0131l\u0131 Etkinlikleri<br><\/a><\/p>\n<p><a href=\"https:\/\/birimler.atauni.edu.tr\/eczacilik-fakultesi\/2021-yili-etkinlikleri\/\" target=\"_blank\" style=\"letter-spacing: 0px\">2021 Y\u0131l\u0131 Etkinlikleri<\/a><br><\/p>\n<p><a href=\"http:\/\/birimler.atauni.edu.tr\/eczacilik-fakultesi\/2020-yili-haberleri\/\">2020 Y\u0131l\u0131 Etkinlikleri<\/a><\/p>\n<p><a href=\"http:\/\/birimler.atauni.edu.tr\/eczacilik-fakultesi\/2019-yili-haberleri\/\">2019 Y\u0131l\u0131 Etkinlikleri<\/a><\/p>\n<p><a href=\"http:\/\/birimler.atauni.edu.tr\/eczacilik-fakultesi\/2018-yili-haberleri\/\">2018 Y\u0131l\u0131 Etkinlikleri<\/a><\/p>\n<p><a href=\"http:\/\/birimler.atauni.edu.tr\/eczacilik-fakultesi\/2017-yili-haberleri\/\">2017 Y\u0131l\u0131 Etkinlikleri&nbsp;<\/a><\/p>\n<p><a href=\"http:\/\/birimler.atauni.edu.tr\/eczacilik-fakultesi\/2016-yili-haberleri\/\">2016 Y\u0131l\u0131 Etkinlikleri<\/a><\/p><\/div>\n\t\t\t\t<\/div>\n\t\t\t\t\t\t\t\t<\/div>\n\t\t\t\t\t\t<\/div>\n\t\t\t\t<\/div>\n\t\t\t\t\t<\/div>\n\t\t<\/div>\n\t\t\t\t\t<\/div>\n\t\t<\/section>\n\t\t\t\t<\/div>\n\t\t","protected":false},"excerpt":{"rendered":"<p>Y\u0131ll\u0131k Etkinlikler Etkinlikler 2024 Y\u0131l\u0131 Etkinlikleri 2023 Y\u0131l\u0131 Etkinlikleri 2022 Y\u0131l\u0131 Etkinlikleri 2021 Y\u0131l\u0131 Etkinlikleri 2020 Y\u0131l\u0131 Etkinlikleri 2019 Y\u0131l\u0131 Etkinlikleri 2018 Y\u0131l\u0131 Etkinlikleri 2017 Y\u0131l\u0131 Etkinlikleri&nbsp; 2016 Y\u0131l\u0131 Etkinlikleri<\/p>\n","protected":false},"author":47,"featured_media":0,"parent":0,"menu_order":0,"comment_status":"closed","ping_status":"closed","template":"","meta":{"footnotes":""},"class_list":["post-7907","page","type-page","status-publish","hentry"],"_links":{"self":[{"href":"https:\/\/atauni.edu.tr\/eczacilik-fakultesi\/wp-json\/wp\/v2\/pages\/7907","targetHints":{"allow":["GET"]}}],"collection":[{"href":"https:\/\/atauni.edu.tr\/eczacilik-fakultesi\/wp-json\/wp\/v2\/pages"}],"about":[{"href":"https:\/\/atauni.edu.tr\/eczacilik-fakultesi\/wp-json\/wp\/v2\/types\/page"}],"author":[{"embeddable":true,"href":"https:\/\/atauni.edu.tr\/eczacilik-fakultesi\/wp-json\/wp\/v2\/users\/47"}],"replies":[{"embeddable":true,"href":"https:\/\/atauni.edu.tr\/eczacilik-fakultesi\/wp-json\/wp\/v2\/comments?post=7907"}],"version-history":[{"count":55,"href":"https:\/\/atauni.edu.tr\/eczacilik-fakultesi\/wp-json\/wp\/v2\/pages\/7907\/revisions"}],"predecessor-version":[{"id":13322,"href":"https:\/\/atauni.edu.tr\/eczacilik-fakultesi\/wp-json\/wp\/v2\/pages\/7907\/revisions\/13322"}],"wp:attachment":[{"href":"https:\/\/atauni.edu.tr\/eczacilik-fakultesi\/wp-json\/wp\/v2\/media?parent=7907"}],"curies":[{"name":"wp","href":"https:\/\/api.w.org\/{rel}","templated":true}]}}