{"id":7925,"date":"2021-10-27T14:37:37","date_gmt":"2021-10-27T11:37:37","guid":{"rendered":"http:\/\/birimler.atauni.edu.tr\/eczacilik-fakultesi\/?page_id=7925"},"modified":"2021-10-27T14:45:45","modified_gmt":"2021-10-27T11:45:45","slug":"2019-2020-egitim-donemi-onluk-giyme-toreni","status":"publish","type":"page","link":"https:\/\/atauni.edu.tr\/eczacilik-fakultesi\/2019-2020-egitim-donemi-onluk-giyme-toreni\/","title":{"rendered":"2019-2020 E\u011e\u0130T\u0130M D\u00d6NEM\u0130 \u00d6NL\u00dcK G\u0130YME T\u00d6REN\u0130"},"content":{"rendered":"\t\t<div data-elementor-type=\"wp-page\" data-elementor-id=\"7925\" class=\"elementor elementor-7925\" data-elementor-post-type=\"page\">\n\t\t\t\t\t\t<section class=\"elementor-section elementor-top-section elementor-element elementor-element-f891087 elementor-section-boxed elementor-section-height-default elementor-section-height-default\" data-id=\"f891087\" data-element_type=\"section\">\n\t\t\t\t\t\t<div class=\"elementor-container elementor-column-gap-default\">\n\t\t\t\t\t<div class=\"elementor-column elementor-col-100 elementor-top-column elementor-element elementor-element-35eb73e\" data-id=\"35eb73e\" data-element_type=\"column\">\n\t\t\t<div class=\"elementor-widget-wrap elementor-element-populated\">\n\t\t\t\t\t\t<div class=\"elementor-element elementor-element-4918290 elementor-widget elementor-widget-text-editor\" data-id=\"4918290\" data-element_type=\"widget\" data-widget_type=\"text-editor.default\">\n\t\t\t\t<div class=\"elementor-widget-container\">\n\t\t\t\t\t\t\t\t\t<p>6 Aral\u0131k 2019g\u00fcn\u00fc Saat 14.00\u2019te \u00dcniversitemiz 15 Temmuz Mill\u00ee \u0130rade Salonu&#8217;nda Fak\u00fcltemiz birinci s\u0131n\u0131f \u00f6\u011frencileri i\u00e7in &#8220;Beyaz \u00d6nl\u00fck Giyme T\u00f6reni&#8221; d\u00fczenlendi. T\u00f6rene\u00a0 Erzurum B\u00fcy\u00fck \u015eehir Belediye Ba\u015fkan\u0131 Vekili, Erzurum Cumhuriyet Ba\u015fsavc\u0131\u0131 Burhan B\u00d6L\u00dcKBA\u015eI,\u00a0Erzurum B\u00f6lge Adliye Mahkemesi Cumhuriyet Ba\u015fsavc\u0131s\u0131 \u00dcnal B\u0130NG\u00dcL\u00a0Atat\u00fcrk \u00dcniversitesi Rekt\u00f6r\u00fc Prof. Dr. \u00d6mer \u00c7OMAKLI, SURDER Y\u00f6netim Kurulu Ba\u015fkan\u0131 Eski Sa\u011fl\u0131k Bakan\u0131 Ecz. Kaz\u0131m D\u0130N\u00c7, Erzincan Binali Y\u0131ld\u0131r\u0131m \u00dcniversitesi Eczac\u0131l\u0131k Fak\u00fcltesi Dekan\u0131 Prof. Dr. Mehtap UYSAL, Erzurum 13. B\u00f6lge Eczac\u0131 Odas\u0131 Ba\u015fkan\u0131 Ecz. Mahmut U\u00c7AR, ERVAK Ba\u015fkan\u0131 Ecz. Erdal G\u00dcZEL, Erzurum Ecza Odas\u0131 Yetkilileri, Sel\u00e7uk Ecza Deposu M\u00fcd\u00fcr\u00fc Kamer GEN\u00c7, Hedef Ecza Deposu M\u00fcd\u00fcr\u00fc, Erzurum Serbest Eczac\u0131lar, \u00d6\u011fretim \u00dcyeleri, Veliler ve \u00d6\u011frenciler kat\u0131ld\u0131.\u00a0<\/p><p>\u00d6\u011frencilerimize hay\u0131rl\u0131 olsun&#8230;<\/p>\t\t\t\t\t\t\t\t<\/div>\n\t\t\t\t<\/div>\n\t\t\t\t\t<\/div>\n\t\t<\/div>\n\t\t\t\t\t<\/div>\n\t\t<\/section>\n\t\t\t\t<section class=\"elementor-section elementor-top-section elementor-element elementor-element-cba0576 elementor-section-boxed elementor-section-height-default elementor-section-height-default\" data-id=\"cba0576\" data-element_type=\"section\">\n\t\t\t\t\t\t<div class=\"elementor-container elementor-column-gap-default\">\n\t\t\t\t\t<div class=\"elementor-column elementor-col-100 elementor-top-column elementor-element elementor-element-8724700\" data-id=\"8724700\" data-element_type=\"column\">\n\t\t\t<div class=\"elementor-widget-wrap elementor-element-populated\">\n\t\t\t\t\t\t<div class=\"elementor-element elementor-element-75cbb27 elementor-arrows-position-inside elementor-pagination-position-outside elementor-widget elementor-widget-image-carousel\" data-id=\"75cbb27\" data-element_type=\"widget\" data-settings=\"{&quot;navigation&quot;:&quot;both&quot;,&quot;autoplay&quot;:&quot;yes&quot;,&quot;pause_on_hover&quot;:&quot;yes&quot;,&quot;pause_on_interaction&quot;:&quot;yes&quot;,&quot;autoplay_speed&quot;:5000,&quot;infinite&quot;:&quot;yes&quot;,&quot;speed&quot;:500}\" data-widget_type=\"image-carousel.default\">\n\t\t\t\t<div class=\"elementor-widget-container\">\n\t\t\t\t\t\t\t<div class=\"elementor-image-carousel-wrapper swiper\" role=\"region\" aria-roledescription=\"carousel\" aria-label=\"Resim D\u00f6ng\u00fcs\u00fc\" dir=\"ltr\">\n\t\t\t<div class=\"elementor-image-carousel swiper-wrapper\" aria-live=\"off\">\n\t\t\t\t\t\t\t\t<div class=\"swiper-slide\" role=\"group\" aria-roledescription=\"slide\" aria-label=\"1 \/ 6\"><figure class=\"swiper-slide-inner\"><img decoding=\"async\" class=\"swiper-slide-image\" src=\"https:\/\/atauni.edu.tr\/eczacilik-fakultesi\/wp-content\/uploads\/sites\/58\/2020\/07\/01bcb451bd554f546b2732c2f62e8d41-768x576.jpg\" alt=\"01bcb451bd554f546b2732c2f62e8d41\" \/><\/figure><\/div><div class=\"swiper-slide\" role=\"group\" aria-roledescription=\"slide\" aria-label=\"2 \/ 6\"><figure class=\"swiper-slide-inner\"><img decoding=\"async\" class=\"swiper-slide-image\" src=\"https:\/\/atauni.edu.tr\/eczacilik-fakultesi\/wp-content\/uploads\/sites\/58\/2020\/07\/b53cc03974a386689714a9e525ffd82a-768x576.jpg\" alt=\"b53cc03974a386689714a9e525ffd82a\" \/><\/figure><\/div><div class=\"swiper-slide\" role=\"group\" aria-roledescription=\"slide\" aria-label=\"3 \/ 6\"><figure class=\"swiper-slide-inner\"><img decoding=\"async\" class=\"swiper-slide-image\" src=\"https:\/\/atauni.edu.tr\/eczacilik-fakultesi\/wp-content\/uploads\/sites\/58\/2020\/07\/b6c1422748cbed50c34cae0512daba15-768x576.jpg\" alt=\"b6c1422748cbed50c34cae0512daba15\" \/><\/figure><\/div><div class=\"swiper-slide\" role=\"group\" aria-roledescription=\"slide\" aria-label=\"4 \/ 6\"><figure class=\"swiper-slide-inner\"><img decoding=\"async\" class=\"swiper-slide-image\" src=\"https:\/\/atauni.edu.tr\/eczacilik-fakultesi\/wp-content\/uploads\/sites\/58\/2020\/07\/8f7c0bf99d499cae4b3f02b454cab797-768x576.jpg\" alt=\"8f7c0bf99d499cae4b3f02b454cab797\" \/><\/figure><\/div><div class=\"swiper-slide\" role=\"group\" aria-roledescription=\"slide\" aria-label=\"5 \/ 6\"><figure class=\"swiper-slide-inner\"><img decoding=\"async\" class=\"swiper-slide-image\" src=\"https:\/\/atauni.edu.tr\/eczacilik-fakultesi\/wp-content\/uploads\/sites\/58\/2020\/07\/e30f987390bfed839ff825329ab216a7-768x576.jpg\" alt=\"e30f987390bfed839ff825329ab216a7\" \/><\/figure><\/div><div class=\"swiper-slide\" role=\"group\" aria-roledescription=\"slide\" aria-label=\"6 \/ 6\"><figure class=\"swiper-slide-inner\"><img decoding=\"async\" class=\"swiper-slide-image\" src=\"https:\/\/atauni.edu.tr\/eczacilik-fakultesi\/wp-content\/uploads\/sites\/58\/2020\/07\/60674892659c714df38857bde872cc14-768x576.jpg\" alt=\"60674892659c714df38857bde872cc14\" \/><\/figure><\/div>\t\t\t<\/div>\n\t\t\t\t\t\t\t\t\t\t\t\t<div class=\"elementor-swiper-button elementor-swiper-button-prev\" role=\"button\" tabindex=\"0\">\n\t\t\t\t\t\t<i aria-hidden=\"true\" class=\"eicon-chevron-left\"><\/i>\t\t\t\t\t<\/div>\n\t\t\t\t\t<div class=\"elementor-swiper-button elementor-swiper-button-next\" role=\"button\" tabindex=\"0\">\n\t\t\t\t\t\t<i aria-hidden=\"true\" class=\"eicon-chevron-right\"><\/i>\t\t\t\t\t<\/div>\n\t\t\t\t\n\t\t\t\t\t\t\t\t\t<div class=\"swiper-pagination\"><\/div>\n\t\t\t\t\t\t\t\t\t<\/div>\n\t\t\t\t\t\t<\/div>\n\t\t\t\t<\/div>\n\t\t\t\t\t<\/div>\n\t\t<\/div>\n\t\t\t\t\t<\/div>\n\t\t<\/section>\n\t\t\t\t<section class=\"elementor-section elementor-top-section elementor-element elementor-element-4ae23a5 elementor-section-boxed elementor-section-height-default elementor-section-height-default\" data-id=\"4ae23a5\" data-element_type=\"section\">\n\t\t\t\t\t\t<div class=\"elementor-container elementor-column-gap-default\">\n\t\t\t\t\t<div class=\"elementor-column elementor-col-33 elementor-top-column elementor-element elementor-element-5de0c31\" data-id=\"5de0c31\" data-element_type=\"column\">\n\t\t\t<div class=\"elementor-widget-wrap\">\n\t\t\t\t\t\t\t<\/div>\n\t\t<\/div>\n\t\t\t\t<div class=\"elementor-column elementor-col-33 elementor-top-column elementor-element elementor-element-7aceb8d\" data-id=\"7aceb8d\" data-element_type=\"column\">\n\t\t\t<div class=\"elementor-widget-wrap\">\n\t\t\t\t\t\t\t<\/div>\n\t\t<\/div>\n\t\t\t\t<div class=\"elementor-column elementor-col-33 elementor-top-column elementor-element elementor-element-c3a5c1c\" data-id=\"c3a5c1c\" data-element_type=\"column\">\n\t\t\t<div class=\"elementor-widget-wrap\">\n\t\t\t\t\t\t\t<\/div>\n\t\t<\/div>\n\t\t\t\t\t<\/div>\n\t\t<\/section>\n\t\t\t\t<section class=\"elementor-section elementor-top-section elementor-element elementor-element-544ddbd elementor-section-boxed elementor-section-height-default elementor-section-height-default\" data-id=\"544ddbd\" data-element_type=\"section\">\n\t\t\t\t\t\t<div class=\"elementor-container elementor-column-gap-default\">\n\t\t\t\t\t<div class=\"elementor-column elementor-col-100 elementor-top-column elementor-element elementor-element-7aaac1d\" data-id=\"7aaac1d\" data-element_type=\"column\">\n\t\t\t<div class=\"elementor-widget-wrap elementor-element-populated\">\n\t\t\t\t\t\t<div class=\"elementor-element elementor-element-0b88a04 elementor-arrows-position-inside elementor-pagination-position-outside elementor-widget elementor-widget-image-carousel\" data-id=\"0b88a04\" data-element_type=\"widget\" data-settings=\"{&quot;navigation&quot;:&quot;both&quot;,&quot;autoplay&quot;:&quot;yes&quot;,&quot;pause_on_hover&quot;:&quot;yes&quot;,&quot;pause_on_interaction&quot;:&quot;yes&quot;,&quot;autoplay_speed&quot;:5000,&quot;infinite&quot;:&quot;yes&quot;,&quot;speed&quot;:500}\" data-widget_type=\"image-carousel.default\">\n\t\t\t\t<div class=\"elementor-widget-container\">\n\t\t\t\t\t\t\t<div class=\"elementor-image-carousel-wrapper swiper\" role=\"region\" aria-roledescription=\"carousel\" aria-label=\"Resim D\u00f6ng\u00fcs\u00fc\" dir=\"ltr\">\n\t\t\t<div class=\"elementor-image-carousel swiper-wrapper\" aria-live=\"off\">\n\t\t\t\t\t\t\t\t<div class=\"swiper-slide\" role=\"group\" aria-roledescription=\"slide\" aria-label=\"1 \/ 7\"><figure class=\"swiper-slide-inner\"><img decoding=\"async\" class=\"swiper-slide-image\" src=\"https:\/\/atauni.edu.tr\/eczacilik-fakultesi\/wp-content\/uploads\/sites\/58\/2020\/07\/b6c1422748cbed50c34cae0512daba15-1-768x576.jpg\" alt=\"b6c1422748cbed50c34cae0512daba15\" \/><\/figure><\/div><div class=\"swiper-slide\" role=\"group\" aria-roledescription=\"slide\" aria-label=\"2 \/ 7\"><figure class=\"swiper-slide-inner\"><img decoding=\"async\" class=\"swiper-slide-image\" src=\"https:\/\/atauni.edu.tr\/eczacilik-fakultesi\/wp-content\/uploads\/sites\/58\/2020\/07\/01bcb451bd554f546b2732c2f62e8d41-1-768x576.jpg\" alt=\"01bcb451bd554f546b2732c2f62e8d41\" \/><\/figure><\/div><div class=\"swiper-slide\" role=\"group\" aria-roledescription=\"slide\" aria-label=\"3 \/ 7\"><figure class=\"swiper-slide-inner\"><img decoding=\"async\" class=\"swiper-slide-image\" src=\"https:\/\/atauni.edu.tr\/eczacilik-fakultesi\/wp-content\/uploads\/sites\/58\/2020\/07\/8f7c0bf99d499cae4b3f02b454cab797-1-768x576.jpg\" alt=\"8f7c0bf99d499cae4b3f02b454cab797\" \/><\/figure><\/div><div class=\"swiper-slide\" role=\"group\" aria-roledescription=\"slide\" aria-label=\"4 \/ 7\"><figure class=\"swiper-slide-inner\"><img decoding=\"async\" class=\"swiper-slide-image\" src=\"https:\/\/atauni.edu.tr\/eczacilik-fakultesi\/wp-content\/uploads\/sites\/58\/2020\/07\/e30f987390bfed839ff825329ab216a7-1-768x576.jpg\" alt=\"e30f987390bfed839ff825329ab216a7\" \/><\/figure><\/div><div class=\"swiper-slide\" role=\"group\" aria-roledescription=\"slide\" aria-label=\"5 \/ 7\"><figure class=\"swiper-slide-inner\"><img decoding=\"async\" class=\"swiper-slide-image\" src=\"https:\/\/atauni.edu.tr\/eczacilik-fakultesi\/wp-content\/uploads\/sites\/58\/2020\/07\/60674892659c714df38857bde872cc14-1-768x576.jpg\" alt=\"60674892659c714df38857bde872cc14\" \/><\/figure><\/div><div class=\"swiper-slide\" role=\"group\" aria-roledescription=\"slide\" aria-label=\"6 \/ 7\"><figure class=\"swiper-slide-inner\"><img decoding=\"async\" class=\"swiper-slide-image\" src=\"https:\/\/atauni.edu.tr\/eczacilik-fakultesi\/wp-content\/uploads\/sites\/58\/2020\/07\/7d4cb1bd4a841e7dad2fba21f32acf8b-768x576.jpg\" alt=\"7d4cb1bd4a841e7dad2fba21f32acf8b\" \/><\/figure><\/div><div class=\"swiper-slide\" role=\"group\" aria-roledescription=\"slide\" aria-label=\"7 \/ 7\"><figure class=\"swiper-slide-inner\"><img decoding=\"async\" class=\"swiper-slide-image\" src=\"https:\/\/atauni.edu.tr\/eczacilik-fakultesi\/wp-content\/uploads\/sites\/58\/2020\/07\/b53cc03974a386689714a9e525ffd82a-768x576.jpg\" alt=\"b53cc03974a386689714a9e525ffd82a\" \/><\/figure><\/div>\t\t\t<\/div>\n\t\t\t\t\t\t\t\t\t\t\t\t<div class=\"elementor-swiper-button elementor-swiper-button-prev\" role=\"button\" tabindex=\"0\">\n\t\t\t\t\t\t<i aria-hidden=\"true\" class=\"eicon-chevron-left\"><\/i>\t\t\t\t\t<\/div>\n\t\t\t\t\t<div class=\"elementor-swiper-button elementor-swiper-button-next\" role=\"button\" tabindex=\"0\">\n\t\t\t\t\t\t<i aria-hidden=\"true\" class=\"eicon-chevron-right\"><\/i>\t\t\t\t\t<\/div>\n\t\t\t\t\n\t\t\t\t\t\t\t\t\t<div class=\"swiper-pagination\"><\/div>\n\t\t\t\t\t\t\t\t\t<\/div>\n\t\t\t\t\t\t<\/div>\n\t\t\t\t<\/div>\n\t\t\t\t\t<\/div>\n\t\t<\/div>\n\t\t\t\t\t<\/div>\n\t\t<\/section>\n\t\t\t\t<\/div>\n\t\t","protected":false},"excerpt":{"rendered":"<p>6 Aral\u0131k 2019g\u00fcn\u00fc Saat 14.00\u2019te \u00dcniversitemiz 15 Temmuz Mill\u00ee \u0130rade Salonu&#8217;nda Fak\u00fcltemiz birinci s\u0131n\u0131f \u00f6\u011frencileri i\u00e7in &#8220;Beyaz \u00d6nl\u00fck Giyme T\u00f6reni&#8221; d\u00fczenlendi. T\u00f6rene\u00a0 Erzurum B\u00fcy\u00fck \u015eehir Belediye Ba\u015fkan\u0131 Vekili, Erzurum Cumhuriyet Ba\u015fsavc\u0131\u0131 Burhan B\u00d6L\u00dcKBA\u015eI,\u00a0Erzurum B\u00f6lge Adliye Mahkemesi Cumhuriyet Ba\u015fsavc\u0131s\u0131 \u00dcnal B\u0130NG\u00dcL\u00a0Atat\u00fcrk \u00dcniversitesi Rekt\u00f6r\u00fc Prof. Dr. \u00d6mer \u00c7OMAKLI, SURDER Y\u00f6netim Kurulu Ba\u015fkan\u0131 Eski Sa\u011fl\u0131k Bakan\u0131 Ecz. Kaz\u0131m [&hellip;]<\/p>\n","protected":false},"author":47,"featured_media":0,"parent":0,"menu_order":0,"comment_status":"closed","ping_status":"closed","template":"","meta":{"footnotes":""},"class_list":["post-7925","page","type-page","status-publish","hentry"],"_links":{"self":[{"href":"https:\/\/atauni.edu.tr\/eczacilik-fakultesi\/wp-json\/wp\/v2\/pages\/7925","targetHints":{"allow":["GET"]}}],"collection":[{"href":"https:\/\/atauni.edu.tr\/eczacilik-fakultesi\/wp-json\/wp\/v2\/pages"}],"about":[{"href":"https:\/\/atauni.edu.tr\/eczacilik-fakultesi\/wp-json\/wp\/v2\/types\/page"}],"author":[{"embeddable":true,"href":"https:\/\/atauni.edu.tr\/eczacilik-fakultesi\/wp-json\/wp\/v2\/users\/47"}],"replies":[{"embeddable":true,"href":"https:\/\/atauni.edu.tr\/eczacilik-fakultesi\/wp-json\/wp\/v2\/comments?post=7925"}],"version-history":[{"count":4,"href":"https:\/\/atauni.edu.tr\/eczacilik-fakultesi\/wp-json\/wp\/v2\/pages\/7925\/revisions"}],"predecessor-version":[{"id":7980,"href":"https:\/\/atauni.edu.tr\/eczacilik-fakultesi\/wp-json\/wp\/v2\/pages\/7925\/revisions\/7980"}],"wp:attachment":[{"href":"https:\/\/atauni.edu.tr\/eczacilik-fakultesi\/wp-json\/wp\/v2\/media?parent=7925"}],"curies":[{"name":"wp","href":"https:\/\/api.w.org\/{rel}","templated":true}]}}