{"id":7946,"date":"2021-10-27T14:40:49","date_gmt":"2021-10-27T11:40:49","guid":{"rendered":"http:\/\/birimler.atauni.edu.tr\/eczacilik-fakultesi\/?page_id=7946"},"modified":"2021-10-27T14:52:53","modified_gmt":"2021-10-27T11:52:53","slug":"ogrenci-kuluplerin-toplantisi","status":"publish","type":"page","link":"https:\/\/atauni.edu.tr\/eczacilik-fakultesi\/ogrenci-kuluplerin-toplantisi\/","title":{"rendered":"\u00d6\u011frenci Kul\u00fcplerin Toplant\u0131s\u0131"},"content":{"rendered":"\t\t<div data-elementor-type=\"wp-page\" data-elementor-id=\"7946\" class=\"elementor elementor-7946\" data-elementor-post-type=\"page\">\n\t\t\t\t\t\t<section class=\"elementor-section elementor-top-section elementor-element elementor-element-16689a4 elementor-section-boxed elementor-section-height-default elementor-section-height-default\" data-id=\"16689a4\" data-element_type=\"section\">\n\t\t\t\t\t\t<div class=\"elementor-container elementor-column-gap-default\">\n\t\t\t\t\t<div class=\"elementor-column elementor-col-100 elementor-top-column elementor-element elementor-element-1c250b1\" data-id=\"1c250b1\" data-element_type=\"column\">\n\t\t\t<div class=\"elementor-widget-wrap elementor-element-populated\">\n\t\t\t\t\t\t<div class=\"elementor-element elementor-element-34359a7 elementor-widget elementor-widget-text-editor\" data-id=\"34359a7\" data-element_type=\"widget\" data-widget_type=\"text-editor.default\">\n\t\t\t\t<div class=\"elementor-widget-container\">\n\t\t\t\t\t\t\t\t\t<p>Sosyal Sorumluluk \u00c7al\u0131\u015fmalar\u0131 \u00e7er\u00e7evesinde Fak\u00fcltemizde faaliyet g\u00f6steren \u00f6\u011frenci kul\u00fcp \u00a0say\u0131s\u0131 art\u0131r\u0131ld\u0131 ve kul\u00fcplerin daha etkin \u00e7al\u0131\u015fmalar\u0131 i\u00e7in nelerin yap\u0131lmas\u0131 hususunda kul\u00fcp ba\u015fkanlar\u0131yla toplant\u0131lar d\u00fczenlendi.<\/p>\t\t\t\t\t\t\t\t<\/div>\n\t\t\t\t<\/div>\n\t\t\t\t\t<\/div>\n\t\t<\/div>\n\t\t\t\t\t<\/div>\n\t\t<\/section>\n\t\t\t\t<\/div>\n\t\t","protected":false},"excerpt":{"rendered":"<p>Sosyal Sorumluluk \u00c7al\u0131\u015fmalar\u0131 \u00e7er\u00e7evesinde Fak\u00fcltemizde faaliyet g\u00f6steren \u00f6\u011frenci kul\u00fcp \u00a0say\u0131s\u0131 art\u0131r\u0131ld\u0131 ve kul\u00fcplerin daha etkin \u00e7al\u0131\u015fmalar\u0131 i\u00e7in nelerin yap\u0131lmas\u0131 hususunda kul\u00fcp ba\u015fkanlar\u0131yla toplant\u0131lar d\u00fczenlendi.<\/p>\n","protected":false},"author":47,"featured_media":0,"parent":0,"menu_order":0,"comment_status":"closed","ping_status":"closed","template":"","meta":{"footnotes":""},"class_list":["post-7946","page","type-page","status-publish","hentry"],"_links":{"self":[{"href":"https:\/\/atauni.edu.tr\/eczacilik-fakultesi\/wp-json\/wp\/v2\/pages\/7946","targetHints":{"allow":["GET"]}}],"collection":[{"href":"https:\/\/atauni.edu.tr\/eczacilik-fakultesi\/wp-json\/wp\/v2\/pages"}],"about":[{"href":"https:\/\/atauni.edu.tr\/eczacilik-fakultesi\/wp-json\/wp\/v2\/types\/page"}],"author":[{"embeddable":true,"href":"https:\/\/atauni.edu.tr\/eczacilik-fakultesi\/wp-json\/wp\/v2\/users\/47"}],"replies":[{"embeddable":true,"href":"https:\/\/atauni.edu.tr\/eczacilik-fakultesi\/wp-json\/wp\/v2\/comments?post=7946"}],"version-history":[{"count":7,"href":"https:\/\/atauni.edu.tr\/eczacilik-fakultesi\/wp-json\/wp\/v2\/pages\/7946\/revisions"}],"predecessor-version":[{"id":8007,"href":"https:\/\/atauni.edu.tr\/eczacilik-fakultesi\/wp-json\/wp\/v2\/pages\/7946\/revisions\/8007"}],"wp:attachment":[{"href":"https:\/\/atauni.edu.tr\/eczacilik-fakultesi\/wp-json\/wp\/v2\/media?parent=7946"}],"curies":[{"name":"wp","href":"https:\/\/api.w.org\/{rel}","templated":true}]}}