{"id":7970,"date":"2021-10-27T14:44:18","date_gmt":"2021-10-27T11:44:18","guid":{"rendered":"http:\/\/birimler.atauni.edu.tr\/eczacilik-fakultesi\/?page_id=7970"},"modified":"2021-10-27T14:50:23","modified_gmt":"2021-10-27T11:50:23","slug":"hasta-bilgilendirme-yarismasi","status":"publish","type":"page","link":"https:\/\/atauni.edu.tr\/eczacilik-fakultesi\/hasta-bilgilendirme-yarismasi\/","title":{"rendered":"Hasta Bilgilendirme Yar\u0131\u015fmas\u0131"},"content":{"rendered":"\t\t<div data-elementor-type=\"wp-page\" data-elementor-id=\"7970\" class=\"elementor elementor-7970\" data-elementor-post-type=\"page\">\n\t\t\t\t\t\t<section class=\"elementor-section elementor-top-section elementor-element elementor-element-d138038 elementor-section-boxed elementor-section-height-default elementor-section-height-default\" data-id=\"d138038\" data-element_type=\"section\">\n\t\t\t\t\t\t<div class=\"elementor-container elementor-column-gap-default\">\n\t\t\t\t\t<div class=\"elementor-column elementor-col-100 elementor-top-column elementor-element elementor-element-4fc7029\" data-id=\"4fc7029\" data-element_type=\"column\">\n\t\t\t<div class=\"elementor-widget-wrap elementor-element-populated\">\n\t\t\t\t\t\t<div class=\"elementor-element elementor-element-563da7b elementor-widget elementor-widget-text-editor\" data-id=\"563da7b\" data-element_type=\"widget\" data-widget_type=\"text-editor.default\">\n\t\t\t\t<div class=\"elementor-widget-container\">\n\t\t\t\t\t\t\t\t\t<div class=\"col-md-12 media content p-0\"><div class=\"text sans servis-hedef\"><p>Fak\u00fcltemizde 5.3.2016 tarihinde ilk kez d\u00fczenlenen Hasta Bilgilendirme Yar\u0131\u015fmas\u0131\u2019na kat\u0131lan \u00f6\u011frencilerimiz Merve ALIZ, Melike GAYAHAN, Ay\u015fe B\u0130LB\u0130L, \u0130nci A\u011eLAMI\u015e ve Elifli Ay Hatun KARAAVCI 6 serbest eczac\u0131, 1 kamu eczac\u0131s\u0131 ve 1 akademisyen eczac\u0131dan olu\u015fan j\u00fcrinin \u00f6n\u00fcnde hasta bilgilendirme performanslar\u0131n\u0131 sergilediler. Yar\u0131\u015fman\u0131n g\u00f6sterimi 09.03.2016 tarihinde fak\u00fcltemiz konferans salonunda yap\u0131ld\u0131. J\u00fcri \u00fcyeleri Ecz. Mahmut U\u00c7AR, Ecz. Canan U\u00c7AR, Ecz. Peyal \u00c7\u0130L, Ecz. Leyla G\u00dcVEN, Ecz. Fatih SARUHAN, Ecz.G\u00f6kbay U\u00c7AR, Ecz. Banu TAYLAN AKIN, Ecz. Sinan B\u0130LG\u0130NER\u2019in yapt\u0131klar\u0131 de\u011ferlendirme sonucunda, 14-17 Nisan 2016 tarihlerinde ger\u00e7ekle\u015fecek olan XIII. Ulusal Hasta Bilgilendirme Yar\u0131\u015fmas\u0131\u2019nda fak\u00fcltemizi be\u015finci s\u0131n\u0131f \u00f6\u011frencilerimizden \u0130nci A\u011eLAMI\u015e\u2019\u0131n temsil edece\u011fi belirlendi. Program sonunda yar\u0131\u015fmac\u0131lara ve j\u00fcri \u00fcyelerine dekan\u0131m\u0131z Prof. Dr. Z\u00fchal G\u00dcVENALP taraf\u0131ndan belgeleri takdim edildi.<\/p><\/div><\/div>\t\t\t\t\t\t\t\t<\/div>\n\t\t\t\t<\/div>\n\t\t\t\t<div class=\"elementor-element elementor-element-71c845d elementor-widget elementor-widget-image-gallery\" data-id=\"71c845d\" data-element_type=\"widget\" data-widget_type=\"image-gallery.default\">\n\t\t\t\t<div class=\"elementor-widget-container\">\n\t\t\t\t\t\t\t<div class=\"elementor-image-gallery\">\n\t\t\t\n\t\t<style type=\"text\/css\">\n\t\t\t#gallery-1 {\n\t\t\t\tmargin: auto;\n\t\t\t}\n\t\t\t#gallery-1 .gallery-item {\n\t\t\t\tfloat: left;\n\t\t\t\tmargin-top: 10px;\n\t\t\t\ttext-align: center;\n\t\t\t\twidth: 100%;\n\t\t\t}\n\t\t\t#gallery-1 img {\n\t\t\t\tborder: 2px solid #cfcfcf;\n\t\t\t}\n\t\t\t#gallery-1 .gallery-caption {\n\t\t\t\tmargin-left: 0;\n\t\t\t}\n\t\t\t\/* see gallery_shortcode() in wp-includes\/media.php *\/\n\t\t<\/style>\n\t\t<div id='gallery-1' class='gallery galleryid-7970 gallery-columns-1 gallery-size-medium_large'><dl class='gallery-item'>\n\t\t\t<dt class='gallery-icon landscape'>\n\t\t\t\t<a data-elementor-open-lightbox=\"yes\" data-elementor-lightbox-slideshow=\"71c845d\" data-elementor-lightbox-title=\"2016 hasta 11\" data-e-action-hash=\"#elementor-action%3Aaction%3Dlightbox%26settings%3DeyJpZCI6Nzk3NSwidXJsIjoiaHR0cHM6XC9cL2F0YXVuaS5lZHUudHJcL2VjemFjaWxpay1mYWt1bHRlc2lcL3dwLWNvbnRlbnRcL3VwbG9hZHNcL3NpdGVzXC81OFwvMjAyMFwvMDdcLzIwMTYtaGFzdGEtMTEuanBnIiwic2xpZGVzaG93IjoiNzFjODQ1ZCJ9\" href='https:\/\/atauni.edu.tr\/eczacilik-fakultesi\/wp-content\/uploads\/sites\/58\/2020\/07\/2016-hasta-11.jpg'><img fetchpriority=\"high\" decoding=\"async\" width=\"768\" height=\"768\" src=\"https:\/\/atauni.edu.tr\/eczacilik-fakultesi\/wp-content\/uploads\/sites\/58\/2020\/07\/2016-hasta-11-768x768.jpg\" class=\"attachment-medium_large size-medium_large\" alt=\"\" srcset=\"https:\/\/atauni.edu.tr\/eczacilik-fakultesi\/wp-content\/uploads\/sites\/58\/2020\/07\/2016-hasta-11-768x768.jpg 768w, https:\/\/atauni.edu.tr\/eczacilik-fakultesi\/wp-content\/uploads\/sites\/58\/2020\/07\/2016-hasta-11-300x300.jpg 300w, https:\/\/atauni.edu.tr\/eczacilik-fakultesi\/wp-content\/uploads\/sites\/58\/2020\/07\/2016-hasta-11-1024x1024.jpg 1024w, https:\/\/atauni.edu.tr\/eczacilik-fakultesi\/wp-content\/uploads\/sites\/58\/2020\/07\/2016-hasta-11-150x150.jpg 150w, https:\/\/atauni.edu.tr\/eczacilik-fakultesi\/wp-content\/uploads\/sites\/58\/2020\/07\/2016-hasta-11-600x600.jpg 600w, https:\/\/atauni.edu.tr\/eczacilik-fakultesi\/wp-content\/uploads\/sites\/58\/2020\/07\/2016-hasta-11-560x560.jpg 560w, https:\/\/atauni.edu.tr\/eczacilik-fakultesi\/wp-content\/uploads\/sites\/58\/2020\/07\/2016-hasta-11.jpg 1200w\" sizes=\"(max-width: 768px) 100vw, 768px\" \/><\/a>\n\t\t\t<\/dt><\/dl><br style=\"clear: both\" \/><dl class='gallery-item'>\n\t\t\t<dt class='gallery-icon landscape'>\n\t\t\t\t<a data-elementor-open-lightbox=\"yes\" data-elementor-lightbox-slideshow=\"71c845d\" data-elementor-lightbox-title=\"2016 hasta\" data-e-action-hash=\"#elementor-action%3Aaction%3Dlightbox%26settings%3DeyJpZCI6Nzk3NywidXJsIjoiaHR0cHM6XC9cL2F0YXVuaS5lZHUudHJcL2VjemFjaWxpay1mYWt1bHRlc2lcL3dwLWNvbnRlbnRcL3VwbG9hZHNcL3NpdGVzXC81OFwvMjAyMFwvMDdcLzIwMTYtaGFzdGEuanBnIiwic2xpZGVzaG93IjoiNzFjODQ1ZCJ9\" href='https:\/\/atauni.edu.tr\/eczacilik-fakultesi\/wp-content\/uploads\/sites\/58\/2020\/07\/2016-hasta.jpg'><img decoding=\"async\" width=\"768\" height=\"253\" src=\"https:\/\/atauni.edu.tr\/eczacilik-fakultesi\/wp-content\/uploads\/sites\/58\/2020\/07\/2016-hasta-768x253.jpg\" class=\"attachment-medium_large size-medium_large\" alt=\"\" srcset=\"https:\/\/atauni.edu.tr\/eczacilik-fakultesi\/wp-content\/uploads\/sites\/58\/2020\/07\/2016-hasta-768x253.jpg 768w, https:\/\/atauni.edu.tr\/eczacilik-fakultesi\/wp-content\/uploads\/sites\/58\/2020\/07\/2016-hasta-300x99.jpg 300w, https:\/\/atauni.edu.tr\/eczacilik-fakultesi\/wp-content\/uploads\/sites\/58\/2020\/07\/2016-hasta-1024x338.jpg 1024w, https:\/\/atauni.edu.tr\/eczacilik-fakultesi\/wp-content\/uploads\/sites\/58\/2020\/07\/2016-hasta-600x198.jpg 600w, https:\/\/atauni.edu.tr\/eczacilik-fakultesi\/wp-content\/uploads\/sites\/58\/2020\/07\/2016-hasta-560x185.jpg 560w, https:\/\/atauni.edu.tr\/eczacilik-fakultesi\/wp-content\/uploads\/sites\/58\/2020\/07\/2016-hasta.jpg 1200w\" sizes=\"(max-width: 768px) 100vw, 768px\" \/><\/a>\n\t\t\t<\/dt><\/dl><br style=\"clear: both\" \/><dl class='gallery-item'>\n\t\t\t<dt class='gallery-icon landscape'>\n\t\t\t\t<a data-elementor-open-lightbox=\"yes\" data-elementor-lightbox-slideshow=\"71c845d\" data-elementor-lightbox-title=\"2016 hasta 12\" data-e-action-hash=\"#elementor-action%3Aaction%3Dlightbox%26settings%3DeyJpZCI6Nzk3NiwidXJsIjoiaHR0cHM6XC9cL2F0YXVuaS5lZHUudHJcL2VjemFjaWxpay1mYWt1bHRlc2lcL3dwLWNvbnRlbnRcL3VwbG9hZHNcL3NpdGVzXC81OFwvMjAyMFwvMDdcLzIwMTYtaGFzdGEtMTIuanBnIiwic2xpZGVzaG93IjoiNzFjODQ1ZCJ9\" href='https:\/\/atauni.edu.tr\/eczacilik-fakultesi\/wp-content\/uploads\/sites\/58\/2020\/07\/2016-hasta-12.jpg'><img decoding=\"async\" width=\"768\" height=\"284\" src=\"https:\/\/atauni.edu.tr\/eczacilik-fakultesi\/wp-content\/uploads\/sites\/58\/2020\/07\/2016-hasta-12-768x284.jpg\" class=\"attachment-medium_large size-medium_large\" alt=\"\" srcset=\"https:\/\/atauni.edu.tr\/eczacilik-fakultesi\/wp-content\/uploads\/sites\/58\/2020\/07\/2016-hasta-12-768x284.jpg 768w, https:\/\/atauni.edu.tr\/eczacilik-fakultesi\/wp-content\/uploads\/sites\/58\/2020\/07\/2016-hasta-12-300x111.jpg 300w, https:\/\/atauni.edu.tr\/eczacilik-fakultesi\/wp-content\/uploads\/sites\/58\/2020\/07\/2016-hasta-12-1024x379.jpg 1024w, https:\/\/atauni.edu.tr\/eczacilik-fakultesi\/wp-content\/uploads\/sites\/58\/2020\/07\/2016-hasta-12-600x222.jpg 600w, https:\/\/atauni.edu.tr\/eczacilik-fakultesi\/wp-content\/uploads\/sites\/58\/2020\/07\/2016-hasta-12-560x207.jpg 560w, https:\/\/atauni.edu.tr\/eczacilik-fakultesi\/wp-content\/uploads\/sites\/58\/2020\/07\/2016-hasta-12.jpg 1200w\" sizes=\"(max-width: 768px) 100vw, 768px\" \/><\/a>\n\t\t\t<\/dt><\/dl><br style=\"clear: both\" \/>\n\t\t<\/div>\n\t\t<\/div>\n\t\t\t\t\t\t<\/div>\n\t\t\t\t<\/div>\n\t\t\t\t\t<\/div>\n\t\t<\/div>\n\t\t\t\t\t<\/div>\n\t\t<\/section>\n\t\t\t\t<\/div>\n\t\t","protected":false},"excerpt":{"rendered":"<p>Fak\u00fcltemizde 5.3.2016 tarihinde ilk kez d\u00fczenlenen Hasta Bilgilendirme Yar\u0131\u015fmas\u0131\u2019na kat\u0131lan \u00f6\u011frencilerimiz Merve ALIZ, Melike GAYAHAN, Ay\u015fe B\u0130LB\u0130L, \u0130nci A\u011eLAMI\u015e ve Elifli Ay Hatun KARAAVCI 6 serbest eczac\u0131, 1 kamu eczac\u0131s\u0131 ve 1 akademisyen eczac\u0131dan olu\u015fan j\u00fcrinin \u00f6n\u00fcnde hasta bilgilendirme performanslar\u0131n\u0131 sergilediler. Yar\u0131\u015fman\u0131n g\u00f6sterimi 09.03.2016 tarihinde fak\u00fcltemiz konferans salonunda yap\u0131ld\u0131. J\u00fcri \u00fcyeleri Ecz. Mahmut U\u00c7AR, Ecz. [&hellip;]<\/p>\n","protected":false},"author":47,"featured_media":0,"parent":0,"menu_order":0,"comment_status":"closed","ping_status":"closed","template":"","meta":{"footnotes":""},"class_list":["post-7970","page","type-page","status-publish","hentry"],"_links":{"self":[{"href":"https:\/\/atauni.edu.tr\/eczacilik-fakultesi\/wp-json\/wp\/v2\/pages\/7970","targetHints":{"allow":["GET"]}}],"collection":[{"href":"https:\/\/atauni.edu.tr\/eczacilik-fakultesi\/wp-json\/wp\/v2\/pages"}],"about":[{"href":"https:\/\/atauni.edu.tr\/eczacilik-fakultesi\/wp-json\/wp\/v2\/types\/page"}],"author":[{"embeddable":true,"href":"https:\/\/atauni.edu.tr\/eczacilik-fakultesi\/wp-json\/wp\/v2\/users\/47"}],"replies":[{"embeddable":true,"href":"https:\/\/atauni.edu.tr\/eczacilik-fakultesi\/wp-json\/wp\/v2\/comments?post=7970"}],"version-history":[{"count":4,"href":"https:\/\/atauni.edu.tr\/eczacilik-fakultesi\/wp-json\/wp\/v2\/pages\/7970\/revisions"}],"predecessor-version":[{"id":8001,"href":"https:\/\/atauni.edu.tr\/eczacilik-fakultesi\/wp-json\/wp\/v2\/pages\/7970\/revisions\/8001"}],"wp:attachment":[{"href":"https:\/\/atauni.edu.tr\/eczacilik-fakultesi\/wp-json\/wp\/v2\/media?parent=7970"}],"curies":[{"name":"wp","href":"https:\/\/api.w.org\/{rel}","templated":true}]}}