{"id":7992,"date":"2021-10-27T14:49:11","date_gmt":"2021-10-27T11:49:11","guid":{"rendered":"http:\/\/birimler.atauni.edu.tr\/eczacilik-fakultesi\/?page_id=7992"},"modified":"2021-10-27T17:59:16","modified_gmt":"2021-10-27T14:59:16","slug":"oryantasyon-toplantisi","status":"publish","type":"page","link":"https:\/\/atauni.edu.tr\/eczacilik-fakultesi\/oryantasyon-toplantisi\/","title":{"rendered":"Oryantasyon Toplant\u0131s\u0131"},"content":{"rendered":"\t\t<div data-elementor-type=\"wp-page\" data-elementor-id=\"7992\" class=\"elementor elementor-7992\" data-elementor-post-type=\"page\">\n\t\t\t\t\t\t<section class=\"elementor-section elementor-top-section elementor-element elementor-element-6390b61 elementor-section-boxed elementor-section-height-default elementor-section-height-default\" data-id=\"6390b61\" data-element_type=\"section\">\n\t\t\t\t\t\t<div class=\"elementor-container elementor-column-gap-default\">\n\t\t\t\t\t<div class=\"elementor-column elementor-col-100 elementor-top-column elementor-element elementor-element-58bf330\" data-id=\"58bf330\" data-element_type=\"column\">\n\t\t\t<div class=\"elementor-widget-wrap elementor-element-populated\">\n\t\t\t\t\t\t<div class=\"elementor-element elementor-element-5b69e4c elementor-widget elementor-widget-image\" data-id=\"5b69e4c\" data-element_type=\"widget\" data-widget_type=\"image.default\">\n\t\t\t\t<div class=\"elementor-widget-container\">\n\t\t\t\t\t\t\t\t\t\t\t\t<figure class=\"wp-caption\">\n\t\t\t\t\t\t\t\t\t\t<img fetchpriority=\"high\" decoding=\"async\" width=\"1024\" height=\"492\" src=\"https:\/\/atauni.edu.tr\/eczacilik-fakultesi\/wp-content\/uploads\/sites\/58\/2021\/10\/2016-oryan-1024x492.jpg\" class=\"attachment-large size-large wp-image-7994\" alt=\"\" srcset=\"https:\/\/atauni.edu.tr\/eczacilik-fakultesi\/wp-content\/uploads\/sites\/58\/2021\/10\/2016-oryan-1024x492.jpg 1024w, https:\/\/atauni.edu.tr\/eczacilik-fakultesi\/wp-content\/uploads\/sites\/58\/2021\/10\/2016-oryan-300x144.jpg 300w, https:\/\/atauni.edu.tr\/eczacilik-fakultesi\/wp-content\/uploads\/sites\/58\/2021\/10\/2016-oryan-768x369.jpg 768w, https:\/\/atauni.edu.tr\/eczacilik-fakultesi\/wp-content\/uploads\/sites\/58\/2021\/10\/2016-oryan-600x288.jpg 600w, https:\/\/atauni.edu.tr\/eczacilik-fakultesi\/wp-content\/uploads\/sites\/58\/2021\/10\/2016-oryan-560x269.jpg 560w, https:\/\/atauni.edu.tr\/eczacilik-fakultesi\/wp-content\/uploads\/sites\/58\/2021\/10\/2016-oryan.jpg 1266w\" sizes=\"(max-width: 1024px) 100vw, 1024px\" \/>\t\t\t\t\t\t\t\t\t\t\t<figcaption class=\"widget-image-caption wp-caption-text\">2016 y\u0131l\u0131nda fak\u00fcltemize kay\u0131t yapt\u0131ran birinci s\u0131n\u0131f \u00f6\u011frencilerine 08.11.2016 tarihinde oryantasyon toplant\u0131s\u0131 yap\u0131ld\u0131. \u00d6\u011frencilerimize \u015fehrimiz, \u00fcniversitemiz ve fak\u00fcltemiz tan\u0131t\u0131ld\u0131.<\/figcaption>\n\t\t\t\t\t\t\t\t\t\t<\/figure>\n\t\t\t\t\t\t\t\t\t<\/div>\n\t\t\t\t<\/div>\n\t\t\t\t\t<\/div>\n\t\t<\/div>\n\t\t\t\t\t<\/div>\n\t\t<\/section>\n\t\t\t\t<section class=\"elementor-section elementor-top-section elementor-element elementor-element-2272fd2 elementor-section-boxed elementor-section-height-default elementor-section-height-default\" data-id=\"2272fd2\" data-element_type=\"section\">\n\t\t\t\t\t\t<div class=\"elementor-container elementor-column-gap-default\">\n\t\t\t\t\t<div class=\"elementor-column elementor-col-100 elementor-top-column elementor-element elementor-element-31b219a\" data-id=\"31b219a\" data-element_type=\"column\">\n\t\t\t<div class=\"elementor-widget-wrap elementor-element-populated\">\n\t\t\t\t\t\t<div class=\"elementor-element elementor-element-a71dcb6 elementor-widget elementor-widget-button\" data-id=\"a71dcb6\" data-element_type=\"widget\" data-widget_type=\"button.default\">\n\t\t\t\t<div class=\"elementor-widget-container\">\n\t\t\t\t\t\t\t\t\t<div class=\"elementor-button-wrapper\">\n\t\t\t\t\t<a class=\"elementor-button elementor-button-link elementor-size-sm\" href=\"\">\n\t\t\t\t\t\t<span class=\"elementor-button-content-wrapper\">\n\t\t\t\t\t\t\t\t\t<span class=\"elementor-button-text\">pdf i\u00e7in t\u0131klay\u0131n\u0131z <\/span>\n\t\t\t\t\t<\/span>\n\t\t\t\t\t<\/a>\n\t\t\t\t<\/div>\n\t\t\t\t\t\t\t\t<\/div>\n\t\t\t\t<\/div>\n\t\t\t\t\t<\/div>\n\t\t<\/div>\n\t\t\t\t\t<\/div>\n\t\t<\/section>\n\t\t\t\t<\/div>\n\t\t","protected":false},"excerpt":{"rendered":"<p>2016 y\u0131l\u0131nda fak\u00fcltemize kay\u0131t yapt\u0131ran birinci s\u0131n\u0131f \u00f6\u011frencilerine 08.11.2016 tarihinde oryantasyon toplant\u0131s\u0131 yap\u0131ld\u0131. \u00d6\u011frencilerimize \u015fehrimiz, \u00fcniversitemiz ve fak\u00fcltemiz tan\u0131t\u0131ld\u0131. pdf i\u00e7in t\u0131klay\u0131n\u0131z<\/p>\n","protected":false},"author":47,"featured_media":0,"parent":0,"menu_order":0,"comment_status":"closed","ping_status":"closed","template":"","meta":{"footnotes":""},"class_list":["post-7992","page","type-page","status-publish","hentry"],"_links":{"self":[{"href":"https:\/\/atauni.edu.tr\/eczacilik-fakultesi\/wp-json\/wp\/v2\/pages\/7992","targetHints":{"allow":["GET"]}}],"collection":[{"href":"https:\/\/atauni.edu.tr\/eczacilik-fakultesi\/wp-json\/wp\/v2\/pages"}],"about":[{"href":"https:\/\/atauni.edu.tr\/eczacilik-fakultesi\/wp-json\/wp\/v2\/types\/page"}],"author":[{"embeddable":true,"href":"https:\/\/atauni.edu.tr\/eczacilik-fakultesi\/wp-json\/wp\/v2\/users\/47"}],"replies":[{"embeddable":true,"href":"https:\/\/atauni.edu.tr\/eczacilik-fakultesi\/wp-json\/wp\/v2\/comments?post=7992"}],"version-history":[{"count":7,"href":"https:\/\/atauni.edu.tr\/eczacilik-fakultesi\/wp-json\/wp\/v2\/pages\/7992\/revisions"}],"predecessor-version":[{"id":8774,"href":"https:\/\/atauni.edu.tr\/eczacilik-fakultesi\/wp-json\/wp\/v2\/pages\/7992\/revisions\/8774"}],"wp:attachment":[{"href":"https:\/\/atauni.edu.tr\/eczacilik-fakultesi\/wp-json\/wp\/v2\/media?parent=7992"}],"curies":[{"name":"wp","href":"https:\/\/api.w.org\/{rel}","templated":true}]}}