{"id":8042,"date":"2021-10-27T15:10:32","date_gmt":"2021-10-27T12:10:32","guid":{"rendered":"http:\/\/birimler.atauni.edu.tr\/eczacilik-fakultesi\/?page_id=8042"},"modified":"2021-10-27T15:16:17","modified_gmt":"2021-10-27T12:16:17","slug":"8042-2","status":"publish","type":"page","link":"https:\/\/atauni.edu.tr\/eczacilik-fakultesi\/8042-2\/","title":{"rendered":""},"content":{"rendered":"\t\t<div data-elementor-type=\"wp-page\" data-elementor-id=\"8042\" class=\"elementor elementor-8042\" data-elementor-post-type=\"page\">\n\t\t\t\t\t\t<section class=\"elementor-section elementor-top-section elementor-element elementor-element-91f0e70 elementor-section-boxed elementor-section-height-default elementor-section-height-default\" data-id=\"91f0e70\" data-element_type=\"section\">\n\t\t\t\t\t\t<div class=\"elementor-container elementor-column-gap-default\">\n\t\t\t\t\t<div class=\"elementor-column elementor-col-100 elementor-top-column elementor-element elementor-element-e6d8d30\" data-id=\"e6d8d30\" data-element_type=\"column\">\n\t\t\t<div class=\"elementor-widget-wrap elementor-element-populated\">\n\t\t\t\t\t\t<div class=\"elementor-element elementor-element-a3a1823 elementor-widget elementor-widget-heading\" data-id=\"a3a1823\" data-element_type=\"widget\" data-widget_type=\"heading.default\">\n\t\t\t\t<div class=\"elementor-widget-container\">\n\t\t\t\t\t<h2 class=\"elementor-heading-title elementor-size-default\">ECZACILIK FAK\u00dcLTES\u0130 \u0130\u00c7 VE DI\u015e PAYDA\u015eLARI<\/h2>\t\t\t\t<\/div>\n\t\t\t\t<\/div>\n\t\t\t\t<div class=\"elementor-element elementor-element-6a98e65 elementor-widget-divider--view-line elementor-widget elementor-widget-divider\" data-id=\"6a98e65\" data-element_type=\"widget\" data-widget_type=\"divider.default\">\n\t\t\t\t<div class=\"elementor-widget-container\">\n\t\t\t\t\t\t\t<div class=\"elementor-divider\">\n\t\t\t<span class=\"elementor-divider-separator\">\n\t\t\t\t\t\t<\/span>\n\t\t<\/div>\n\t\t\t\t\t\t<\/div>\n\t\t\t\t<\/div>\n\t\t\t\t<div class=\"elementor-element elementor-element-6c52f23 elementor-widget elementor-widget-text-editor\" data-id=\"6c52f23\" data-element_type=\"widget\" data-widget_type=\"text-editor.default\">\n\t\t\t\t<div class=\"elementor-widget-container\">\n\t\t\t\t\t\t\t\t\t<p><strong>\u0130\u00e7 \u00a0payda\u015flar\u0131m\u0131z:\u00a0<\/strong><\/p><p>Akademik personel<\/p><p>\u00d6\u011frenciler<\/p><p>\u0130dari personel<\/p><p><strong>D\u0131\u015f \u00a0payda\u015flar\u0131m\u0131z:<\/strong><\/p><p>13. B\u00f6lge Erzurum Eczac\u0131 Odas\u0131 Ba\u015fkanl\u0131\u011f\u0131<\/p><p>T\u00fcrk Eczac\u0131lar Birli\u011fi (TEB)<\/p><p>T.C. Sa\u011fl\u0131k Bakanl\u0131\u011f\u0131 T\u00fcrkiye \u0130la\u00e7 ve T\u0131bbi Cihaz Kurumu<br \/>Atat\u00fcrk \u00dcniversitesi Ara\u015ft\u0131rma Hastanesi Ba\u015fhekimli\u011fi<br \/>Erzurum B\u00f6lge Ara\u015ft\u0131rma Hastanesi Ba\u015fhekimli\u011fi<\/p><p>Erzurum Sa\u011fl\u0131k \u0130l M\u00fcd\u00fcrl\u00fc\u011f\u00fc<\/p><p>Eczac\u0131l\u0131k Fak\u00fclteleri<\/p><p>Kamu Hastaneleri Kurumu Genel M\u00fcd\u00fcrl\u00fc\u011f\u00fc<\/p><p>Ara\u015ft\u0131rmac\u0131 \u0130la\u00e7 Firmalar\u0131 Derne\u011fi<\/p><p>\u0130la\u00e7 End\u00fcstrisi \u0130\u015fverenler Sendikas\u0131<\/p><p>T\u00fcm Eczac\u0131 \u0130\u015fverenler Sendikas\u0131<\/p><p>\u00d6zel Hastaneler Platformu Derne\u011fi<\/p><p>T\u00fcm Eczac\u0131 Kooperatifleri Birli\u011fi<\/p><p>\u00d6\u011frenci Aileleri<\/p>\t\t\t\t\t\t\t\t<\/div>\n\t\t\t\t<\/div>\n\t\t\t\t\t<\/div>\n\t\t<\/div>\n\t\t\t\t\t<\/div>\n\t\t<\/section>\n\t\t\t\t<\/div>\n\t\t","protected":false},"excerpt":{"rendered":"<p>ECZACILIK FAK\u00dcLTES\u0130 \u0130\u00c7 VE DI\u015e PAYDA\u015eLARI \u0130\u00e7 \u00a0payda\u015flar\u0131m\u0131z:\u00a0 Akademik personel \u00d6\u011frenciler \u0130dari personel D\u0131\u015f \u00a0payda\u015flar\u0131m\u0131z: 13. B\u00f6lge Erzurum Eczac\u0131 Odas\u0131 Ba\u015fkanl\u0131\u011f\u0131 T\u00fcrk Eczac\u0131lar Birli\u011fi (TEB) T.C. Sa\u011fl\u0131k Bakanl\u0131\u011f\u0131 T\u00fcrkiye \u0130la\u00e7 ve T\u0131bbi Cihaz KurumuAtat\u00fcrk \u00dcniversitesi Ara\u015ft\u0131rma Hastanesi Ba\u015fhekimli\u011fiErzurum B\u00f6lge Ara\u015ft\u0131rma Hastanesi Ba\u015fhekimli\u011fi Erzurum Sa\u011fl\u0131k \u0130l M\u00fcd\u00fcrl\u00fc\u011f\u00fc Eczac\u0131l\u0131k Fak\u00fclteleri Kamu Hastaneleri Kurumu Genel M\u00fcd\u00fcrl\u00fc\u011f\u00fc Ara\u015ft\u0131rmac\u0131 \u0130la\u00e7 [&hellip;]<\/p>\n","protected":false},"author":47,"featured_media":0,"parent":0,"menu_order":0,"comment_status":"closed","ping_status":"closed","template":"","meta":{"footnotes":""},"class_list":["post-8042","page","type-page","status-publish","hentry"],"_links":{"self":[{"href":"https:\/\/atauni.edu.tr\/eczacilik-fakultesi\/wp-json\/wp\/v2\/pages\/8042","targetHints":{"allow":["GET"]}}],"collection":[{"href":"https:\/\/atauni.edu.tr\/eczacilik-fakultesi\/wp-json\/wp\/v2\/pages"}],"about":[{"href":"https:\/\/atauni.edu.tr\/eczacilik-fakultesi\/wp-json\/wp\/v2\/types\/page"}],"author":[{"embeddable":true,"href":"https:\/\/atauni.edu.tr\/eczacilik-fakultesi\/wp-json\/wp\/v2\/users\/47"}],"replies":[{"embeddable":true,"href":"https:\/\/atauni.edu.tr\/eczacilik-fakultesi\/wp-json\/wp\/v2\/comments?post=8042"}],"version-history":[{"count":13,"href":"https:\/\/atauni.edu.tr\/eczacilik-fakultesi\/wp-json\/wp\/v2\/pages\/8042\/revisions"}],"predecessor-version":[{"id":8057,"href":"https:\/\/atauni.edu.tr\/eczacilik-fakultesi\/wp-json\/wp\/v2\/pages\/8042\/revisions\/8057"}],"wp:attachment":[{"href":"https:\/\/atauni.edu.tr\/eczacilik-fakultesi\/wp-json\/wp\/v2\/media?parent=8042"}],"curies":[{"name":"wp","href":"https:\/\/api.w.org\/{rel}","templated":true}]}}