{"id":8081,"date":"2021-10-27T15:23:56","date_gmt":"2021-10-27T12:23:56","guid":{"rendered":"http:\/\/birimler.atauni.edu.tr\/eczacilik-fakultesi\/?page_id=8081"},"modified":"2021-10-27T15:28:02","modified_gmt":"2021-10-27T12:28:02","slug":"eczane-kocu-mustafa-ozaslan-konferansi","status":"publish","type":"page","link":"https:\/\/atauni.edu.tr\/eczacilik-fakultesi\/eczane-kocu-mustafa-ozaslan-konferansi\/","title":{"rendered":"Eczane Ko\u00e7u Mustafa \u00d6zaslan Konferans\u0131"},"content":{"rendered":"\t\t<div data-elementor-type=\"wp-page\" data-elementor-id=\"8081\" class=\"elementor elementor-8081\" data-elementor-post-type=\"page\">\n\t\t\t\t\t\t<section class=\"elementor-section elementor-top-section elementor-element elementor-element-efefd51 elementor-section-boxed elementor-section-height-default elementor-section-height-default\" data-id=\"efefd51\" data-element_type=\"section\">\n\t\t\t\t\t\t<div class=\"elementor-container elementor-column-gap-default\">\n\t\t\t\t\t<div class=\"elementor-column elementor-col-100 elementor-top-column elementor-element elementor-element-74abeae\" data-id=\"74abeae\" data-element_type=\"column\">\n\t\t\t<div class=\"elementor-widget-wrap elementor-element-populated\">\n\t\t\t\t\t\t<div class=\"elementor-element elementor-element-e2fa8f7 elementor-widget elementor-widget-text-editor\" data-id=\"e2fa8f7\" data-element_type=\"widget\" data-widget_type=\"text-editor.default\">\n\t\t\t\t<div class=\"elementor-widget-container\">\n\t\t\t\t\t\t\t\t\t<p>18 May\u0131s 2017 tarihinde Eczane Ko\u00e7u Mustafa \u00d6ZASLAN tarf\u0131ndan \u00f6\u011frencilerimize eczaneler ile ilgili bir konferans verdi.<\/p>\t\t\t\t\t\t\t\t<\/div>\n\t\t\t\t<\/div>\n\t\t\t\t<div class=\"elementor-element elementor-element-f93768c elementor-widget elementor-widget-image-gallery\" data-id=\"f93768c\" data-element_type=\"widget\" data-widget_type=\"image-gallery.default\">\n\t\t\t\t<div class=\"elementor-widget-container\">\n\t\t\t\t\t\t\t<div class=\"elementor-image-gallery\">\n\t\t\t\n\t\t<style type=\"text\/css\">\n\t\t\t#gallery-1 {\n\t\t\t\tmargin: auto;\n\t\t\t}\n\t\t\t#gallery-1 .gallery-item {\n\t\t\t\tfloat: left;\n\t\t\t\tmargin-top: 10px;\n\t\t\t\ttext-align: center;\n\t\t\t\twidth: 50%;\n\t\t\t}\n\t\t\t#gallery-1 img {\n\t\t\t\tborder: 2px solid #cfcfcf;\n\t\t\t}\n\t\t\t#gallery-1 .gallery-caption {\n\t\t\t\tmargin-left: 0;\n\t\t\t}\n\t\t\t\/* see gallery_shortcode() in wp-includes\/media.php *\/\n\t\t<\/style>\n\t\t<div id='gallery-1' class='gallery galleryid-8081 gallery-columns-2 gallery-size-1536x1536'><dl class='gallery-item'>\n\t\t\t<dt class='gallery-icon portrait'>\n\t\t\t\t<a data-elementor-open-lightbox=\"yes\" data-elementor-lightbox-slideshow=\"f93768c\" data-elementor-lightbox-title=\"ecz\" data-e-action-hash=\"#elementor-action%3Aaction%3Dlightbox%26settings%3DeyJpZCI6ODA4NiwidXJsIjoiaHR0cHM6XC9cL2F0YXVuaS5lZHUudHJcL2VjemFjaWxpay1mYWt1bHRlc2lcL3dwLWNvbnRlbnRcL3VwbG9hZHNcL3NpdGVzXC81OFwvMjAyMFwvMDdcL2Vjei1zY2FsZWQuanBnIiwic2xpZGVzaG93IjoiZjkzNzY4YyJ9\" href='https:\/\/atauni.edu.tr\/eczacilik-fakultesi\/wp-content\/uploads\/sites\/58\/2020\/07\/ecz-scaled.jpg'><img fetchpriority=\"high\" decoding=\"async\" width=\"1152\" height=\"1536\" src=\"https:\/\/atauni.edu.tr\/eczacilik-fakultesi\/wp-content\/uploads\/sites\/58\/2020\/07\/ecz-1152x1536.jpg\" class=\"attachment-1536x1536 size-1536x1536\" alt=\"\" srcset=\"https:\/\/atauni.edu.tr\/eczacilik-fakultesi\/wp-content\/uploads\/sites\/58\/2020\/07\/ecz-1152x1536.jpg 1152w, https:\/\/atauni.edu.tr\/eczacilik-fakultesi\/wp-content\/uploads\/sites\/58\/2020\/07\/ecz-225x300.jpg 225w, https:\/\/atauni.edu.tr\/eczacilik-fakultesi\/wp-content\/uploads\/sites\/58\/2020\/07\/ecz-768x1024.jpg 768w, https:\/\/atauni.edu.tr\/eczacilik-fakultesi\/wp-content\/uploads\/sites\/58\/2020\/07\/ecz-1536x2048.jpg 1536w, https:\/\/atauni.edu.tr\/eczacilik-fakultesi\/wp-content\/uploads\/sites\/58\/2020\/07\/ecz-450x600.jpg 450w, https:\/\/atauni.edu.tr\/eczacilik-fakultesi\/wp-content\/uploads\/sites\/58\/2020\/07\/ecz-420x560.jpg 420w, https:\/\/atauni.edu.tr\/eczacilik-fakultesi\/wp-content\/uploads\/sites\/58\/2020\/07\/ecz-scaled.jpg 1920w\" sizes=\"(max-width: 1152px) 100vw, 1152px\" \/><\/a>\n\t\t\t<\/dt><\/dl><dl class='gallery-item'>\n\t\t\t<dt class='gallery-icon portrait'>\n\t\t\t\t<a data-elementor-open-lightbox=\"yes\" data-elementor-lightbox-slideshow=\"f93768c\" data-elementor-lightbox-title=\"eczane-mustafa\" data-e-action-hash=\"#elementor-action%3Aaction%3Dlightbox%26settings%3DeyJpZCI6ODA4NCwidXJsIjoiaHR0cHM6XC9cL2F0YXVuaS5lZHUudHJcL2VjemFjaWxpay1mYWt1bHRlc2lcL3dwLWNvbnRlbnRcL3VwbG9hZHNcL3NpdGVzXC81OFwvMjAyMFwvMDdcL2VjemFuZS1tdXN0YWZhLmpwZyIsInNsaWRlc2hvdyI6ImY5Mzc2OGMifQ%3D%3D\" href='https:\/\/atauni.edu.tr\/eczacilik-fakultesi\/wp-content\/uploads\/sites\/58\/2020\/07\/eczane-mustafa.jpg'><img decoding=\"async\" width=\"750\" height=\"1065\" src=\"https:\/\/atauni.edu.tr\/eczacilik-fakultesi\/wp-content\/uploads\/sites\/58\/2020\/07\/eczane-mustafa.jpg\" class=\"attachment-1536x1536 size-1536x1536\" alt=\"\" srcset=\"https:\/\/atauni.edu.tr\/eczacilik-fakultesi\/wp-content\/uploads\/sites\/58\/2020\/07\/eczane-mustafa.jpg 750w, https:\/\/atauni.edu.tr\/eczacilik-fakultesi\/wp-content\/uploads\/sites\/58\/2020\/07\/eczane-mustafa-211x300.jpg 211w, https:\/\/atauni.edu.tr\/eczacilik-fakultesi\/wp-content\/uploads\/sites\/58\/2020\/07\/eczane-mustafa-721x1024.jpg 721w, https:\/\/atauni.edu.tr\/eczacilik-fakultesi\/wp-content\/uploads\/sites\/58\/2020\/07\/eczane-mustafa-423x600.jpg 423w, https:\/\/atauni.edu.tr\/eczacilik-fakultesi\/wp-content\/uploads\/sites\/58\/2020\/07\/eczane-mustafa-394x560.jpg 394w\" sizes=\"(max-width: 750px) 100vw, 750px\" \/><\/a>\n\t\t\t<\/dt><\/dl><br style=\"clear: both\" \/>\n\t\t<\/div>\n\t\t<\/div>\n\t\t\t\t\t\t<\/div>\n\t\t\t\t<\/div>\n\t\t\t\t\t<\/div>\n\t\t<\/div>\n\t\t\t\t\t<\/div>\n\t\t<\/section>\n\t\t\t\t<\/div>\n\t\t","protected":false},"excerpt":{"rendered":"<p>18 May\u0131s 2017 tarihinde Eczane Ko\u00e7u Mustafa \u00d6ZASLAN tarf\u0131ndan \u00f6\u011frencilerimize eczaneler ile ilgili bir konferans verdi. #gallery-1 { margin: auto; } #gallery-1 .gallery-item { float: left; margin-top: 10px; text-align: center; width: 50%; } #gallery-1 img { border: 2px solid #cfcfcf; } #gallery-1 .gallery-caption { margin-left: 0; } \/* see gallery_shortcode() in wp-includes\/media.php *\/<\/p>\n","protected":false},"author":47,"featured_media":0,"parent":0,"menu_order":0,"comment_status":"closed","ping_status":"closed","template":"","meta":{"footnotes":""},"class_list":["post-8081","page","type-page","status-publish","hentry"],"_links":{"self":[{"href":"https:\/\/atauni.edu.tr\/eczacilik-fakultesi\/wp-json\/wp\/v2\/pages\/8081","targetHints":{"allow":["GET"]}}],"collection":[{"href":"https:\/\/atauni.edu.tr\/eczacilik-fakultesi\/wp-json\/wp\/v2\/pages"}],"about":[{"href":"https:\/\/atauni.edu.tr\/eczacilik-fakultesi\/wp-json\/wp\/v2\/types\/page"}],"author":[{"embeddable":true,"href":"https:\/\/atauni.edu.tr\/eczacilik-fakultesi\/wp-json\/wp\/v2\/users\/47"}],"replies":[{"embeddable":true,"href":"https:\/\/atauni.edu.tr\/eczacilik-fakultesi\/wp-json\/wp\/v2\/comments?post=8081"}],"version-history":[{"count":4,"href":"https:\/\/atauni.edu.tr\/eczacilik-fakultesi\/wp-json\/wp\/v2\/pages\/8081\/revisions"}],"predecessor-version":[{"id":8090,"href":"https:\/\/atauni.edu.tr\/eczacilik-fakultesi\/wp-json\/wp\/v2\/pages\/8081\/revisions\/8090"}],"wp:attachment":[{"href":"https:\/\/atauni.edu.tr\/eczacilik-fakultesi\/wp-json\/wp\/v2\/media?parent=8081"}],"curies":[{"name":"wp","href":"https:\/\/api.w.org\/{rel}","templated":true}]}}