{"id":8134,"date":"2021-10-27T15:48:22","date_gmt":"2021-10-27T12:48:22","guid":{"rendered":"http:\/\/birimler.atauni.edu.tr\/eczacilik-fakultesi\/?page_id=8134"},"modified":"2021-10-27T15:59:33","modified_gmt":"2021-10-27T12:59:33","slug":"14-ulusal-hasta-bilgilendirme-yarismasi","status":"publish","type":"page","link":"https:\/\/atauni.edu.tr\/eczacilik-fakultesi\/14-ulusal-hasta-bilgilendirme-yarismasi\/","title":{"rendered":"14. Ulusal Hasta Bilgilendirme Yar\u0131\u015fmas\u0131"},"content":{"rendered":"\t\t<div data-elementor-type=\"wp-page\" data-elementor-id=\"8134\" class=\"elementor elementor-8134\" data-elementor-post-type=\"page\">\n\t\t\t\t\t\t<section class=\"elementor-section elementor-top-section elementor-element elementor-element-4402b8f elementor-section-boxed elementor-section-height-default elementor-section-height-default\" data-id=\"4402b8f\" data-element_type=\"section\">\n\t\t\t\t\t\t<div class=\"elementor-container elementor-column-gap-default\">\n\t\t\t\t\t<div class=\"elementor-column elementor-col-100 elementor-top-column elementor-element elementor-element-6b286c9\" data-id=\"6b286c9\" data-element_type=\"column\">\n\t\t\t<div class=\"elementor-widget-wrap elementor-element-populated\">\n\t\t\t\t\t\t<div class=\"elementor-element elementor-element-273d6c1 elementor-widget elementor-widget-text-editor\" data-id=\"273d6c1\" data-element_type=\"widget\" data-widget_type=\"text-editor.default\">\n\t\t\t\t<div class=\"elementor-widget-container\">\n\t\t\t\t\t\t\t\t\t<h5>Ankara Eczac\u0131 Odas\u0131 Gen\u00e7lik Komisyonutaraf\u0131ndan bu y\u0131l 14.si d\u00fczenlenen Ulusal Hasta Bilgilendirme Yar\u0131\u015fmas\u0131\u2019na fak\u00fcltemiz \u00f6\u011frencilerinden Merve ALOSMANO\u011eLU kat\u0131ld\u0131.\u00a0<\/h5>\t\t\t\t\t\t\t\t<\/div>\n\t\t\t\t<\/div>\n\t\t\t\t\t<\/div>\n\t\t<\/div>\n\t\t\t\t\t<\/div>\n\t\t<\/section>\n\t\t\t\t<\/div>\n\t\t","protected":false},"excerpt":{"rendered":"<p>Ankara Eczac\u0131 Odas\u0131 Gen\u00e7lik Komisyonutaraf\u0131ndan bu y\u0131l 14.si d\u00fczenlenen Ulusal Hasta Bilgilendirme Yar\u0131\u015fmas\u0131\u2019na fak\u00fcltemiz \u00f6\u011frencilerinden Merve ALOSMANO\u011eLU kat\u0131ld\u0131.\u00a0<\/p>\n","protected":false},"author":47,"featured_media":0,"parent":0,"menu_order":0,"comment_status":"closed","ping_status":"closed","template":"","meta":{"footnotes":""},"class_list":["post-8134","page","type-page","status-publish","hentry"],"_links":{"self":[{"href":"https:\/\/atauni.edu.tr\/eczacilik-fakultesi\/wp-json\/wp\/v2\/pages\/8134","targetHints":{"allow":["GET"]}}],"collection":[{"href":"https:\/\/atauni.edu.tr\/eczacilik-fakultesi\/wp-json\/wp\/v2\/pages"}],"about":[{"href":"https:\/\/atauni.edu.tr\/eczacilik-fakultesi\/wp-json\/wp\/v2\/types\/page"}],"author":[{"embeddable":true,"href":"https:\/\/atauni.edu.tr\/eczacilik-fakultesi\/wp-json\/wp\/v2\/users\/47"}],"replies":[{"embeddable":true,"href":"https:\/\/atauni.edu.tr\/eczacilik-fakultesi\/wp-json\/wp\/v2\/comments?post=8134"}],"version-history":[{"count":4,"href":"https:\/\/atauni.edu.tr\/eczacilik-fakultesi\/wp-json\/wp\/v2\/pages\/8134\/revisions"}],"predecessor-version":[{"id":8177,"href":"https:\/\/atauni.edu.tr\/eczacilik-fakultesi\/wp-json\/wp\/v2\/pages\/8134\/revisions\/8177"}],"wp:attachment":[{"href":"https:\/\/atauni.edu.tr\/eczacilik-fakultesi\/wp-json\/wp\/v2\/media?parent=8134"}],"curies":[{"name":"wp","href":"https:\/\/api.w.org\/{rel}","templated":true}]}}