{"id":8163,"date":"2021-10-27T15:58:49","date_gmt":"2021-10-27T12:58:49","guid":{"rendered":"http:\/\/birimler.atauni.edu.tr\/eczacilik-fakultesi\/?page_id=8163"},"modified":"2021-10-27T16:43:36","modified_gmt":"2021-10-27T13:43:36","slug":"fakultemiz-yuksek-puanla-kazanan-ogrenci-odullendirmesi","status":"publish","type":"page","link":"https:\/\/atauni.edu.tr\/eczacilik-fakultesi\/fakultemiz-yuksek-puanla-kazanan-ogrenci-odullendirmesi\/","title":{"rendered":"Fak\u00fcltemiz Y\u00fcksek Puanla Kazanan \u00d6\u011frenci \u00d6d\u00fcllendirmesi"},"content":{"rendered":"\t\t<div data-elementor-type=\"wp-page\" data-elementor-id=\"8163\" class=\"elementor elementor-8163\" data-elementor-post-type=\"page\">\n\t\t\t\t\t\t<section class=\"elementor-section elementor-top-section elementor-element elementor-element-5fe9271 elementor-section-boxed elementor-section-height-default elementor-section-height-default\" data-id=\"5fe9271\" data-element_type=\"section\">\n\t\t\t\t\t\t<div class=\"elementor-container elementor-column-gap-default\">\n\t\t\t\t\t<div class=\"elementor-column elementor-col-100 elementor-top-column elementor-element elementor-element-967a799\" data-id=\"967a799\" data-element_type=\"column\">\n\t\t\t<div class=\"elementor-widget-wrap elementor-element-populated\">\n\t\t\t\t\t\t<div class=\"elementor-element elementor-element-b60e28f elementor-widget elementor-widget-text-editor\" data-id=\"b60e28f\" data-element_type=\"widget\" data-widget_type=\"text-editor.default\">\n\t\t\t\t<div class=\"elementor-widget-container\">\n\t\t\t\t\t\t\t\t\t<div class=\"col-md-12 media content p-0\"><div class=\"text sans servis-hedef\">\u00dcniversitemiz Fak\u00fcltelerine y\u00fcksek puanla giren \u00f6\u011frenciler i\u00e7in 4 Ocak 2018 tarihinde \u00f6d\u00fcl t\u00f6reni d\u00fczenlendi. Rekt\u00f6r\u00fcm\u00fcz Prof. Dr. \u00d6mer \u00c7OMAKLI taraf\u0131ndan \u00a0\u00f6d\u00fclleri takdim edildi. Eczac\u0131l\u0131k Fak\u00fcltesini 437,800 MF3 puan\u0131 ile kazanan Feyza Burul da \u00f6d\u00fcl\u00fcn\u00fc ald\u0131.\u00a0<\/div><\/div><p>\u00a0<\/p><div class=\"col-xs-12 media images\"><div class=\"top-content mb-4\"><div class=\"container-fluid p-0\"><div id=\"carousel-medya\" class=\"carousel slide\" data-ride=\"carousel\" data-interval=\"3000\"><div class=\"carousel-inner row w-100 mx-auto\" role=\"listbox\"><div class=\"carousel-item col-12 col-sm-6 col-md-3 col-lg-3 active\">\u00a0<\/div><div class=\"carousel-item col-12 col-sm-6 col-md-3 col-lg-3\"><a class=\"fancybox\" href=\"https:\/\/atauni.edu.tr\/yuklemeler\/4d52ce82b7e7a333dc6c97556b5ae1b0.JPG\" rel=\"group\"><img decoding=\"async\" class=\"img-fluid mx-auto d-block\" src=\"https:\/\/atauni.edu.tr\/resizer.php?h=110&amp;zc=1&amp;src=\/yuklemeler\/4d52ce82b7e7a333dc6c97556b5ae1b0.JPG\" \/><\/a><\/div><div class=\"carousel-item col-12 col-sm-6 col-md-3 col-lg-3\">\u00a0<\/div><\/div><\/div><\/div><\/div><\/div>\t\t\t\t\t\t\t\t<\/div>\n\t\t\t\t<\/div>\n\t\t\t\t\t<\/div>\n\t\t<\/div>\n\t\t\t\t\t<\/div>\n\t\t<\/section>\n\t\t\t\t<section class=\"elementor-section elementor-top-section elementor-element elementor-element-5494344 elementor-section-boxed elementor-section-height-default elementor-section-height-default\" data-id=\"5494344\" data-element_type=\"section\">\n\t\t\t\t\t\t<div class=\"elementor-container elementor-column-gap-default\">\n\t\t\t\t\t<div class=\"elementor-column elementor-col-100 elementor-top-column elementor-element elementor-element-e5432b1\" data-id=\"e5432b1\" data-element_type=\"column\">\n\t\t\t<div class=\"elementor-widget-wrap elementor-element-populated\">\n\t\t\t\t\t\t<div class=\"elementor-element elementor-element-54492dc elementor-arrows-position-inside elementor-pagination-position-outside elementor-widget elementor-widget-image-carousel\" data-id=\"54492dc\" data-element_type=\"widget\" data-settings=\"{&quot;navigation&quot;:&quot;both&quot;,&quot;autoplay&quot;:&quot;yes&quot;,&quot;pause_on_hover&quot;:&quot;yes&quot;,&quot;pause_on_interaction&quot;:&quot;yes&quot;,&quot;autoplay_speed&quot;:5000,&quot;infinite&quot;:&quot;yes&quot;,&quot;speed&quot;:500}\" data-widget_type=\"image-carousel.default\">\n\t\t\t\t<div class=\"elementor-widget-container\">\n\t\t\t\t\t\t\t<div class=\"elementor-image-carousel-wrapper swiper\" role=\"region\" aria-roledescription=\"carousel\" aria-label=\"Resim D\u00f6ng\u00fcs\u00fc\" dir=\"ltr\">\n\t\t\t<div class=\"elementor-image-carousel swiper-wrapper\" aria-live=\"off\">\n\t\t\t\t\t\t\t\t<div class=\"swiper-slide\" role=\"group\" aria-roledescription=\"slide\" aria-label=\"1 \/ 3\"><figure class=\"swiper-slide-inner\"><img decoding=\"async\" class=\"swiper-slide-image\" src=\"https:\/\/atauni.edu.tr\/eczacilik-fakultesi\/wp-content\/uploads\/sites\/58\/2020\/07\/MiConv.com__8c6cdd9c34def2a6efed1a59a18c0b11-1-1-150x150.jpg\" alt=\"MiConv.com__8c6cdd9c34def2a6efed1a59a18c0b11 (1) (1)\" \/><\/figure><\/div><div class=\"swiper-slide\" role=\"group\" aria-roledescription=\"slide\" aria-label=\"2 \/ 3\"><figure class=\"swiper-slide-inner\"><img decoding=\"async\" class=\"swiper-slide-image\" src=\"https:\/\/atauni.edu.tr\/eczacilik-fakultesi\/wp-content\/uploads\/sites\/58\/2020\/07\/MiConv.com__8b8027c44d92705569a35890fab3a289-1-150x150.jpg\" alt=\"MiConv.com__8b8027c44d92705569a35890fab3a289 (1)\" \/><\/figure><\/div><div class=\"swiper-slide\" role=\"group\" aria-roledescription=\"slide\" aria-label=\"3 \/ 3\"><figure class=\"swiper-slide-inner\"><img decoding=\"async\" class=\"swiper-slide-image\" src=\"https:\/\/atauni.edu.tr\/eczacilik-fakultesi\/wp-content\/uploads\/sites\/58\/2020\/07\/MiConv.com__b700a4f999081b91ba3daf56b0a83779-1-1-150x150.jpg\" alt=\"MiConv.com__b700a4f999081b91ba3daf56b0a83779 (1) (1)\" \/><\/figure><\/div>\t\t\t<\/div>\n\t\t\t\t\t\t\t\t\t\t\t\t<div class=\"elementor-swiper-button elementor-swiper-button-prev\" role=\"button\" tabindex=\"0\">\n\t\t\t\t\t\t<i aria-hidden=\"true\" class=\"eicon-chevron-left\"><\/i>\t\t\t\t\t<\/div>\n\t\t\t\t\t<div class=\"elementor-swiper-button elementor-swiper-button-next\" role=\"button\" tabindex=\"0\">\n\t\t\t\t\t\t<i aria-hidden=\"true\" class=\"eicon-chevron-right\"><\/i>\t\t\t\t\t<\/div>\n\t\t\t\t\n\t\t\t\t\t\t\t\t\t<div class=\"swiper-pagination\"><\/div>\n\t\t\t\t\t\t\t\t\t<\/div>\n\t\t\t\t\t\t<\/div>\n\t\t\t\t<\/div>\n\t\t\t\t\t<\/div>\n\t\t<\/div>\n\t\t\t\t\t<\/div>\n\t\t<\/section>\n\t\t\t\t<\/div>\n\t\t","protected":false},"excerpt":{"rendered":"<p>\u00dcniversitemiz Fak\u00fcltelerine y\u00fcksek puanla giren \u00f6\u011frenciler i\u00e7in 4 Ocak 2018 tarihinde \u00f6d\u00fcl t\u00f6reni d\u00fczenlendi. Rekt\u00f6r\u00fcm\u00fcz Prof. Dr. \u00d6mer \u00c7OMAKLI taraf\u0131ndan \u00a0\u00f6d\u00fclleri takdim edildi. Eczac\u0131l\u0131k Fak\u00fcltesini 437,800 MF3 puan\u0131 ile kazanan Feyza Burul da \u00f6d\u00fcl\u00fcn\u00fc ald\u0131.\u00a0 \u00a0 \u00a0\u00a0 \u00d6nceki Sonraki<\/p>\n","protected":false},"author":47,"featured_media":0,"parent":0,"menu_order":0,"comment_status":"closed","ping_status":"closed","template":"","meta":{"footnotes":""},"class_list":["post-8163","page","type-page","status-publish","hentry"],"_links":{"self":[{"href":"https:\/\/atauni.edu.tr\/eczacilik-fakultesi\/wp-json\/wp\/v2\/pages\/8163","targetHints":{"allow":["GET"]}}],"collection":[{"href":"https:\/\/atauni.edu.tr\/eczacilik-fakultesi\/wp-json\/wp\/v2\/pages"}],"about":[{"href":"https:\/\/atauni.edu.tr\/eczacilik-fakultesi\/wp-json\/wp\/v2\/types\/page"}],"author":[{"embeddable":true,"href":"https:\/\/atauni.edu.tr\/eczacilik-fakultesi\/wp-json\/wp\/v2\/users\/47"}],"replies":[{"embeddable":true,"href":"https:\/\/atauni.edu.tr\/eczacilik-fakultesi\/wp-json\/wp\/v2\/comments?post=8163"}],"version-history":[{"count":7,"href":"https:\/\/atauni.edu.tr\/eczacilik-fakultesi\/wp-json\/wp\/v2\/pages\/8163\/revisions"}],"predecessor-version":[{"id":8476,"href":"https:\/\/atauni.edu.tr\/eczacilik-fakultesi\/wp-json\/wp\/v2\/pages\/8163\/revisions\/8476"}],"wp:attachment":[{"href":"https:\/\/atauni.edu.tr\/eczacilik-fakultesi\/wp-json\/wp\/v2\/media?parent=8163"}],"curies":[{"name":"wp","href":"https:\/\/api.w.org\/{rel}","templated":true}]}}