{"id":8209,"date":"2021-10-27T16:06:45","date_gmt":"2021-10-27T13:06:45","guid":{"rendered":"http:\/\/birimler.atauni.edu.tr\/eczacilik-fakultesi\/?page_id=8209"},"modified":"2021-10-27T16:07:32","modified_gmt":"2021-10-27T13:07:32","slug":"bensersiz-film-gosterimi","status":"publish","type":"page","link":"https:\/\/atauni.edu.tr\/eczacilik-fakultesi\/bensersiz-film-gosterimi\/","title":{"rendered":"Bensersiz Film G\u00f6sterimi"},"content":{"rendered":"\t\t<div data-elementor-type=\"wp-page\" data-elementor-id=\"8209\" class=\"elementor elementor-8209\" data-elementor-post-type=\"page\">\n\t\t\t\t\t\t<section class=\"elementor-section elementor-top-section elementor-element elementor-element-2ef969f elementor-section-boxed elementor-section-height-default elementor-section-height-default\" data-id=\"2ef969f\" data-element_type=\"section\">\n\t\t\t\t\t\t<div class=\"elementor-container elementor-column-gap-default\">\n\t\t\t\t\t<div class=\"elementor-column elementor-col-100 elementor-top-column elementor-element elementor-element-e5ef981\" data-id=\"e5ef981\" data-element_type=\"column\">\n\t\t\t<div class=\"elementor-widget-wrap elementor-element-populated\">\n\t\t\t\t\t\t<div class=\"elementor-element elementor-element-2702706 elementor-widget elementor-widget-text-editor\" data-id=\"2702706\" data-element_type=\"widget\" data-widget_type=\"text-editor.default\">\n\t\t\t\t<div class=\"elementor-widget-container\">\n\t\t\t\t\t\t\t\t\t<p>Benzersiz Filmi g\u00f6sterisi ve y\u00f6netmenle s\u00f6yle\u015fi yap\u0131ld\u0131.<br \/>Ba\u015frol\u00fcnde Cemal H\u00fcnal&#8217;\u0131n yer ald\u0131\u011f\u0131 filmin kadrosunda Ekin T\u00fcrkmen, Ruhi Sar\u0131, Ebru Sar\u0131ta\u015f, Selahattin Ta\u015fd\u00f6\u011fen, Yakup Yavru, Murat Parasayar, Haldun Boysan ve Nil\u00fcfer Aydan da oyuncular aras\u0131nda. Filmin y\u00f6netmenli\u011fini, senarsitli\u011fini ve yap\u0131mc\u0131l\u0131\u011f\u0131n\u0131 \u0130lker Sar\u0131 \u00fcstleniyor.\u00a0<br \/><strong>Konusu:\u00a0<\/strong>Kendi halinde bir eczac\u0131 olan bir adam, bir gece n\u00f6bet tutarken ba\u015f\u0131na talihsiz bir kaza gelir. Bu kazadan sonra a\u011f\u0131r bir ameliyat ge\u00e7irir ve g\u00f6z\u00fcn\u00fc farkl\u0131 biri olarak a\u00e7ar. Bu s\u00fcre\u00e7 sonras\u0131 ger\u00e7ek benli\u011fini sorgulamaya ve hakikatin pe\u015finde kendini aramaya ba\u015flar. Ancak bu s\u00fcre\u00e7 hem onun i\u00e7in hem de \u00e7evresindekiler i\u00e7in olduk\u00e7a zorlu ge\u00e7ecektir&#8230;<\/p>\t\t\t\t\t\t\t\t<\/div>\n\t\t\t\t<\/div>\n\t\t\t\t<div class=\"elementor-element elementor-element-b2e554f elementor-widget elementor-widget-image\" data-id=\"b2e554f\" data-element_type=\"widget\" data-widget_type=\"image.default\">\n\t\t\t\t<div class=\"elementor-widget-container\">\n\t\t\t\t\t\t\t\t\t\t\t\t\t\t\t<img fetchpriority=\"high\" decoding=\"async\" width=\"1024\" height=\"683\" src=\"https:\/\/atauni.edu.tr\/eczacilik-fakultesi\/wp-content\/uploads\/sites\/58\/2021\/10\/2017-bensersiz-1024x683.jpg\" class=\"attachment-large size-large wp-image-8211\" alt=\"\" srcset=\"https:\/\/atauni.edu.tr\/eczacilik-fakultesi\/wp-content\/uploads\/sites\/58\/2021\/10\/2017-bensersiz-1024x683.jpg 1024w, https:\/\/atauni.edu.tr\/eczacilik-fakultesi\/wp-content\/uploads\/sites\/58\/2021\/10\/2017-bensersiz-300x200.jpg 300w, https:\/\/atauni.edu.tr\/eczacilik-fakultesi\/wp-content\/uploads\/sites\/58\/2021\/10\/2017-bensersiz-768x512.jpg 768w, https:\/\/atauni.edu.tr\/eczacilik-fakultesi\/wp-content\/uploads\/sites\/58\/2021\/10\/2017-bensersiz-600x400.jpg 600w, https:\/\/atauni.edu.tr\/eczacilik-fakultesi\/wp-content\/uploads\/sites\/58\/2021\/10\/2017-bensersiz-560x373.jpg 560w, https:\/\/atauni.edu.tr\/eczacilik-fakultesi\/wp-content\/uploads\/sites\/58\/2021\/10\/2017-bensersiz.jpg 1534w\" sizes=\"(max-width: 1024px) 100vw, 1024px\" \/>\t\t\t\t\t\t\t\t\t\t\t\t\t\t\t<\/div>\n\t\t\t\t<\/div>\n\t\t\t\t\t<\/div>\n\t\t<\/div>\n\t\t\t\t\t<\/div>\n\t\t<\/section>\n\t\t\t\t<\/div>\n\t\t","protected":false},"excerpt":{"rendered":"<p>Benzersiz Filmi g\u00f6sterisi ve y\u00f6netmenle s\u00f6yle\u015fi yap\u0131ld\u0131.Ba\u015frol\u00fcnde Cemal H\u00fcnal&#8217;\u0131n yer ald\u0131\u011f\u0131 filmin kadrosunda Ekin T\u00fcrkmen, Ruhi Sar\u0131, Ebru Sar\u0131ta\u015f, Selahattin Ta\u015fd\u00f6\u011fen, Yakup Yavru, Murat Parasayar, Haldun Boysan ve Nil\u00fcfer Aydan da oyuncular aras\u0131nda. Filmin y\u00f6netmenli\u011fini, senarsitli\u011fini ve yap\u0131mc\u0131l\u0131\u011f\u0131n\u0131 \u0130lker Sar\u0131 \u00fcstleniyor.\u00a0Konusu:\u00a0Kendi halinde bir eczac\u0131 olan bir adam, bir gece n\u00f6bet tutarken ba\u015f\u0131na talihsiz bir kaza [&hellip;]<\/p>\n","protected":false},"author":47,"featured_media":0,"parent":0,"menu_order":0,"comment_status":"closed","ping_status":"closed","template":"","meta":{"footnotes":""},"class_list":["post-8209","page","type-page","status-publish","hentry"],"_links":{"self":[{"href":"https:\/\/atauni.edu.tr\/eczacilik-fakultesi\/wp-json\/wp\/v2\/pages\/8209","targetHints":{"allow":["GET"]}}],"collection":[{"href":"https:\/\/atauni.edu.tr\/eczacilik-fakultesi\/wp-json\/wp\/v2\/pages"}],"about":[{"href":"https:\/\/atauni.edu.tr\/eczacilik-fakultesi\/wp-json\/wp\/v2\/types\/page"}],"author":[{"embeddable":true,"href":"https:\/\/atauni.edu.tr\/eczacilik-fakultesi\/wp-json\/wp\/v2\/users\/47"}],"replies":[{"embeddable":true,"href":"https:\/\/atauni.edu.tr\/eczacilik-fakultesi\/wp-json\/wp\/v2\/comments?post=8209"}],"version-history":[{"count":4,"href":"https:\/\/atauni.edu.tr\/eczacilik-fakultesi\/wp-json\/wp\/v2\/pages\/8209\/revisions"}],"predecessor-version":[{"id":8214,"href":"https:\/\/atauni.edu.tr\/eczacilik-fakultesi\/wp-json\/wp\/v2\/pages\/8209\/revisions\/8214"}],"wp:attachment":[{"href":"https:\/\/atauni.edu.tr\/eczacilik-fakultesi\/wp-json\/wp\/v2\/media?parent=8209"}],"curies":[{"name":"wp","href":"https:\/\/api.w.org\/{rel}","templated":true}]}}