{"id":8225,"date":"2021-10-27T16:09:40","date_gmt":"2021-10-27T13:09:40","guid":{"rendered":"http:\/\/birimler.atauni.edu.tr\/eczacilik-fakultesi\/?page_id=8225"},"modified":"2021-10-27T16:11:16","modified_gmt":"2021-10-27T13:11:16","slug":"kariyer-gunleri-basliyor","status":"publish","type":"page","link":"https:\/\/atauni.edu.tr\/eczacilik-fakultesi\/kariyer-gunleri-basliyor\/","title":{"rendered":"Kariyer G\u00fcnleri Ba\u015fl\u0131yor&#8230;"},"content":{"rendered":"\t\t<div data-elementor-type=\"wp-page\" data-elementor-id=\"8225\" class=\"elementor elementor-8225\" data-elementor-post-type=\"page\">\n\t\t\t\t\t\t<section class=\"elementor-section elementor-top-section elementor-element elementor-element-ee727fc elementor-section-boxed elementor-section-height-default elementor-section-height-default\" data-id=\"ee727fc\" data-element_type=\"section\">\n\t\t\t\t\t\t<div class=\"elementor-container elementor-column-gap-default\">\n\t\t\t\t\t<div class=\"elementor-column elementor-col-100 elementor-top-column elementor-element elementor-element-803f1bb\" data-id=\"803f1bb\" data-element_type=\"column\">\n\t\t\t<div class=\"elementor-widget-wrap elementor-element-populated\">\n\t\t\t\t\t\t<div class=\"elementor-element elementor-element-bee029a elementor-widget elementor-widget-text-editor\" data-id=\"bee029a\" data-element_type=\"widget\" data-widget_type=\"text-editor.default\">\n\t\t\t\t<div class=\"elementor-widget-container\">\n\t\t\t\t\t\t\t\t\t<p>Fak\u00fcltemizde \u00f6\u011frencilere kariyer planlamalar\u0131nda yard\u0131mc\u0131 olabilmek i\u00e7in Kariyer G\u00fcnleri isimli bir program ba\u015fl\u0131yor. Program\u0131n ilk davetli konu\u015fmac\u0131s\u0131 T\u00fcrkiye \u0130la\u00e7 ve T\u0131bbi Cihaz Ba\u015fkan\u0131 Dr. Hakk\u0131 G\u00fcrs\u00f6z olacakt\u0131r.\u00a0<\/p>\t\t\t\t\t\t\t\t<\/div>\n\t\t\t\t<\/div>\n\t\t\t\t\t<\/div>\n\t\t<\/div>\n\t\t\t\t\t<\/div>\n\t\t<\/section>\n\t\t\t\t<section class=\"elementor-section elementor-top-section elementor-element elementor-element-c02bca8 elementor-section-boxed elementor-section-height-default elementor-section-height-default\" data-id=\"c02bca8\" data-element_type=\"section\">\n\t\t\t\t\t\t<div class=\"elementor-container elementor-column-gap-default\">\n\t\t\t\t\t<div class=\"elementor-column elementor-col-100 elementor-top-column elementor-element elementor-element-2f36d76\" data-id=\"2f36d76\" data-element_type=\"column\">\n\t\t\t<div class=\"elementor-widget-wrap elementor-element-populated\">\n\t\t\t\t\t\t<div class=\"elementor-element elementor-element-4e469b4 elementor-widget elementor-widget-image\" data-id=\"4e469b4\" data-element_type=\"widget\" data-widget_type=\"image.default\">\n\t\t\t\t<div class=\"elementor-widget-container\">\n\t\t\t\t\t\t\t\t\t\t\t\t\t\t\t<img fetchpriority=\"high\" decoding=\"async\" width=\"768\" height=\"1024\" src=\"https:\/\/atauni.edu.tr\/eczacilik-fakultesi\/wp-content\/uploads\/sites\/58\/2021\/10\/efbcb87b3e84dd39398c8b6073463e4c-768x1024.jpg\" class=\"attachment-large size-large wp-image-8245\" alt=\"\" srcset=\"https:\/\/atauni.edu.tr\/eczacilik-fakultesi\/wp-content\/uploads\/sites\/58\/2021\/10\/efbcb87b3e84dd39398c8b6073463e4c-768x1024.jpg 768w, https:\/\/atauni.edu.tr\/eczacilik-fakultesi\/wp-content\/uploads\/sites\/58\/2021\/10\/efbcb87b3e84dd39398c8b6073463e4c-225x300.jpg 225w, https:\/\/atauni.edu.tr\/eczacilik-fakultesi\/wp-content\/uploads\/sites\/58\/2021\/10\/efbcb87b3e84dd39398c8b6073463e4c-450x600.jpg 450w, https:\/\/atauni.edu.tr\/eczacilik-fakultesi\/wp-content\/uploads\/sites\/58\/2021\/10\/efbcb87b3e84dd39398c8b6073463e4c-420x560.jpg 420w, https:\/\/atauni.edu.tr\/eczacilik-fakultesi\/wp-content\/uploads\/sites\/58\/2021\/10\/efbcb87b3e84dd39398c8b6073463e4c.jpg 1008w\" sizes=\"(max-width: 768px) 100vw, 768px\" \/>\t\t\t\t\t\t\t\t\t\t\t\t\t\t\t<\/div>\n\t\t\t\t<\/div>\n\t\t\t\t\t<\/div>\n\t\t<\/div>\n\t\t\t\t\t<\/div>\n\t\t<\/section>\n\t\t\t\t<\/div>\n\t\t","protected":false},"excerpt":{"rendered":"<p>Fak\u00fcltemizde \u00f6\u011frencilere kariyer planlamalar\u0131nda yard\u0131mc\u0131 olabilmek i\u00e7in Kariyer G\u00fcnleri isimli bir program ba\u015fl\u0131yor. Program\u0131n ilk davetli konu\u015fmac\u0131s\u0131 T\u00fcrkiye \u0130la\u00e7 ve T\u0131bbi Cihaz Ba\u015fkan\u0131 Dr. Hakk\u0131 G\u00fcrs\u00f6z olacakt\u0131r.\u00a0<\/p>\n","protected":false},"author":47,"featured_media":0,"parent":0,"menu_order":0,"comment_status":"closed","ping_status":"closed","template":"","meta":{"footnotes":""},"class_list":["post-8225","page","type-page","status-publish","hentry"],"_links":{"self":[{"href":"https:\/\/atauni.edu.tr\/eczacilik-fakultesi\/wp-json\/wp\/v2\/pages\/8225","targetHints":{"allow":["GET"]}}],"collection":[{"href":"https:\/\/atauni.edu.tr\/eczacilik-fakultesi\/wp-json\/wp\/v2\/pages"}],"about":[{"href":"https:\/\/atauni.edu.tr\/eczacilik-fakultesi\/wp-json\/wp\/v2\/types\/page"}],"author":[{"embeddable":true,"href":"https:\/\/atauni.edu.tr\/eczacilik-fakultesi\/wp-json\/wp\/v2\/users\/47"}],"replies":[{"embeddable":true,"href":"https:\/\/atauni.edu.tr\/eczacilik-fakultesi\/wp-json\/wp\/v2\/comments?post=8225"}],"version-history":[{"count":4,"href":"https:\/\/atauni.edu.tr\/eczacilik-fakultesi\/wp-json\/wp\/v2\/pages\/8225\/revisions"}],"predecessor-version":[{"id":8252,"href":"https:\/\/atauni.edu.tr\/eczacilik-fakultesi\/wp-json\/wp\/v2\/pages\/8225\/revisions\/8252"}],"wp:attachment":[{"href":"https:\/\/atauni.edu.tr\/eczacilik-fakultesi\/wp-json\/wp\/v2\/media?parent=8225"}],"curies":[{"name":"wp","href":"https:\/\/api.w.org\/{rel}","templated":true}]}}