{"id":8305,"date":"2021-10-27T16:20:42","date_gmt":"2021-10-27T13:20:42","guid":{"rendered":"http:\/\/birimler.atauni.edu.tr\/eczacilik-fakultesi\/?page_id=8305"},"modified":"2021-10-27T16:21:01","modified_gmt":"2021-10-27T13:21:01","slug":"proje-ofisi","status":"publish","type":"page","link":"https:\/\/atauni.edu.tr\/eczacilik-fakultesi\/proje-ofisi\/","title":{"rendered":"Proje Ofisi"},"content":{"rendered":"\t\t<div data-elementor-type=\"wp-page\" data-elementor-id=\"8305\" class=\"elementor elementor-8305\" data-elementor-post-type=\"page\">\n\t\t\t\t\t\t<section class=\"elementor-section elementor-top-section elementor-element elementor-element-f518cc6 elementor-section-boxed elementor-section-height-default elementor-section-height-default\" data-id=\"f518cc6\" data-element_type=\"section\">\n\t\t\t\t\t\t<div class=\"elementor-container elementor-column-gap-default\">\n\t\t\t\t\t<div class=\"elementor-column elementor-col-100 elementor-top-column elementor-element elementor-element-50d9fb4\" data-id=\"50d9fb4\" data-element_type=\"column\">\n\t\t\t<div class=\"elementor-widget-wrap elementor-element-populated\">\n\t\t\t\t\t\t<div class=\"elementor-element elementor-element-18563b7 elementor-widget elementor-widget-text-editor\" data-id=\"18563b7\" data-element_type=\"widget\" data-widget_type=\"text-editor.default\">\n\t\t\t\t<div class=\"elementor-widget-container\">\n\t\t\t\t\t\t\t\t\t<p>Fak\u00fcltemiz \u00f6\u011fretim \u00fcyelerinin ara\u015ft\u0131rma ve geli\u015ftirme projeleri k\u00fclt\u00fcr\u00fcn\u00fcn yayg\u0131nla\u015ft\u0131r\u0131lmas\u0131 ve uzun vadede \u00fcniversitemizi, proje ba\u015far\u0131 endekslerinde \u00fcst s\u0131ralara ta\u015f\u0131nmas\u0131 amac\u0131 ile fak\u00fclte b\u00fcnyesinde Do\u00e7. Dr. Fatma DEM\u0130RKAYA M\u0130LO\u011eLU koordinat\u00f6rl\u00fc\u011f\u00fcnde 1 adet proje ofisi odas\u0131 yap\u0131ld\u0131.<\/p>\t\t\t\t\t\t\t\t<\/div>\n\t\t\t\t<\/div>\n\t\t\t\t\t<\/div>\n\t\t<\/div>\n\t\t\t\t\t<\/div>\n\t\t<\/section>\n\t\t\t\t<\/div>\n\t\t","protected":false},"excerpt":{"rendered":"<p>Fak\u00fcltemiz \u00f6\u011fretim \u00fcyelerinin ara\u015ft\u0131rma ve geli\u015ftirme projeleri k\u00fclt\u00fcr\u00fcn\u00fcn yayg\u0131nla\u015ft\u0131r\u0131lmas\u0131 ve uzun vadede \u00fcniversitemizi, proje ba\u015far\u0131 endekslerinde \u00fcst s\u0131ralara ta\u015f\u0131nmas\u0131 amac\u0131 ile fak\u00fclte b\u00fcnyesinde Do\u00e7. Dr. Fatma DEM\u0130RKAYA M\u0130LO\u011eLU koordinat\u00f6rl\u00fc\u011f\u00fcnde 1 adet proje ofisi odas\u0131 yap\u0131ld\u0131.<\/p>\n","protected":false},"author":47,"featured_media":0,"parent":0,"menu_order":0,"comment_status":"closed","ping_status":"closed","template":"","meta":{"footnotes":""},"class_list":["post-8305","page","type-page","status-publish","hentry"],"_links":{"self":[{"href":"https:\/\/atauni.edu.tr\/eczacilik-fakultesi\/wp-json\/wp\/v2\/pages\/8305","targetHints":{"allow":["GET"]}}],"collection":[{"href":"https:\/\/atauni.edu.tr\/eczacilik-fakultesi\/wp-json\/wp\/v2\/pages"}],"about":[{"href":"https:\/\/atauni.edu.tr\/eczacilik-fakultesi\/wp-json\/wp\/v2\/types\/page"}],"author":[{"embeddable":true,"href":"https:\/\/atauni.edu.tr\/eczacilik-fakultesi\/wp-json\/wp\/v2\/users\/47"}],"replies":[{"embeddable":true,"href":"https:\/\/atauni.edu.tr\/eczacilik-fakultesi\/wp-json\/wp\/v2\/comments?post=8305"}],"version-history":[{"count":4,"href":"https:\/\/atauni.edu.tr\/eczacilik-fakultesi\/wp-json\/wp\/v2\/pages\/8305\/revisions"}],"predecessor-version":[{"id":8314,"href":"https:\/\/atauni.edu.tr\/eczacilik-fakultesi\/wp-json\/wp\/v2\/pages\/8305\/revisions\/8314"}],"wp:attachment":[{"href":"https:\/\/atauni.edu.tr\/eczacilik-fakultesi\/wp-json\/wp\/v2\/media?parent=8305"}],"curies":[{"name":"wp","href":"https:\/\/api.w.org\/{rel}","templated":true}]}}