{"id":8337,"date":"2021-10-27T16:24:28","date_gmt":"2021-10-27T13:24:28","guid":{"rendered":"http:\/\/birimler.atauni.edu.tr\/eczacilik-fakultesi\/?page_id=8337"},"modified":"2021-10-27T16:25:42","modified_gmt":"2021-10-27T13:25:42","slug":"13-bolge-erzurum-eczaci-odasi-baskani-ve-yonetim-kurulu-ataturk-universitesi-eczacilik-fakultesi-dekani-sn-prof-dr-yucel-kadioglunu-ziyaret-etti","status":"publish","type":"page","link":"https:\/\/atauni.edu.tr\/eczacilik-fakultesi\/13-bolge-erzurum-eczaci-odasi-baskani-ve-yonetim-kurulu-ataturk-universitesi-eczacilik-fakultesi-dekani-sn-prof-dr-yucel-kadioglunu-ziyaret-etti\/","title":{"rendered":"13.B\u00f6lge Erzurum Eczac\u0131 Odas\u0131 Ba\u015fkan\u0131 Ve Y\u00f6netim Kurulu, Atat\u00fcrk \u00dcniversitesi Eczac\u0131l\u0131k Fak\u00fcltesi Dekan\u0131 Sn. PROF. DR. Y\u00dcCEL KADIO\u011eLU\u2019NU Z\u0130YARET ETT\u0130."},"content":{"rendered":"\t\t<div data-elementor-type=\"wp-page\" data-elementor-id=\"8337\" class=\"elementor elementor-8337\" data-elementor-post-type=\"page\">\n\t\t\t\t\t\t<section class=\"elementor-section elementor-top-section elementor-element elementor-element-4fe3a40 elementor-section-boxed elementor-section-height-default elementor-section-height-default\" data-id=\"4fe3a40\" data-element_type=\"section\">\n\t\t\t\t\t\t<div class=\"elementor-container elementor-column-gap-default\">\n\t\t\t\t\t<div class=\"elementor-column elementor-col-100 elementor-top-column elementor-element elementor-element-41c9a7a\" data-id=\"41c9a7a\" data-element_type=\"column\">\n\t\t\t<div class=\"elementor-widget-wrap elementor-element-populated\">\n\t\t\t\t\t\t<div class=\"elementor-element elementor-element-6dfcaac elementor-widget elementor-widget-text-editor\" data-id=\"6dfcaac\" data-element_type=\"widget\" data-widget_type=\"text-editor.default\">\n\t\t\t\t<div class=\"elementor-widget-container\">\n\t\t\t\t\t\t\t\t\t<p>10.09.2018 tarihinde 13. B\u00f6lge Erzurum Eczac\u0131 Odas\u0131 ba\u015fkan\u0131 ve y\u00f6netim kurulu, Atat\u00fcrk \u00dcniversitesi Eczac\u0131l\u0131k Fak\u00fcltesi Dekan\u0131 Sn. Prof. Dr. Y\u00fccel Kad\u0131o\u011flu\u2019nu ziyaret etti. Bu ziyarette 2018-2019 e\u011fitim d\u00f6neminde Eczac\u0131l\u0131k Fak\u00fcltesi \u00d6\u011fretim \u00fcyelerinin B\u00f6lge Eczac\u0131lar\u0131na, Eczac\u0131-Hasta \u0130leti\u015fimi, \u0130la\u00e7 Bilgisi, Farmakoloji ve \u0130la\u00e7lar\u0131n Toksik etkileri konular\u0131nda e\u011fitim vermeleri konusunda bilgi al\u0131\u015fveri\u015fi yap\u0131ld\u0131.<\/p>\t\t\t\t\t\t\t\t<\/div>\n\t\t\t\t<\/div>\n\t\t\t\t\t<\/div>\n\t\t<\/div>\n\t\t\t\t\t<\/div>\n\t\t<\/section>\n\t\t\t\t<\/div>\n\t\t","protected":false},"excerpt":{"rendered":"<p>10.09.2018 tarihinde 13. B\u00f6lge Erzurum Eczac\u0131 Odas\u0131 ba\u015fkan\u0131 ve y\u00f6netim kurulu, Atat\u00fcrk \u00dcniversitesi Eczac\u0131l\u0131k Fak\u00fcltesi Dekan\u0131 Sn. Prof. Dr. Y\u00fccel Kad\u0131o\u011flu\u2019nu ziyaret etti. Bu ziyarette 2018-2019 e\u011fitim d\u00f6neminde Eczac\u0131l\u0131k Fak\u00fcltesi \u00d6\u011fretim \u00fcyelerinin B\u00f6lge Eczac\u0131lar\u0131na, Eczac\u0131-Hasta \u0130leti\u015fimi, \u0130la\u00e7 Bilgisi, Farmakoloji ve \u0130la\u00e7lar\u0131n Toksik etkileri konular\u0131nda e\u011fitim vermeleri konusunda bilgi al\u0131\u015fveri\u015fi yap\u0131ld\u0131.<\/p>\n","protected":false},"author":47,"featured_media":0,"parent":0,"menu_order":0,"comment_status":"closed","ping_status":"closed","template":"","meta":{"footnotes":""},"class_list":["post-8337","page","type-page","status-publish","hentry"],"_links":{"self":[{"href":"https:\/\/atauni.edu.tr\/eczacilik-fakultesi\/wp-json\/wp\/v2\/pages\/8337","targetHints":{"allow":["GET"]}}],"collection":[{"href":"https:\/\/atauni.edu.tr\/eczacilik-fakultesi\/wp-json\/wp\/v2\/pages"}],"about":[{"href":"https:\/\/atauni.edu.tr\/eczacilik-fakultesi\/wp-json\/wp\/v2\/types\/page"}],"author":[{"embeddable":true,"href":"https:\/\/atauni.edu.tr\/eczacilik-fakultesi\/wp-json\/wp\/v2\/users\/47"}],"replies":[{"embeddable":true,"href":"https:\/\/atauni.edu.tr\/eczacilik-fakultesi\/wp-json\/wp\/v2\/comments?post=8337"}],"version-history":[{"count":3,"href":"https:\/\/atauni.edu.tr\/eczacilik-fakultesi\/wp-json\/wp\/v2\/pages\/8337\/revisions"}],"predecessor-version":[{"id":8356,"href":"https:\/\/atauni.edu.tr\/eczacilik-fakultesi\/wp-json\/wp\/v2\/pages\/8337\/revisions\/8356"}],"wp:attachment":[{"href":"https:\/\/atauni.edu.tr\/eczacilik-fakultesi\/wp-json\/wp\/v2\/media?parent=8337"}],"curies":[{"name":"wp","href":"https:\/\/api.w.org\/{rel}","templated":true}]}}