{"id":8366,"date":"2021-10-27T16:30:27","date_gmt":"2021-10-27T13:30:27","guid":{"rendered":"http:\/\/birimler.atauni.edu.tr\/eczacilik-fakultesi\/?page_id=8366"},"modified":"2021-10-27T16:31:22","modified_gmt":"2021-10-27T13:31:22","slug":"hipertansiyon-diyabet-obezite-astim-koah-eczanede-etkin-iletisim-ve-fitoterapi-konularinda-egitim","status":"publish","type":"page","link":"https:\/\/atauni.edu.tr\/eczacilik-fakultesi\/hipertansiyon-diyabet-obezite-astim-koah-eczanede-etkin-iletisim-ve-fitoterapi-konularinda-egitim\/","title":{"rendered":"Hipertansiyon, Diyabet, Obezite, Ast\u0131m, KOAH, Eczanede Etkin \u0130leti\u015fim Ve Fitoterapi Konular\u0131nda E\u011fitim"},"content":{"rendered":"\t\t<div data-elementor-type=\"wp-page\" data-elementor-id=\"8366\" class=\"elementor elementor-8366\" data-elementor-post-type=\"page\">\n\t\t\t\t\t\t<section class=\"elementor-section elementor-top-section elementor-element elementor-element-318c555 elementor-section-boxed elementor-section-height-default elementor-section-height-default\" data-id=\"318c555\" data-element_type=\"section\">\n\t\t\t\t\t\t<div class=\"elementor-container elementor-column-gap-default\">\n\t\t\t\t\t<div class=\"elementor-column elementor-col-100 elementor-top-column elementor-element elementor-element-c63d58b\" data-id=\"c63d58b\" data-element_type=\"column\">\n\t\t\t<div class=\"elementor-widget-wrap elementor-element-populated\">\n\t\t\t\t\t\t<div class=\"elementor-element elementor-element-60091d2 elementor-widget elementor-widget-text-editor\" data-id=\"60091d2\" data-element_type=\"widget\" data-widget_type=\"text-editor.default\">\n\t\t\t\t<div class=\"elementor-widget-container\">\n\t\t\t\t\t\t\t\t\t<p>10.09.2018 tarihinde 13.B\u00f6lge Erzurum Eczac\u0131 Odas\u0131 ba\u015fkan\u0131 ve y\u00f6netim kurulu ile birlikte dekanl\u0131kta bir toplant\u0131 ger\u00e7ekle\u015ftirdik. 2018-2019 e\u011fitim d\u00f6neminde fak\u00fclte \u00f6\u011fretim \u00fcyelerimizin b\u00f6lge eczac\u0131lar\u0131na, hipertansiyon, diyabet, obezite, ast\u0131m, KOAH, eczanede etkin ileti\u015fim ve fitoterapi konular\u0131nda e\u011fitim vermeleri konusunda anla\u015fmaya var\u0131ld\u0131. \u00a0<\/p>\t\t\t\t\t\t\t\t<\/div>\n\t\t\t\t<\/div>\n\t\t\t\t\t<\/div>\n\t\t<\/div>\n\t\t\t\t\t<\/div>\n\t\t<\/section>\n\t\t\t\t<section class=\"elementor-section elementor-top-section elementor-element elementor-element-6dfe559 elementor-section-boxed elementor-section-height-default elementor-section-height-default\" data-id=\"6dfe559\" data-element_type=\"section\">\n\t\t\t\t\t\t<div class=\"elementor-container elementor-column-gap-default\">\n\t\t\t\t\t<div class=\"elementor-column elementor-col-100 elementor-top-column elementor-element elementor-element-6dc5fac\" data-id=\"6dc5fac\" data-element_type=\"column\">\n\t\t\t<div class=\"elementor-widget-wrap elementor-element-populated\">\n\t\t\t\t\t\t<div class=\"elementor-element elementor-element-e4ccf3c elementor-widget elementor-widget-image\" data-id=\"e4ccf3c\" data-element_type=\"widget\" data-widget_type=\"image.default\">\n\t\t\t\t<div class=\"elementor-widget-container\">\n\t\t\t\t\t\t\t\t\t\t\t\t\t\t\t<img decoding=\"async\" width=\"136\" height=\"121\" src=\"https:\/\/atauni.edu.tr\/eczacilik-fakultesi\/wp-content\/uploads\/sites\/58\/2021\/10\/be0094b00739c2271b8ac963d2298d3a.jpg\" class=\"attachment-medium size-medium wp-image-8373\" alt=\"\" \/>\t\t\t\t\t\t\t\t\t\t\t\t\t\t\t<\/div>\n\t\t\t\t<\/div>\n\t\t\t\t\t<\/div>\n\t\t<\/div>\n\t\t\t\t\t<\/div>\n\t\t<\/section>\n\t\t\t\t<\/div>\n\t\t","protected":false},"excerpt":{"rendered":"<p>10.09.2018 tarihinde 13.B\u00f6lge Erzurum Eczac\u0131 Odas\u0131 ba\u015fkan\u0131 ve y\u00f6netim kurulu ile birlikte dekanl\u0131kta bir toplant\u0131 ger\u00e7ekle\u015ftirdik. 2018-2019 e\u011fitim d\u00f6neminde fak\u00fclte \u00f6\u011fretim \u00fcyelerimizin b\u00f6lge eczac\u0131lar\u0131na, hipertansiyon, diyabet, obezite, ast\u0131m, KOAH, eczanede etkin ileti\u015fim ve fitoterapi konular\u0131nda e\u011fitim vermeleri konusunda anla\u015fmaya var\u0131ld\u0131. \u00a0<\/p>\n","protected":false},"author":47,"featured_media":0,"parent":0,"menu_order":0,"comment_status":"closed","ping_status":"closed","template":"","meta":{"footnotes":""},"class_list":["post-8366","page","type-page","status-publish","hentry"],"_links":{"self":[{"href":"https:\/\/atauni.edu.tr\/eczacilik-fakultesi\/wp-json\/wp\/v2\/pages\/8366","targetHints":{"allow":["GET"]}}],"collection":[{"href":"https:\/\/atauni.edu.tr\/eczacilik-fakultesi\/wp-json\/wp\/v2\/pages"}],"about":[{"href":"https:\/\/atauni.edu.tr\/eczacilik-fakultesi\/wp-json\/wp\/v2\/types\/page"}],"author":[{"embeddable":true,"href":"https:\/\/atauni.edu.tr\/eczacilik-fakultesi\/wp-json\/wp\/v2\/users\/47"}],"replies":[{"embeddable":true,"href":"https:\/\/atauni.edu.tr\/eczacilik-fakultesi\/wp-json\/wp\/v2\/comments?post=8366"}],"version-history":[{"count":4,"href":"https:\/\/atauni.edu.tr\/eczacilik-fakultesi\/wp-json\/wp\/v2\/pages\/8366\/revisions"}],"predecessor-version":[{"id":8381,"href":"https:\/\/atauni.edu.tr\/eczacilik-fakultesi\/wp-json\/wp\/v2\/pages\/8366\/revisions\/8381"}],"wp:attachment":[{"href":"https:\/\/atauni.edu.tr\/eczacilik-fakultesi\/wp-json\/wp\/v2\/media?parent=8366"}],"curies":[{"name":"wp","href":"https:\/\/api.w.org\/{rel}","templated":true}]}}