{"id":8382,"date":"2021-10-27T16:32:11","date_gmt":"2021-10-27T13:32:11","guid":{"rendered":"http:\/\/birimler.atauni.edu.tr\/eczacilik-fakultesi\/?page_id=8382"},"modified":"2021-10-27T16:33:01","modified_gmt":"2021-10-27T13:33:01","slug":"ii-ulusal-eczacilik-egitimi-ve-akreditasyon-kongresi","status":"publish","type":"page","link":"https:\/\/atauni.edu.tr\/eczacilik-fakultesi\/ii-ulusal-eczacilik-egitimi-ve-akreditasyon-kongresi\/","title":{"rendered":"II. Ulusal Eczac\u0131l\u0131k E\u011fitimi Ve Akreditasyon Kongresi"},"content":{"rendered":"\t\t<div data-elementor-type=\"wp-page\" data-elementor-id=\"8382\" class=\"elementor elementor-8382\" data-elementor-post-type=\"page\">\n\t\t\t\t\t\t<section class=\"elementor-section elementor-top-section elementor-element elementor-element-e1bb366 elementor-section-boxed elementor-section-height-default elementor-section-height-default\" data-id=\"e1bb366\" data-element_type=\"section\">\n\t\t\t\t\t\t<div class=\"elementor-container elementor-column-gap-default\">\n\t\t\t\t\t<div class=\"elementor-column elementor-col-100 elementor-top-column elementor-element elementor-element-c14ef1c\" data-id=\"c14ef1c\" data-element_type=\"column\">\n\t\t\t<div class=\"elementor-widget-wrap elementor-element-populated\">\n\t\t\t\t\t\t<div class=\"elementor-element elementor-element-aa62bd1 elementor-widget elementor-widget-text-editor\" data-id=\"aa62bd1\" data-element_type=\"widget\" data-widget_type=\"text-editor.default\">\n\t\t\t\t<div class=\"elementor-widget-container\">\n\t\t\t\t\t\t\t\t\t<p>10-11 May\u0131s 2018 tarihinde Eski\u015fehir Anadolu \u00dcniversitesinde d\u00fczenlenen II. Ulusal Eczac\u0131l\u0131k E\u011fitimi ve Akreditasyon Kongresinde Fak\u00fcltemiz \u00d6\u011frencisi Bu\u011fra ALKUYRUK Akredite olmu\u015f eczac\u0131l\u0131k Fak\u00fcltesi \u00f6\u011frencilerinin olu\u015fturdu\u011fu \u00e7al\u0131\u015ftaya kat\u0131ld\u0131 ve fak\u00fcltemizi ba\u015far\u0131yla temsil etmi\u015ftir.<\/p>\t\t\t\t\t\t\t\t<\/div>\n\t\t\t\t<\/div>\n\t\t\t\t\t<\/div>\n\t\t<\/div>\n\t\t\t\t\t<\/div>\n\t\t<\/section>\n\t\t\t\t<section class=\"elementor-section elementor-top-section elementor-element elementor-element-375e46b elementor-section-boxed elementor-section-height-default elementor-section-height-default\" data-id=\"375e46b\" data-element_type=\"section\">\n\t\t\t\t\t\t<div class=\"elementor-container elementor-column-gap-default\">\n\t\t\t\t\t<div class=\"elementor-column elementor-col-100 elementor-top-column elementor-element elementor-element-32c2275\" data-id=\"32c2275\" data-element_type=\"column\">\n\t\t\t<div class=\"elementor-widget-wrap elementor-element-populated\">\n\t\t\t\t\t\t<div class=\"elementor-element elementor-element-8bba831 elementor-widget elementor-widget-image\" data-id=\"8bba831\" data-element_type=\"widget\" data-widget_type=\"image.default\">\n\t\t\t\t<div class=\"elementor-widget-container\">\n\t\t\t\t\t\t\t\t\t\t\t\t\t\t\t<img decoding=\"async\" width=\"300\" height=\"139\" src=\"https:\/\/atauni.edu.tr\/eczacilik-fakultesi\/wp-content\/uploads\/sites\/58\/2021\/10\/19e22dc889ca2861c8e7c10d00731acc-300x139.jpg\" class=\"attachment-medium size-medium wp-image-8393\" alt=\"\" srcset=\"https:\/\/atauni.edu.tr\/eczacilik-fakultesi\/wp-content\/uploads\/sites\/58\/2021\/10\/19e22dc889ca2861c8e7c10d00731acc-300x139.jpg 300w, https:\/\/atauni.edu.tr\/eczacilik-fakultesi\/wp-content\/uploads\/sites\/58\/2021\/10\/19e22dc889ca2861c8e7c10d00731acc-1024x473.jpg 1024w, https:\/\/atauni.edu.tr\/eczacilik-fakultesi\/wp-content\/uploads\/sites\/58\/2021\/10\/19e22dc889ca2861c8e7c10d00731acc-768x355.jpg 768w, https:\/\/atauni.edu.tr\/eczacilik-fakultesi\/wp-content\/uploads\/sites\/58\/2021\/10\/19e22dc889ca2861c8e7c10d00731acc-600x277.jpg 600w, https:\/\/atauni.edu.tr\/eczacilik-fakultesi\/wp-content\/uploads\/sites\/58\/2021\/10\/19e22dc889ca2861c8e7c10d00731acc-560x259.jpg 560w, https:\/\/atauni.edu.tr\/eczacilik-fakultesi\/wp-content\/uploads\/sites\/58\/2021\/10\/19e22dc889ca2861c8e7c10d00731acc.jpg 1280w\" sizes=\"(max-width: 300px) 100vw, 300px\" \/>\t\t\t\t\t\t\t\t\t\t\t\t\t\t\t<\/div>\n\t\t\t\t<\/div>\n\t\t\t\t\t<\/div>\n\t\t<\/div>\n\t\t\t\t\t<\/div>\n\t\t<\/section>\n\t\t\t\t<\/div>\n\t\t","protected":false},"excerpt":{"rendered":"<p>10-11 May\u0131s 2018 tarihinde Eski\u015fehir Anadolu \u00dcniversitesinde d\u00fczenlenen II. Ulusal Eczac\u0131l\u0131k E\u011fitimi ve Akreditasyon Kongresinde Fak\u00fcltemiz \u00d6\u011frencisi Bu\u011fra ALKUYRUK Akredite olmu\u015f eczac\u0131l\u0131k Fak\u00fcltesi \u00f6\u011frencilerinin olu\u015fturdu\u011fu \u00e7al\u0131\u015ftaya kat\u0131ld\u0131 ve fak\u00fcltemizi ba\u015far\u0131yla temsil etmi\u015ftir.<\/p>\n","protected":false},"author":47,"featured_media":0,"parent":0,"menu_order":0,"comment_status":"closed","ping_status":"closed","template":"","meta":{"footnotes":""},"class_list":["post-8382","page","type-page","status-publish","hentry"],"_links":{"self":[{"href":"https:\/\/atauni.edu.tr\/eczacilik-fakultesi\/wp-json\/wp\/v2\/pages\/8382","targetHints":{"allow":["GET"]}}],"collection":[{"href":"https:\/\/atauni.edu.tr\/eczacilik-fakultesi\/wp-json\/wp\/v2\/pages"}],"about":[{"href":"https:\/\/atauni.edu.tr\/eczacilik-fakultesi\/wp-json\/wp\/v2\/types\/page"}],"author":[{"embeddable":true,"href":"https:\/\/atauni.edu.tr\/eczacilik-fakultesi\/wp-json\/wp\/v2\/users\/47"}],"replies":[{"embeddable":true,"href":"https:\/\/atauni.edu.tr\/eczacilik-fakultesi\/wp-json\/wp\/v2\/comments?post=8382"}],"version-history":[{"count":4,"href":"https:\/\/atauni.edu.tr\/eczacilik-fakultesi\/wp-json\/wp\/v2\/pages\/8382\/revisions"}],"predecessor-version":[{"id":8396,"href":"https:\/\/atauni.edu.tr\/eczacilik-fakultesi\/wp-json\/wp\/v2\/pages\/8382\/revisions\/8396"}],"wp:attachment":[{"href":"https:\/\/atauni.edu.tr\/eczacilik-fakultesi\/wp-json\/wp\/v2\/media?parent=8382"}],"curies":[{"name":"wp","href":"https:\/\/api.w.org\/{rel}","templated":true}]}}