{"id":8451,"date":"2021-10-27T16:40:12","date_gmt":"2021-10-27T13:40:12","guid":{"rendered":"http:\/\/birimler.atauni.edu.tr\/eczacilik-fakultesi\/?page_id=8451"},"modified":"2021-10-27T16:41:05","modified_gmt":"2021-10-27T13:41:05","slug":"5-sinif-ogrencileri-arastirma-projesi-kapsaminda-tez-savunmasi","status":"publish","type":"page","link":"https:\/\/atauni.edu.tr\/eczacilik-fakultesi\/5-sinif-ogrencileri-arastirma-projesi-kapsaminda-tez-savunmasi\/","title":{"rendered":"5. S\u0131n\u0131f \u00d6\u011frencileri Ara\u015ft\u0131rma Projesi Kapsam\u0131nda Tez Savunmas\u0131"},"content":{"rendered":"\t\t<div data-elementor-type=\"wp-page\" data-elementor-id=\"8451\" class=\"elementor elementor-8451\" data-elementor-post-type=\"page\">\n\t\t\t\t\t\t<section class=\"elementor-section elementor-top-section elementor-element elementor-element-5050349 elementor-section-boxed elementor-section-height-default elementor-section-height-default\" data-id=\"5050349\" data-element_type=\"section\">\n\t\t\t\t\t\t<div class=\"elementor-container elementor-column-gap-default\">\n\t\t\t\t\t<div class=\"elementor-column elementor-col-100 elementor-top-column elementor-element elementor-element-4aec235\" data-id=\"4aec235\" data-element_type=\"column\">\n\t\t\t<div class=\"elementor-widget-wrap elementor-element-populated\">\n\t\t\t\t\t\t<div class=\"elementor-element elementor-element-cebdcba elementor-widget elementor-widget-text-editor\" data-id=\"cebdcba\" data-element_type=\"widget\" data-widget_type=\"text-editor.default\">\n\t\t\t\t<div class=\"elementor-widget-container\">\n\t\t\t\t\t\t\t\t\t<p>Fak\u00fcltemiz 5. S\u0131n\u0131f \u00d6\u011frencileri Ara\u015ft\u0131rma Projesi Kapsam\u0131nda haz\u0131rlad\u0131klar\u0131 tezlerinin savunmas\u0131n\u0131 yapt\u0131ktan sonra 11.05.2018 tarihinde poster halinde sunumlar\u0131n\u0131 ger\u00e7ekle\u015ftirdiler.<\/p>\t\t\t\t\t\t\t\t<\/div>\n\t\t\t\t<\/div>\n\t\t\t\t\t<\/div>\n\t\t<\/div>\n\t\t\t\t\t<\/div>\n\t\t<\/section>\n\t\t\t\t<section class=\"elementor-section elementor-top-section elementor-element elementor-element-b80db07 elementor-section-boxed elementor-section-height-default elementor-section-height-default\" data-id=\"b80db07\" data-element_type=\"section\">\n\t\t\t\t\t\t<div class=\"elementor-container elementor-column-gap-default\">\n\t\t\t\t\t<div class=\"elementor-column elementor-col-100 elementor-top-column elementor-element elementor-element-2fad14b\" data-id=\"2fad14b\" data-element_type=\"column\">\n\t\t\t<div class=\"elementor-widget-wrap elementor-element-populated\">\n\t\t\t\t\t\t<div class=\"elementor-element elementor-element-36f3074 elementor-widget elementor-widget-image\" data-id=\"36f3074\" data-element_type=\"widget\" data-widget_type=\"image.default\">\n\t\t\t\t<div class=\"elementor-widget-container\">\n\t\t\t\t\t\t\t\t\t\t\t\t\t\t\t<img fetchpriority=\"high\" decoding=\"async\" width=\"225\" height=\"300\" src=\"https:\/\/atauni.edu.tr\/eczacilik-fakultesi\/wp-content\/uploads\/sites\/58\/2021\/10\/64c5685f2c70e38c304b8a1c9f47b959-225x300.jpg\" class=\"attachment-medium size-medium wp-image-8460\" alt=\"\" srcset=\"https:\/\/atauni.edu.tr\/eczacilik-fakultesi\/wp-content\/uploads\/sites\/58\/2021\/10\/64c5685f2c70e38c304b8a1c9f47b959-225x300.jpg 225w, https:\/\/atauni.edu.tr\/eczacilik-fakultesi\/wp-content\/uploads\/sites\/58\/2021\/10\/64c5685f2c70e38c304b8a1c9f47b959-450x600.jpg 450w, https:\/\/atauni.edu.tr\/eczacilik-fakultesi\/wp-content\/uploads\/sites\/58\/2021\/10\/64c5685f2c70e38c304b8a1c9f47b959-420x560.jpg 420w, https:\/\/atauni.edu.tr\/eczacilik-fakultesi\/wp-content\/uploads\/sites\/58\/2021\/10\/64c5685f2c70e38c304b8a1c9f47b959.jpg 720w\" sizes=\"(max-width: 225px) 100vw, 225px\" \/>\t\t\t\t\t\t\t\t\t\t\t\t\t\t\t<\/div>\n\t\t\t\t<\/div>\n\t\t\t\t\t<\/div>\n\t\t<\/div>\n\t\t\t\t\t<\/div>\n\t\t<\/section>\n\t\t\t\t<\/div>\n\t\t","protected":false},"excerpt":{"rendered":"<p>Fak\u00fcltemiz 5. S\u0131n\u0131f \u00d6\u011frencileri Ara\u015ft\u0131rma Projesi Kapsam\u0131nda haz\u0131rlad\u0131klar\u0131 tezlerinin savunmas\u0131n\u0131 yapt\u0131ktan sonra 11.05.2018 tarihinde poster halinde sunumlar\u0131n\u0131 ger\u00e7ekle\u015ftirdiler.<\/p>\n","protected":false},"author":47,"featured_media":0,"parent":0,"menu_order":0,"comment_status":"closed","ping_status":"closed","template":"","meta":{"footnotes":""},"class_list":["post-8451","page","type-page","status-publish","hentry"],"_links":{"self":[{"href":"https:\/\/atauni.edu.tr\/eczacilik-fakultesi\/wp-json\/wp\/v2\/pages\/8451","targetHints":{"allow":["GET"]}}],"collection":[{"href":"https:\/\/atauni.edu.tr\/eczacilik-fakultesi\/wp-json\/wp\/v2\/pages"}],"about":[{"href":"https:\/\/atauni.edu.tr\/eczacilik-fakultesi\/wp-json\/wp\/v2\/types\/page"}],"author":[{"embeddable":true,"href":"https:\/\/atauni.edu.tr\/eczacilik-fakultesi\/wp-json\/wp\/v2\/users\/47"}],"replies":[{"embeddable":true,"href":"https:\/\/atauni.edu.tr\/eczacilik-fakultesi\/wp-json\/wp\/v2\/comments?post=8451"}],"version-history":[{"count":4,"href":"https:\/\/atauni.edu.tr\/eczacilik-fakultesi\/wp-json\/wp\/v2\/pages\/8451\/revisions"}],"predecessor-version":[{"id":8463,"href":"https:\/\/atauni.edu.tr\/eczacilik-fakultesi\/wp-json\/wp\/v2\/pages\/8451\/revisions\/8463"}],"wp:attachment":[{"href":"https:\/\/atauni.edu.tr\/eczacilik-fakultesi\/wp-json\/wp\/v2\/media?parent=8451"}],"curies":[{"name":"wp","href":"https:\/\/api.w.org\/{rel}","templated":true}]}}