{"id":8514,"date":"2021-10-27T16:52:08","date_gmt":"2021-10-27T13:52:08","guid":{"rendered":"http:\/\/birimler.atauni.edu.tr\/eczacilik-fakultesi\/?page_id=8514"},"modified":"2021-10-27T16:52:39","modified_gmt":"2021-10-27T13:52:39","slug":"yuksekogretim-kalite-kurulu-dis-degerlendirici-toplantisi","status":"publish","type":"page","link":"https:\/\/atauni.edu.tr\/eczacilik-fakultesi\/yuksekogretim-kalite-kurulu-dis-degerlendirici-toplantisi\/","title":{"rendered":"Y\u00fcksek\u00f6\u011fretim Kalite Kurulu D\u0131\u015f De\u011ferlendirici Toplant\u0131s\u0131"},"content":{"rendered":"\t\t<div data-elementor-type=\"wp-page\" data-elementor-id=\"8514\" class=\"elementor elementor-8514\" data-elementor-post-type=\"page\">\n\t\t\t\t\t\t<section class=\"elementor-section elementor-top-section elementor-element elementor-element-a411af9 elementor-section-boxed elementor-section-height-default elementor-section-height-default\" data-id=\"a411af9\" data-element_type=\"section\">\n\t\t\t\t\t\t<div class=\"elementor-container elementor-column-gap-default\">\n\t\t\t\t\t<div class=\"elementor-column elementor-col-100 elementor-top-column elementor-element elementor-element-37268c8\" data-id=\"37268c8\" data-element_type=\"column\">\n\t\t\t<div class=\"elementor-widget-wrap elementor-element-populated\">\n\t\t\t\t\t\t<div class=\"elementor-element elementor-element-82a7de2 elementor-widget elementor-widget-text-editor\" data-id=\"82a7de2\" data-element_type=\"widget\" data-widget_type=\"text-editor.default\">\n\t\t\t\t<div class=\"elementor-widget-container\">\n\t\t\t\t\t\t\t\t\t<p>12.09.2018 tarihinde Fak\u00fcltemiz dekan\u0131 Prof. Dr. Y\u00fccel Kad\u0131o\u011flu\u00a0Y\u00fcksek\u00f6\u011fretim Kalite Kurulu D\u0131\u015f De\u011ferlendirici toplant\u0131s\u0131na kat\u0131ld\u0131 ve Y\u00fcksek\u00f6\u011fretim Kalite Kurul Ba\u015fkan\u0131 Prof. Dr. Muzaffer ELMAS \u00a0ile bir toplant\u0131 ger\u00e7ekle\u015ftirdi.<\/p>\t\t\t\t\t\t\t\t<\/div>\n\t\t\t\t<\/div>\n\t\t\t\t\t<\/div>\n\t\t<\/div>\n\t\t\t\t\t<\/div>\n\t\t<\/section>\n\t\t\t\t<section class=\"elementor-section elementor-top-section elementor-element elementor-element-a942263 elementor-section-boxed elementor-section-height-default elementor-section-height-default\" data-id=\"a942263\" data-element_type=\"section\">\n\t\t\t\t\t\t<div class=\"elementor-container elementor-column-gap-default\">\n\t\t\t\t\t<div class=\"elementor-column elementor-col-100 elementor-top-column elementor-element elementor-element-8664435\" data-id=\"8664435\" data-element_type=\"column\">\n\t\t\t<div class=\"elementor-widget-wrap elementor-element-populated\">\n\t\t\t\t\t\t<div class=\"elementor-element elementor-element-051c4e5 elementor-widget elementor-widget-image\" data-id=\"051c4e5\" data-element_type=\"widget\" data-widget_type=\"image.default\">\n\t\t\t\t<div class=\"elementor-widget-container\">\n\t\t\t\t\t\t\t\t\t\t\t\t\t\t\t<img fetchpriority=\"high\" decoding=\"async\" width=\"300\" height=\"225\" src=\"https:\/\/atauni.edu.tr\/eczacilik-fakultesi\/wp-content\/uploads\/sites\/58\/2021\/10\/d1fe3766d296c0fddfbfefe125ab6f14-300x225.jpg\" class=\"attachment-medium size-medium wp-image-8519\" alt=\"\" srcset=\"https:\/\/atauni.edu.tr\/eczacilik-fakultesi\/wp-content\/uploads\/sites\/58\/2021\/10\/d1fe3766d296c0fddfbfefe125ab6f14-300x225.jpg 300w, https:\/\/atauni.edu.tr\/eczacilik-fakultesi\/wp-content\/uploads\/sites\/58\/2021\/10\/d1fe3766d296c0fddfbfefe125ab6f14-768x576.jpg 768w, https:\/\/atauni.edu.tr\/eczacilik-fakultesi\/wp-content\/uploads\/sites\/58\/2021\/10\/d1fe3766d296c0fddfbfefe125ab6f14-600x450.jpg 600w, https:\/\/atauni.edu.tr\/eczacilik-fakultesi\/wp-content\/uploads\/sites\/58\/2021\/10\/d1fe3766d296c0fddfbfefe125ab6f14-560x420.jpg 560w, https:\/\/atauni.edu.tr\/eczacilik-fakultesi\/wp-content\/uploads\/sites\/58\/2021\/10\/d1fe3766d296c0fddfbfefe125ab6f14.jpg 960w\" sizes=\"(max-width: 300px) 100vw, 300px\" \/>\t\t\t\t\t\t\t\t\t\t\t\t\t\t\t<\/div>\n\t\t\t\t<\/div>\n\t\t\t\t\t<\/div>\n\t\t<\/div>\n\t\t\t\t\t<\/div>\n\t\t<\/section>\n\t\t\t\t<\/div>\n\t\t","protected":false},"excerpt":{"rendered":"<p>12.09.2018 tarihinde Fak\u00fcltemiz dekan\u0131 Prof. Dr. Y\u00fccel Kad\u0131o\u011flu\u00a0Y\u00fcksek\u00f6\u011fretim Kalite Kurulu D\u0131\u015f De\u011ferlendirici toplant\u0131s\u0131na kat\u0131ld\u0131 ve Y\u00fcksek\u00f6\u011fretim Kalite Kurul Ba\u015fkan\u0131 Prof. Dr. Muzaffer ELMAS \u00a0ile bir toplant\u0131 ger\u00e7ekle\u015ftirdi.<\/p>\n","protected":false},"author":47,"featured_media":0,"parent":0,"menu_order":0,"comment_status":"closed","ping_status":"closed","template":"","meta":{"footnotes":""},"class_list":["post-8514","page","type-page","status-publish","hentry"],"_links":{"self":[{"href":"https:\/\/atauni.edu.tr\/eczacilik-fakultesi\/wp-json\/wp\/v2\/pages\/8514","targetHints":{"allow":["GET"]}}],"collection":[{"href":"https:\/\/atauni.edu.tr\/eczacilik-fakultesi\/wp-json\/wp\/v2\/pages"}],"about":[{"href":"https:\/\/atauni.edu.tr\/eczacilik-fakultesi\/wp-json\/wp\/v2\/types\/page"}],"author":[{"embeddable":true,"href":"https:\/\/atauni.edu.tr\/eczacilik-fakultesi\/wp-json\/wp\/v2\/users\/47"}],"replies":[{"embeddable":true,"href":"https:\/\/atauni.edu.tr\/eczacilik-fakultesi\/wp-json\/wp\/v2\/comments?post=8514"}],"version-history":[{"count":4,"href":"https:\/\/atauni.edu.tr\/eczacilik-fakultesi\/wp-json\/wp\/v2\/pages\/8514\/revisions"}],"predecessor-version":[{"id":8522,"href":"https:\/\/atauni.edu.tr\/eczacilik-fakultesi\/wp-json\/wp\/v2\/pages\/8514\/revisions\/8522"}],"wp:attachment":[{"href":"https:\/\/atauni.edu.tr\/eczacilik-fakultesi\/wp-json\/wp\/v2\/media?parent=8514"}],"curies":[{"name":"wp","href":"https:\/\/api.w.org\/{rel}","templated":true}]}}