{"id":8525,"date":"2021-10-27T16:53:17","date_gmt":"2021-10-27T13:53:17","guid":{"rendered":"http:\/\/birimler.atauni.edu.tr\/eczacilik-fakultesi\/?page_id=8525"},"modified":"2021-10-27T16:53:42","modified_gmt":"2021-10-27T13:53:42","slug":"2018-2019-guz-yariyili-danisman-toplantisi","status":"publish","type":"page","link":"https:\/\/atauni.edu.tr\/eczacilik-fakultesi\/2018-2019-guz-yariyili-danisman-toplantisi\/","title":{"rendered":"2018-2019 G\u00fcz Yar\u0131y\u0131l\u0131 Dan\u0131\u015fman Toplant\u0131s\u0131"},"content":{"rendered":"\t\t<div data-elementor-type=\"wp-page\" data-elementor-id=\"8525\" class=\"elementor elementor-8525\" data-elementor-post-type=\"page\">\n\t\t\t\t\t\t<section class=\"elementor-section elementor-top-section elementor-element elementor-element-a2e669d elementor-section-boxed elementor-section-height-default elementor-section-height-default\" data-id=\"a2e669d\" data-element_type=\"section\">\n\t\t\t\t\t\t<div class=\"elementor-container elementor-column-gap-default\">\n\t\t\t\t\t<div class=\"elementor-column elementor-col-100 elementor-top-column elementor-element elementor-element-004a7fc\" data-id=\"004a7fc\" data-element_type=\"column\">\n\t\t\t<div class=\"elementor-widget-wrap elementor-element-populated\">\n\t\t\t\t\t\t<div class=\"elementor-element elementor-element-58b68ff elementor-widget elementor-widget-text-editor\" data-id=\"58b68ff\" data-element_type=\"widget\" data-widget_type=\"text-editor.default\">\n\t\t\t\t<div class=\"elementor-widget-container\">\n\t\t\t\t\t\t\t\t\t<p>24.09.2018 tarihinde Fak\u00fcltemiz dekan\u0131 Prof. Dr. Y\u00fccel Kad\u0131o\u011flu ba\u015fkanl\u0131\u011f\u0131nda fak\u00fcltemiz \u00f6\u011fretim \u00fcyelerinin kat\u0131l\u0131m\u0131yla 2018-2019 G\u00fcz yar\u0131y\u0131l\u0131 dan\u0131\u015fman toplant\u0131s\u0131 ger\u00e7ekle\u015ftirildi.<\/p>\t\t\t\t\t\t\t\t<\/div>\n\t\t\t\t<\/div>\n\t\t\t\t\t<\/div>\n\t\t<\/div>\n\t\t\t\t\t<\/div>\n\t\t<\/section>\n\t\t\t\t<\/div>\n\t\t","protected":false},"excerpt":{"rendered":"<p>24.09.2018 tarihinde Fak\u00fcltemiz dekan\u0131 Prof. Dr. Y\u00fccel Kad\u0131o\u011flu ba\u015fkanl\u0131\u011f\u0131nda fak\u00fcltemiz \u00f6\u011fretim \u00fcyelerinin kat\u0131l\u0131m\u0131yla 2018-2019 G\u00fcz yar\u0131y\u0131l\u0131 dan\u0131\u015fman toplant\u0131s\u0131 ger\u00e7ekle\u015ftirildi.<\/p>\n","protected":false},"author":47,"featured_media":0,"parent":0,"menu_order":0,"comment_status":"closed","ping_status":"closed","template":"","meta":{"footnotes":""},"class_list":["post-8525","page","type-page","status-publish","hentry"],"_links":{"self":[{"href":"https:\/\/atauni.edu.tr\/eczacilik-fakultesi\/wp-json\/wp\/v2\/pages\/8525","targetHints":{"allow":["GET"]}}],"collection":[{"href":"https:\/\/atauni.edu.tr\/eczacilik-fakultesi\/wp-json\/wp\/v2\/pages"}],"about":[{"href":"https:\/\/atauni.edu.tr\/eczacilik-fakultesi\/wp-json\/wp\/v2\/types\/page"}],"author":[{"embeddable":true,"href":"https:\/\/atauni.edu.tr\/eczacilik-fakultesi\/wp-json\/wp\/v2\/users\/47"}],"replies":[{"embeddable":true,"href":"https:\/\/atauni.edu.tr\/eczacilik-fakultesi\/wp-json\/wp\/v2\/comments?post=8525"}],"version-history":[{"count":4,"href":"https:\/\/atauni.edu.tr\/eczacilik-fakultesi\/wp-json\/wp\/v2\/pages\/8525\/revisions"}],"predecessor-version":[{"id":8530,"href":"https:\/\/atauni.edu.tr\/eczacilik-fakultesi\/wp-json\/wp\/v2\/pages\/8525\/revisions\/8530"}],"wp:attachment":[{"href":"https:\/\/atauni.edu.tr\/eczacilik-fakultesi\/wp-json\/wp\/v2\/media?parent=8525"}],"curies":[{"name":"wp","href":"https:\/\/api.w.org\/{rel}","templated":true}]}}