{"id":8531,"date":"2021-10-27T16:54:13","date_gmt":"2021-10-27T13:54:13","guid":{"rendered":"http:\/\/birimler.atauni.edu.tr\/eczacilik-fakultesi\/?page_id=8531"},"modified":"2021-10-27T16:54:25","modified_gmt":"2021-10-27T13:54:25","slug":"gelistirilmis-egitim-programi","status":"publish","type":"page","link":"https:\/\/atauni.edu.tr\/eczacilik-fakultesi\/gelistirilmis-egitim-programi\/","title":{"rendered":"Geli\u015ftirilmi\u015f E\u011fitim Program\u0131"},"content":{"rendered":"\t\t<div data-elementor-type=\"wp-page\" data-elementor-id=\"8531\" class=\"elementor elementor-8531\" data-elementor-post-type=\"page\">\n\t\t\t\t\t\t<section class=\"elementor-section elementor-top-section elementor-element elementor-element-8467d48 elementor-section-boxed elementor-section-height-default elementor-section-height-default\" data-id=\"8467d48\" data-element_type=\"section\">\n\t\t\t\t\t\t<div class=\"elementor-container elementor-column-gap-default\">\n\t\t\t\t\t<div class=\"elementor-column elementor-col-100 elementor-top-column elementor-element elementor-element-0f14a6f\" data-id=\"0f14a6f\" data-element_type=\"column\">\n\t\t\t<div class=\"elementor-widget-wrap elementor-element-populated\">\n\t\t\t\t\t\t<div class=\"elementor-element elementor-element-78b375e elementor-widget elementor-widget-text-editor\" data-id=\"78b375e\" data-element_type=\"widget\" data-widget_type=\"text-editor.default\">\n\t\t\t\t<div class=\"elementor-widget-container\">\n\t\t\t\t\t\t\t\t\t<p>03.05.2018- 09.05.2018 tarihleri aras\u0131nda fak\u00fcltemiz dekan\u0131 Prof. Dr. Y\u00fccel Kad\u0131o\u011flu taraf\u0131ndan fak\u00fclte \u00f6\u011fretim \u00fcyelerinin kat\u0131l\u0131m\u0131yla geli\u015ftirilmi\u015f e\u011fitim program\u0131 d\u00fczenlendi.<\/p>\t\t\t\t\t\t\t\t<\/div>\n\t\t\t\t<\/div>\n\t\t\t\t\t<\/div>\n\t\t<\/div>\n\t\t\t\t\t<\/div>\n\t\t<\/section>\n\t\t\t\t<\/div>\n\t\t","protected":false},"excerpt":{"rendered":"<p>03.05.2018- 09.05.2018 tarihleri aras\u0131nda fak\u00fcltemiz dekan\u0131 Prof. Dr. Y\u00fccel Kad\u0131o\u011flu taraf\u0131ndan fak\u00fclte \u00f6\u011fretim \u00fcyelerinin kat\u0131l\u0131m\u0131yla geli\u015ftirilmi\u015f e\u011fitim program\u0131 d\u00fczenlendi.<\/p>\n","protected":false},"author":47,"featured_media":0,"parent":0,"menu_order":0,"comment_status":"closed","ping_status":"closed","template":"","meta":{"footnotes":""},"class_list":["post-8531","page","type-page","status-publish","hentry"],"_links":{"self":[{"href":"https:\/\/atauni.edu.tr\/eczacilik-fakultesi\/wp-json\/wp\/v2\/pages\/8531","targetHints":{"allow":["GET"]}}],"collection":[{"href":"https:\/\/atauni.edu.tr\/eczacilik-fakultesi\/wp-json\/wp\/v2\/pages"}],"about":[{"href":"https:\/\/atauni.edu.tr\/eczacilik-fakultesi\/wp-json\/wp\/v2\/types\/page"}],"author":[{"embeddable":true,"href":"https:\/\/atauni.edu.tr\/eczacilik-fakultesi\/wp-json\/wp\/v2\/users\/47"}],"replies":[{"embeddable":true,"href":"https:\/\/atauni.edu.tr\/eczacilik-fakultesi\/wp-json\/wp\/v2\/comments?post=8531"}],"version-history":[{"count":4,"href":"https:\/\/atauni.edu.tr\/eczacilik-fakultesi\/wp-json\/wp\/v2\/pages\/8531\/revisions"}],"predecessor-version":[{"id":8535,"href":"https:\/\/atauni.edu.tr\/eczacilik-fakultesi\/wp-json\/wp\/v2\/pages\/8531\/revisions\/8535"}],"wp:attachment":[{"href":"https:\/\/atauni.edu.tr\/eczacilik-fakultesi\/wp-json\/wp\/v2\/media?parent=8531"}],"curies":[{"name":"wp","href":"https:\/\/api.w.org\/{rel}","templated":true}]}}