{"id":8680,"date":"2021-10-27T17:37:32","date_gmt":"2021-10-27T14:37:32","guid":{"rendered":"http:\/\/birimler.atauni.edu.tr\/eczacilik-fakultesi\/?page_id=8680"},"modified":"2021-10-27T17:42:07","modified_gmt":"2021-10-27T14:42:07","slug":"13-bolge-eczaci-odasi-yetkililerinin-fakultemize-ziyareti","status":"publish","type":"page","link":"https:\/\/atauni.edu.tr\/eczacilik-fakultesi\/13-bolge-eczaci-odasi-yetkililerinin-fakultemize-ziyareti\/","title":{"rendered":"13.B\u00f6lge Eczac\u0131 Odas\u0131 Yetkililerinin Fak\u00fcltemize Ziyareti"},"content":{"rendered":"\t\t<div data-elementor-type=\"wp-page\" data-elementor-id=\"8680\" class=\"elementor elementor-8680\" data-elementor-post-type=\"page\">\n\t\t\t\t\t\t<section class=\"elementor-section elementor-top-section elementor-element elementor-element-e1455a0 elementor-section-boxed elementor-section-height-default elementor-section-height-default\" data-id=\"e1455a0\" data-element_type=\"section\">\n\t\t\t\t\t\t<div class=\"elementor-container elementor-column-gap-default\">\n\t\t\t\t\t<div class=\"elementor-column elementor-col-100 elementor-top-column elementor-element elementor-element-d5d2dd4\" data-id=\"d5d2dd4\" data-element_type=\"column\">\n\t\t\t<div class=\"elementor-widget-wrap elementor-element-populated\">\n\t\t\t\t\t\t<div class=\"elementor-element elementor-element-d7e5f62 elementor-widget elementor-widget-text-editor\" data-id=\"d7e5f62\" data-element_type=\"widget\" data-widget_type=\"text-editor.default\">\n\t\t\t\t<div class=\"elementor-widget-container\">\n\t\t\t\t\t\t\t\t\t<p>29.12.2020 tarihinde 13. B\u00f6lge Eczac\u0131 Odas\u0131 Ba\u015fkan\u0131 Ecz. Mahmut U\u00c7AR beraberindeki oda yetkilileri ile birlikte fak\u00fcltemize ziyarette bulunmu\u015flard\u0131r. Dekan\u0131m\u0131z Prof.Dr.Y\u00fccel KADIO\u011eLU \u015fahs\u0131nda t\u00fcm \u00f6\u011fretim \u00fcyelerimize ve g\u00f6revlilerimize hay\u0131rl\u0131 ve sa\u011fl\u0131kl\u0131 yeni y\u0131l dileklerini ileten Say\u0131n Ba\u015fkan ve yetkililere Fak\u00fcltemiz ad\u0131na te\u015fekk\u00fcr ederiz.\u00a0<\/p>\t\t\t\t\t\t\t\t<\/div>\n\t\t\t\t<\/div>\n\t\t\t\t<section class=\"elementor-section elementor-inner-section elementor-element elementor-element-51b46c7 elementor-section-boxed elementor-section-height-default elementor-section-height-default\" data-id=\"51b46c7\" data-element_type=\"section\">\n\t\t\t\t\t\t<div class=\"elementor-container elementor-column-gap-default\">\n\t\t\t\t\t<div class=\"elementor-column elementor-col-50 elementor-inner-column elementor-element elementor-element-710d0a5\" data-id=\"710d0a5\" data-element_type=\"column\">\n\t\t\t<div class=\"elementor-widget-wrap elementor-element-populated\">\n\t\t\t\t\t\t<div class=\"elementor-element elementor-element-07b6d6f elementor-widget elementor-widget-image\" data-id=\"07b6d6f\" data-element_type=\"widget\" data-widget_type=\"image.default\">\n\t\t\t\t<div class=\"elementor-widget-container\">\n\t\t\t\t\t\t\t\t\t\t\t\t\t\t\t<img fetchpriority=\"high\" decoding=\"async\" width=\"1024\" height=\"768\" src=\"https:\/\/atauni.edu.tr\/eczacilik-fakultesi\/wp-content\/uploads\/sites\/58\/2021\/10\/2020-55-1-1024x768.jpg\" class=\"attachment-large size-large wp-image-8683\" alt=\"\" srcset=\"https:\/\/atauni.edu.tr\/eczacilik-fakultesi\/wp-content\/uploads\/sites\/58\/2021\/10\/2020-55-1-1024x768.jpg 1024w, https:\/\/atauni.edu.tr\/eczacilik-fakultesi\/wp-content\/uploads\/sites\/58\/2021\/10\/2020-55-1-300x225.jpg 300w, https:\/\/atauni.edu.tr\/eczacilik-fakultesi\/wp-content\/uploads\/sites\/58\/2021\/10\/2020-55-1-768x576.jpg 768w, https:\/\/atauni.edu.tr\/eczacilik-fakultesi\/wp-content\/uploads\/sites\/58\/2021\/10\/2020-55-1-1536x1152.jpg 1536w, https:\/\/atauni.edu.tr\/eczacilik-fakultesi\/wp-content\/uploads\/sites\/58\/2021\/10\/2020-55-1-600x450.jpg 600w, https:\/\/atauni.edu.tr\/eczacilik-fakultesi\/wp-content\/uploads\/sites\/58\/2021\/10\/2020-55-1-560x420.jpg 560w, https:\/\/atauni.edu.tr\/eczacilik-fakultesi\/wp-content\/uploads\/sites\/58\/2021\/10\/2020-55-1.jpg 1600w\" sizes=\"(max-width: 1024px) 100vw, 1024px\" \/>\t\t\t\t\t\t\t\t\t\t\t\t\t\t\t<\/div>\n\t\t\t\t<\/div>\n\t\t\t\t\t<\/div>\n\t\t<\/div>\n\t\t\t\t<div class=\"elementor-column elementor-col-50 elementor-inner-column elementor-element elementor-element-0b6fc45\" data-id=\"0b6fc45\" data-element_type=\"column\">\n\t\t\t<div class=\"elementor-widget-wrap elementor-element-populated\">\n\t\t\t\t\t\t<div class=\"elementor-element elementor-element-c8648ea elementor-widget elementor-widget-image\" data-id=\"c8648ea\" data-element_type=\"widget\" data-widget_type=\"image.default\">\n\t\t\t\t<div class=\"elementor-widget-container\">\n\t\t\t\t\t\t\t\t\t\t\t\t\t\t\t<img decoding=\"async\" width=\"768\" height=\"576\" src=\"https:\/\/atauni.edu.tr\/eczacilik-fakultesi\/wp-content\/uploads\/sites\/58\/2021\/10\/2020-768x576.jpg\" class=\"attachment-medium_large size-medium_large wp-image-8684\" alt=\"\" srcset=\"https:\/\/atauni.edu.tr\/eczacilik-fakultesi\/wp-content\/uploads\/sites\/58\/2021\/10\/2020-768x576.jpg 768w, https:\/\/atauni.edu.tr\/eczacilik-fakultesi\/wp-content\/uploads\/sites\/58\/2021\/10\/2020-300x225.jpg 300w, https:\/\/atauni.edu.tr\/eczacilik-fakultesi\/wp-content\/uploads\/sites\/58\/2021\/10\/2020-1024x768.jpg 1024w, https:\/\/atauni.edu.tr\/eczacilik-fakultesi\/wp-content\/uploads\/sites\/58\/2021\/10\/2020-1536x1152.jpg 1536w, https:\/\/atauni.edu.tr\/eczacilik-fakultesi\/wp-content\/uploads\/sites\/58\/2021\/10\/2020-2048x1536.jpg 2048w, https:\/\/atauni.edu.tr\/eczacilik-fakultesi\/wp-content\/uploads\/sites\/58\/2021\/10\/2020-600x450.jpg 600w, https:\/\/atauni.edu.tr\/eczacilik-fakultesi\/wp-content\/uploads\/sites\/58\/2021\/10\/2020-560x420.jpg 560w\" sizes=\"(max-width: 768px) 100vw, 768px\" \/>\t\t\t\t\t\t\t\t\t\t\t\t\t\t\t<\/div>\n\t\t\t\t<\/div>\n\t\t\t\t\t<\/div>\n\t\t<\/div>\n\t\t\t\t\t<\/div>\n\t\t<\/section>\n\t\t\t\t\t<\/div>\n\t\t<\/div>\n\t\t\t\t\t<\/div>\n\t\t<\/section>\n\t\t\t\t<\/div>\n\t\t","protected":false},"excerpt":{"rendered":"<p>29.12.2020 tarihinde 13. B\u00f6lge Eczac\u0131 Odas\u0131 Ba\u015fkan\u0131 Ecz. Mahmut U\u00c7AR beraberindeki oda yetkilileri ile birlikte fak\u00fcltemize ziyarette bulunmu\u015flard\u0131r. Dekan\u0131m\u0131z Prof.Dr.Y\u00fccel KADIO\u011eLU \u015fahs\u0131nda t\u00fcm \u00f6\u011fretim \u00fcyelerimize ve g\u00f6revlilerimize hay\u0131rl\u0131 ve sa\u011fl\u0131kl\u0131 yeni y\u0131l dileklerini ileten Say\u0131n Ba\u015fkan ve yetkililere Fak\u00fcltemiz ad\u0131na te\u015fekk\u00fcr ederiz.\u00a0<\/p>\n","protected":false},"author":47,"featured_media":0,"parent":0,"menu_order":0,"comment_status":"closed","ping_status":"closed","template":"","meta":{"footnotes":""},"class_list":["post-8680","page","type-page","status-publish","hentry"],"_links":{"self":[{"href":"https:\/\/atauni.edu.tr\/eczacilik-fakultesi\/wp-json\/wp\/v2\/pages\/8680","targetHints":{"allow":["GET"]}}],"collection":[{"href":"https:\/\/atauni.edu.tr\/eczacilik-fakultesi\/wp-json\/wp\/v2\/pages"}],"about":[{"href":"https:\/\/atauni.edu.tr\/eczacilik-fakultesi\/wp-json\/wp\/v2\/types\/page"}],"author":[{"embeddable":true,"href":"https:\/\/atauni.edu.tr\/eczacilik-fakultesi\/wp-json\/wp\/v2\/users\/47"}],"replies":[{"embeddable":true,"href":"https:\/\/atauni.edu.tr\/eczacilik-fakultesi\/wp-json\/wp\/v2\/comments?post=8680"}],"version-history":[{"count":4,"href":"https:\/\/atauni.edu.tr\/eczacilik-fakultesi\/wp-json\/wp\/v2\/pages\/8680\/revisions"}],"predecessor-version":[{"id":8695,"href":"https:\/\/atauni.edu.tr\/eczacilik-fakultesi\/wp-json\/wp\/v2\/pages\/8680\/revisions\/8695"}],"wp:attachment":[{"href":"https:\/\/atauni.edu.tr\/eczacilik-fakultesi\/wp-json\/wp\/v2\/media?parent=8680"}],"curies":[{"name":"wp","href":"https:\/\/api.w.org\/{rel}","templated":true}]}}