{"id":8749,"date":"2021-10-27T17:56:45","date_gmt":"2021-10-27T14:56:45","guid":{"rendered":"http:\/\/birimler.atauni.edu.tr\/eczacilik-fakultesi\/?page_id=8749"},"modified":"2021-10-27T17:59:37","modified_gmt":"2021-10-27T14:59:37","slug":"eczacilik-fakultesi-ogrencilerinin-basarisi","status":"publish","type":"page","link":"https:\/\/atauni.edu.tr\/eczacilik-fakultesi\/eczacilik-fakultesi-ogrencilerinin-basarisi\/","title":{"rendered":"Eczac\u0131l\u0131k Fak\u00fcltesi \u00d6\u011frencilerinin Ba\u015far\u0131s\u0131"},"content":{"rendered":"\t\t<div data-elementor-type=\"wp-page\" data-elementor-id=\"8749\" class=\"elementor elementor-8749\" data-elementor-post-type=\"page\">\n\t\t\t\t\t\t<section class=\"elementor-section elementor-top-section elementor-element elementor-element-8155a7f elementor-section-boxed elementor-section-height-default elementor-section-height-default\" data-id=\"8155a7f\" data-element_type=\"section\">\n\t\t\t\t\t\t<div class=\"elementor-container elementor-column-gap-default\">\n\t\t\t\t\t<div class=\"elementor-column elementor-col-100 elementor-top-column elementor-element elementor-element-4b02856\" data-id=\"4b02856\" data-element_type=\"column\">\n\t\t\t<div class=\"elementor-widget-wrap elementor-element-populated\">\n\t\t\t\t\t\t<div class=\"elementor-element elementor-element-b058ecf elementor-widget elementor-widget-text-editor\" data-id=\"b058ecf\" data-element_type=\"widget\" data-widget_type=\"text-editor.default\">\n\t\t\t\t<div class=\"elementor-widget-container\">\n\t\t\t\t\t\t\t\t\t<p>23 Aral\u0131k 2019 Tarihinde \u00dcniversitemiz Fak\u00fclte ve Y\u00fcksekokullar Aras\u0131 Spor \u015eenliklerinde Masa Tenisi \u015eampiyonas\u0131nda Fak\u00fcltemiz \u00d6\u011frencileri Kad\u0131nlar Masa Tenisi Turnuva Birincilik, Erkekler Masa Tenisi Turnuvas\u0131nda \u00dc\u00e7\u00fcnc\u00fcl\u00fck \u00d6d\u00fcl\u00fcn\u00fc kazand\u0131lar. Ayr\u0131ca Ferdi kar\u015f\u0131la\u015fmalarda be\u015finci s\u0131n\u0131f \u00f6\u011frencisi Sedanur \u00d6ZT\u00dcRK Birincilik \u00d6d\u00fcl\u00fcn\u00fc kazand\u0131 ve \u00dcniversite Tak\u0131m\u0131na se\u00e7ildi Antalya&#8217;da Masa Tenisi Turnuvalar\u0131na kat\u0131ld\u0131. \u00d6\u011frencilerimizi kutluyoruz&#8230;.<\/p>\t\t\t\t\t\t\t\t<\/div>\n\t\t\t\t<\/div>\n\t\t\t\t\t<\/div>\n\t\t<\/div>\n\t\t\t\t\t<\/div>\n\t\t<\/section>\n\t\t\t\t<section class=\"elementor-section elementor-top-section elementor-element elementor-element-55b3c55 elementor-section-boxed elementor-section-height-default elementor-section-height-default\" data-id=\"55b3c55\" data-element_type=\"section\">\n\t\t\t\t\t\t<div class=\"elementor-container elementor-column-gap-default\">\n\t\t\t\t\t<div class=\"elementor-column elementor-col-100 elementor-top-column elementor-element elementor-element-3d474bb\" data-id=\"3d474bb\" data-element_type=\"column\">\n\t\t\t<div class=\"elementor-widget-wrap elementor-element-populated\">\n\t\t\t\t\t\t<div class=\"elementor-element elementor-element-775a743 elementor-arrows-position-inside elementor-pagination-position-outside elementor-widget elementor-widget-image-carousel\" data-id=\"775a743\" data-element_type=\"widget\" data-settings=\"{&quot;navigation&quot;:&quot;both&quot;,&quot;autoplay&quot;:&quot;yes&quot;,&quot;pause_on_hover&quot;:&quot;yes&quot;,&quot;pause_on_interaction&quot;:&quot;yes&quot;,&quot;autoplay_speed&quot;:5000,&quot;infinite&quot;:&quot;yes&quot;,&quot;speed&quot;:500}\" data-widget_type=\"image-carousel.default\">\n\t\t\t\t<div class=\"elementor-widget-container\">\n\t\t\t\t\t\t\t<div class=\"elementor-image-carousel-wrapper swiper\" role=\"region\" aria-roledescription=\"carousel\" aria-label=\"Resim D\u00f6ng\u00fcs\u00fc\" dir=\"ltr\">\n\t\t\t<div class=\"elementor-image-carousel swiper-wrapper\" aria-live=\"off\">\n\t\t\t\t\t\t\t\t<div class=\"swiper-slide\" role=\"group\" aria-roledescription=\"slide\" aria-label=\"1 \/ 8\"><figure class=\"swiper-slide-inner\"><img decoding=\"async\" class=\"swiper-slide-image\" src=\"https:\/\/atauni.edu.tr\/eczacilik-fakultesi\/wp-content\/uploads\/sites\/58\/2020\/07\/MiConv.com__1b95a77fed1771934552ae6f55a58612-1-150x150.jpg\" alt=\"MiConv.com__1b95a77fed1771934552ae6f55a58612 (1)\" \/><\/figure><\/div><div class=\"swiper-slide\" role=\"group\" aria-roledescription=\"slide\" aria-label=\"2 \/ 8\"><figure class=\"swiper-slide-inner\"><img decoding=\"async\" class=\"swiper-slide-image\" src=\"https:\/\/atauni.edu.tr\/eczacilik-fakultesi\/wp-content\/uploads\/sites\/58\/2020\/07\/MiConv.com__a5952687e6bf835153b2922721f03876-150x150.jpg\" alt=\"MiConv.com__a5952687e6bf835153b2922721f03876\" \/><\/figure><\/div><div class=\"swiper-slide\" role=\"group\" aria-roledescription=\"slide\" aria-label=\"3 \/ 8\"><figure class=\"swiper-slide-inner\"><img decoding=\"async\" class=\"swiper-slide-image\" src=\"https:\/\/atauni.edu.tr\/eczacilik-fakultesi\/wp-content\/uploads\/sites\/58\/2020\/07\/MiConv.com__2ce8e605418ee44901682972bafc587f-150x150.jpg\" alt=\"MiConv.com__2ce8e605418ee44901682972bafc587f\" \/><\/figure><\/div><div class=\"swiper-slide\" role=\"group\" aria-roledescription=\"slide\" aria-label=\"4 \/ 8\"><figure class=\"swiper-slide-inner\"><img decoding=\"async\" class=\"swiper-slide-image\" src=\"https:\/\/atauni.edu.tr\/eczacilik-fakultesi\/wp-content\/uploads\/sites\/58\/2020\/07\/MiConv.com__96d059b92f69aa805d76d07b5aadd08c-150x150.jpg\" alt=\"MiConv.com__96d059b92f69aa805d76d07b5aadd08c\" \/><\/figure><\/div><div class=\"swiper-slide\" role=\"group\" aria-roledescription=\"slide\" aria-label=\"5 \/ 8\"><figure class=\"swiper-slide-inner\"><img decoding=\"async\" class=\"swiper-slide-image\" src=\"https:\/\/atauni.edu.tr\/eczacilik-fakultesi\/wp-content\/uploads\/sites\/58\/2020\/07\/MiConv.com__8282b3648770f80bb3e1447f382b54b4-150x150.jpg\" alt=\"MiConv.com__8282b3648770f80bb3e1447f382b54b4\" \/><\/figure><\/div><div class=\"swiper-slide\" role=\"group\" aria-roledescription=\"slide\" aria-label=\"6 \/ 8\"><figure class=\"swiper-slide-inner\"><img decoding=\"async\" class=\"swiper-slide-image\" src=\"https:\/\/atauni.edu.tr\/eczacilik-fakultesi\/wp-content\/uploads\/sites\/58\/2020\/07\/MiConv.com__76d7c4caf3512e187f30cbf1b78ec05a-150x150.jpg\" alt=\"MiConv.com__76d7c4caf3512e187f30cbf1b78ec05a\" \/><\/figure><\/div><div class=\"swiper-slide\" role=\"group\" aria-roledescription=\"slide\" aria-label=\"7 \/ 8\"><figure class=\"swiper-slide-inner\"><img decoding=\"async\" class=\"swiper-slide-image\" src=\"https:\/\/atauni.edu.tr\/eczacilik-fakultesi\/wp-content\/uploads\/sites\/58\/2020\/07\/MiConv.com__65ab7ae57cd29cd0f1a1eb67bc6e002a-150x150.jpg\" alt=\"MiConv.com__65ab7ae57cd29cd0f1a1eb67bc6e002a\" \/><\/figure><\/div><div class=\"swiper-slide\" role=\"group\" aria-roledescription=\"slide\" aria-label=\"8 \/ 8\"><figure class=\"swiper-slide-inner\"><img decoding=\"async\" class=\"swiper-slide-image\" src=\"https:\/\/atauni.edu.tr\/eczacilik-fakultesi\/wp-content\/uploads\/sites\/58\/2020\/07\/MiConv.com__8cd508a557293f0b971c08b0ac88875e-150x150.jpg\" alt=\"MiConv.com__8cd508a557293f0b971c08b0ac88875e\" \/><\/figure><\/div>\t\t\t<\/div>\n\t\t\t\t\t\t\t\t\t\t\t\t<div class=\"elementor-swiper-button elementor-swiper-button-prev\" role=\"button\" tabindex=\"0\">\n\t\t\t\t\t\t<i aria-hidden=\"true\" class=\"eicon-chevron-left\"><\/i>\t\t\t\t\t<\/div>\n\t\t\t\t\t<div class=\"elementor-swiper-button elementor-swiper-button-next\" role=\"button\" tabindex=\"0\">\n\t\t\t\t\t\t<i aria-hidden=\"true\" class=\"eicon-chevron-right\"><\/i>\t\t\t\t\t<\/div>\n\t\t\t\t\n\t\t\t\t\t\t\t\t\t<div class=\"swiper-pagination\"><\/div>\n\t\t\t\t\t\t\t\t\t<\/div>\n\t\t\t\t\t\t<\/div>\n\t\t\t\t<\/div>\n\t\t\t\t\t<\/div>\n\t\t<\/div>\n\t\t\t\t\t<\/div>\n\t\t<\/section>\n\t\t\t\t<\/div>\n\t\t","protected":false},"excerpt":{"rendered":"<p>23 Aral\u0131k 2019 Tarihinde \u00dcniversitemiz Fak\u00fclte ve Y\u00fcksekokullar Aras\u0131 Spor \u015eenliklerinde Masa Tenisi \u015eampiyonas\u0131nda Fak\u00fcltemiz \u00d6\u011frencileri Kad\u0131nlar Masa Tenisi Turnuva Birincilik, Erkekler Masa Tenisi Turnuvas\u0131nda \u00dc\u00e7\u00fcnc\u00fcl\u00fck \u00d6d\u00fcl\u00fcn\u00fc kazand\u0131lar. Ayr\u0131ca Ferdi kar\u015f\u0131la\u015fmalarda be\u015finci s\u0131n\u0131f \u00f6\u011frencisi Sedanur \u00d6ZT\u00dcRK Birincilik \u00d6d\u00fcl\u00fcn\u00fc kazand\u0131 ve \u00dcniversite Tak\u0131m\u0131na se\u00e7ildi Antalya&#8217;da Masa Tenisi Turnuvalar\u0131na kat\u0131ld\u0131. \u00d6\u011frencilerimizi kutluyoruz&#8230;. \u00d6nceki Sonraki<\/p>\n","protected":false},"author":47,"featured_media":0,"parent":0,"menu_order":0,"comment_status":"closed","ping_status":"closed","template":"","meta":{"footnotes":""},"class_list":["post-8749","page","type-page","status-publish","hentry"],"_links":{"self":[{"href":"https:\/\/atauni.edu.tr\/eczacilik-fakultesi\/wp-json\/wp\/v2\/pages\/8749","targetHints":{"allow":["GET"]}}],"collection":[{"href":"https:\/\/atauni.edu.tr\/eczacilik-fakultesi\/wp-json\/wp\/v2\/pages"}],"about":[{"href":"https:\/\/atauni.edu.tr\/eczacilik-fakultesi\/wp-json\/wp\/v2\/types\/page"}],"author":[{"embeddable":true,"href":"https:\/\/atauni.edu.tr\/eczacilik-fakultesi\/wp-json\/wp\/v2\/users\/47"}],"replies":[{"embeddable":true,"href":"https:\/\/atauni.edu.tr\/eczacilik-fakultesi\/wp-json\/wp\/v2\/comments?post=8749"}],"version-history":[{"count":4,"href":"https:\/\/atauni.edu.tr\/eczacilik-fakultesi\/wp-json\/wp\/v2\/pages\/8749\/revisions"}],"predecessor-version":[{"id":8777,"href":"https:\/\/atauni.edu.tr\/eczacilik-fakultesi\/wp-json\/wp\/v2\/pages\/8749\/revisions\/8777"}],"wp:attachment":[{"href":"https:\/\/atauni.edu.tr\/eczacilik-fakultesi\/wp-json\/wp\/v2\/media?parent=8749"}],"curies":[{"name":"wp","href":"https:\/\/api.w.org\/{rel}","templated":true}]}}