{"id":9391,"date":"2021-12-02T15:44:05","date_gmt":"2021-12-02T12:44:05","guid":{"rendered":"http:\/\/birimler.atauni.edu.tr\/eczacilik-fakultesi\/?page_id=9391"},"modified":"2024-08-01T11:30:13","modified_gmt":"2024-08-01T08:30:13","slug":"9391-2","status":"publish","type":"page","link":"https:\/\/atauni.edu.tr\/eczacilik-fakultesi\/9391-2\/","title":{"rendered":"Eczac\u0131l\u0131k Teknolojisi B\u00f6l\u00fcm\u00fc"},"content":{"rendered":"\t\t<div data-elementor-type=\"wp-page\" data-elementor-id=\"9391\" class=\"elementor elementor-9391\" data-elementor-post-type=\"page\">\n\t\t\t\t\t\t<section class=\"elementor-section elementor-top-section elementor-element elementor-element-c4389f4 elementor-section-boxed elementor-section-height-default elementor-section-height-default\" data-id=\"c4389f4\" data-element_type=\"section\">\n\t\t\t\t\t\t<div class=\"elementor-container elementor-column-gap-default\">\n\t\t\t\t\t<div class=\"elementor-column elementor-col-100 elementor-top-column elementor-element elementor-element-1a9c7b6\" data-id=\"1a9c7b6\" data-element_type=\"column\">\n\t\t\t<div class=\"elementor-widget-wrap elementor-element-populated\">\n\t\t\t\t\t\t<div class=\"elementor-element elementor-element-b32d04d elementor-widget elementor-widget-heading\" data-id=\"b32d04d\" data-element_type=\"widget\" data-widget_type=\"heading.default\">\n\t\t\t\t<div class=\"elementor-widget-container\">\n\t\t\t\t\t<h2 class=\"elementor-heading-title elementor-size-default\">B\u00f6l\u00fcmler<\/h2>\t\t\t\t<\/div>\n\t\t\t\t<\/div>\n\t\t\t\t<div class=\"elementor-element elementor-element-fe59a28 elementor-widget-divider--view-line elementor-widget elementor-widget-divider\" data-id=\"fe59a28\" data-element_type=\"widget\" data-widget_type=\"divider.default\">\n\t\t\t\t<div class=\"elementor-widget-container\">\n\t\t\t\t\t\t\t<div class=\"elementor-divider\">\n\t\t\t<span class=\"elementor-divider-separator\">\n\t\t\t\t\t\t<\/span>\n\t\t<\/div>\n\t\t\t\t\t\t<\/div>\n\t\t\t\t<\/div>\n\t\t\t\t\t<\/div>\n\t\t<\/div>\n\t\t\t\t\t<\/div>\n\t\t<\/section>\n\t\t\t\t<section class=\"elementor-section elementor-top-section elementor-element elementor-element-c1be6c3 elementor-section-boxed elementor-section-height-default elementor-section-height-default\" data-id=\"c1be6c3\" data-element_type=\"section\">\n\t\t\t\t\t\t<div class=\"elementor-container elementor-column-gap-default\">\n\t\t\t\t\t<div class=\"elementor-column elementor-col-100 elementor-top-column elementor-element elementor-element-0d0f194\" data-id=\"0d0f194\" data-element_type=\"column\">\n\t\t\t<div class=\"elementor-widget-wrap elementor-element-populated\">\n\t\t\t\t\t\t<div class=\"elementor-element elementor-element-ee934a4 elementor-widget elementor-widget-toggle\" data-id=\"ee934a4\" data-element_type=\"widget\" data-widget_type=\"toggle.default\">\n\t\t\t\t<div class=\"elementor-widget-container\">\n\t\t\t\t\t\t\t<div class=\"elementor-toggle\">\n\t\t\t\t\t\t\t<div class=\"elementor-toggle-item\">\n\t\t\t\t\t<div id=\"elementor-tab-title-2501\" class=\"elementor-tab-title\" data-tab=\"1\" role=\"button\" aria-controls=\"elementor-tab-content-2501\" aria-expanded=\"false\">\n\t\t\t\t\t\t\t\t\t\t\t\t<span class=\"elementor-toggle-icon elementor-toggle-icon-left\" aria-hidden=\"true\">\n\t\t\t\t\t\t\t\t\t\t\t\t\t\t\t<span class=\"elementor-toggle-icon-closed\"><i class=\"fas fa-caret-right\"><\/i><\/span>\n\t\t\t\t\t\t\t\t<span class=\"elementor-toggle-icon-opened\"><i class=\"elementor-toggle-icon-opened fas fa-caret-up\"><\/i><\/span>\n\t\t\t\t\t\t\t\t\t\t\t\t\t<\/span>\n\t\t\t\t\t\t\t\t\t\t\t\t<a class=\"elementor-toggle-title\" tabindex=\"0\">Temel Eczac\u0131l\u0131k Bilimleri B\u00f6l\u00fcm\u00fc<\/a>\n\t\t\t\t\t<\/div>\n\n\t\t\t\t\t<div id=\"elementor-tab-content-2501\" class=\"elementor-tab-content elementor-clearfix\" data-tab=\"1\" role=\"region\" aria-labelledby=\"elementor-tab-title-2501\"><p><strong>B\u00f6l\u00fcm Ba\u015fkan<\/strong>\u0131<\/p><p>Prof. Dr. Bilal YILMAZ \u00a0<\/p><p><strong>Anabilim Dallar\u0131\u00a0<\/strong><\/p><p><a href=\"http:\/\/birimler.atauni.edu.tr\/eczacilik-fakultesi\/analitik-kimya-anabilim-dali\/\">Analitik Kimya Anabilim Dal\u0131<\/a><\/p><p><a href=\"http:\/\/birimler.atauni.edu.tr\/eczacilik-fakultesi\/biyokimya-anabilim-dali\/\">Biyokimya Anabilim Dal\u0131<\/a><\/p><p><a href=\"http:\/\/birimler.atauni.edu.tr\/eczacilik-fakultesi\/farmasotik-mikrobiyoloji-anabilim-dali\/\">Farmas\u00f6tik Mikrobiyoloji Anabilim Dal\u0131<\/a><\/p><\/div>\n\t\t\t\t<\/div>\n\t\t\t\t\t\t\t<div class=\"elementor-toggle-item\">\n\t\t\t\t\t<div id=\"elementor-tab-title-2502\" class=\"elementor-tab-title\" data-tab=\"2\" role=\"button\" aria-controls=\"elementor-tab-content-2502\" aria-expanded=\"false\">\n\t\t\t\t\t\t\t\t\t\t\t\t<span class=\"elementor-toggle-icon elementor-toggle-icon-left\" aria-hidden=\"true\">\n\t\t\t\t\t\t\t\t\t\t\t\t\t\t\t<span class=\"elementor-toggle-icon-closed\"><i class=\"fas fa-caret-right\"><\/i><\/span>\n\t\t\t\t\t\t\t\t<span class=\"elementor-toggle-icon-opened\"><i class=\"elementor-toggle-icon-opened fas fa-caret-up\"><\/i><\/span>\n\t\t\t\t\t\t\t\t\t\t\t\t\t<\/span>\n\t\t\t\t\t\t\t\t\t\t\t\t<a class=\"elementor-toggle-title\" tabindex=\"0\">Eczac\u0131l\u0131k Meslek Bilimleri B\u00f6l\u00fcm\u00fc<\/a>\n\t\t\t\t\t<\/div>\n\n\t\t\t\t\t<div id=\"elementor-tab-content-2502\" class=\"elementor-tab-content elementor-clearfix\" data-tab=\"2\" role=\"region\" aria-labelledby=\"elementor-tab-title-2502\"><p><strong>B\u00f6l\u00fcm Ba\u015fkan\u0131<\/strong><\/p><p>Prof. Dr. Z\u00fchal G\u00dcVENALP \u00a0\u00a0<\/p><p><strong>Anabilim Dallar\u0131\u00a0<\/strong><\/p><p><a href=\"http:\/\/birimler.atauni.edu.tr\/eczacilik-fakultesi\/eczacilik-meslek-bilimleri-bolumu\/\">Farmakognozi Anabilim Dal\u0131<\/a><\/p><p><a href=\"http:\/\/birimler.atauni.edu.tr\/eczacilik-fakultesi\/farmasotik-kimya-anabilim-dali\/\">Farmas\u00f6tik Kimya Anabilim Dal\u0131<\/a><\/p><p><a style=\"background-color: #ffffff;letter-spacing: 0px\" href=\"http:\/\/birimler.atauni.edu.tr\/eczacilik-fakultesi\/farmasotik-toksikoloji-anabilim-dali\/\" target=\"_blank\" rel=\"noopener\">Farmas\u00f6tik Toksikoloji Anabilim Dal\u0131<\/a><\/p><p><a href=\"http:\/\/birimler.atauni.edu.tr\/eczacilik-fakultesi\/farmasotik-botanik-anabilim-dali\/\">Farmas\u00f6tik Botanik Anabilim Dal\u0131<br \/><\/a><\/p><p><a href=\"http:\/\/birimler.atauni.edu.tr\/eczacilik-fakultesi\/farmakoloji-anabilim-dali\/\">Farmakoloji Anabilim Dal\u0131<\/a><\/p><p><a href=\"http:\/\/birimler.atauni.edu.tr\/eczacilik-fakultesi\/klinik-eczacilik-anabilim-dali\/\">Klinik Eczac\u0131l\u0131k Anabilim Dal\u0131<\/a><\/p><p><a href=\"http:\/\/birimler.atauni.edu.tr\/eczacilik-fakultesi\/eczacilik-isletmeciligi-anabilim-dali\/\">Eczac\u0131l\u0131k \u0130\u015fletmecili\u011fi Anabilim Dal\u0131<\/a><\/p><\/div>\n\t\t\t\t<\/div>\n\t\t\t\t\t\t\t<div class=\"elementor-toggle-item\">\n\t\t\t\t\t<div id=\"elementor-tab-title-2503\" class=\"elementor-tab-title\" data-tab=\"3\" role=\"button\" aria-controls=\"elementor-tab-content-2503\" aria-expanded=\"false\">\n\t\t\t\t\t\t\t\t\t\t\t\t<span class=\"elementor-toggle-icon elementor-toggle-icon-left\" aria-hidden=\"true\">\n\t\t\t\t\t\t\t\t\t\t\t\t\t\t\t<span class=\"elementor-toggle-icon-closed\"><i class=\"fas fa-caret-right\"><\/i><\/span>\n\t\t\t\t\t\t\t\t<span class=\"elementor-toggle-icon-opened\"><i class=\"elementor-toggle-icon-opened fas fa-caret-up\"><\/i><\/span>\n\t\t\t\t\t\t\t\t\t\t\t\t\t<\/span>\n\t\t\t\t\t\t\t\t\t\t\t\t<a class=\"elementor-toggle-title\" tabindex=\"0\">Eczac\u0131l\u0131k Teknolojisi B\u00f6l\u00fcm\u00fc<\/a>\n\t\t\t\t\t<\/div>\n\n\t\t\t\t\t<div id=\"elementor-tab-content-2503\" class=\"elementor-tab-content elementor-clearfix\" data-tab=\"3\" role=\"region\" aria-labelledby=\"elementor-tab-title-2503\"><p><strong>B\u00f6l\u00fcm Ba\u015fkan<\/strong>\u0131<\/p><p>Prof. Dr. Meltem \u00c7ET\u0130N \u00a0\u00a0<\/p><p><strong>\u00a0Anabilim Dallar\u0131\u00a0<\/strong><\/p><p><a href=\"http:\/\/birimler.atauni.edu.tr\/eczacilik-fakultesi\/farmasotik-teknoloji-anabilim-dali\/\">Farmas\u00f6tik Teknoloji Anabilim Dal\u0131<\/a><\/p><\/div>\n\t\t\t\t<\/div>\n\t\t\t\t\t\t\t\t<\/div>\n\t\t\t\t\t\t<\/div>\n\t\t\t\t<\/div>\n\t\t\t\t\t<\/div>\n\t\t<\/div>\n\t\t\t\t\t<\/div>\n\t\t<\/section>\n\t\t\t\t<\/div>\n\t\t","protected":false},"excerpt":{"rendered":"<p>B\u00f6l\u00fcmler Temel Eczac\u0131l\u0131k Bilimleri B\u00f6l\u00fcm\u00fc B\u00f6l\u00fcm Ba\u015fkan\u0131 Prof. Dr. Bilal YILMAZ \u00a0 Anabilim Dallar\u0131\u00a0 Analitik Kimya Anabilim Dal\u0131 Biyokimya Anabilim Dal\u0131 Farmas\u00f6tik Mikrobiyoloji Anabilim Dal\u0131 Eczac\u0131l\u0131k Meslek Bilimleri B\u00f6l\u00fcm\u00fc B\u00f6l\u00fcm Ba\u015fkan\u0131 Prof. Dr. Z\u00fchal G\u00dcVENALP \u00a0\u00a0 Anabilim Dallar\u0131\u00a0 Farmakognozi Anabilim Dal\u0131 Farmas\u00f6tik Kimya Anabilim Dal\u0131 Farmas\u00f6tik Toksikoloji Anabilim Dal\u0131 Farmas\u00f6tik Botanik Anabilim Dal\u0131 Farmakoloji Anabilim [&hellip;]<\/p>\n","protected":false},"author":47,"featured_media":0,"parent":0,"menu_order":0,"comment_status":"closed","ping_status":"closed","template":"","meta":{"footnotes":""},"class_list":["post-9391","page","type-page","status-publish","hentry"],"_links":{"self":[{"href":"https:\/\/atauni.edu.tr\/eczacilik-fakultesi\/wp-json\/wp\/v2\/pages\/9391","targetHints":{"allow":["GET"]}}],"collection":[{"href":"https:\/\/atauni.edu.tr\/eczacilik-fakultesi\/wp-json\/wp\/v2\/pages"}],"about":[{"href":"https:\/\/atauni.edu.tr\/eczacilik-fakultesi\/wp-json\/wp\/v2\/types\/page"}],"author":[{"embeddable":true,"href":"https:\/\/atauni.edu.tr\/eczacilik-fakultesi\/wp-json\/wp\/v2\/users\/47"}],"replies":[{"embeddable":true,"href":"https:\/\/atauni.edu.tr\/eczacilik-fakultesi\/wp-json\/wp\/v2\/comments?post=9391"}],"version-history":[{"count":26,"href":"https:\/\/atauni.edu.tr\/eczacilik-fakultesi\/wp-json\/wp\/v2\/pages\/9391\/revisions"}],"predecessor-version":[{"id":13255,"href":"https:\/\/atauni.edu.tr\/eczacilik-fakultesi\/wp-json\/wp\/v2\/pages\/9391\/revisions\/13255"}],"wp:attachment":[{"href":"https:\/\/atauni.edu.tr\/eczacilik-fakultesi\/wp-json\/wp\/v2\/media?parent=9391"}],"curies":[{"name":"wp","href":"https:\/\/api.w.org\/{rel}","templated":true}]}}