{"id":9622,"date":"2021-12-02T17:40:10","date_gmt":"2021-12-02T14:40:10","guid":{"rendered":"http:\/\/birimler.atauni.edu.tr\/eczacilik-fakultesi\/?page_id=9622"},"modified":"2024-08-01T12:01:44","modified_gmt":"2024-08-01T09:01:44","slug":"9622-2","status":"publish","type":"page","link":"https:\/\/atauni.edu.tr\/eczacilik-fakultesi\/9622-2\/","title":{"rendered":"Eczac\u0131l\u0131k Meslek Bilimleri B\u00f6l\u00fcm\u00fc\u200b"},"content":{"rendered":"\t\t<div data-elementor-type=\"wp-page\" data-elementor-id=\"9622\" class=\"elementor elementor-9622\" data-elementor-post-type=\"page\">\n\t\t\t\t\t\t<section class=\"elementor-section elementor-top-section elementor-element elementor-element-14938a1 elementor-section-boxed elementor-section-height-default elementor-section-height-default\" data-id=\"14938a1\" data-element_type=\"section\">\n\t\t\t\t\t\t<div class=\"elementor-container elementor-column-gap-default\">\n\t\t\t\t\t<div class=\"elementor-column elementor-col-100 elementor-top-column elementor-element elementor-element-441ae1f\" data-id=\"441ae1f\" data-element_type=\"column\">\n\t\t\t<div class=\"elementor-widget-wrap elementor-element-populated\">\n\t\t\t\t\t\t<div class=\"elementor-element elementor-element-5359ce0 elementor-widget elementor-widget-heading\" data-id=\"5359ce0\" data-element_type=\"widget\" data-widget_type=\"heading.default\">\n\t\t\t\t<div class=\"elementor-widget-container\">\n\t\t\t\t\t<h2 class=\"elementor-heading-title elementor-size-default\">Eczac\u0131l\u0131k Meslek Bilimleri B\u00f6l\u00fcm\u00fc<\/h2>\t\t\t\t<\/div>\n\t\t\t\t<\/div>\n\t\t\t\t\t<\/div>\n\t\t<\/div>\n\t\t\t\t\t<\/div>\n\t\t<\/section>\n\t\t\t\t<section class=\"elementor-section elementor-top-section elementor-element elementor-element-2a78c35 elementor-section-boxed elementor-section-height-default elementor-section-height-default\" data-id=\"2a78c35\" data-element_type=\"section\">\n\t\t\t\t\t\t<div class=\"elementor-container elementor-column-gap-default\">\n\t\t\t\t\t<div class=\"elementor-column elementor-col-100 elementor-top-column elementor-element elementor-element-05916f1\" data-id=\"05916f1\" data-element_type=\"column\">\n\t\t\t<div class=\"elementor-widget-wrap elementor-element-populated\">\n\t\t\t\t\t\t<div class=\"elementor-element elementor-element-6786de9 elementor-widget-divider--view-line elementor-widget elementor-widget-divider\" data-id=\"6786de9\" data-element_type=\"widget\" data-widget_type=\"divider.default\">\n\t\t\t\t<div class=\"elementor-widget-container\">\n\t\t\t\t\t\t\t<div class=\"elementor-divider\">\n\t\t\t<span class=\"elementor-divider-separator\">\n\t\t\t\t\t\t<\/span>\n\t\t<\/div>\n\t\t\t\t\t\t<\/div>\n\t\t\t\t<\/div>\n\t\t\t\t\t<\/div>\n\t\t<\/div>\n\t\t\t\t\t<\/div>\n\t\t<\/section>\n\t\t\t\t<section class=\"elementor-section elementor-top-section elementor-element elementor-element-d754640 elementor-section-boxed elementor-section-height-default elementor-section-height-default\" data-id=\"d754640\" data-element_type=\"section\">\n\t\t\t\t\t\t<div class=\"elementor-container elementor-column-gap-default\">\n\t\t\t\t\t<div class=\"elementor-column elementor-col-100 elementor-top-column elementor-element elementor-element-9f1f5f2\" data-id=\"9f1f5f2\" data-element_type=\"column\">\n\t\t\t<div class=\"elementor-widget-wrap elementor-element-populated\">\n\t\t\t\t\t\t<div class=\"elementor-element elementor-element-e57e435 elementor-widget elementor-widget-text-editor\" data-id=\"e57e435\" data-element_type=\"widget\" data-widget_type=\"text-editor.default\">\n\t\t\t\t<div class=\"elementor-widget-container\">\n\t\t\t\t\t\t\t\t\t<p><strong>B\u00f6l\u00fcm Ba\u015fkan\u0131<\/strong><\/p>\n<p>Prof. Dr. Z\u00fchal G\u00dcVENALP &nbsp;&nbsp;<\/p>\n<p><strong>Anabilim Dallar\u0131&nbsp;<\/strong><\/p>\n<p><a href=\"http:\/\/birimler.atauni.edu.tr\/eczacilik-fakultesi\/eczacilik-meslek-bilimleri-bolumu\/\">Farmakognozi Anabilim Dal\u0131<\/a><\/p>\n<p><a href=\"http:\/\/birimler.atauni.edu.tr\/eczacilik-fakultesi\/farmasotik-kimya-anabilim-dali\/\">Farmas\u00f6tik Kimya Anabilim Dal\u0131<\/a><\/p>\n<p><a style=\"background-color: #ffffff;letter-spacing: 0px\" href=\"http:\/\/birimler.atauni.edu.tr\/eczacilik-fakultesi\/farmasotik-toksikoloji-anabilim-dali\/\" target=\"_blank\" rel=\"noopener\">Farmas\u00f6tik Toksikoloji Anabilim Dal\u0131<\/a><\/p>\n<p><a href=\"http:\/\/birimler.atauni.edu.tr\/eczacilik-fakultesi\/farmasotik-botanik-anabilim-dali\/\">Farmas\u00f6tik Botanik Anabilim Dal\u0131<\/a><\/p>\n<p><a href=\"http:\/\/birimler.atauni.edu.tr\/eczacilik-fakultesi\/farmakoloji-anabilim-dali\/\">Farmakoloji Anabilim Dal\u0131<\/a><\/p>\n<p><a href=\"http:\/\/birimler.atauni.edu.tr\/eczacilik-fakultesi\/klinik-eczacilik-anabilim-dali\/\">Klinik Eczac\u0131l\u0131k Anabilim Dal\u0131<\/a><\/p>\n<p><a href=\"http:\/\/birimler.atauni.edu.tr\/eczacilik-fakultesi\/eczacilik-isletmeciligi-anabilim-dali\/\">Eczac\u0131l\u0131k \u0130\u015fletmecili\u011fi Anabilim Dal\u0131<\/a><\/p>\t\t\t\t\t\t\t\t<\/div>\n\t\t\t\t<\/div>\n\t\t\t\t\t<\/div>\n\t\t<\/div>\n\t\t\t\t\t<\/div>\n\t\t<\/section>\n\t\t\t\t<\/div>\n\t\t","protected":false},"excerpt":{"rendered":"<p>Eczac\u0131l\u0131k Meslek Bilimleri B\u00f6l\u00fcm\u00fc B\u00f6l\u00fcm Ba\u015fkan\u0131 Prof. Dr. Z\u00fchal G\u00dcVENALP &nbsp;&nbsp; Anabilim Dallar\u0131&nbsp; Farmakognozi Anabilim Dal\u0131 Farmas\u00f6tik Kimya Anabilim Dal\u0131 Farmas\u00f6tik Toksikoloji Anabilim Dal\u0131 Farmas\u00f6tik Botanik Anabilim Dal\u0131 Farmakoloji Anabilim Dal\u0131 Klinik Eczac\u0131l\u0131k Anabilim Dal\u0131 Eczac\u0131l\u0131k \u0130\u015fletmecili\u011fi Anabilim Dal\u0131<\/p>\n","protected":false},"author":47,"featured_media":0,"parent":0,"menu_order":0,"comment_status":"closed","ping_status":"closed","template":"","meta":{"footnotes":""},"class_list":["post-9622","page","type-page","status-publish","hentry"],"_links":{"self":[{"href":"https:\/\/atauni.edu.tr\/eczacilik-fakultesi\/wp-json\/wp\/v2\/pages\/9622","targetHints":{"allow":["GET"]}}],"collection":[{"href":"https:\/\/atauni.edu.tr\/eczacilik-fakultesi\/wp-json\/wp\/v2\/pages"}],"about":[{"href":"https:\/\/atauni.edu.tr\/eczacilik-fakultesi\/wp-json\/wp\/v2\/types\/page"}],"author":[{"embeddable":true,"href":"https:\/\/atauni.edu.tr\/eczacilik-fakultesi\/wp-json\/wp\/v2\/users\/47"}],"replies":[{"embeddable":true,"href":"https:\/\/atauni.edu.tr\/eczacilik-fakultesi\/wp-json\/wp\/v2\/comments?post=9622"}],"version-history":[{"count":14,"href":"https:\/\/atauni.edu.tr\/eczacilik-fakultesi\/wp-json\/wp\/v2\/pages\/9622\/revisions"}],"predecessor-version":[{"id":13308,"href":"https:\/\/atauni.edu.tr\/eczacilik-fakultesi\/wp-json\/wp\/v2\/pages\/9622\/revisions\/13308"}],"wp:attachment":[{"href":"https:\/\/atauni.edu.tr\/eczacilik-fakultesi\/wp-json\/wp\/v2\/media?parent=9622"}],"curies":[{"name":"wp","href":"https:\/\/api.w.org\/{rel}","templated":true}]}}