{"id":9777,"date":"2021-12-02T18:53:50","date_gmt":"2021-12-02T15:53:50","guid":{"rendered":"http:\/\/birimler.atauni.edu.tr\/eczacilik-fakultesi\/?page_id=9777"},"modified":"2021-12-02T18:57:25","modified_gmt":"2021-12-02T15:57:25","slug":"2018-yili-etkinlikleri","status":"publish","type":"page","link":"https:\/\/atauni.edu.tr\/eczacilik-fakultesi\/2018-yili-etkinlikleri\/","title":{"rendered":"2018 Y\u0131l\u0131 Etkinlikleri"},"content":{"rendered":"\t\t<div data-elementor-type=\"wp-page\" data-elementor-id=\"9777\" class=\"elementor elementor-9777\" data-elementor-post-type=\"page\">\n\t\t\t\t\t\t<section class=\"elementor-section elementor-top-section elementor-element elementor-element-00ab611 elementor-section-boxed elementor-section-height-default elementor-section-height-default\" data-id=\"00ab611\" data-element_type=\"section\">\n\t\t\t\t\t\t<div class=\"elementor-container elementor-column-gap-default\">\n\t\t\t\t\t<div class=\"elementor-column elementor-col-100 elementor-top-column elementor-element elementor-element-a8d49e7\" data-id=\"a8d49e7\" data-element_type=\"column\">\n\t\t\t<div class=\"elementor-widget-wrap elementor-element-populated\">\n\t\t\t\t\t\t<div class=\"elementor-element elementor-element-8c5a824 elementor-widget elementor-widget-text-editor\" data-id=\"8c5a824\" data-element_type=\"widget\" data-widget_type=\"text-editor.default\">\n\t\t\t\t<div class=\"elementor-widget-container\">\n\t\t\t\t\t\t\t\t\t<p><a href=\"http:\/\/birimler.atauni.edu.tr\/eczacilik-fakultesi\/fakultemiz-yuksek-puanla-kazanan-ogrenci-odullendirmesi\/\">Fak\u00fcltemiz Y\u00fcksek Puanla Kazanan \u00d6\u011frenci \u00d6d\u00fcllendirmesi<\/a><\/p><p><a href=\"http:\/\/birimler.atauni.edu.tr\/eczacilik-fakultesi\/kariyer-gunleri-basliyor\/\">Kariyer G\u00fcnleri Ba\u015fl\u0131yor\u2026<\/a><\/p><p><a href=\"http:\/\/birimler.atauni.edu.tr\/eczacilik-fakultesi\/fiziki-sartlar-ve-alt-yapi-kapsaminda-yapilan-calismalar-2\/\">Fiziki \u015eartlar Ve Alt Yap\u0131 Kapsam\u0131nda Yap\u0131lan \u00c7al\u0131\u015fmalar<\/a><\/p><p><a href=\"http:\/\/birimler.atauni.edu.tr\/eczacilik-fakultesi\/selcuk-ecza-deposu-gezisi\/\">Sel\u00e7uk Ecza Deposu Gezisi<\/a><\/p><p><a href=\"http:\/\/birimler.atauni.edu.tr\/eczacilik-fakultesi\/proje-ofisi\/\">Proje Ofisi<\/a><\/p><p><a href=\"http:\/\/birimler.atauni.edu.tr\/eczacilik-fakultesi\/2018-hasta-bilgilendirme-yarismasi\/\">2018 Hasta Bilgilendirme Yar\u0131\u015fmas\u0131<\/a><\/p><p><a href=\"http:\/\/birimler.atauni.edu.tr\/eczacilik-fakultesi\/13-bolge-erzurum-eczaci-odasi-baskani-ve-yonetim-kurulu-ataturk-universitesi-eczacilik-fakultesi-dekani-sn-prof-dr-yucel-kadioglunu-ziyaret-etti\/\">13.B\u00f6lge Erzurum Eczac\u0131 Odas\u0131 Ba\u015fkan\u0131 Ve Y\u00f6netim Kurulu, Atat\u00fcrk \u00dcniversitesi Eczac\u0131l\u0131k Fak\u00fcltesi Dekan\u0131 Sn. Prof. Dr. Y\u00fccel Kad\u0131o\u011flu\u2019nu Ziyaret Etti.<\/a><\/p><p><a href=\"http:\/\/birimler.atauni.edu.tr\/eczacilik-fakultesi\/hipertansiyon-diyabet-obezite-astim-koah-eczanede-etkin-iletisim-ve-fitoterapi-konularinda-egitim\/\">Hipertansiyon, Diyabet, Obezite, Ast\u0131m, Koah, Eczanede Etkin \u0130leti\u015fim Ve Fitoterapi Konular\u0131nda E\u011fitim<\/a><\/p><p><a href=\"http:\/\/birimler.atauni.edu.tr\/eczacilik-fakultesi\/ii-ulusal-eczacilik-egitimi-ve-akreditasyon-kongresi\/\">I\u0131. Ulusal Eczac\u0131l\u0131k E\u011fitimi Ve Akreditasyon Kongresi<\/a><\/p><p><a href=\"http:\/\/birimler.atauni.edu.tr\/eczacilik-fakultesi\/turkiyede-ecza-kooperatifciligi\/\">T\u00fcrkiye\u2019de Ecza Kooperatifcili\u011fi<\/a><\/p><p><a href=\"http:\/\/birimler.atauni.edu.tr\/eczacilik-fakultesi\/kozmetik-bitkiler-yuruyusu-etkinligi\/\">Kozmetik Bitkiler Y\u00fcr\u00fcy\u00fc\u015f\u00fc Etkinli\u011fi<\/a><\/p><p><a href=\"http:\/\/birimler.atauni.edu.tr\/eczacilik-fakultesi\/5-sinif-ogrencileri-arastirma-projesi-kapsaminda-tez-savunmasi\/\">5.S\u0131n\u0131f \u00d6\u011frencileri Ara\u015ft\u0131rma Projesi Kapsam\u0131nda Tez Savunmas\u0131<\/a><\/p><p><a href=\"http:\/\/birimler.atauni.edu.tr\/eczacilik-fakultesi\/tebgk-hakkinda-fakultemiz-ogrencilerine-bilgilendirme-toplantisi\/\">Tebgk Hakk\u0131nda Fak\u00fcltemiz \u00d6\u011frencilerine Bilgilendirme Toplant\u0131s\u0131<\/a><\/p><p><a href=\"http:\/\/birimler.atauni.edu.tr\/eczacilik-fakultesi\/eczacilik-fakultesi-ogrencileri-gida-kermesi-duzenlediler\/\">Eczac\u0131l\u0131k Fak\u00fcltesi \u00d6\u011frencileri G\u0131da Kermesi D\u00fczenlediler<\/a><\/p><p><a href=\"http:\/\/birimler.atauni.edu.tr\/eczacilik-fakultesi\/eczacilik-fakultesi-besinci-sinif-ogrencilerinin-agac-dikme-etkinligi\/\">Eczac\u0131l\u0131k Fak\u00fcltesi Be\u015finci S\u0131n\u0131f \u00d6\u011frencilerinin A\u011fa\u00e7 Dikme Etkinli\u011fi<\/a><\/p><p><a href=\"http:\/\/birimler.atauni.edu.tr\/eczacilik-fakultesi\/teb-41-donem-i-bolgelerarasi-toplantisi\/\">Teb 41. D\u00f6nem I. B\u00f6lgeleraras\u0131 Toplant\u0131s\u0131<\/a><\/p><p>Eczac\u0131 Odas\u0131 Dekanl\u0131k Ziyareti<\/p><p><a href=\"http:\/\/birimler.atauni.edu.tr\/eczacilik-fakultesi\/yuksekogretim-kalite-kurulu-dis-degerlendirici-toplantisi\/\">Y\u00fcksek\u00f6\u011fretim Kalite Kurulu D\u0131\u015f De\u011ferlendirici Toplant\u0131s\u0131<\/a><\/p><p><a href=\"http:\/\/birimler.atauni.edu.tr\/eczacilik-fakultesi\/2018-2019-guz-yariyili-danisman-toplantisi\/\">2018-2019 G\u00fcz Yar\u0131y\u0131l\u0131 Dan\u0131\u015fman Toplant\u0131s\u0131<\/a><\/p><p><a href=\"http:\/\/birimler.atauni.edu.tr\/eczacilik-fakultesi\/gelistirilmis-egitim-programi\/\">Geli\u015ftirilmi\u015f E\u011fitim Program\u0131<\/a><\/p><p><a href=\"http:\/\/birimler.atauni.edu.tr\/eczacilik-fakultesi\/kriter-belirleme-toplantisi\/\">Kriter Belirleme Toplant\u0131s\u0131<\/a><\/p><p><a href=\"http:\/\/birimler.atauni.edu.tr\/eczacilik-fakultesi\/eczacilikta-yeterlilik-toplantisi\/\">Eczac\u0131l\u0131kta Yeterlilik Toplant\u0131s\u0131<\/a><\/p><p><a href=\"http:\/\/birimler.atauni.edu.tr\/eczacilik-fakultesi\/yardimci-eczacilik-konulu-toplanti\/\">Yard\u0131mc\u0131 Eczac\u0131l\u0131k Konulu Toplant\u0131<\/a><\/p><p><a href=\"http:\/\/birimler.atauni.edu.tr\/eczacilik-fakultesi\/mesleki-beceri-ve-iletisim-laboratuvari-simulasyon-eczanesi-acilisi-yapildi\/\">Mesleki Beceri Ve \u0130leti\u015fim Laboratuvar\u0131 (Sim\u00fclasyon Eczanesi) A\u00e7\u0131l\u0131\u015f\u0131 Yap\u0131ld\u0131.<\/a><\/p>\t\t\t\t\t\t\t\t<\/div>\n\t\t\t\t<\/div>\n\t\t\t\t\t<\/div>\n\t\t<\/div>\n\t\t\t\t\t<\/div>\n\t\t<\/section>\n\t\t\t\t<\/div>\n\t\t","protected":false},"excerpt":{"rendered":"<p>Fak\u00fcltemiz Y\u00fcksek Puanla Kazanan \u00d6\u011frenci \u00d6d\u00fcllendirmesi Kariyer G\u00fcnleri Ba\u015fl\u0131yor\u2026 Fiziki \u015eartlar Ve Alt Yap\u0131 Kapsam\u0131nda Yap\u0131lan \u00c7al\u0131\u015fmalar Sel\u00e7uk Ecza Deposu Gezisi Proje Ofisi 2018 Hasta Bilgilendirme Yar\u0131\u015fmas\u0131 13.B\u00f6lge Erzurum Eczac\u0131 Odas\u0131 Ba\u015fkan\u0131 Ve Y\u00f6netim Kurulu, Atat\u00fcrk \u00dcniversitesi Eczac\u0131l\u0131k Fak\u00fcltesi Dekan\u0131 Sn. Prof. Dr. Y\u00fccel Kad\u0131o\u011flu\u2019nu Ziyaret Etti. Hipertansiyon, Diyabet, Obezite, Ast\u0131m, Koah, Eczanede Etkin \u0130leti\u015fim [&hellip;]<\/p>\n","protected":false},"author":47,"featured_media":0,"parent":0,"menu_order":0,"comment_status":"closed","ping_status":"closed","template":"","meta":{"footnotes":""},"class_list":["post-9777","page","type-page","status-publish","hentry"],"_links":{"self":[{"href":"https:\/\/atauni.edu.tr\/eczacilik-fakultesi\/wp-json\/wp\/v2\/pages\/9777","targetHints":{"allow":["GET"]}}],"collection":[{"href":"https:\/\/atauni.edu.tr\/eczacilik-fakultesi\/wp-json\/wp\/v2\/pages"}],"about":[{"href":"https:\/\/atauni.edu.tr\/eczacilik-fakultesi\/wp-json\/wp\/v2\/types\/page"}],"author":[{"embeddable":true,"href":"https:\/\/atauni.edu.tr\/eczacilik-fakultesi\/wp-json\/wp\/v2\/users\/47"}],"replies":[{"embeddable":true,"href":"https:\/\/atauni.edu.tr\/eczacilik-fakultesi\/wp-json\/wp\/v2\/comments?post=9777"}],"version-history":[{"count":5,"href":"https:\/\/atauni.edu.tr\/eczacilik-fakultesi\/wp-json\/wp\/v2\/pages\/9777\/revisions"}],"predecessor-version":[{"id":11713,"href":"https:\/\/atauni.edu.tr\/eczacilik-fakultesi\/wp-json\/wp\/v2\/pages\/9777\/revisions\/11713"}],"wp:attachment":[{"href":"https:\/\/atauni.edu.tr\/eczacilik-fakultesi\/wp-json\/wp\/v2\/media?parent=9777"}],"curies":[{"name":"wp","href":"https:\/\/api.w.org\/{rel}","templated":true}]}}