{"id":9856,"date":"2021-12-02T19:22:41","date_gmt":"2021-12-02T16:22:41","guid":{"rendered":"http:\/\/birimler.atauni.edu.tr\/eczacilik-fakultesi\/?page_id=9856"},"modified":"2021-12-02T19:23:19","modified_gmt":"2021-12-02T16:23:19","slug":"2019-yili-etkinlikleri","status":"publish","type":"page","link":"https:\/\/atauni.edu.tr\/eczacilik-fakultesi\/2019-yili-etkinlikleri\/","title":{"rendered":"2019 Y\u0131l\u0131 Etkinlikleri"},"content":{"rendered":"\t\t<div data-elementor-type=\"wp-page\" data-elementor-id=\"9856\" class=\"elementor elementor-9856\" data-elementor-post-type=\"page\">\n\t\t\t\t\t\t<section class=\"elementor-section elementor-top-section elementor-element elementor-element-cf37738 elementor-section-boxed elementor-section-height-default elementor-section-height-default\" data-id=\"cf37738\" data-element_type=\"section\">\n\t\t\t\t\t\t<div class=\"elementor-container elementor-column-gap-default\">\n\t\t\t\t\t<div class=\"elementor-column elementor-col-100 elementor-top-column elementor-element elementor-element-251b281\" data-id=\"251b281\" data-element_type=\"column\">\n\t\t\t<div class=\"elementor-widget-wrap elementor-element-populated\">\n\t\t\t\t\t\t<div class=\"elementor-element elementor-element-db3b946 elementor-widget elementor-widget-text-editor\" data-id=\"db3b946\" data-element_type=\"widget\" data-widget_type=\"text-editor.default\">\n\t\t\t\t<div class=\"elementor-widget-container\">\n\t\t\t\t\t\t\t\t\t<p><a href=\"http:\/\/birimler.atauni.edu.tr\/eczacilik-fakultesi\/ogrencilerimize-girisimcilik-egitimi\/\">\u00d6\u011frencilerimize Giri\u015fimcilik E\u011fitimi<\/a><\/p><p><a href=\"http:\/\/birimler.atauni.edu.tr\/eczacilik-fakultesi\/ogrencilerimize-kayak-egitim-etkinligi\/\">\u00d6\u011frencilerimize Kayak E\u011fitim Etkinli\u011fi<\/a><\/p><p><a href=\"http:\/\/birimler.atauni.edu.tr\/eczacilik-fakultesi\/ecza-odasi-agac-dikme-etkinligi\/\">Eczac\u0131 Odas\u0131 A\u011fa\u00e7 Dikme Etkinli\u011fi<\/a><\/p><p><a href=\"http:\/\/birimler.atauni.edu.tr\/eczacilik-fakultesi\/erzurumun-gelecegi-arama-konferansina-katilim\/\">Erzurum\u2019un Gelece\u011fi Arama Konferans\u0131na Kat\u0131l\u0131m<\/a><\/p><p><a href=\"http:\/\/birimler.atauni.edu.tr\/eczacilik-fakultesi\/fakultemiz-logolu-sweatshirtler\/\">Fak\u00fcltemiz Logolu Sweatshirtler<\/a><\/p><p><a href=\"http:\/\/birimler.atauni.edu.tr\/eczacilik-fakultesi\/selcuk-ecza-deposu-sube-muduru-kamer-incesu\/\">Sel\u00e7uk Ecza Deposu \u015eube M\u00fcd\u00fcr\u00fc Kamer \u0130ncesu<\/a><\/p><p><a href=\"http:\/\/birimler.atauni.edu.tr\/eczacilik-fakultesi\/ingilizce-konusma-unitesi\/\">\u0130ngilizce Konu\u015fma \u00dcnitesi<\/a><\/p><p><a href=\"http:\/\/birimler.atauni.edu.tr\/eczacilik-fakultesi\/eczacilik-fakultesi-ogrencilerinin-basarisi\/\">Eczac\u0131l\u0131k Fak\u00fcltesi \u00d6\u011frencilerinin Ba\u015far\u0131s\u0131<\/a><\/p><p><a href=\"http:\/\/birimler.atauni.edu.tr\/eczacilik-fakultesi\/2019-2020-girisli-birinci-sinif-ogrencilerine-oryantasyon-programi\/\">2019-2020 Giri\u015fli Birinci S\u0131n\u0131f \u00d6\u011frencilerine Oryantasyon Program\u0131<\/a><\/p>\t\t\t\t\t\t\t\t<\/div>\n\t\t\t\t<\/div>\n\t\t\t\t\t<\/div>\n\t\t<\/div>\n\t\t\t\t\t<\/div>\n\t\t<\/section>\n\t\t\t\t<\/div>\n\t\t","protected":false},"excerpt":{"rendered":"<p>\u00d6\u011frencilerimize Giri\u015fimcilik E\u011fitimi \u00d6\u011frencilerimize Kayak E\u011fitim Etkinli\u011fi Eczac\u0131 Odas\u0131 A\u011fa\u00e7 Dikme Etkinli\u011fi Erzurum\u2019un Gelece\u011fi Arama Konferans\u0131na Kat\u0131l\u0131m Fak\u00fcltemiz Logolu Sweatshirtler Sel\u00e7uk Ecza Deposu \u015eube M\u00fcd\u00fcr\u00fc Kamer \u0130ncesu \u0130ngilizce Konu\u015fma \u00dcnitesi Eczac\u0131l\u0131k Fak\u00fcltesi \u00d6\u011frencilerinin Ba\u015far\u0131s\u0131 2019-2020 Giri\u015fli Birinci S\u0131n\u0131f \u00d6\u011frencilerine Oryantasyon Program\u0131<\/p>\n","protected":false},"author":47,"featured_media":0,"parent":0,"menu_order":0,"comment_status":"closed","ping_status":"closed","template":"","meta":{"footnotes":""},"class_list":["post-9856","page","type-page","status-publish","hentry"],"_links":{"self":[{"href":"https:\/\/atauni.edu.tr\/eczacilik-fakultesi\/wp-json\/wp\/v2\/pages\/9856","targetHints":{"allow":["GET"]}}],"collection":[{"href":"https:\/\/atauni.edu.tr\/eczacilik-fakultesi\/wp-json\/wp\/v2\/pages"}],"about":[{"href":"https:\/\/atauni.edu.tr\/eczacilik-fakultesi\/wp-json\/wp\/v2\/types\/page"}],"author":[{"embeddable":true,"href":"https:\/\/atauni.edu.tr\/eczacilik-fakultesi\/wp-json\/wp\/v2\/users\/47"}],"replies":[{"embeddable":true,"href":"https:\/\/atauni.edu.tr\/eczacilik-fakultesi\/wp-json\/wp\/v2\/comments?post=9856"}],"version-history":[{"count":4,"href":"https:\/\/atauni.edu.tr\/eczacilik-fakultesi\/wp-json\/wp\/v2\/pages\/9856\/revisions"}],"predecessor-version":[{"id":9860,"href":"https:\/\/atauni.edu.tr\/eczacilik-fakultesi\/wp-json\/wp\/v2\/pages\/9856\/revisions\/9860"}],"wp:attachment":[{"href":"https:\/\/atauni.edu.tr\/eczacilik-fakultesi\/wp-json\/wp\/v2\/media?parent=9856"}],"curies":[{"name":"wp","href":"https:\/\/api.w.org\/{rel}","templated":true}]}}