{"id":9887,"date":"2021-12-02T19:34:48","date_gmt":"2021-12-02T16:34:48","guid":{"rendered":"http:\/\/birimler.atauni.edu.tr\/eczacilik-fakultesi\/?page_id=9887"},"modified":"2022-11-14T10:55:29","modified_gmt":"2022-11-14T07:55:29","slug":"2021-yili-etkinlikleri","status":"publish","type":"page","link":"https:\/\/atauni.edu.tr\/eczacilik-fakultesi\/2021-yili-etkinlikleri\/","title":{"rendered":"2021 Y\u0131l\u0131 Etkinlikleri"},"content":{"rendered":"\t\t<div data-elementor-type=\"wp-page\" data-elementor-id=\"9887\" class=\"elementor elementor-9887\" data-elementor-post-type=\"page\">\n\t\t\t\t\t\t<section class=\"elementor-section elementor-top-section elementor-element elementor-element-bcb0bf7 elementor-section-boxed elementor-section-height-default elementor-section-height-default\" data-id=\"bcb0bf7\" data-element_type=\"section\">\n\t\t\t\t\t\t<div class=\"elementor-container elementor-column-gap-default\">\n\t\t\t\t\t<div class=\"elementor-column elementor-col-100 elementor-top-column elementor-element elementor-element-67f0ac3\" data-id=\"67f0ac3\" data-element_type=\"column\">\n\t\t\t<div class=\"elementor-widget-wrap elementor-element-populated\">\n\t\t\t\t\t\t\t<\/div>\n\t\t<\/div>\n\t\t\t\t\t<\/div>\n\t\t<\/section>\n\t\t\t\t<section class=\"elementor-section elementor-top-section elementor-element elementor-element-4dfcbf8 elementor-section-boxed elementor-section-height-default elementor-section-height-default\" data-id=\"4dfcbf8\" data-element_type=\"section\">\n\t\t\t\t\t\t<div class=\"elementor-container elementor-column-gap-default\">\n\t\t\t\t\t<div class=\"elementor-column elementor-col-100 elementor-top-column elementor-element elementor-element-60c1f48\" data-id=\"60c1f48\" data-element_type=\"column\">\n\t\t\t<div class=\"elementor-widget-wrap elementor-element-populated\">\n\t\t\t\t\t\t<div class=\"elementor-element elementor-element-0d5df04 elementor-widget elementor-widget-text-editor\" data-id=\"0d5df04\" data-element_type=\"widget\" data-widget_type=\"text-editor.default\">\n\t\t\t\t<div class=\"elementor-widget-container\">\n\t\t\t\t\t\t\t\t\t<p><a href=\"https:\/\/birimler.atauni.edu.tr\/eczacilik-fakultesi\/bilimsel-arastirma-projeleri-koordinasyon-birimi\/\">Bilimsel Ara\u015ft\u0131rma Projeleri (BAP) Koordinasyon Birimi Toplant\u0131s\u0131<\/a><\/p>\n<p><a href=\"https:\/\/birimler.atauni.edu.tr\/eczacilik-fakultesi\/eczacilik-fakultesi-ana-bilim-dallari-genel-birim-toplantisi\/\">Eczac\u0131l\u0131k Fak\u00fcltesi Ana Bilim Dallar\u0131 Genel Birim Toplant\u0131s\u0131<\/a><\/p>\n<p><a href=\"https:\/\/birimler.atauni.edu.tr\/eczacilik-fakultesi\/akreditasyon-toplantisi\/\">Akreditasyon Toplant\u0131s\u0131<\/a><\/p>\n<p><a href=\"https:\/\/birimler.atauni.edu.tr\/eczacilik-fakultesi\/afad-egitimi\/\">AFAD E\u011fitimi&nbsp;<\/a><\/p>\n<p><a href=\"https:\/\/birimler.atauni.edu.tr\/eczacilik-fakultesi\/eczak-toplantisi\/\">ECZAK Toplant\u0131s\u0131&nbsp;<\/a><\/p>\n<p><a href=\"http:\/\/birimler.atauni.edu.tr\/eczacilik-fakultesi\/kooperatif-calistayi\/\">Kooperatif \u00c7al\u0131\u015ftay\u0131&nbsp;<\/a><\/p>\n<p><a href=\"https:\/\/birimler.atauni.edu.tr\/eczacilik-fakultesi\/ecza-odasi-baskani\/\">13. B\u00f6lge Eczac\u0131 Odas\u0131 Tan\u0131t\u0131m\u0131&nbsp;<\/a><\/p>\n<p><a href=\"https:\/\/birimler.atauni.edu.tr\/eczacilik-fakultesi\/bir-ecza-deposunun-eczacilik-uzerindeki-rolu-calistayi\/\">Bir Ecza Deposunun Eczac\u0131l\u0131k \u00dczerindeki Rol\u00fc \u00c7al\u0131\u015ftay\u0131&nbsp;<\/a><\/p>\n<p><a href=\"https:\/\/birimler.atauni.edu.tr\/eczacilik-fakultesi\/selcuk-ecza-deposu-ziyareti\/\">Sel\u00e7uk Ecza Deposu Ziyareti&nbsp;<\/a><\/p><p><span><a href=\"http:\/\/birimler.atauni.edu.tr\/eczacilik-fakultesi\/tanisma-kahvaltisi\/\">TANI\u015eMA KAHVALTISI&nbsp;<\/a><\/span><br><\/p>\t\t\t\t\t\t\t\t<\/div>\n\t\t\t\t<\/div>\n\t\t\t\t\t<\/div>\n\t\t<\/div>\n\t\t\t\t\t<\/div>\n\t\t<\/section>\n\t\t\t\t<\/div>\n\t\t","protected":false},"excerpt":{"rendered":"<p>Bilimsel Ara\u015ft\u0131rma Projeleri (BAP) Koordinasyon Birimi Toplant\u0131s\u0131 Eczac\u0131l\u0131k Fak\u00fcltesi Ana Bilim Dallar\u0131 Genel Birim Toplant\u0131s\u0131 Akreditasyon Toplant\u0131s\u0131 AFAD E\u011fitimi&nbsp; ECZAK Toplant\u0131s\u0131&nbsp; Kooperatif \u00c7al\u0131\u015ftay\u0131&nbsp; 13. B\u00f6lge Eczac\u0131 Odas\u0131 Tan\u0131t\u0131m\u0131&nbsp; Bir Ecza Deposunun Eczac\u0131l\u0131k \u00dczerindeki Rol\u00fc \u00c7al\u0131\u015ftay\u0131&nbsp; Sel\u00e7uk Ecza Deposu Ziyareti&nbsp; TANI\u015eMA KAHVALTISI&nbsp;<\/p>\n","protected":false},"author":47,"featured_media":0,"parent":0,"menu_order":0,"comment_status":"closed","ping_status":"closed","template":"","meta":{"footnotes":""},"class_list":["post-9887","page","type-page","status-publish","hentry"],"_links":{"self":[{"href":"https:\/\/atauni.edu.tr\/eczacilik-fakultesi\/wp-json\/wp\/v2\/pages\/9887","targetHints":{"allow":["GET"]}}],"collection":[{"href":"https:\/\/atauni.edu.tr\/eczacilik-fakultesi\/wp-json\/wp\/v2\/pages"}],"about":[{"href":"https:\/\/atauni.edu.tr\/eczacilik-fakultesi\/wp-json\/wp\/v2\/types\/page"}],"author":[{"embeddable":true,"href":"https:\/\/atauni.edu.tr\/eczacilik-fakultesi\/wp-json\/wp\/v2\/users\/47"}],"replies":[{"embeddable":true,"href":"https:\/\/atauni.edu.tr\/eczacilik-fakultesi\/wp-json\/wp\/v2\/comments?post=9887"}],"version-history":[{"count":31,"href":"https:\/\/atauni.edu.tr\/eczacilik-fakultesi\/wp-json\/wp\/v2\/pages\/9887\/revisions"}],"predecessor-version":[{"id":11543,"href":"https:\/\/atauni.edu.tr\/eczacilik-fakultesi\/wp-json\/wp\/v2\/pages\/9887\/revisions\/11543"}],"wp:attachment":[{"href":"https:\/\/atauni.edu.tr\/eczacilik-fakultesi\/wp-json\/wp\/v2\/media?parent=9887"}],"curies":[{"name":"wp","href":"https:\/\/api.w.org\/{rel}","templated":true}]}}