{"id":5638,"date":"2021-07-13T09:49:25","date_gmt":"2021-07-13T06:49:25","guid":{"rendered":"https:\/\/portaltest.atauni.edu.tr\/bilgisayar-muhendisligi\/?page_id=5638"},"modified":"2021-09-13T10:21:35","modified_gmt":"2021-09-13T07:21:35","slug":"tarihce","status":"publish","type":"page","link":"https:\/\/atauni.edu.tr\/eczacilik-hizmetleri-bolumu\/tarihce\/","title":{"rendered":"Tarih\u00e7e"},"content":{"rendered":"\t\t<div data-elementor-type=\"wp-page\" data-elementor-id=\"5638\" class=\"elementor elementor-5638\" data-elementor-post-type=\"page\">\n\t\t\t\t\t\t<section class=\"elementor-section elementor-top-section elementor-element elementor-element-730d320 elementor-section-boxed elementor-section-height-default elementor-section-height-default\" data-id=\"730d320\" data-element_type=\"section\">\n\t\t\t\t\t\t<div class=\"elementor-container elementor-column-gap-default\">\n\t\t\t\t\t<div class=\"elementor-column elementor-col-100 elementor-top-column elementor-element elementor-element-753d0860\" data-id=\"753d0860\" data-element_type=\"column\">\n\t\t\t<div class=\"elementor-widget-wrap\">\n\t\t\t\t\t\t\t<\/div>\n\t\t<\/div>\n\t\t\t\t\t<\/div>\n\t\t<\/section>\n\t\t\t\t<section class=\"elementor-section elementor-top-section elementor-element elementor-element-9be811a elementor-section-boxed elementor-section-height-default elementor-section-height-default\" data-id=\"9be811a\" data-element_type=\"section\">\n\t\t\t\t\t\t<div class=\"elementor-container elementor-column-gap-default\">\n\t\t\t\t\t<div class=\"elementor-column elementor-col-100 elementor-top-column elementor-element elementor-element-1ed847b7\" data-id=\"1ed847b7\" data-element_type=\"column\">\n\t\t\t<div class=\"elementor-widget-wrap elementor-element-populated\">\n\t\t\t\t\t\t<div class=\"elementor-element elementor-element-4ce0d07f elementor-widget elementor-widget-heading\" data-id=\"4ce0d07f\" data-element_type=\"widget\" data-widget_type=\"heading.default\">\n\t\t\t\t<div class=\"elementor-widget-container\">\n\t\t\t\t\t<h2 class=\"elementor-heading-title elementor-size-default\">Tarih\u00e7e<\/h2>\t\t\t\t<\/div>\n\t\t\t\t<\/div>\n\t\t\t\t<div class=\"elementor-element elementor-element-63260862 elementor-widget-divider--view-line elementor-widget elementor-widget-divider\" data-id=\"63260862\" data-element_type=\"widget\" data-widget_type=\"divider.default\">\n\t\t\t\t<div class=\"elementor-widget-container\">\n\t\t\t\t\t\t\t<div class=\"elementor-divider\">\n\t\t\t<span class=\"elementor-divider-separator\">\n\t\t\t\t\t\t<\/span>\n\t\t<\/div>\n\t\t\t\t\t\t<\/div>\n\t\t\t\t<\/div>\n\t\t\t\t\t<\/div>\n\t\t<\/div>\n\t\t\t\t\t<\/div>\n\t\t<\/section>\n\t\t\t\t<section class=\"elementor-section elementor-top-section elementor-element elementor-element-681db8b elementor-section-boxed elementor-section-height-default elementor-section-height-default\" data-id=\"681db8b\" data-element_type=\"section\">\n\t\t\t\t\t\t<div class=\"elementor-container elementor-column-gap-default\">\n\t\t\t\t\t<div class=\"elementor-column elementor-col-100 elementor-top-column elementor-element elementor-element-ad4dac5\" data-id=\"ad4dac5\" data-element_type=\"column\">\n\t\t\t<div class=\"elementor-widget-wrap elementor-element-populated\">\n\t\t\t\t\t\t<div class=\"elementor-element elementor-element-2f96b3d elementor-widget elementor-widget-text-editor\" data-id=\"2f96b3d\" data-element_type=\"widget\" data-widget_type=\"text-editor.default\">\n\t\t\t\t<div class=\"elementor-widget-container\">\n\t\t\t\t\t\t\t\t\t<p>Tarih\u00e7e<\/p>\n<p>Atat\u00fcrk \u00dcniversitesi Eczane Hizmetleri B\u00f6l\u00fcm\u00fc, eczac\u0131l\u0131k alan\u0131ndaki e\u011fitim ve ara\u015ft\u0131rma faaliyetlerine \u00f6nemli katk\u0131lar sunmay\u0131 hedefleyen bir b\u00f6l\u00fcm olarak kurulmu\u015ftur. B\u00f6l\u00fcm\u00fcn kurulu\u015f ama\u00e7lar\u0131 aras\u0131nda eczane hizmetleri alan\u0131nda uzman personele ihtiya\u00e7 duyulan sa\u011fl\u0131k sekt\u00f6r\u00fcne destek olmak ve \u00f6\u011frencilere g\u00fcncel bilgi ve beceriler kazand\u0131rmak yer almaktad\u0131r.<\/p>\n<p>B\u00f6l\u00fcm, teorik ve uygulamal\u0131 e\u011fitim faaliyetleri ile \u00f6\u011frencilerin eczane y\u00f6netimi, ila\u00e7 tedavisi ve hasta bak\u0131m\u0131 gibi konularda yeterli donan\u0131ma sahip olmas\u0131n\u0131 ama\u00e7lar. \u00d6\u011frencilere verilen e\u011fitim, hem teorik bilgileri peki\u015ftirmeye hem de pratik becerileri geli\u015ftirmeye y\u00f6neliktir.<\/p>\n<p>Eczac\u0131l\u0131k mesle\u011finin gerektirdi\u011fi y\u00fcksek standartlar\u0131 kar\u015f\u0131layabilen, toplumun sa\u011fl\u0131k ihtiya\u00e7lar\u0131na cevap verebilecek nitelikte eczac\u0131lar yeti\u015ftirmek b\u00f6l\u00fcm\u00fcn temel ama\u00e7lar\u0131ndan biridir. \u00d6\u011frencilere, ila\u00e7lar\u0131n g\u00fcvenli ve etkili kullan\u0131m\u0131n\u0131 te\u015fvik eden bir anlay\u0131\u015fla e\u011fitim verilir.<\/p>\n<p>B\u00f6l\u00fcm\u00fcn faaliyetleri sadece e\u011fitim ile s\u0131n\u0131rl\u0131 de\u011fildir. Ara\u015ft\u0131rma projeleri ve topluma y\u00f6nelik hizmetler de \u00f6nemli bir yer tutmaktad\u0131r. Eczane Hizmetleri B\u00f6l\u00fcm\u00fc, toplumun eczac\u0131l\u0131k alan\u0131ndaki ihtiya\u00e7lar\u0131n\u0131 belirleme ve bu ihtiya\u00e7lara odpowiedek verecek projeler geli\u015ftirmeye \u00e7al\u0131\u015f\u0131r.<\/p>\n<p>Atat\u00fcrk \u00dcniversitesi Eczane Hizmetleri B\u00f6l\u00fcm\u00fc, sa\u011fl\u0131k sekt\u00f6r\u00fcn\u00fcn geli\u015fmesine katk\u0131da bulunmak ve topluma kaliteli eczane hizmetleri sunmak i\u00e7in var g\u00fc\u00e7leriyle \u00e7al\u0131\u015fmaktad\u0131r. B\u00f6l\u00fcm\u00fcn gelecekteki hedefleri aras\u0131nda daha ileri d\u00fczeyde e\u011fitim programlar\u0131 sunmak, ara\u015ft\u0131rmalar\u0131 desteklemek ve toplumun sa\u00fade beklentilerini kar\u015f\u0131layabilecek bir eczac\u0131l\u0131k anlay\u0131\u015f\u0131n\u0131 te\u015fvik etmek yer almaktad\u0131r.<\/p>\t\t\t\t\t\t\t\t<\/div>\n\t\t\t\t<\/div>\n\t\t\t\t\t<\/div>\n\t\t<\/div>\n\t\t\t\t\t<\/div>\n\t\t<\/section>\n\t\t\t\t<\/div>\n\t\t","protected":false},"excerpt":{"rendered":"<p>Tarih\u00e7e Lorem Ipsum Nedir? Lorem Ipsum, dizgi ve bask\u0131 end\u00fcstrisinde kullan\u0131lan m\u0131g\u0131r metinlerdir. Lorem Ipsum, ad\u0131 bilinmeyen bir matbaac\u0131n\u0131n bir hurufat numune kitab\u0131 olu\u015fturmak \u00fczere bir yaz\u0131 galerisini alarak kar\u0131\u015ft\u0131rd\u0131\u011f\u0131 1500&#8217;lerden beri end\u00fcstri standard\u0131 sahte metinler olarak kullan\u0131lm\u0131\u015ft\u0131r. Be\u015fy\u00fcz y\u0131l boyunca varl\u0131\u011f\u0131n\u0131 s\u00fcrd\u00fcrmekle kalmam\u0131\u015f, ayn\u0131 zamanda pek de\u011fi\u015fmeden elektronik dizgiye de s\u0131\u00e7ram\u0131\u015ft\u0131r. 1960&#8217;larda Lorem Ipsum [&hellip;]<\/p>\n","protected":false},"author":1,"featured_media":0,"parent":0,"menu_order":0,"comment_status":"closed","ping_status":"closed","template":"","meta":{"footnotes":""},"class_list":["post-5638","page","type-page","status-publish","hentry"],"_links":{"self":[{"href":"https:\/\/atauni.edu.tr\/eczacilik-hizmetleri-bolumu\/wp-json\/wp\/v2\/pages\/5638","targetHints":{"allow":["GET"]}}],"collection":[{"href":"https:\/\/atauni.edu.tr\/eczacilik-hizmetleri-bolumu\/wp-json\/wp\/v2\/pages"}],"about":[{"href":"https:\/\/atauni.edu.tr\/eczacilik-hizmetleri-bolumu\/wp-json\/wp\/v2\/types\/page"}],"author":[{"embeddable":true,"href":"https:\/\/atauni.edu.tr\/eczacilik-hizmetleri-bolumu\/wp-json\/wp\/v2\/users\/1"}],"replies":[{"embeddable":true,"href":"https:\/\/atauni.edu.tr\/eczacilik-hizmetleri-bolumu\/wp-json\/wp\/v2\/comments?post=5638"}],"version-history":[{"count":22,"href":"https:\/\/atauni.edu.tr\/eczacilik-hizmetleri-bolumu\/wp-json\/wp\/v2\/pages\/5638\/revisions"}],"predecessor-version":[{"id":6117,"href":"https:\/\/atauni.edu.tr\/eczacilik-hizmetleri-bolumu\/wp-json\/wp\/v2\/pages\/5638\/revisions\/6117"}],"wp:attachment":[{"href":"https:\/\/atauni.edu.tr\/eczacilik-hizmetleri-bolumu\/wp-json\/wp\/v2\/media?parent=5638"}],"curies":[{"name":"wp","href":"https:\/\/api.w.org\/{rel}","templated":true}]}}