{"id":5728,"date":"2021-07-13T11:33:38","date_gmt":"2021-07-13T08:33:38","guid":{"rendered":"https:\/\/portaltest.atauni.edu.tr\/bilgisayar-muhendisligi\/?page_id=5728"},"modified":"2021-08-27T15:49:46","modified_gmt":"2021-08-27T12:49:46","slug":"bolum-tanitimi","status":"publish","type":"page","link":"https:\/\/atauni.edu.tr\/eczacilik\/bolum-tanitimi\/","title":{"rendered":"B\u00f6l\u00fcm Tan\u0131t\u0131m\u0131"},"content":{"rendered":"\t\t<div data-elementor-type=\"wp-page\" data-elementor-id=\"5728\" class=\"elementor elementor-5728\" data-elementor-post-type=\"page\">\n\t\t\t\t\t\t<section class=\"elementor-section elementor-top-section elementor-element elementor-element-730d320 elementor-section-boxed elementor-section-height-default elementor-section-height-default\" data-id=\"730d320\" data-element_type=\"section\">\n\t\t\t\t\t\t<div class=\"elementor-container elementor-column-gap-default\">\n\t\t\t\t\t<div class=\"elementor-column elementor-col-100 elementor-top-column elementor-element elementor-element-753d0860\" data-id=\"753d0860\" data-element_type=\"column\">\n\t\t\t<div class=\"elementor-widget-wrap\">\n\t\t\t\t\t\t\t<\/div>\n\t\t<\/div>\n\t\t\t\t\t<\/div>\n\t\t<\/section>\n\t\t\t\t<section class=\"elementor-section elementor-top-section elementor-element elementor-element-9be811a elementor-section-boxed elementor-section-height-default elementor-section-height-default\" data-id=\"9be811a\" data-element_type=\"section\">\n\t\t\t\t\t\t<div class=\"elementor-container elementor-column-gap-default\">\n\t\t\t\t\t<div class=\"elementor-column elementor-col-100 elementor-top-column elementor-element elementor-element-1ed847b7\" data-id=\"1ed847b7\" data-element_type=\"column\">\n\t\t\t<div class=\"elementor-widget-wrap elementor-element-populated\">\n\t\t\t\t\t\t<div class=\"elementor-element elementor-element-4ce0d07f elementor-widget elementor-widget-heading\" data-id=\"4ce0d07f\" data-element_type=\"widget\" data-widget_type=\"heading.default\">\n\t\t\t\t<div class=\"elementor-widget-container\">\n\t\t\t\t\t<h2 class=\"elementor-heading-title elementor-size-default\">B\u00f6l\u00fcm Tan\u0131t\u0131m\u0131<\/h2>\t\t\t\t<\/div>\n\t\t\t\t<\/div>\n\t\t\t\t<div class=\"elementor-element elementor-element-63260862 elementor-widget-divider--view-line elementor-widget elementor-widget-divider\" data-id=\"63260862\" data-element_type=\"widget\" data-widget_type=\"divider.default\">\n\t\t\t\t<div class=\"elementor-widget-container\">\n\t\t\t\t\t\t\t<div class=\"elementor-divider\">\n\t\t\t<span class=\"elementor-divider-separator\">\n\t\t\t\t\t\t<\/span>\n\t\t<\/div>\n\t\t\t\t\t\t<\/div>\n\t\t\t\t<\/div>\n\t\t\t\t\t<\/div>\n\t\t<\/div>\n\t\t\t\t\t<\/div>\n\t\t<\/section>\n\t\t\t\t<section class=\"elementor-section elementor-top-section elementor-element elementor-element-681db8b elementor-section-boxed elementor-section-height-default elementor-section-height-default\" data-id=\"681db8b\" data-element_type=\"section\">\n\t\t\t\t\t\t<div class=\"elementor-container elementor-column-gap-default\">\n\t\t\t\t\t<div class=\"elementor-column elementor-col-100 elementor-top-column elementor-element elementor-element-ad4dac5\" data-id=\"ad4dac5\" data-element_type=\"column\">\n\t\t\t<div class=\"elementor-widget-wrap elementor-element-populated\">\n\t\t\t\t\t\t<div class=\"elementor-element elementor-element-2f96b3d elementor-widget elementor-widget-text-editor\" data-id=\"2f96b3d\" data-element_type=\"widget\" data-widget_type=\"text-editor.default\">\n\t\t\t\t<div class=\"elementor-widget-container\">\n\t\t\t\t\t\t\t\t\t<p>Atat\u00fcrk \u00dcniversitesi Eczac\u0131l\u0131k Fak\u00fcltesi, eczac\u0131l\u0131k alan\u0131nda y\u00fcksek kaliteli e\u011fitim sunan sayg\u0131n bir kurulu\u015ftur. Eczac\u0131l\u0131\u011f\u0131n \u00e7e\u015fitli dallar\u0131nda uzmanla\u015fm\u0131\u015f akademik personeliyle \u00f6\u011frencilere geni\u015f bir yelpazede bilgi ve beceri kazand\u0131r\u0131r.<\/p>\n<p>Fak\u00fcltenin temel amac\u0131, eczac\u0131l\u0131k mesle\u011finin gerektirdi\u011fi teorik ve pratik bilgileri kazand\u0131rmak olup, ayn\u0131 zamanda \u00f6\u011frencilerin ele\u015ftirel d\u00fc\u015f\u00fcnme, problem \u00e7\u00f6zme ve ileti\u015fim becerilerini geli\u015ftirmesine \u00f6nem verir. \u00d6\u011frencilere verilen e\u011fitim, sadece eczac\u0131l\u0131\u011f\u0131n teknik y\u00f6nlerini de\u011fil, ayr\u0131ca etik, hukuk ve sa\u011fl\u0131k hizmetleri y\u00f6netimi gibi konular\u0131 da i\u00e7erecek \u015fekilde tasarlanm\u0131\u015ft\u0131r.<\/p>\n<p>Fak\u00fclte, \u00f6\u011frencilerin akademik geli\u015fimini desteklemek amac\u0131yla modern laboratuvarlar, k\u00fct\u00fcphane ve teknolojik altyap\u0131 gibi imk\u00e2nlarla donat\u0131lm\u0131\u015ft\u0131r. \u00d6\u011frencilere staj ve proje \u00e7al\u0131\u015fmalar\u0131 yoluyla uygulamal\u0131 deneyim kazand\u0131r\u0131larak, mezuniyet sonras\u0131nda eczac\u0131l\u0131k mesle\u011fini ba\u015far\u0131l\u0131 bir \u015fekilde icra etmeleri hedeflenir.<\/p>\n<p>Atat\u00fcrk \u00dcniversitesi Eczac\u0131l\u0131k Fak\u00fcltesi, mezunlar\u0131n\u0131n toplumun sa\u011fl\u0131k ihtiyac\u0131n\u0131 kar\u015f\u0131layabilecek, bilimsel geli\u015fmelere a\u00e7\u0131k ve s\u00fcrekli \u00f6\u011frenmeye yatk\u0131n bireyler olarak yeti\u015fmelerine odaklan\u0131r. Fak\u00fclte, eczac\u0131l\u0131k alan\u0131ndaki akademik ve profesyonel standartlar\u0131 yak\u0131ndan takip ederek, e\u011fitim programlar\u0131n\u0131 g\u00fcncel ve ilgili tutmaya \u00e7al\u0131\u015f\u0131r.<\/p>\t\t\t\t\t\t\t\t<\/div>\n\t\t\t\t<\/div>\n\t\t\t\t\t<\/div>\n\t\t<\/div>\n\t\t\t\t\t<\/div>\n\t\t<\/section>\n\t\t\t\t<\/div>\n\t\t","protected":false},"excerpt":{"rendered":"<p>B\u00f6l\u00fcm Tan\u0131t\u0131m\u0131 Lorem Ipsum Nedir? Lorem Ipsum, dizgi ve bask\u0131 end\u00fcstrisinde kullan\u0131lan m\u0131g\u0131r metinlerdir. Lorem Ipsum, ad\u0131 bilinmeyen bir matbaac\u0131n\u0131n bir hurufat numune kitab\u0131 olu\u015fturmak \u00fczere bir yaz\u0131 galerisini alarak kar\u0131\u015ft\u0131rd\u0131\u011f\u0131 1500&#8217;lerden beri end\u00fcstri standard\u0131 sahte metinler olarak kullan\u0131lm\u0131\u015ft\u0131r. Be\u015fy\u00fcz y\u0131l boyunca varl\u0131\u011f\u0131n\u0131 s\u00fcrd\u00fcrmekle kalmam\u0131\u015f, ayn\u0131 zamanda pek de\u011fi\u015fmeden elektronik dizgiye de s\u0131\u00e7ram\u0131\u015ft\u0131r. 1960&#8217;larda Lorem [&hellip;]<\/p>\n","protected":false},"author":1,"featured_media":0,"parent":0,"menu_order":0,"comment_status":"closed","ping_status":"closed","template":"elementor_header_footer","meta":{"footnotes":""},"class_list":["post-5728","page","type-page","status-publish","hentry"],"_links":{"self":[{"href":"https:\/\/atauni.edu.tr\/eczacilik\/wp-json\/wp\/v2\/pages\/5728","targetHints":{"allow":["GET"]}}],"collection":[{"href":"https:\/\/atauni.edu.tr\/eczacilik\/wp-json\/wp\/v2\/pages"}],"about":[{"href":"https:\/\/atauni.edu.tr\/eczacilik\/wp-json\/wp\/v2\/types\/page"}],"author":[{"embeddable":true,"href":"https:\/\/atauni.edu.tr\/eczacilik\/wp-json\/wp\/v2\/users\/1"}],"replies":[{"embeddable":true,"href":"https:\/\/atauni.edu.tr\/eczacilik\/wp-json\/wp\/v2\/comments?post=5728"}],"version-history":[{"count":8,"href":"https:\/\/atauni.edu.tr\/eczacilik\/wp-json\/wp\/v2\/pages\/5728\/revisions"}],"predecessor-version":[{"id":6100,"href":"https:\/\/atauni.edu.tr\/eczacilik\/wp-json\/wp\/v2\/pages\/5728\/revisions\/6100"}],"wp:attachment":[{"href":"https:\/\/atauni.edu.tr\/eczacilik\/wp-json\/wp\/v2\/media?parent=5728"}],"curies":[{"name":"wp","href":"https:\/\/api.w.org\/{rel}","templated":true}]}}