{"id":6071,"date":"2021-08-27T15:45:02","date_gmt":"2021-08-27T12:45:02","guid":{"rendered":"http:\/\/birimler.atauni.edu.tr\/eczacilik\/?page_id=6071"},"modified":"2021-09-13T08:23:39","modified_gmt":"2021-09-13T05:23:39","slug":"bolum-kurulu-kararlari","status":"publish","type":"page","link":"https:\/\/atauni.edu.tr\/eczacilik\/bolum-kurulu-kararlari\/","title":{"rendered":"B\u00f6l\u00fcm Kurulu Kararlar\u0131"},"content":{"rendered":"\t\t<div data-elementor-type=\"wp-page\" data-elementor-id=\"6071\" class=\"elementor elementor-6071\" data-elementor-post-type=\"page\">\n\t\t\t\t\t\t<section class=\"elementor-section elementor-top-section elementor-element elementor-element-730d320 elementor-section-boxed elementor-section-height-default elementor-section-height-default\" data-id=\"730d320\" data-element_type=\"section\">\n\t\t\t\t\t\t<div class=\"elementor-container elementor-column-gap-default\">\n\t\t\t\t\t<div class=\"elementor-column elementor-col-100 elementor-top-column elementor-element elementor-element-753d0860\" data-id=\"753d0860\" data-element_type=\"column\">\n\t\t\t<div class=\"elementor-widget-wrap\">\n\t\t\t\t\t\t\t<\/div>\n\t\t<\/div>\n\t\t\t\t\t<\/div>\n\t\t<\/section>\n\t\t\t\t<section class=\"elementor-section elementor-top-section elementor-element elementor-element-9be811a elementor-section-boxed elementor-section-height-default elementor-section-height-default\" data-id=\"9be811a\" data-element_type=\"section\">\n\t\t\t\t\t\t<div class=\"elementor-container elementor-column-gap-default\">\n\t\t\t\t\t<div class=\"elementor-column elementor-col-100 elementor-top-column elementor-element elementor-element-1ed847b7\" data-id=\"1ed847b7\" data-element_type=\"column\">\n\t\t\t<div class=\"elementor-widget-wrap elementor-element-populated\">\n\t\t\t\t\t\t<div class=\"elementor-element elementor-element-4ce0d07f elementor-widget elementor-widget-heading\" data-id=\"4ce0d07f\" data-element_type=\"widget\" data-widget_type=\"heading.default\">\n\t\t\t\t<div class=\"elementor-widget-container\">\n\t\t\t\t\t<h2 class=\"elementor-heading-title elementor-size-default\">Kurul Kararlar\u0131<\/h2>\t\t\t\t<\/div>\n\t\t\t\t<\/div>\n\t\t\t\t<div class=\"elementor-element elementor-element-63260862 elementor-widget-divider--view-line elementor-widget elementor-widget-divider\" data-id=\"63260862\" data-element_type=\"widget\" data-widget_type=\"divider.default\">\n\t\t\t\t<div class=\"elementor-widget-container\">\n\t\t\t\t\t\t\t<div class=\"elementor-divider\">\n\t\t\t<span class=\"elementor-divider-separator\">\n\t\t\t\t\t\t<\/span>\n\t\t<\/div>\n\t\t\t\t\t\t<\/div>\n\t\t\t\t<\/div>\n\t\t\t\t\t<\/div>\n\t\t<\/div>\n\t\t\t\t\t<\/div>\n\t\t<\/section>\n\t\t\t\t<section class=\"elementor-section elementor-top-section elementor-element elementor-element-681db8b elementor-section-boxed elementor-section-height-default elementor-section-height-default\" data-id=\"681db8b\" data-element_type=\"section\">\n\t\t\t\t\t\t<div class=\"elementor-container elementor-column-gap-default\">\n\t\t\t\t\t<div class=\"elementor-column elementor-col-100 elementor-top-column elementor-element elementor-element-ad4dac5\" data-id=\"ad4dac5\" data-element_type=\"column\">\n\t\t\t<div class=\"elementor-widget-wrap elementor-element-populated\">\n\t\t\t\t\t\t<div class=\"elementor-element elementor-element-2f96b3d elementor-widget elementor-widget-text-editor\" data-id=\"2f96b3d\" data-element_type=\"widget\" data-widget_type=\"text-editor.default\">\n\t\t\t\t<div class=\"elementor-widget-container\">\n\t\t\t\t\t\t\t\t\t<p>Atat\u00fcrk \u00dcniversitesi Eczac\u0131l\u0131k Fak\u00fcltesi, eczac\u0131l\u0131k alan\u0131ndaki geli\u015fmeleri yak\u0131ndan takip ederek \u00f6\u011frencilerine en g\u00fcncel bilgileri sunmay\u0131 hedefler. B\u00f6l\u00fcm kurulu toplant\u0131lar\u0131, fak\u00fcltenin akademik ve idari i\u015fleyi\u015fini d\u00fczenlemek amac\u0131yla yap\u0131l\u0131r.<\/p>\n<p>Bu toplant\u0131larda, e\u011fitim m\u00fcfredat\u0131n\u0131n g\u00fcncellenmesi, yeni derslerin eklenmesi, mevcut programlar\u0131n de\u011ferlendirilmesi gibi konular ele al\u0131n\u0131r. Ayr\u0131ca, \u00f6\u011frencilerin mezuniyet sonras\u0131 kariyerlerine y\u00f6n verebilmeleri i\u00e7in gerekli olan uygulamal\u0131 e\u011fitim ve staj olanaklar\u0131n\u0131n geli\u015ftirilmesi de g\u00f6r\u00fc\u015f\u00fcl\u00fcr.<\/p>\n<p>Fak\u00fcltenin amac\u0131, eczac\u0131l\u0131k mesle\u011finin gerektirdi\u011fi bilgi, beceri ve sorumluluklar\u0131 kazand\u0131rarak toplumun sa\u011fl\u0131k ihtiya\u00e7lar\u0131na cevap verebilecek nitelikli eczac\u0131lar yeti\u015ftirmektir. B\u00f6l\u00fcm kurulu kararlar\u0131, bu amac\u0131n ger\u00e7ekle\u015ftirilmesine katk\u0131da bulunacak \u015fekilde belirlenir.<\/p>\n<p>Kararlar aras\u0131nda, \u00f6\u011frencilerin teorik ve pratik e\u011fitimlerini destekleyecek workshop ve seminerlerin d\u00fczenlenmesi, ila\u00e7 ve eczac\u0131l\u0131k alan\u0131ndaki son geli\u015fmelerin takip edilebilmesi i\u00e7in konferans ve panellerin organize edilmesi gibi faaliyetler de yer alabilir.<\/p>\n<p>Atat\u00fcrk \u00dcniversitesi Eczac\u0131l\u0131k Fak\u00fcltesi, b\u00f6l\u00fcm kurulu kararlar\u0131 ile \u00f6\u011frencilerinin future profesyonel ya\u015famlar\u0131na haz\u0131rlanmalar\u0131n\u0131 desteklemektedir.<\/p>\t\t\t\t\t\t\t\t<\/div>\n\t\t\t\t<\/div>\n\t\t\t\t\t<\/div>\n\t\t<\/div>\n\t\t\t\t\t<\/div>\n\t\t<\/section>\n\t\t\t\t<\/div>\n\t\t","protected":false},"excerpt":{"rendered":"<p>Kurul Kararlar\u0131 Lorem Ipsum Nedir? Lorem Ipsum, dizgi ve bask\u0131 end\u00fcstrisinde kullan\u0131lan m\u0131g\u0131r metinlerdir. Lorem Ipsum, ad\u0131 bilinmeyen bir matbaac\u0131n\u0131n bir hurufat numune kitab\u0131 olu\u015fturmak \u00fczere bir yaz\u0131 galerisini alarak kar\u0131\u015ft\u0131rd\u0131\u011f\u0131 1500&#8217;lerden beri end\u00fcstri standard\u0131 sahte metinler olarak kullan\u0131lm\u0131\u015ft\u0131r. Be\u015fy\u00fcz y\u0131l boyunca varl\u0131\u011f\u0131n\u0131 s\u00fcrd\u00fcrmekle kalmam\u0131\u015f, ayn\u0131 zamanda pek de\u011fi\u015fmeden elektronik dizgiye de s\u0131\u00e7ram\u0131\u015ft\u0131r. 1960&#8217;larda Lorem [&hellip;]<\/p>\n","protected":false},"author":1,"featured_media":0,"parent":0,"menu_order":0,"comment_status":"closed","ping_status":"closed","template":"elementor_header_footer","meta":{"footnotes":""},"class_list":["post-6071","page","type-page","status-publish","hentry"],"_links":{"self":[{"href":"https:\/\/atauni.edu.tr\/eczacilik\/wp-json\/wp\/v2\/pages\/6071","targetHints":{"allow":["GET"]}}],"collection":[{"href":"https:\/\/atauni.edu.tr\/eczacilik\/wp-json\/wp\/v2\/pages"}],"about":[{"href":"https:\/\/atauni.edu.tr\/eczacilik\/wp-json\/wp\/v2\/types\/page"}],"author":[{"embeddable":true,"href":"https:\/\/atauni.edu.tr\/eczacilik\/wp-json\/wp\/v2\/users\/1"}],"replies":[{"embeddable":true,"href":"https:\/\/atauni.edu.tr\/eczacilik\/wp-json\/wp\/v2\/comments?post=6071"}],"version-history":[{"count":7,"href":"https:\/\/atauni.edu.tr\/eczacilik\/wp-json\/wp\/v2\/pages\/6071\/revisions"}],"predecessor-version":[{"id":6113,"href":"https:\/\/atauni.edu.tr\/eczacilik\/wp-json\/wp\/v2\/pages\/6071\/revisions\/6113"}],"wp:attachment":[{"href":"https:\/\/atauni.edu.tr\/eczacilik\/wp-json\/wp\/v2\/media?parent=6071"}],"curies":[{"name":"wp","href":"https:\/\/api.w.org\/{rel}","templated":true}]}}