{"id":13205,"date":"2024-11-08T10:03:02","date_gmt":"2024-11-08T07:03:02","guid":{"rendered":"https:\/\/birimler.atauni.edu.tr\/edebiyat-fakultesi\/?page_id=13205"},"modified":"2025-11-27T12:20:22","modified_gmt":"2025-11-27T09:20:22","slug":"memnuniyet-anketleri","status":"publish","type":"page","link":"https:\/\/atauni.edu.tr\/edebiyat-fakultesi\/memnuniyet-anketleri\/","title":{"rendered":"Memnuniyet Anketleri"},"content":{"rendered":"\t\t<div data-elementor-type=\"wp-page\" data-elementor-id=\"13205\" class=\"elementor elementor-13205\" data-elementor-post-type=\"page\">\n\t\t\t\t\t\t<section class=\"elementor-section elementor-top-section elementor-element elementor-element-c181d5e elementor-section-boxed elementor-section-height-default elementor-section-height-default\" data-id=\"c181d5e\" data-element_type=\"section\">\n\t\t\t\t\t\t<div class=\"elementor-container elementor-column-gap-default\">\n\t\t\t\t\t<div class=\"elementor-column elementor-col-100 elementor-top-column elementor-element elementor-element-40686a7\" data-id=\"40686a7\" data-element_type=\"column\">\n\t\t\t<div class=\"elementor-widget-wrap elementor-element-populated\">\n\t\t\t\t\t\t<div class=\"elementor-element elementor-element-ec3adde elementor-widget elementor-widget-text-editor\" data-id=\"ec3adde\" data-element_type=\"widget\" data-widget_type=\"text-editor.default\">\n\t\t\t\t<div class=\"elementor-widget-container\">\n\t\t\t\t\t\t\t\t\t<p><a href=\"https:\/\/forms.gle\/66inTYPypJXGggAC8\">2025-2026 E\u011fitim \u00d6\u011fretim Y\u0131l\u0131 \u00d6\u011frenci Memnuniyet Anketine Ula\u015fmak \u0130\u00e7in T\u0131klay\u0131n\u0131z.<\/a><\/p><p><a href=\"https:\/\/forms.gle\/2ChZjZfwwmEz7Rmy8\">2025-2026 Edebiyat Fak\u00fcltesi Mezun Memnuniyet Anketine Ula\u015fmak \u0130\u00e7in T\u0131klay\u0131n\u0131z.<\/a><\/p>\t\t\t\t\t\t\t\t<\/div>\n\t\t\t\t<\/div>\n\t\t\t\t\t<\/div>\n\t\t<\/div>\n\t\t\t\t\t<\/div>\n\t\t<\/section>\n\t\t\t\t<\/div>\n\t\t","protected":false},"excerpt":{"rendered":"<p>2025-2026 E\u011fitim \u00d6\u011fretim Y\u0131l\u0131 \u00d6\u011frenci Memnuniyet Anketine Ula\u015fmak \u0130\u00e7in T\u0131klay\u0131n\u0131z. 2025-2026 Edebiyat Fak\u00fcltesi Mezun Memnuniyet Anketine Ula\u015fmak \u0130\u00e7in T\u0131klay\u0131n\u0131z.<\/p>\n","protected":false},"author":332,"featured_media":0,"parent":0,"menu_order":0,"comment_status":"closed","ping_status":"closed","template":"","meta":{"footnotes":""},"class_list":["post-13205","page","type-page","status-publish","hentry"],"_links":{"self":[{"href":"https:\/\/atauni.edu.tr\/edebiyat-fakultesi\/wp-json\/wp\/v2\/pages\/13205","targetHints":{"allow":["GET"]}}],"collection":[{"href":"https:\/\/atauni.edu.tr\/edebiyat-fakultesi\/wp-json\/wp\/v2\/pages"}],"about":[{"href":"https:\/\/atauni.edu.tr\/edebiyat-fakultesi\/wp-json\/wp\/v2\/types\/page"}],"author":[{"embeddable":true,"href":"https:\/\/atauni.edu.tr\/edebiyat-fakultesi\/wp-json\/wp\/v2\/users\/332"}],"replies":[{"embeddable":true,"href":"https:\/\/atauni.edu.tr\/edebiyat-fakultesi\/wp-json\/wp\/v2\/comments?post=13205"}],"version-history":[{"count":13,"href":"https:\/\/atauni.edu.tr\/edebiyat-fakultesi\/wp-json\/wp\/v2\/pages\/13205\/revisions"}],"predecessor-version":[{"id":14623,"href":"https:\/\/atauni.edu.tr\/edebiyat-fakultesi\/wp-json\/wp\/v2\/pages\/13205\/revisions\/14623"}],"wp:attachment":[{"href":"https:\/\/atauni.edu.tr\/edebiyat-fakultesi\/wp-json\/wp\/v2\/media?parent=13205"}],"curies":[{"name":"wp","href":"https:\/\/api.w.org\/{rel}","templated":true}]}}