{"id":13572,"date":"2024-12-11T10:20:03","date_gmt":"2024-12-11T07:20:03","guid":{"rendered":"https:\/\/birimler.atauni.edu.tr\/edebiyat-fakultesi\/?page_id=13572"},"modified":"2025-09-16T16:06:28","modified_gmt":"2025-09-16T13:06:28","slug":"cift-ana-dal","status":"publish","type":"page","link":"https:\/\/atauni.edu.tr\/edebiyat-fakultesi\/cift-ana-dal\/","title":{"rendered":"\u00c7ift Ana Dal"},"content":{"rendered":"\t\t<div data-elementor-type=\"wp-page\" data-elementor-id=\"13572\" class=\"elementor elementor-13572\" data-elementor-post-type=\"page\">\n\t\t\t\t\t\t<section class=\"elementor-section elementor-top-section elementor-element elementor-element-5aaa531 elementor-section-boxed elementor-section-height-default elementor-section-height-default\" data-id=\"5aaa531\" data-element_type=\"section\">\n\t\t\t\t\t\t<div class=\"elementor-container elementor-column-gap-default\">\n\t\t\t\t\t<div class=\"elementor-column elementor-col-100 elementor-top-column elementor-element elementor-element-fd3711c\" data-id=\"fd3711c\" data-element_type=\"column\">\n\t\t\t<div class=\"elementor-widget-wrap elementor-element-populated\">\n\t\t\t\t\t\t<div class=\"elementor-element elementor-element-71d8c9d elementor-widget elementor-widget-text-editor\" data-id=\"71d8c9d\" data-element_type=\"widget\" data-widget_type=\"text-editor.default\">\n\t\t\t\t<div class=\"elementor-widget-container\">\n\t\t\t\t\t\t\t\t\t<p>Fak\u00fcltemiz programlar\u0131n\u0131n fak\u00fclte i\u00e7i ve fak\u00fclte d\u0131\u015f\u0131 \u00e7ift ana dal anla\u015fmalar\u0131 a\u015fa\u011f\u0131daki gibidir.\u00a0<\/p><p><a href=\"https:\/\/birimler.atauni.edu.tr\/ogrenci-isleri-daire-baskanligi\/wp-content\/uploads\/sites\/18\/2020\/07\/Ataturk-Universitesi-Cift-Anadal-Programi-ve-Yandal-Program-Uygulama-Esaslari_29092026.pdf\">Atat\u00fcrk \u00dcniversitesi \u00c7ift Ana Dal Program\u0131 ve Yan Dal Program\u0131 Uygulama Esaslar\u0131na ula\u015fmak i\u00e7in t\u0131klay\u0131n\u0131z.<\/a><\/p><table style=\"height: 1665px\" width=\"981\"><tbody><tr><td colspan=\"2\" width=\"652\"><p style=\"text-align: left\"><span style=\"text-decoration: underline\"><span style=\"color: #000080\"><strong>FAK\u00dcLTE \u0130\u00c7\u0130 \u00c7\u0130FT ANA DAL ANLA\u015eMALARI<\/strong><\/span><\/span><\/p><\/td><\/tr><tr><td width=\"331\"><p><span style=\"color: #ff0000\">Arkeoloji B\u00f6l\u00fcm\u00fc<\/span><\/p><\/td><td width=\"321\"><p><span style=\"color: #0000ff\">Sanat Tarihi B\u00f6l\u00fcm\u00fc<\/span><\/p><\/td><\/tr><tr><td width=\"331\"><p><span style=\"color: #ff0000\">Sanat Tarihi B\u00f6l\u00fcm\u00fc<\/span><\/p><\/td><td width=\"321\"><p><span style=\"color: #0000ff\">Arkeoloji B\u00f6l\u00fcm\u00fc<\/span><\/p><\/td><\/tr><tr><td width=\"331\"><p><span style=\"color: #ff0000\">Co\u011frafya B\u00f6l\u00fcm\u00fc<\/span><\/p><\/td><td width=\"321\"><p><span style=\"color: #0000ff\">Tarih B\u00f6l\u00fcm\u00fc<\/span><\/p><\/td><\/tr><tr><td width=\"331\"><p><span style=\"color: #ff0000\">Tarih B\u00f6l\u00fcm\u00fc<\/span><\/p><\/td><td width=\"321\"><p><span style=\"color: #0000ff\">Co\u011frafya B\u00f6l\u00fcm\u00fc<\/span><\/p><\/td><\/tr><tr><td width=\"331\"><p><span style=\"color: #ff0000\">Bilgi ve Belge Y\u00f6netimi B\u00f6l\u00fcm\u00fc<\/span><\/p><\/td><td width=\"321\"><p><span style=\"color: #0000ff\">Tarih B\u00f6l\u00fcm\u00fc<\/span><\/p><\/td><\/tr><tr><td width=\"331\"><p><span style=\"color: #ff0000\">Tarih B\u00f6l\u00fcm\u00fc<\/span><\/p><\/td><td width=\"321\"><p><span style=\"color: #0000ff\">Bilgi ve Belge Y\u00f6netimi B\u00f6l\u00fcm\u00fc<\/span><\/p><\/td><\/tr><tr><td width=\"331\"><p><span style=\"color: #ff0000\">T\u00fcrk Dili ve Edebiyat\u0131 B\u00f6l\u00fcm\u00fc\u00a0<\/span><\/p><\/td><td width=\"321\"><p><span style=\"color: #0000ff\">\u00c7a\u011fda\u015f T\u00fcrk Leh\u00e7eleri ve Edebiyatlar\u0131 B\u00f6l\u00fcm\u00fc<\/span><\/p><\/td><\/tr><tr><td width=\"331\"><p><span style=\"color: #ff0000\">\u00c7a\u011fda\u015f T\u00fcrk Leh\u00e7eleri ve Edebiyatlar\u0131 B\u00f6l\u00fcm\u00fc<\/span><\/p><\/td><td width=\"321\"><p><span style=\"color: #0000ff\">T\u00fcrk Dili ve Edebiyat\u0131 B\u00f6l\u00fcm\u00fc\u00a0<\/span><\/p><\/td><\/tr><tr><td colspan=\"2\" width=\"652\"><p><span style=\"text-decoration: underline\"><strong><span style=\"color: #000080;text-decoration: underline\">FAK\u00dcLTE DI\u015eI \u00c7\u0130FT ANA DAL ANLA\u015eMALARI<\/span><\/strong><\/span><\/p><\/td><\/tr><tr><td rowspan=\"2\" width=\"331\"><p><span style=\"color: #ff0000\">Bilgi ve Belge Y\u00f6netimi B\u00f6l\u00fcm\u00fc<\/span><\/p><\/td><td width=\"321\"><p><span style=\"color: #0000ff\">\u0130ktisadi ve \u0130dari Bilimler Fak\u00fcltesi-Y\u00f6netim Bili\u015fim Sistemleri B\u00f6l\u00fcm\u00fc<\/span><\/p><\/td><\/tr><tr><td width=\"321\"><p><span style=\"color: #0000ff\">\u0130leti\u015fim Fak\u00fcltesi-Gazetecilik B\u00f6l\u00fcm\u00fc<\/span><\/p><\/td><\/tr><tr><td width=\"331\"><p><span style=\"color: #ff0000\">Tarih B\u00f6l\u00fcm\u00fc<\/span><\/p><\/td><td width=\"321\"><p><span style=\"color: #0000ff\">\u0130ktisadi ve \u0130dari Bilimler Fak\u00fcltesi-Uluslararas\u0131 \u0130li\u015fkiler B\u00f6l\u00fcm\u00fc<\/span><\/p><\/td><\/tr><tr><td width=\"331\"><p><span style=\"color: #ff0000\">Sosyoloji<\/span><\/p><\/td><td width=\"321\"><p><span style=\"color: #0000ff\">\u0130ktisadi ve \u0130dari Bilimler Fak\u00fcltesi-Uluslararas\u0131 \u0130li\u015fkiler B\u00f6l\u00fcm\u00fc<\/span><\/p><\/td><\/tr><tr><td width=\"331\"><p><span style=\"color: #ff0000\">Arkeoloji B\u00f6l\u00fcm\u00fc<\/span><\/p><\/td><td width=\"321\"><p><span style=\"color: #0000ff\">Turizm Rehberli\u011fi B\u00f6l\u00fcm\u00fc<\/span><\/p><\/td><\/tr><tr><td width=\"331\"><p><span style=\"color: #ff0000\">Co\u011frafya B\u00f6l\u00fcm\u00fc<\/span><\/p><\/td><td width=\"321\"><p><span style=\"color: #0000ff\">Turizm Rehberli\u011fi B\u00f6l\u00fcm\u00fc<\/span><\/p><\/td><\/tr><tr><td width=\"331\"><p><span style=\"color: #ff0000\">Rus Dili ve Edebiyat\u0131 B\u00f6l\u00fcm\u00fc<\/span><\/p><\/td><td width=\"321\"><p><span style=\"color: #0000ff\">Turizm Rehberli\u011fi B\u00f6l\u00fcm\u00fc<\/span><\/p><\/td><\/tr><tr><td width=\"331\"><p><span style=\"color: #ff0000\">Sanat Tarihi B\u00f6l\u00fcm\u00fc<\/span><\/p><\/td><td width=\"321\"><p><span style=\"color: #0000ff\">Turizm Rehberli\u011fi B\u00f6l\u00fcm\u00fc<\/span><\/p><\/td><\/tr><tr><td width=\"331\"><p><span style=\"color: #ff0000\">T\u00fcrk Dili ve Edebiyat\u0131 B\u00f6l\u00fcm\u00fc<\/span><\/p><\/td><td width=\"321\"><p><span style=\"color: #0000ff\">\u0130leti\u015fim Fak\u00fcltesi-Gazetecilik B\u00f6l\u00fcm\u00fc<\/span><\/p><\/td><\/tr><tr><td width=\"331\"><p><span style=\"color: #ff0000\">T\u00fcrk Dili ve Edebiyat\u0131 B\u00f6l\u00fcm\u00fc<\/span><\/p><\/td><td width=\"321\"><p><span style=\"color: #0000ff\">\u0130leti\u015fim Fak\u00fcltesi-Radyo Televizyon ve Sinema B\u00f6l\u00fcm\u00fc<\/span><\/p><\/td><\/tr><tr><td width=\"331\"><p><span style=\"color: #ff0000\">Arkeoloji B\u00f6l\u00fcm\u00fc<\/span><\/p><\/td><td width=\"321\"><p><span style=\"color: #0000ff\">\u0130leti\u015fim Fak\u00fcltesi-Radyo Televizyon ve Sinema B\u00f6l\u00fcm\u00fc<\/span><\/p><\/td><\/tr><tr><td width=\"331\"><p><span style=\"color: #ff0000\">Arkeoloji B\u00f6l\u00fcm\u00fc<\/span><\/p><\/td><td width=\"321\"><p><span style=\"color: #0000ff\">\u0130leti\u015fim Fak\u00fcltesi-Gazetecilik B\u00f6l\u00fcm\u00fc<\/span><\/p><\/td><\/tr><tr><td width=\"331\"><p><span style=\"color: #ff0000\">Sanat Tarihi<\/span><\/p><\/td><td width=\"321\"><p><span style=\"color: #0000ff\">\u0130leti\u015fim Fak\u00fcltesi-Gazetecilik B\u00f6l\u00fcm\u00fc<\/span><\/p><\/td><\/tr><tr><td width=\"331\"><p><span style=\"color: #ff0000\">Sanat Tarihi<\/span><\/p><\/td><td width=\"321\"><p><span style=\"color: #0000ff\">\u0130leti\u015fim Fak\u00fcltesi-Radyo Televizyon ve Sinema B\u00f6l\u00fcm\u00fc<\/span><\/p><\/td><\/tr><\/tbody><\/table>\t\t\t\t\t\t\t\t<\/div>\n\t\t\t\t<\/div>\n\t\t\t\t\t<\/div>\n\t\t<\/div>\n\t\t\t\t\t<\/div>\n\t\t<\/section>\n\t\t\t\t<section class=\"elementor-section elementor-top-section elementor-element elementor-element-ce45b91 elementor-section-boxed elementor-section-height-default elementor-section-height-default\" data-id=\"ce45b91\" data-element_type=\"section\">\n\t\t\t\t\t\t<div class=\"elementor-container elementor-column-gap-default\">\n\t\t\t\t\t<div class=\"elementor-column elementor-col-100 elementor-top-column elementor-element elementor-element-ef53052\" data-id=\"ef53052\" data-element_type=\"column\">\n\t\t\t<div class=\"elementor-widget-wrap elementor-element-populated\">\n\t\t\t\t\t\t<div class=\"elementor-element elementor-element-587a750 elementor-widget elementor-widget-text-editor\" data-id=\"587a750\" data-element_type=\"widget\" data-widget_type=\"text-editor.default\">\n\t\t\t\t<div class=\"elementor-widget-container\">\n\t\t\t\t\t\t\t\t\t<p>Fak\u00fcltemiz programlar\u0131n\u0131n \u00e7ift ana dal protokolleri ve kontenjanlar\u0131 a\u015fa\u011f\u0131daki gibidir.<\/p>\t\t\t\t\t\t\t\t<\/div>\n\t\t\t\t<\/div>\n\t\t\t\t<div class=\"elementor-element elementor-element-bdab912 elementor-widget elementor-widget-pdf_viewer\" data-id=\"bdab912\" data-element_type=\"widget\" data-widget_type=\"pdf_viewer.default\">\n\t\t\t\t<div class=\"elementor-widget-container\">\n\t\t\t\t\t<iframe src=\"https:\/\/docs.google.com\/viewer?url=http:\/\/birimler.atauni.edu.tr\/edebiyat-fakultesi\/wp-content\/uploads\/sites\/59\/2025\/09\/Cift-Ana-Dal-Protokolleri-ve-Kontenjanlari.pdf&amp;embedded=true\" style=\"display: block; margin-left: auto; margin-right: auto; width: 640px; height: 1020px;\" frameborder=\"1\" marginheight=\"0px\" marginwidth=\"0px\" allowfullscreen><\/iframe>\t\t\t\t<\/div>\n\t\t\t\t<\/div>\n\t\t\t\t\t<\/div>\n\t\t<\/div>\n\t\t\t\t\t<\/div>\n\t\t<\/section>\n\t\t\t\t<\/div>\n\t\t","protected":false},"excerpt":{"rendered":"<p>Fak\u00fcltemiz programlar\u0131n\u0131n fak\u00fclte i\u00e7i ve fak\u00fclte d\u0131\u015f\u0131 \u00e7ift ana dal anla\u015fmalar\u0131 a\u015fa\u011f\u0131daki gibidir.\u00a0 Atat\u00fcrk \u00dcniversitesi \u00c7ift Ana Dal Program\u0131 ve Yan Dal Program\u0131 Uygulama Esaslar\u0131na ula\u015fmak i\u00e7in t\u0131klay\u0131n\u0131z. FAK\u00dcLTE \u0130\u00c7\u0130 \u00c7\u0130FT ANA DAL ANLA\u015eMALARI Arkeoloji B\u00f6l\u00fcm\u00fc Sanat Tarihi B\u00f6l\u00fcm\u00fc Sanat Tarihi B\u00f6l\u00fcm\u00fc Arkeoloji B\u00f6l\u00fcm\u00fc Co\u011frafya B\u00f6l\u00fcm\u00fc Tarih B\u00f6l\u00fcm\u00fc Tarih B\u00f6l\u00fcm\u00fc Co\u011frafya B\u00f6l\u00fcm\u00fc Bilgi ve Belge [&hellip;]<\/p>\n","protected":false},"author":332,"featured_media":0,"parent":0,"menu_order":0,"comment_status":"closed","ping_status":"closed","template":"","meta":{"footnotes":""},"class_list":["post-13572","page","type-page","status-publish","hentry"],"_links":{"self":[{"href":"https:\/\/atauni.edu.tr\/edebiyat-fakultesi\/wp-json\/wp\/v2\/pages\/13572","targetHints":{"allow":["GET"]}}],"collection":[{"href":"https:\/\/atauni.edu.tr\/edebiyat-fakultesi\/wp-json\/wp\/v2\/pages"}],"about":[{"href":"https:\/\/atauni.edu.tr\/edebiyat-fakultesi\/wp-json\/wp\/v2\/types\/page"}],"author":[{"embeddable":true,"href":"https:\/\/atauni.edu.tr\/edebiyat-fakultesi\/wp-json\/wp\/v2\/users\/332"}],"replies":[{"embeddable":true,"href":"https:\/\/atauni.edu.tr\/edebiyat-fakultesi\/wp-json\/wp\/v2\/comments?post=13572"}],"version-history":[{"count":7,"href":"https:\/\/atauni.edu.tr\/edebiyat-fakultesi\/wp-json\/wp\/v2\/pages\/13572\/revisions"}],"predecessor-version":[{"id":14501,"href":"https:\/\/atauni.edu.tr\/edebiyat-fakultesi\/wp-json\/wp\/v2\/pages\/13572\/revisions\/14501"}],"wp:attachment":[{"href":"https:\/\/atauni.edu.tr\/edebiyat-fakultesi\/wp-json\/wp\/v2\/media?parent=13572"}],"curies":[{"name":"wp","href":"https:\/\/api.w.org\/{rel}","templated":true}]}}