{"id":14145,"date":"2025-05-20T16:03:49","date_gmt":"2025-05-20T13:03:49","guid":{"rendered":"https:\/\/birimler.atauni.edu.tr\/edebiyat-fakultesi\/?page_id=14145"},"modified":"2025-05-20T16:09:14","modified_gmt":"2025-05-20T13:09:14","slug":"fakulte-stratejik-planlari","status":"publish","type":"page","link":"https:\/\/atauni.edu.tr\/edebiyat-fakultesi\/fakulte-stratejik-planlari\/","title":{"rendered":"Fak\u00fclte Stratejik Planlar\u0131"},"content":{"rendered":"\t\t<div data-elementor-type=\"wp-page\" data-elementor-id=\"14145\" class=\"elementor elementor-14145\" data-elementor-post-type=\"page\">\n\t\t\t\t\t\t<section class=\"elementor-section elementor-top-section elementor-element elementor-element-b341c00 elementor-section-boxed elementor-section-height-default elementor-section-height-default\" data-id=\"b341c00\" data-element_type=\"section\">\n\t\t\t\t\t\t<div class=\"elementor-container elementor-column-gap-default\">\n\t\t\t\t\t<div class=\"elementor-column elementor-col-100 elementor-top-column elementor-element elementor-element-0e8812c\" data-id=\"0e8812c\" data-element_type=\"column\">\n\t\t\t<div class=\"elementor-widget-wrap elementor-element-populated\">\n\t\t\t\t\t\t<div class=\"elementor-element elementor-element-15b62a4 elementor-widget elementor-widget-text-editor\" data-id=\"15b62a4\" data-element_type=\"widget\" data-widget_type=\"text-editor.default\">\n\t\t\t\t<div class=\"elementor-widget-container\">\n\t\t\t\t\t\t\t\t\t<ul><li><a href=\"http:\/\/birimler.atauni.edu.tr\/edebiyat-fakultesi\/wp-content\/uploads\/sites\/59\/2025\/05\/STRATEJIK-PLAN-2019-2023.pdf\"><strong>2019-2023 Fak\u00fclte Stratejik Plan\u0131<\/strong><\/a><\/li><li><a href=\"http:\/\/birimler.atauni.edu.tr\/edebiyat-fakultesi\/wp-content\/uploads\/sites\/59\/2025\/05\/24-28stratejik-plan.pdf\"><strong>2024-2028 Fak\u00fclte Stratejik Plan\u0131<\/strong><\/a><\/li><\/ul>\t\t\t\t\t\t\t\t<\/div>\n\t\t\t\t<\/div>\n\t\t\t\t\t<\/div>\n\t\t<\/div>\n\t\t\t\t\t<\/div>\n\t\t<\/section>\n\t\t\t\t<\/div>\n\t\t","protected":false},"excerpt":{"rendered":"<p>2019-2023 Fak\u00fclte Stratejik Plan\u0131 2024-2028 Fak\u00fclte Stratejik Plan\u0131<\/p>\n","protected":false},"author":332,"featured_media":0,"parent":0,"menu_order":0,"comment_status":"closed","ping_status":"closed","template":"","meta":{"footnotes":""},"class_list":["post-14145","page","type-page","status-publish","hentry"],"_links":{"self":[{"href":"https:\/\/atauni.edu.tr\/edebiyat-fakultesi\/wp-json\/wp\/v2\/pages\/14145","targetHints":{"allow":["GET"]}}],"collection":[{"href":"https:\/\/atauni.edu.tr\/edebiyat-fakultesi\/wp-json\/wp\/v2\/pages"}],"about":[{"href":"https:\/\/atauni.edu.tr\/edebiyat-fakultesi\/wp-json\/wp\/v2\/types\/page"}],"author":[{"embeddable":true,"href":"https:\/\/atauni.edu.tr\/edebiyat-fakultesi\/wp-json\/wp\/v2\/users\/332"}],"replies":[{"embeddable":true,"href":"https:\/\/atauni.edu.tr\/edebiyat-fakultesi\/wp-json\/wp\/v2\/comments?post=14145"}],"version-history":[{"count":4,"href":"https:\/\/atauni.edu.tr\/edebiyat-fakultesi\/wp-json\/wp\/v2\/pages\/14145\/revisions"}],"predecessor-version":[{"id":14150,"href":"https:\/\/atauni.edu.tr\/edebiyat-fakultesi\/wp-json\/wp\/v2\/pages\/14145\/revisions\/14150"}],"wp:attachment":[{"href":"https:\/\/atauni.edu.tr\/edebiyat-fakultesi\/wp-json\/wp\/v2\/media?parent=14145"}],"curies":[{"name":"wp","href":"https:\/\/api.w.org\/{rel}","templated":true}]}}