{"id":14214,"date":"2025-06-12T14:42:24","date_gmt":"2025-06-12T11:42:24","guid":{"rendered":"https:\/\/birimler.atauni.edu.tr\/edebiyat-fakultesi\/?page_id=14214"},"modified":"2025-06-12T14:43:42","modified_gmt":"2025-06-12T11:43:42","slug":"haberler","status":"publish","type":"page","link":"https:\/\/atauni.edu.tr\/edebiyat-fakultesi\/haberler\/","title":{"rendered":"Haberler"},"content":{"rendered":"\t\t<div data-elementor-type=\"wp-page\" data-elementor-id=\"14214\" class=\"elementor elementor-14214\" data-elementor-post-type=\"page\">\n\t\t\t\t\t\t<section class=\"elementor-section elementor-top-section elementor-element elementor-element-ab1d414 elementor-section-boxed elementor-section-height-default elementor-section-height-default\" data-id=\"ab1d414\" data-element_type=\"section\">\n\t\t\t\t\t\t<div class=\"elementor-container elementor-column-gap-default\">\n\t\t\t\t\t<div class=\"elementor-column elementor-col-100 elementor-top-column elementor-element elementor-element-6f8efa2\" data-id=\"6f8efa2\" data-element_type=\"column\">\n\t\t\t<div class=\"elementor-widget-wrap elementor-element-populated\">\n\t\t\t\t\t\t<div class=\"elementor-element elementor-element-1d25b1e elementor-widget elementor-widget-shortcode\" data-id=\"1d25b1e\" data-element_type=\"widget\" data-widget_type=\"shortcode.default\">\n\t\t\t\t<div class=\"elementor-widget-container\">\n\t\t\t\t\t\t\t<div class=\"elementor-shortcode\"><form method=\"get\" class=\"row g-3\" style=\"margin-bottom: 20px;\"><div class=\"col-md-3\"><input type=\"text\" name=\"haber_ara\" class=\"form-control\" placeholder=\"Haber ara...\" value=\"\"><\/div><div class=\"col-md-3\"><input type=\"date\" name=\"baslangic_tarihi\" class=\"form-control\" value=\"\"><\/div><div class=\"col-md-3\"><input type=\"date\" name=\"bitis_tarihi\" class=\"form-control\" value=\"\"><\/div><div class=\"col-md-3\"><button type=\"submit\" class=\"btn btn-secondary w-50\">Filtrele<\/button><\/div><\/form><ul class=\"kategori-yazilari-liste\"><li style=\"display: flex; margin-bottom: 10px; align-items: center;\"><div class=\"post-thumbnail\" style=\"margin-right: 15px;\"><a href=\"https:\/\/atauni.edu.tr\/edebiyat-fakultesi\/2026\/02\/17\/fakultemizin-dokuz-programi-fedek-tarafindan-yeniden-akredite-edildi\/\"><img decoding=\"async\" width=\"150\" height=\"150\" src=\"https:\/\/atauni.edu.tr\/edebiyat-fakultesi\/wp-content\/uploads\/sites\/59\/2025\/05\/Asset-3.svg\" class=\"attachment-thumbnail size-thumbnail wp-post-image\" alt=\"\" \/><\/a><\/div><div class=\"post-content\" style=\"flex-grow: 1;\"><span class=\"post-date habertarih\" style=\"display: block; font-weight: bold; margin-bottom: 5px;\">17 \u015eubat 2026<\/span><a class=\"haberbaslik\" href=\"https:\/\/atauni.edu.tr\/edebiyat-fakultesi\/2026\/02\/17\/fakultemizin-dokuz-programi-fedek-tarafindan-yeniden-akredite-edildi\/\">Fak\u00fcltemizin Dokuz Program\u0131 FEDEK Taraf\u0131ndan Yeniden Akredite Edildi<\/a><\/div><\/li><li style=\"display: flex; margin-bottom: 10px; align-items: center;\"><div class=\"post-thumbnail\" style=\"margin-right: 15px;\"><a href=\"https:\/\/atauni.edu.tr\/edebiyat-fakultesi\/2026\/01\/29\/ataturk-universitesinin-sosyal-bilimler-alanindaki-yukselisi-devam-ediyor\/\"><img decoding=\"async\" width=\"150\" height=\"150\" src=\"https:\/\/atauni.edu.tr\/edebiyat-fakultesi\/wp-content\/uploads\/sites\/59\/2025\/05\/Asset-3.svg\" class=\"attachment-thumbnail size-thumbnail wp-post-image\" alt=\"\" \/><\/a><\/div><div class=\"post-content\" style=\"flex-grow: 1;\"><span class=\"post-date habertarih\" style=\"display: block; font-weight: bold; margin-bottom: 5px;\">29 Ocak 2026<\/span><a class=\"haberbaslik\" href=\"https:\/\/atauni.edu.tr\/edebiyat-fakultesi\/2026\/01\/29\/ataturk-universitesinin-sosyal-bilimler-alanindaki-yukselisi-devam-ediyor\/\">Atat\u00fcrk \u00dcniversitesinin Sosyal ve Be\u015feri Bilimler Alan\u0131ndaki Y\u00fckseli\u015fi Devam Ediyor<\/a><\/div><\/li><li style=\"display: flex; margin-bottom: 10px; align-items: center;\"><div class=\"post-thumbnail\" style=\"margin-right: 15px;\"><a href=\"https:\/\/atauni.edu.tr\/edebiyat-fakultesi\/2026\/01\/09\/butunlesik-yuksek-lisans-programi-bilgilendirme-toplantisi-gerceklestirildi\/\"><img decoding=\"async\" width=\"150\" height=\"150\" src=\"https:\/\/atauni.edu.tr\/edebiyat-fakultesi\/wp-content\/uploads\/sites\/59\/2020\/07\/dairesel-siyah-e1666796385410-1024x768-1-768x576-1-150x150.png\" class=\"attachment-thumbnail size-thumbnail wp-post-image\" alt=\"\" \/><\/a><\/div><div class=\"post-content\" style=\"flex-grow: 1;\"><span class=\"post-date habertarih\" style=\"display: block; font-weight: bold; margin-bottom: 5px;\">9 Ocak 2026<\/span><a class=\"haberbaslik\" href=\"https:\/\/atauni.edu.tr\/edebiyat-fakultesi\/2026\/01\/09\/butunlesik-yuksek-lisans-programi-bilgilendirme-toplantisi-gerceklestirildi\/\">B\u00fct\u00fcnle\u015fik Y\u00fcksek Lisans Program\u0131 Bilgilendirme Toplant\u0131s\u0131 Ger\u00e7ekle\u015ftirildi<\/a><\/div><\/li><li style=\"display: flex; margin-bottom: 10px; align-items: center;\"><div class=\"post-thumbnail\" style=\"margin-right: 15px;\"><a href=\"https:\/\/atauni.edu.tr\/edebiyat-fakultesi\/2025\/12\/12\/fakultemizde-fedek-degerlendirme-toplantisi-gerceklestirildi\/\"><img decoding=\"async\" width=\"150\" height=\"150\" src=\"https:\/\/atauni.edu.tr\/edebiyat-fakultesi\/wp-content\/uploads\/sites\/59\/2025\/05\/Asset-3.svg\" class=\"attachment-thumbnail size-thumbnail wp-post-image\" alt=\"\" \/><\/a><\/div><div class=\"post-content\" style=\"flex-grow: 1;\"><span class=\"post-date habertarih\" style=\"display: block; font-weight: bold; margin-bottom: 5px;\">12 Aral\u0131k 2025<\/span><a class=\"haberbaslik\" href=\"https:\/\/atauni.edu.tr\/edebiyat-fakultesi\/2025\/12\/12\/fakultemizde-fedek-degerlendirme-toplantisi-gerceklestirildi\/\">Fak\u00fcltemizde FEDEK De\u011ferlendirme Toplant\u0131s\u0131 Ger\u00e7ekle\u015ftirildi<\/a><\/div><\/li><li style=\"display: flex; margin-bottom: 10px; align-items: center;\"><div class=\"post-thumbnail\" style=\"margin-right: 15px;\"><a href=\"https:\/\/atauni.edu.tr\/edebiyat-fakultesi\/2025\/12\/09\/dekan-cigdem-erzurum-restorasyon-ve-konservasyon-bolge-laboratuvari-mudurlugunu-ziyaret-etti\/\"><img decoding=\"async\" width=\"150\" height=\"150\" src=\"https:\/\/atauni.edu.tr\/edebiyat-fakultesi\/wp-content\/uploads\/sites\/59\/2025\/05\/Asset-3.svg\" class=\"attachment-thumbnail size-thumbnail wp-post-image\" alt=\"\" \/><\/a><\/div><div class=\"post-content\" style=\"flex-grow: 1;\"><span class=\"post-date habertarih\" style=\"display: block; font-weight: bold; margin-bottom: 5px;\">9 Aral\u0131k 2025<\/span><a class=\"haberbaslik\" href=\"https:\/\/atauni.edu.tr\/edebiyat-fakultesi\/2025\/12\/09\/dekan-cigdem-erzurum-restorasyon-ve-konservasyon-bolge-laboratuvari-mudurlugunu-ziyaret-etti\/\">Dekan \u00c7i\u011fdem, Erzurum Restorasyon ve Konservasyon B\u00f6lge Laboratuvar\u0131 M\u00fcd\u00fcrl\u00fc\u011f\u00fcn\u00fc Ziyaret Etti<\/a><\/div><\/li><li style=\"display: flex; margin-bottom: 10px; align-items: center;\"><div class=\"post-thumbnail\" style=\"margin-right: 15px;\"><a href=\"https:\/\/atauni.edu.tr\/edebiyat-fakultesi\/2025\/11\/27\/doc-dr-meva-demir-kayanin-tubitak-3501-projesi-sonuc-paylasim-toplantisi-gerceklestirildi\/\"><img decoding=\"async\" width=\"150\" height=\"150\" src=\"https:\/\/atauni.edu.tr\/edebiyat-fakultesi\/wp-content\/uploads\/sites\/59\/2025\/05\/Asset-3.svg\" class=\"attachment-thumbnail size-thumbnail wp-post-image\" alt=\"\" \/><\/a><\/div><div class=\"post-content\" style=\"flex-grow: 1;\"><span class=\"post-date habertarih\" style=\"display: block; font-weight: bold; margin-bottom: 5px;\">27 Kas\u0131m 2025<\/span><a class=\"haberbaslik\" href=\"https:\/\/atauni.edu.tr\/edebiyat-fakultesi\/2025\/11\/27\/doc-dr-meva-demir-kayanin-tubitak-3501-projesi-sonuc-paylasim-toplantisi-gerceklestirildi\/\">Do\u00e7. Dr. Meva Demir Kaya\u2019n\u0131n T\u00dcB\u0130TAK 3501 Projesinin Sonu\u00e7 Payla\u015f\u0131m Toplant\u0131s\u0131 Ger\u00e7ekle\u015ftirildi<\/a><\/div><\/li><li style=\"display: flex; margin-bottom: 10px; align-items: center;\"><div class=\"post-thumbnail\" style=\"margin-right: 15px;\"><a href=\"https:\/\/atauni.edu.tr\/edebiyat-fakultesi\/2025\/11\/25\/edebiyat-fakultesi-2025-yili-fedek-degerlendirme-surecini-tamamladi\/\"><img decoding=\"async\" width=\"150\" height=\"150\" src=\"https:\/\/atauni.edu.tr\/edebiyat-fakultesi\/wp-content\/uploads\/sites\/59\/2025\/05\/Asset-3.svg\" class=\"attachment-thumbnail size-thumbnail wp-post-image\" alt=\"\" \/><\/a><\/div><div class=\"post-content\" style=\"flex-grow: 1;\"><span class=\"post-date habertarih\" style=\"display: block; font-weight: bold; margin-bottom: 5px;\">25 Kas\u0131m 2025<\/span><a class=\"haberbaslik\" href=\"https:\/\/atauni.edu.tr\/edebiyat-fakultesi\/2025\/11\/25\/edebiyat-fakultesi-2025-yili-fedek-degerlendirme-surecini-tamamladi\/\">Edebiyat Fak\u00fcltesi, 2025 Y\u0131l\u0131 FEDEK De\u011ferlendirme S\u00fcrecini Tamamlad\u0131<\/a><\/div><\/li><li style=\"display: flex; margin-bottom: 10px; align-items: center;\"><div class=\"post-thumbnail\" style=\"margin-right: 15px;\"><a href=\"https:\/\/atauni.edu.tr\/edebiyat-fakultesi\/2025\/10\/27\/turk-felsefi-dusuncesinin-dehasi-nizami-gencevi-uluslararasi-sempozyumu-gerceklestirildi\/\"><img decoding=\"async\" width=\"150\" height=\"150\" src=\"https:\/\/atauni.edu.tr\/edebiyat-fakultesi\/wp-content\/uploads\/sites\/59\/2025\/05\/Asset-3.svg\" class=\"attachment-thumbnail size-thumbnail wp-post-image\" alt=\"\" \/><\/a><\/div><div class=\"post-content\" style=\"flex-grow: 1;\"><span class=\"post-date habertarih\" style=\"display: block; font-weight: bold; margin-bottom: 5px;\">27 Ekim 2025<\/span><a class=\"haberbaslik\" href=\"https:\/\/atauni.edu.tr\/edebiyat-fakultesi\/2025\/10\/27\/turk-felsefi-dusuncesinin-dehasi-nizami-gencevi-uluslararasi-sempozyumu-gerceklestirildi\/\">Azerbaycan Heyetinden Fak\u00fcltemize Ziyaret<\/a><\/div><\/li><li style=\"display: flex; margin-bottom: 10px; align-items: center;\"><div class=\"post-thumbnail\" style=\"margin-right: 15px;\"><a href=\"https:\/\/atauni.edu.tr\/edebiyat-fakultesi\/2025\/10\/03\/fakultemiz-bolumlerinde-oryantasyon-programi-gerceklestirildi\/\"><img decoding=\"async\" width=\"150\" height=\"150\" src=\"https:\/\/atauni.edu.tr\/edebiyat-fakultesi\/wp-content\/uploads\/sites\/59\/2025\/05\/Asset-3.svg\" class=\"attachment-thumbnail size-thumbnail wp-post-image\" alt=\"\" \/><\/a><\/div><div class=\"post-content\" style=\"flex-grow: 1;\"><span class=\"post-date habertarih\" style=\"display: block; font-weight: bold; margin-bottom: 5px;\">3 Ekim 2025<\/span><a class=\"haberbaslik\" href=\"https:\/\/atauni.edu.tr\/edebiyat-fakultesi\/2025\/10\/03\/fakultemiz-bolumlerinde-oryantasyon-programi-gerceklestirildi\/\">Fak\u00fcltemiz B\u00f6l\u00fcmlerinde Oryantasyon Program\u0131 Ger\u00e7ekle\u015ftirildi<\/a><\/div><\/li><li style=\"display: flex; margin-bottom: 10px; align-items: center;\"><div class=\"post-content\" style=\"flex-grow: 1;\"><span class=\"post-date habertarih\" style=\"display: block; font-weight: bold; margin-bottom: 5px;\">11 Eyl\u00fcl 2025<\/span><a class=\"haberbaslik\" href=\"https:\/\/atauni.edu.tr\/edebiyat-fakultesi\/2025\/09\/11\/2025-2026-egitim-ogretim-yilina-hazirlik-toplantisi\/\">2025-2026 E\u011fitim \u00d6\u011fretim Y\u0131l\u0131na Haz\u0131rl\u0131k Toplant\u0131s\u0131<\/a><\/div><\/li><\/ul><nav class=\"pagination\" style=\"margin-top: 20px;\"><ul class='page-numbers'>\n\t<li><span aria-current=\"page\" class=\"page-numbers current\">1<\/span><\/li>\n\t<li><a class=\"page-numbers\" href=\"https:\/\/atauni.edu.tr\/edebiyat-fakultesi\/wp-json\/wp\/v2\/pages\/14214\/page\/2\/\">2<\/a><\/li>\n\t<li><a class=\"page-numbers\" href=\"https:\/\/atauni.edu.tr\/edebiyat-fakultesi\/wp-json\/wp\/v2\/pages\/14214\/page\/3\/\">3<\/a><\/li>\n\t<li><span class=\"page-numbers dots\">&hellip;<\/span><\/li>\n\t<li><a class=\"page-numbers\" href=\"https:\/\/atauni.edu.tr\/edebiyat-fakultesi\/wp-json\/wp\/v2\/pages\/14214\/page\/23\/\">23<\/a><\/li>\n\t<li><a class=\"next page-numbers\" href=\"https:\/\/atauni.edu.tr\/edebiyat-fakultesi\/wp-json\/wp\/v2\/pages\/14214\/page\/2\/\">Sonraki &raquo;<\/a><\/li>\n<\/ul>\n<\/nav><\/div>\n\t\t\t\t\t\t<\/div>\n\t\t\t\t<\/div>\n\t\t\t\t\t<\/div>\n\t\t<\/div>\n\t\t\t\t\t<\/div>\n\t\t<\/section>\n\t\t\t\t<\/div>\n\t\t","protected":false},"excerpt":{"rendered":"","protected":false},"author":8,"featured_media":0,"parent":0,"menu_order":0,"comment_status":"closed","ping_status":"closed","template":"","meta":{"footnotes":""},"class_list":["post-14214","page","type-page","status-publish","hentry"],"_links":{"self":[{"href":"https:\/\/atauni.edu.tr\/edebiyat-fakultesi\/wp-json\/wp\/v2\/pages\/14214","targetHints":{"allow":["GET"]}}],"collection":[{"href":"https:\/\/atauni.edu.tr\/edebiyat-fakultesi\/wp-json\/wp\/v2\/pages"}],"about":[{"href":"https:\/\/atauni.edu.tr\/edebiyat-fakultesi\/wp-json\/wp\/v2\/types\/page"}],"author":[{"embeddable":true,"href":"https:\/\/atauni.edu.tr\/edebiyat-fakultesi\/wp-json\/wp\/v2\/users\/8"}],"replies":[{"embeddable":true,"href":"https:\/\/atauni.edu.tr\/edebiyat-fakultesi\/wp-json\/wp\/v2\/comments?post=14214"}],"version-history":[{"count":4,"href":"https:\/\/atauni.edu.tr\/edebiyat-fakultesi\/wp-json\/wp\/v2\/pages\/14214\/revisions"}],"predecessor-version":[{"id":14222,"href":"https:\/\/atauni.edu.tr\/edebiyat-fakultesi\/wp-json\/wp\/v2\/pages\/14214\/revisions\/14222"}],"wp:attachment":[{"href":"https:\/\/atauni.edu.tr\/edebiyat-fakultesi\/wp-json\/wp\/v2\/media?parent=14214"}],"curies":[{"name":"wp","href":"https:\/\/api.w.org\/{rel}","templated":true}]}}