{"id":14404,"date":"2025-07-29T14:47:19","date_gmt":"2025-07-29T11:47:19","guid":{"rendered":"https:\/\/birimler.atauni.edu.tr\/edebiyat-fakultesi\/?page_id=14404"},"modified":"2025-07-29T14:47:25","modified_gmt":"2025-07-29T11:47:25","slug":"etkinlikler","status":"publish","type":"page","link":"https:\/\/atauni.edu.tr\/edebiyat-fakultesi\/etkinlikler\/","title":{"rendered":"Etkinlikler"},"content":{"rendered":"<form method=\"get\" class=\"row g-3\" style=\"margin-bottom: 20px;\"><div class=\"col-md-3\"><input type=\"text\" name=\"etkinlik_ara\" class=\"form-control\" placeholder=\"Etkinlik ara...\" value=\"\"><\/div><div class=\"col-md-3\"><input type=\"date\" name=\"baslangic_tarihi\" class=\"form-control\" value=\"\"><\/div><div class=\"col-md-3\"><input type=\"date\" name=\"bitis_tarihi\" class=\"form-control\" value=\"\"><\/div><div class=\"col-md-3\"><button type=\"submit\" class=\"btn btn-secondary w-50\">Filtrele<\/button><\/div><\/form><div class=\"etkinlikler-grid-container\" style=\"display: grid; grid-template-columns: repeat(3, 1fr); gap: 20px;\"><div class=\"etkinlik-grid-item\"><div class=\"etkinlik-thumbnail\"><img fetchpriority=\"high\" decoding=\"async\" width=\"240\" height=\"300\" src=\"https:\/\/atauni.edu.tr\/edebiyat-fakultesi\/wp-content\/uploads\/sites\/59\/2026\/03\/WhatsApp-Image-2026-03-04-at-19.38.45-240x300.jpeg\" class=\"img-fluid wp-post-image\" alt=\"\" srcset=\"https:\/\/atauni.edu.tr\/edebiyat-fakultesi\/wp-content\/uploads\/sites\/59\/2026\/03\/WhatsApp-Image-2026-03-04-at-19.38.45-240x300.jpeg 240w, https:\/\/atauni.edu.tr\/edebiyat-fakultesi\/wp-content\/uploads\/sites\/59\/2026\/03\/WhatsApp-Image-2026-03-04-at-19.38.45-819x1024.jpeg 819w, https:\/\/atauni.edu.tr\/edebiyat-fakultesi\/wp-content\/uploads\/sites\/59\/2026\/03\/WhatsApp-Image-2026-03-04-at-19.38.45-768x960.jpeg 768w, https:\/\/atauni.edu.tr\/edebiyat-fakultesi\/wp-content\/uploads\/sites\/59\/2026\/03\/WhatsApp-Image-2026-03-04-at-19.38.45-1229x1536.jpeg 1229w, https:\/\/atauni.edu.tr\/edebiyat-fakultesi\/wp-content\/uploads\/sites\/59\/2026\/03\/WhatsApp-Image-2026-03-04-at-19.38.45-480x600.jpeg 480w, https:\/\/atauni.edu.tr\/edebiyat-fakultesi\/wp-content\/uploads\/sites\/59\/2026\/03\/WhatsApp-Image-2026-03-04-at-19.38.45-448x560.jpeg 448w, https:\/\/atauni.edu.tr\/edebiyat-fakultesi\/wp-content\/uploads\/sites\/59\/2026\/03\/WhatsApp-Image-2026-03-04-at-19.38.45.jpeg 1638w\" sizes=\"(max-width: 240px) 100vw, 240px\" \/><\/div><div class=\"etkinlik-datee\"><span class=\"day\">05<\/span><span class=\"month\">Mart<\/span><span class=\"year\">2026<\/span><\/div><a href=\"https:\/\/atauni.edu.tr\/edebiyat-fakultesi\/2026\/03\/05\/sanat-tarihinde-kadin-zarafeti-ve-anitsal-bellek\/\" class=\"etkinlik-titlee\">Sanat Tarihinde Kad\u0131n Zarafeti ve An\u0131tsal Bellek<\/a><\/div><div class=\"etkinlik-grid-item\"><div class=\"etkinlik-thumbnail\"><img decoding=\"async\" width=\"259\" height=\"300\" src=\"https:\/\/atauni.edu.tr\/edebiyat-fakultesi\/wp-content\/uploads\/sites\/59\/2025\/10\/WhatsApp-Image-2025-10-20-at-15.23.51-259x300.jpeg\" class=\"img-fluid wp-post-image\" alt=\"\" srcset=\"https:\/\/atauni.edu.tr\/edebiyat-fakultesi\/wp-content\/uploads\/sites\/59\/2025\/10\/WhatsApp-Image-2025-10-20-at-15.23.51-259x300.jpeg 259w, https:\/\/atauni.edu.tr\/edebiyat-fakultesi\/wp-content\/uploads\/sites\/59\/2025\/10\/WhatsApp-Image-2025-10-20-at-15.23.51-884x1024.jpeg 884w, https:\/\/atauni.edu.tr\/edebiyat-fakultesi\/wp-content\/uploads\/sites\/59\/2025\/10\/WhatsApp-Image-2025-10-20-at-15.23.51-768x889.jpeg 768w, https:\/\/atauni.edu.tr\/edebiyat-fakultesi\/wp-content\/uploads\/sites\/59\/2025\/10\/WhatsApp-Image-2025-10-20-at-15.23.51-1327x1536.jpeg 1327w, https:\/\/atauni.edu.tr\/edebiyat-fakultesi\/wp-content\/uploads\/sites\/59\/2025\/10\/WhatsApp-Image-2025-10-20-at-15.23.51-518x600.jpeg 518w, https:\/\/atauni.edu.tr\/edebiyat-fakultesi\/wp-content\/uploads\/sites\/59\/2025\/10\/WhatsApp-Image-2025-10-20-at-15.23.51-484x560.jpeg 484w, https:\/\/atauni.edu.tr\/edebiyat-fakultesi\/wp-content\/uploads\/sites\/59\/2025\/10\/WhatsApp-Image-2025-10-20-at-15.23.51.jpeg 1382w\" sizes=\"(max-width: 259px) 100vw, 259px\" \/><\/div><div class=\"etkinlik-datee\"><span class=\"day\">20<\/span><span class=\"month\">Ekim<\/span><span class=\"year\">2025<\/span><\/div><a href=\"https:\/\/atauni.edu.tr\/edebiyat-fakultesi\/2025\/10\/20\/turk-felsefi-dusuncesinin-dehasi-nizami-gencevi-uluslararasi-sempozyumu\/\" class=\"etkinlik-titlee\">T\u00fcrk Felsefi D\u00fc\u015f\u00fcncesinin Dehas\u0131: Nizami Gencevi Uluslararas\u0131 Sempozyumu<\/a><\/div><div class=\"etkinlik-grid-item\"><div class=\"etkinlik-thumbnail\"><img decoding=\"async\" width=\"205\" height=\"300\" src=\"https:\/\/atauni.edu.tr\/edebiyat-fakultesi\/wp-content\/uploads\/sites\/59\/2025\/08\/karaz-205x300.jpg\" class=\"img-fluid wp-post-image\" alt=\"\" srcset=\"https:\/\/atauni.edu.tr\/edebiyat-fakultesi\/wp-content\/uploads\/sites\/59\/2025\/08\/karaz-205x300.jpg 205w, https:\/\/atauni.edu.tr\/edebiyat-fakultesi\/wp-content\/uploads\/sites\/59\/2025\/08\/karaz-409x600.jpg 409w, https:\/\/atauni.edu.tr\/edebiyat-fakultesi\/wp-content\/uploads\/sites\/59\/2025\/08\/karaz-382x560.jpg 382w, https:\/\/atauni.edu.tr\/edebiyat-fakultesi\/wp-content\/uploads\/sites\/59\/2025\/08\/karaz.jpg 502w\" sizes=\"(max-width: 205px) 100vw, 205px\" \/><\/div><div class=\"etkinlik-datee\"><span class=\"day\">15<\/span><span class=\"month\">A\u011fustos<\/span><span class=\"year\">2025<\/span><\/div><a href=\"https:\/\/atauni.edu.tr\/edebiyat-fakultesi\/2025\/08\/15\/karaz-kulturu-uluslararasi-sempozyumu-programi\/\" class=\"etkinlik-titlee\">Karaz K\u00fclt\u00fcr\u00fc Uluslararas\u0131 Sempozyumu<\/a><\/div><div class=\"etkinlik-grid-item\"><div class=\"etkinlik-thumbnail\"><img loading=\"lazy\" decoding=\"async\" width=\"214\" height=\"300\" src=\"https:\/\/atauni.edu.tr\/edebiyat-fakultesi\/wp-content\/uploads\/sites\/59\/2025\/06\/WhatsApp-Image-2025-06-12-at-12.31.18-214x300.jpeg\" class=\"img-fluid wp-post-image\" alt=\"\" srcset=\"https:\/\/atauni.edu.tr\/edebiyat-fakultesi\/wp-content\/uploads\/sites\/59\/2025\/06\/WhatsApp-Image-2025-06-12-at-12.31.18-214x300.jpeg 214w, https:\/\/atauni.edu.tr\/edebiyat-fakultesi\/wp-content\/uploads\/sites\/59\/2025\/06\/WhatsApp-Image-2025-06-12-at-12.31.18-731x1024.jpeg 731w, https:\/\/atauni.edu.tr\/edebiyat-fakultesi\/wp-content\/uploads\/sites\/59\/2025\/06\/WhatsApp-Image-2025-06-12-at-12.31.18-768x1076.jpeg 768w, https:\/\/atauni.edu.tr\/edebiyat-fakultesi\/wp-content\/uploads\/sites\/59\/2025\/06\/WhatsApp-Image-2025-06-12-at-12.31.18-1097x1536.jpeg 1097w, https:\/\/atauni.edu.tr\/edebiyat-fakultesi\/wp-content\/uploads\/sites\/59\/2025\/06\/WhatsApp-Image-2025-06-12-at-12.31.18-1462x2048.jpeg 1462w, https:\/\/atauni.edu.tr\/edebiyat-fakultesi\/wp-content\/uploads\/sites\/59\/2025\/06\/WhatsApp-Image-2025-06-12-at-12.31.18-428x600.jpeg 428w, https:\/\/atauni.edu.tr\/edebiyat-fakultesi\/wp-content\/uploads\/sites\/59\/2025\/06\/WhatsApp-Image-2025-06-12-at-12.31.18-400x560.jpeg 400w, https:\/\/atauni.edu.tr\/edebiyat-fakultesi\/wp-content\/uploads\/sites\/59\/2025\/06\/WhatsApp-Image-2025-06-12-at-12.31.18.jpeg 1828w\" sizes=\"(max-width: 214px) 100vw, 214px\" \/><\/div><div class=\"etkinlik-datee\"><span class=\"day\">12<\/span><span class=\"month\">Haziran<\/span><span class=\"year\">2025<\/span><\/div><a href=\"https:\/\/atauni.edu.tr\/edebiyat-fakultesi\/2025\/06\/12\/cift-ana-dal-ve-yan-dal-protokol-imza-toreni\/\" class=\"etkinlik-titlee\">\u00c7ift Ana Dal ve Yan Dal Protokol \u0130mza T\u00f6reni<\/a><\/div><div class=\"etkinlik-grid-item\"><div class=\"etkinlik-thumbnail\"><img loading=\"lazy\" decoding=\"async\" width=\"212\" height=\"300\" src=\"https:\/\/atauni.edu.tr\/edebiyat-fakultesi\/wp-content\/uploads\/sites\/59\/2025\/05\/WhatsApp-Image-2025-05-16-at-14.08.17-1-212x300.jpeg\" class=\"img-fluid wp-post-image\" alt=\"\" srcset=\"https:\/\/atauni.edu.tr\/edebiyat-fakultesi\/wp-content\/uploads\/sites\/59\/2025\/05\/WhatsApp-Image-2025-05-16-at-14.08.17-1-212x300.jpeg 212w, https:\/\/atauni.edu.tr\/edebiyat-fakultesi\/wp-content\/uploads\/sites\/59\/2025\/05\/WhatsApp-Image-2025-05-16-at-14.08.17-1-724x1024.jpeg 724w, https:\/\/atauni.edu.tr\/edebiyat-fakultesi\/wp-content\/uploads\/sites\/59\/2025\/05\/WhatsApp-Image-2025-05-16-at-14.08.17-1-768x1086.jpeg 768w, https:\/\/atauni.edu.tr\/edebiyat-fakultesi\/wp-content\/uploads\/sites\/59\/2025\/05\/WhatsApp-Image-2025-05-16-at-14.08.17-1-1086x1536.jpeg 1086w, https:\/\/atauni.edu.tr\/edebiyat-fakultesi\/wp-content\/uploads\/sites\/59\/2025\/05\/WhatsApp-Image-2025-05-16-at-14.08.17-1-424x600.jpeg 424w, https:\/\/atauni.edu.tr\/edebiyat-fakultesi\/wp-content\/uploads\/sites\/59\/2025\/05\/WhatsApp-Image-2025-05-16-at-14.08.17-1-396x560.jpeg 396w, https:\/\/atauni.edu.tr\/edebiyat-fakultesi\/wp-content\/uploads\/sites\/59\/2025\/05\/WhatsApp-Image-2025-05-16-at-14.08.17-1.jpeg 1448w\" sizes=\"(max-width: 212px) 100vw, 212px\" \/><\/div><div class=\"etkinlik-datee\"><span class=\"day\">20<\/span><span class=\"month\">May\u0131s<\/span><span class=\"year\">2025<\/span><\/div><a href=\"https:\/\/atauni.edu.tr\/edebiyat-fakultesi\/2025\/05\/20\/38-ulusal-dilbilim-kurultayi\/\" class=\"etkinlik-titlee\">38. Ulusal Dilbilim Kurultay\u0131<\/a><\/div><div class=\"etkinlik-grid-item\"><div class=\"etkinlik-thumbnail\"><img loading=\"lazy\" decoding=\"async\" width=\"300\" height=\"193\" src=\"https:\/\/atauni.edu.tr\/edebiyat-fakultesi\/wp-content\/uploads\/sites\/59\/2025\/03\/WhatsApp-Image-2025-03-03-at-14.26.47-300x193.jpeg\" class=\"img-fluid wp-post-image\" alt=\"\" srcset=\"https:\/\/atauni.edu.tr\/edebiyat-fakultesi\/wp-content\/uploads\/sites\/59\/2025\/03\/WhatsApp-Image-2025-03-03-at-14.26.47-300x193.jpeg 300w, https:\/\/atauni.edu.tr\/edebiyat-fakultesi\/wp-content\/uploads\/sites\/59\/2025\/03\/WhatsApp-Image-2025-03-03-at-14.26.47-1024x658.jpeg 1024w, https:\/\/atauni.edu.tr\/edebiyat-fakultesi\/wp-content\/uploads\/sites\/59\/2025\/03\/WhatsApp-Image-2025-03-03-at-14.26.47-768x493.jpeg 768w, https:\/\/atauni.edu.tr\/edebiyat-fakultesi\/wp-content\/uploads\/sites\/59\/2025\/03\/WhatsApp-Image-2025-03-03-at-14.26.47-1536x987.jpeg 1536w, https:\/\/atauni.edu.tr\/edebiyat-fakultesi\/wp-content\/uploads\/sites\/59\/2025\/03\/WhatsApp-Image-2025-03-03-at-14.26.47-600x386.jpeg 600w, https:\/\/atauni.edu.tr\/edebiyat-fakultesi\/wp-content\/uploads\/sites\/59\/2025\/03\/WhatsApp-Image-2025-03-03-at-14.26.47-560x360.jpeg 560w, https:\/\/atauni.edu.tr\/edebiyat-fakultesi\/wp-content\/uploads\/sites\/59\/2025\/03\/WhatsApp-Image-2025-03-03-at-14.26.47.jpeg 1600w\" sizes=\"(max-width: 300px) 100vw, 300px\" \/><\/div><div class=\"etkinlik-datee\"><span class=\"day\">05<\/span><span class=\"month\">Mart<\/span><span class=\"year\">2025<\/span><\/div><a href=\"https:\/\/atauni.edu.tr\/edebiyat-fakultesi\/2025\/03\/05\/iran-ve-turkiyedeki-urartu-yerlesimleri-bastam-ve-ayanis-sunumu-gerceklestirilecektir\/\" class=\"etkinlik-titlee\">&#8220;\u0130ran ve T\u00fcrkiye\u2019deki Urartu Yerle\u015fimleri: Bastam ve Ayanis&#8221; Sunumu Ger\u00e7ekle\u015ftirildi<\/a><\/div><div class=\"etkinlik-grid-item\"><div class=\"etkinlik-thumbnail\"><img loading=\"lazy\" decoding=\"async\" width=\"300\" height=\"225\" src=\"https:\/\/atauni.edu.tr\/edebiyat-fakultesi\/wp-content\/uploads\/sites\/59\/2020\/07\/WhatsApp-Image-2024-12-19-at-20.10.50-300x225.jpeg\" class=\"img-fluid wp-post-image\" alt=\"\" srcset=\"https:\/\/atauni.edu.tr\/edebiyat-fakultesi\/wp-content\/uploads\/sites\/59\/2020\/07\/WhatsApp-Image-2024-12-19-at-20.10.50-300x225.jpeg 300w, https:\/\/atauni.edu.tr\/edebiyat-fakultesi\/wp-content\/uploads\/sites\/59\/2020\/07\/WhatsApp-Image-2024-12-19-at-20.10.50-1024x768.jpeg 1024w, https:\/\/atauni.edu.tr\/edebiyat-fakultesi\/wp-content\/uploads\/sites\/59\/2020\/07\/WhatsApp-Image-2024-12-19-at-20.10.50-768x576.jpeg 768w, https:\/\/atauni.edu.tr\/edebiyat-fakultesi\/wp-content\/uploads\/sites\/59\/2020\/07\/WhatsApp-Image-2024-12-19-at-20.10.50-1536x1152.jpeg 1536w, https:\/\/atauni.edu.tr\/edebiyat-fakultesi\/wp-content\/uploads\/sites\/59\/2020\/07\/WhatsApp-Image-2024-12-19-at-20.10.50-600x450.jpeg 600w, https:\/\/atauni.edu.tr\/edebiyat-fakultesi\/wp-content\/uploads\/sites\/59\/2020\/07\/WhatsApp-Image-2024-12-19-at-20.10.50-560x420.jpeg 560w, https:\/\/atauni.edu.tr\/edebiyat-fakultesi\/wp-content\/uploads\/sites\/59\/2020\/07\/WhatsApp-Image-2024-12-19-at-20.10.50.jpeg 1600w\" sizes=\"(max-width: 300px) 100vw, 300px\" \/><\/div><div class=\"etkinlik-datee\"><span class=\"day\">20<\/span><span class=\"month\">Aral\u0131k<\/span><span class=\"year\">2024<\/span><\/div><a href=\"https:\/\/atauni.edu.tr\/edebiyat-fakultesi\/2024\/12\/20\/fakultemizde-tubitak-2209-a-ve-2209-b-projeleri-tanitim-semineri-gerceklestirildi\/\" class=\"etkinlik-titlee\">Fak\u00fcltemizde T\u00dcB\u0130TAK 2209-A ve 2209-B Projeleri Tan\u0131t\u0131m Semineri Ger\u00e7ekle\u015ftirildi<\/a><\/div><div class=\"etkinlik-grid-item\"><div class=\"etkinlik-thumbnail\"><img loading=\"lazy\" decoding=\"async\" width=\"300\" height=\"300\" src=\"https:\/\/atauni.edu.tr\/edebiyat-fakultesi\/wp-content\/uploads\/sites\/59\/2020\/07\/Osmanli-Devletinde-Harem-i-Humayun-Dr.-Ogr.-Uyesi-Selcuk-DEMIR-3_page-0001-1-300x300.jpg\" class=\"img-fluid wp-post-image\" alt=\"\" srcset=\"https:\/\/atauni.edu.tr\/edebiyat-fakultesi\/wp-content\/uploads\/sites\/59\/2020\/07\/Osmanli-Devletinde-Harem-i-Humayun-Dr.-Ogr.-Uyesi-Selcuk-DEMIR-3_page-0001-1-300x300.jpg 300w, https:\/\/atauni.edu.tr\/edebiyat-fakultesi\/wp-content\/uploads\/sites\/59\/2020\/07\/Osmanli-Devletinde-Harem-i-Humayun-Dr.-Ogr.-Uyesi-Selcuk-DEMIR-3_page-0001-1-1024x1024.jpg 1024w, https:\/\/atauni.edu.tr\/edebiyat-fakultesi\/wp-content\/uploads\/sites\/59\/2020\/07\/Osmanli-Devletinde-Harem-i-Humayun-Dr.-Ogr.-Uyesi-Selcuk-DEMIR-3_page-0001-1-150x150.jpg 150w, https:\/\/atauni.edu.tr\/edebiyat-fakultesi\/wp-content\/uploads\/sites\/59\/2020\/07\/Osmanli-Devletinde-Harem-i-Humayun-Dr.-Ogr.-Uyesi-Selcuk-DEMIR-3_page-0001-1-768x768.jpg 768w, https:\/\/atauni.edu.tr\/edebiyat-fakultesi\/wp-content\/uploads\/sites\/59\/2020\/07\/Osmanli-Devletinde-Harem-i-Humayun-Dr.-Ogr.-Uyesi-Selcuk-DEMIR-3_page-0001-1-1536x1536.jpg 1536w, https:\/\/atauni.edu.tr\/edebiyat-fakultesi\/wp-content\/uploads\/sites\/59\/2020\/07\/Osmanli-Devletinde-Harem-i-Humayun-Dr.-Ogr.-Uyesi-Selcuk-DEMIR-3_page-0001-1-600x600.jpg 600w, https:\/\/atauni.edu.tr\/edebiyat-fakultesi\/wp-content\/uploads\/sites\/59\/2020\/07\/Osmanli-Devletinde-Harem-i-Humayun-Dr.-Ogr.-Uyesi-Selcuk-DEMIR-3_page-0001-1-560x560.jpg 560w, https:\/\/atauni.edu.tr\/edebiyat-fakultesi\/wp-content\/uploads\/sites\/59\/2020\/07\/Osmanli-Devletinde-Harem-i-Humayun-Dr.-Ogr.-Uyesi-Selcuk-DEMIR-3_page-0001-1.jpg 1688w\" sizes=\"(max-width: 300px) 100vw, 300px\" \/><\/div><div class=\"etkinlik-datee\"><span class=\"day\">17<\/span><span class=\"month\">Aral\u0131k<\/span><span class=\"year\">2024<\/span><\/div><a href=\"https:\/\/atauni.edu.tr\/edebiyat-fakultesi\/2024\/12\/17\/osmanli-devletinde-harem-i-humayun-semineri-gerceklestirilecektir\/\" class=\"etkinlik-titlee\">Osmanl\u0131 Devleti\u2019nde Harem-i H\u00fcm\u00e2y\u00fbn Semineri Ger\u00e7ekle\u015ftirildi<\/a><\/div><div class=\"etkinlik-grid-item\"><div class=\"etkinlik-thumbnail\"><img loading=\"lazy\" decoding=\"async\" width=\"212\" height=\"300\" src=\"https:\/\/atauni.edu.tr\/edebiyat-fakultesi\/wp-content\/uploads\/sites\/59\/2020\/07\/WhatsApp-Image-2024-11-13-at-12.31.21-212x300.jpeg\" class=\"img-fluid wp-post-image\" alt=\"\" srcset=\"https:\/\/atauni.edu.tr\/edebiyat-fakultesi\/wp-content\/uploads\/sites\/59\/2020\/07\/WhatsApp-Image-2024-11-13-at-12.31.21-212x300.jpeg 212w, https:\/\/atauni.edu.tr\/edebiyat-fakultesi\/wp-content\/uploads\/sites\/59\/2020\/07\/WhatsApp-Image-2024-11-13-at-12.31.21-724x1024.jpeg 724w, https:\/\/atauni.edu.tr\/edebiyat-fakultesi\/wp-content\/uploads\/sites\/59\/2020\/07\/WhatsApp-Image-2024-11-13-at-12.31.21-768x1086.jpeg 768w, https:\/\/atauni.edu.tr\/edebiyat-fakultesi\/wp-content\/uploads\/sites\/59\/2020\/07\/WhatsApp-Image-2024-11-13-at-12.31.21-424x600.jpeg 424w, https:\/\/atauni.edu.tr\/edebiyat-fakultesi\/wp-content\/uploads\/sites\/59\/2020\/07\/WhatsApp-Image-2024-11-13-at-12.31.21-396x560.jpeg 396w, https:\/\/atauni.edu.tr\/edebiyat-fakultesi\/wp-content\/uploads\/sites\/59\/2020\/07\/WhatsApp-Image-2024-11-13-at-12.31.21.jpeg 905w\" sizes=\"(max-width: 212px) 100vw, 212px\" \/><\/div><div class=\"etkinlik-datee\"><span class=\"day\">14<\/span><span class=\"month\">Kas\u0131m<\/span><span class=\"year\">2024<\/span><\/div><a href=\"https:\/\/atauni.edu.tr\/edebiyat-fakultesi\/2024\/11\/14\/kultur-varligi-kacakciligina-yonelik-konferans-duzenlenecektir\/\" class=\"etkinlik-titlee\">K\u00fclt\u00fcr Varl\u0131\u011f\u0131 Ka\u00e7ak\u00e7\u0131l\u0131\u011f\u0131na Y\u00f6nelik Konferans D\u00fczenlendi<\/a><\/div><\/div><div class=\"pagination\" style=\"margin-top: 20px;\"><span aria-current=\"page\" class=\"page-numbers current\">1<\/span>\n<a class=\"page-numbers\" href=\"https:\/\/atauni.edu.tr\/edebiyat-fakultesi\/wp-json\/wp\/v2\/pages\/14404\/page\/2\/\">2<\/a>\n<a class=\"page-numbers\" href=\"https:\/\/atauni.edu.tr\/edebiyat-fakultesi\/wp-json\/wp\/v2\/pages\/14404\/page\/3\/\">3<\/a>\n<span class=\"page-numbers dots\">&hellip;<\/span>\n<a class=\"page-numbers\" href=\"https:\/\/atauni.edu.tr\/edebiyat-fakultesi\/wp-json\/wp\/v2\/pages\/14404\/page\/5\/\">5<\/a>\n<a class=\"next page-numbers\" href=\"https:\/\/atauni.edu.tr\/edebiyat-fakultesi\/wp-json\/wp\/v2\/pages\/14404\/page\/2\/\">Sonraki &raquo;<\/a><\/div>\n\n\n\n<p><\/p>\n","protected":false},"excerpt":{"rendered":"","protected":false},"author":1,"featured_media":0,"parent":0,"menu_order":0,"comment_status":"closed","ping_status":"closed","template":"","meta":{"footnotes":""},"class_list":["post-14404","page","type-page","status-publish","hentry"],"_links":{"self":[{"href":"https:\/\/atauni.edu.tr\/edebiyat-fakultesi\/wp-json\/wp\/v2\/pages\/14404","targetHints":{"allow":["GET"]}}],"collection":[{"href":"https:\/\/atauni.edu.tr\/edebiyat-fakultesi\/wp-json\/wp\/v2\/pages"}],"about":[{"href":"https:\/\/atauni.edu.tr\/edebiyat-fakultesi\/wp-json\/wp\/v2\/types\/page"}],"author":[{"embeddable":true,"href":"https:\/\/atauni.edu.tr\/edebiyat-fakultesi\/wp-json\/wp\/v2\/users\/1"}],"replies":[{"embeddable":true,"href":"https:\/\/atauni.edu.tr\/edebiyat-fakultesi\/wp-json\/wp\/v2\/comments?post=14404"}],"version-history":[{"count":1,"href":"https:\/\/atauni.edu.tr\/edebiyat-fakultesi\/wp-json\/wp\/v2\/pages\/14404\/revisions"}],"predecessor-version":[{"id":14406,"href":"https:\/\/atauni.edu.tr\/edebiyat-fakultesi\/wp-json\/wp\/v2\/pages\/14404\/revisions\/14406"}],"wp:attachment":[{"href":"https:\/\/atauni.edu.tr\/edebiyat-fakultesi\/wp-json\/wp\/v2\/media?parent=14404"}],"curies":[{"name":"wp","href":"https:\/\/api.w.org\/{rel}","templated":true}]}}