{"id":5674,"date":"2021-07-13T10:47:12","date_gmt":"2021-07-13T07:47:12","guid":{"rendered":"https:\/\/portaltest.atauni.edu.tr\/muhendislik-fakultesi\/?page_id=5674"},"modified":"2026-02-03T15:43:51","modified_gmt":"2026-02-03T12:43:51","slug":"fakulte-kurulu","status":"publish","type":"page","link":"https:\/\/atauni.edu.tr\/edebiyat-fakultesi\/fakulte-kurulu\/","title":{"rendered":"Fak\u00fclte Kurulu"},"content":{"rendered":"\t\t<div data-elementor-type=\"wp-page\" data-elementor-id=\"5674\" class=\"elementor elementor-5674\" data-elementor-post-type=\"page\">\n\t\t\t\t\t\t<section class=\"elementor-section elementor-top-section elementor-element elementor-element-46c2cb5d elementor-section-boxed elementor-section-height-default elementor-section-height-default\" data-id=\"46c2cb5d\" data-element_type=\"section\">\n\t\t\t\t\t\t<div class=\"elementor-container elementor-column-gap-default\">\n\t\t\t\t\t<div class=\"elementor-column elementor-col-100 elementor-top-column elementor-element elementor-element-299813e7\" data-id=\"299813e7\" data-element_type=\"column\">\n\t\t\t<div class=\"elementor-widget-wrap elementor-element-populated\">\n\t\t\t\t\t\t<div class=\"elementor-element elementor-element-3ec495a9 elementor-widget elementor-widget-heading\" data-id=\"3ec495a9\" data-element_type=\"widget\" data-widget_type=\"heading.default\">\n\t\t\t\t<div class=\"elementor-widget-container\">\n\t\t\t\t\t<h2 class=\"elementor-heading-title elementor-size-default\">Fak\u00fclte Kurulu<\/h2>\t\t\t\t<\/div>\n\t\t\t\t<\/div>\n\t\t\t\t<div class=\"elementor-element elementor-element-2092e3b3 elementor-widget-divider--view-line elementor-widget elementor-widget-divider\" data-id=\"2092e3b3\" data-element_type=\"widget\" data-widget_type=\"divider.default\">\n\t\t\t\t<div class=\"elementor-widget-container\">\n\t\t\t\t\t\t\t<div class=\"elementor-divider\">\n\t\t\t<span class=\"elementor-divider-separator\">\n\t\t\t\t\t\t<\/span>\n\t\t<\/div>\n\t\t\t\t\t\t<\/div>\n\t\t\t\t<\/div>\n\t\t\t\t\t<\/div>\n\t\t<\/div>\n\t\t\t\t\t<\/div>\n\t\t<\/section>\n\t\t\t\t<section class=\"elementor-section elementor-top-section elementor-element elementor-element-0323291 elementor-section-boxed elementor-section-height-default elementor-section-height-default\" data-id=\"0323291\" data-element_type=\"section\">\n\t\t\t\t\t\t<div class=\"elementor-container elementor-column-gap-default\">\n\t\t\t\t\t<div class=\"elementor-column elementor-col-100 elementor-top-column elementor-element elementor-element-d5469df\" data-id=\"d5469df\" data-element_type=\"column\">\n\t\t\t<div class=\"elementor-widget-wrap elementor-element-populated\">\n\t\t\t\t\t\t<div class=\"elementor-element elementor-element-242afe4 elementor-widget elementor-widget-text-editor\" data-id=\"242afe4\" data-element_type=\"widget\" data-widget_type=\"text-editor.default\">\n\t\t\t\t<div class=\"elementor-widget-container\">\n\t\t\t\t\t\t\t\t\t<p><span style=\"color: #000080\"><strong><span style=\"color: #ff0000\">Dekan<\/span> <\/strong><\/span>Prof. Dr. S\u00fcleyman \u00c7\u0130\u011eDEM &#8211; 8001<\/p><p><strong><span style=\"color: #000080\">Alman Dili ve Edebiyat\u0131 B\u00f6l\u00fcm Ba\u015fkan\u0131 <\/span><\/strong>Prof. Dr. Turgut G\u00d6\u011eEBAKAN\u00a0<\/p><p><span style=\"color: #000080\"><strong>Amerikan K\u00fclt\u00fcr\u00fc ve Edebiyat\u0131 B\u00f6l\u00fcm Ba\u015fkan\u0131 <\/strong><\/span>Dr. \u00d6\u011fr. \u00dcyesi Deniz ARAS &#8211; 8269<\/p><p><span style=\"color: #000080\"><strong>Arap Dili ve Edebiyat\u0131 B\u00f6l\u00fcm Ba\u015fkan\u0131 <\/strong><\/span>Prof. Dr. Selami BAKIRCI &#8211; 8071<\/p><p><span style=\"color: #000080\"><strong>Arkeoloji B\u00f6l\u00fcm Ba\u015fkan\u0131 <\/strong><\/span>Prof. Dr. Ali Yal\u00e7\u0131n TAVUK\u00c7U &#8211; 8250<\/p><p><span style=\"color: #000080\"><strong>Bilgi ve Belge Y\u00f6netimi B\u00f6l\u00fcm Ba\u015fkan\u0131 <\/strong><\/span>Prof. Dr. D\u00fcndar AL\u0130KILI\u00c7 &#8211; 8119<\/p><p><span style=\"color: #000080\"><strong>Co\u011frafya B\u00f6l\u00fcm Ba\u015fkan\u0131 <\/strong><\/span>Prof. Dr. Saliha KODAY &#8211; 8213<\/p><p><strong><span style=\"color: #000080\">\u00c7a\u011fda\u015f T\u00fcrk Leh\u00e7eleri ve Edebiyatlar\u0131 B\u00f6l\u00fcm Ba\u015fkan\u0131 <\/span><\/strong>Prof. Dr. Sedat ADIG\u00dcZEL &#8211; 8156<\/p><p><span style=\"color: #000080\"><strong>Fars Dili ve Edebiyat\u0131 B\u00f6l\u00fcm Ba\u015fkan\u0131 <\/strong><\/span>Prof. Dr. Nimet YILDIRIM &#8211; 8061<\/p><p><strong><span style=\"color: #000080\">Felsefe B\u00f6l\u00fcm Ba\u015fkan\u0131 <\/span><\/strong>Prof. Dr. Ali UTKU &#8211;\u00a0 8230<\/p><p><strong><span style=\"color: #000080\">\u0130ngiliz Dili ve Edebiyat\u0131 B\u00f6l\u00fcm Ba\u015fkan\u0131 <\/span><\/strong>Prof. Dr. Mukadder ERKAN &#8211; 8195<\/p><p><span style=\"color: #000080\"><strong>M\u00fctercim ve Terc\u00fcmanl\u0131k B\u00f6l\u00fcm Ba\u015fkan\u0131 <\/strong><\/span>Dr. \u00d6\u011fr. \u00dcyesi Sel\u00e7uk YAZICI &#8211; 8409<\/p><p><span style=\"color: #000080\"><strong>Psikoloji B\u00f6l\u00fcm Ba\u015fkan\u0131 <\/strong><\/span>Do\u00e7. Dr. Feridun KAYA &#8211; 8402<\/p><p><span style=\"color: #000080\"><strong>Rus Dili ve Edebiyat\u0131 B\u00f6l\u00fcm Ba\u015fkan\u0131 <\/strong><\/span>Dr. \u00d6\u011fr. \u00dcyesi Rahman \u00d6ZDEM\u0130R &#8211; 8181<\/p><p><strong><span style=\"color: #000080\">Sanat Tarihi B\u00f6l\u00fcm Ba\u015fkan\u0131 <\/span><\/strong>Prof. Dr. Haldun \u00d6ZKAN &#8211; 8148<\/p><p><strong><span style=\"color: #000080\">Sosyoloji B\u00f6l\u00fcm Ba\u015fkan\u0131 <\/span><\/strong>Prof. Dr. Mevl\u00fct \u00d6ZBEN &#8211; 8044<\/p><p><strong><span style=\"color: #000080\">Tarih B\u00f6l\u00fcm Ba\u015fkan\u0131 <\/span><\/strong>Prof. Dr. \u0130brahim Etem \u00c7AKIR &#8211; 8087<\/p><p><strong><span style=\"color: #000080\">T\u00fcrk Dili ve Edebiyat\u0131 B\u00f6l\u00fcm Ba\u015fkan\u0131 <\/span><\/strong>Prof. Dr. Mehmet T\u00d6RENEK &#8211; 8132<\/p><p><span style=\"color: #000080\"><strong>Temsilci <\/strong><\/span>Prof. Dr.\u00a0<span style=\"letter-spacing: 0px\">Firdes TEM\u0130ZG\u00dcNEY &#8211; <\/span>8095<\/p><p><span style=\"color: #000080\"><strong>Temsilci <\/strong><\/span>Prof. Dr. Ali Yal\u00e7\u0131n TAVUK\u00c7U &#8211; 8250<\/p><p><span style=\"color: #000080\"><strong>Temsilci <\/strong><\/span>Prof. Dr. Mustafa \u00d6ZDEM\u0130R &#8211; 8219<\/p><p><span style=\"color: #000080\"><strong>Temsilci <\/strong><\/span>Do\u00e7. Dr. Sava\u015f E\u011e\u0130LMEZ &#8211; 8103<\/p><p><span style=\"color: #000080\"><strong>Temsilci <\/strong><\/span>Do\u00e7. Dr. Feridun KAYA &#8211; 8402<\/p><p><span style=\"color: #000080\"><strong>Temsilci <\/strong><\/span>Dr. \u00d6\u011fr. \u00dcyesi Cemal SEV\u0130ND\u0130 &#8211; 8221<\/p><p><strong><span style=\"color: #000080\">Raport\u00f6r <\/span><\/strong>Fak\u00fclte Sekreteri Cemal AKBA\u015e &#8211; 8001<\/p>\t\t\t\t\t\t\t\t<\/div>\n\t\t\t\t<\/div>\n\t\t\t\t\t<\/div>\n\t\t<\/div>\n\t\t\t\t\t<\/div>\n\t\t<\/section>\n\t\t\t\t<\/div>\n\t\t","protected":false},"excerpt":{"rendered":"<p>Fak\u00fclte Kurulu Dekan Prof. Dr. S\u00fcleyman \u00c7\u0130\u011eDEM &#8211; 8001 Alman Dili ve Edebiyat\u0131 B\u00f6l\u00fcm Ba\u015fkan\u0131 Prof. Dr. Turgut G\u00d6\u011eEBAKAN\u00a0 Amerikan K\u00fclt\u00fcr\u00fc ve Edebiyat\u0131 B\u00f6l\u00fcm Ba\u015fkan\u0131 Dr. \u00d6\u011fr. \u00dcyesi Deniz ARAS &#8211; 8269 Arap Dili ve Edebiyat\u0131 B\u00f6l\u00fcm Ba\u015fkan\u0131 Prof. Dr. Selami BAKIRCI &#8211; 8071 Arkeoloji B\u00f6l\u00fcm Ba\u015fkan\u0131 Prof. Dr. Ali Yal\u00e7\u0131n TAVUK\u00c7U &#8211; 8250 Bilgi [&hellip;]<\/p>\n","protected":false},"author":1,"featured_media":0,"parent":0,"menu_order":0,"comment_status":"closed","ping_status":"closed","template":"elementor_header_footer","meta":{"footnotes":""},"class_list":["post-5674","page","type-page","status-publish","hentry"],"_links":{"self":[{"href":"https:\/\/atauni.edu.tr\/edebiyat-fakultesi\/wp-json\/wp\/v2\/pages\/5674","targetHints":{"allow":["GET"]}}],"collection":[{"href":"https:\/\/atauni.edu.tr\/edebiyat-fakultesi\/wp-json\/wp\/v2\/pages"}],"about":[{"href":"https:\/\/atauni.edu.tr\/edebiyat-fakultesi\/wp-json\/wp\/v2\/types\/page"}],"author":[{"embeddable":true,"href":"https:\/\/atauni.edu.tr\/edebiyat-fakultesi\/wp-json\/wp\/v2\/users\/1"}],"replies":[{"embeddable":true,"href":"https:\/\/atauni.edu.tr\/edebiyat-fakultesi\/wp-json\/wp\/v2\/comments?post=5674"}],"version-history":[{"count":59,"href":"https:\/\/atauni.edu.tr\/edebiyat-fakultesi\/wp-json\/wp\/v2\/pages\/5674\/revisions"}],"predecessor-version":[{"id":14757,"href":"https:\/\/atauni.edu.tr\/edebiyat-fakultesi\/wp-json\/wp\/v2\/pages\/5674\/revisions\/14757"}],"wp:attachment":[{"href":"https:\/\/atauni.edu.tr\/edebiyat-fakultesi\/wp-json\/wp\/v2\/media?parent=5674"}],"curies":[{"name":"wp","href":"https:\/\/api.w.org\/{rel}","templated":true}]}}