{"id":5691,"date":"2021-07-13T10:56:29","date_gmt":"2021-07-13T07:56:29","guid":{"rendered":"https:\/\/portaltest.atauni.edu.tr\/muhendislik-fakultesi\/?page_id=5691"},"modified":"2026-02-03T15:39:58","modified_gmt":"2026-02-03T12:39:58","slug":"yonetim-kurulu","status":"publish","type":"page","link":"https:\/\/atauni.edu.tr\/edebiyat-fakultesi\/yonetim-kurulu\/","title":{"rendered":"Y\u00f6netim Kurulu"},"content":{"rendered":"\t\t<div data-elementor-type=\"wp-page\" data-elementor-id=\"5691\" class=\"elementor elementor-5691\" data-elementor-post-type=\"page\">\n\t\t\t\t\t\t<section class=\"elementor-section elementor-top-section elementor-element elementor-element-46c2cb5d elementor-section-boxed elementor-section-height-default elementor-section-height-default\" data-id=\"46c2cb5d\" data-element_type=\"section\">\n\t\t\t\t\t\t<div class=\"elementor-container elementor-column-gap-default\">\n\t\t\t\t\t<div class=\"elementor-column elementor-col-100 elementor-top-column elementor-element elementor-element-299813e7\" data-id=\"299813e7\" data-element_type=\"column\">\n\t\t\t<div class=\"elementor-widget-wrap elementor-element-populated\">\n\t\t\t\t\t\t<div class=\"elementor-element elementor-element-3ec495a9 elementor-widget elementor-widget-heading\" data-id=\"3ec495a9\" data-element_type=\"widget\" data-widget_type=\"heading.default\">\n\t\t\t\t<div class=\"elementor-widget-container\">\n\t\t\t\t\t<h2 class=\"elementor-heading-title elementor-size-default\">Y\u00f6netim Kurulu<\/h2>\t\t\t\t<\/div>\n\t\t\t\t<\/div>\n\t\t\t\t<div class=\"elementor-element elementor-element-2092e3b3 elementor-widget-divider--view-line elementor-widget elementor-widget-divider\" data-id=\"2092e3b3\" data-element_type=\"widget\" data-widget_type=\"divider.default\">\n\t\t\t\t<div class=\"elementor-widget-container\">\n\t\t\t\t\t\t\t<div class=\"elementor-divider\">\n\t\t\t<span class=\"elementor-divider-separator\">\n\t\t\t\t\t\t<\/span>\n\t\t<\/div>\n\t\t\t\t\t\t<\/div>\n\t\t\t\t<\/div>\n\t\t\t\t\t<\/div>\n\t\t<\/div>\n\t\t\t\t\t<\/div>\n\t\t<\/section>\n\t\t\t\t<section class=\"elementor-section elementor-top-section elementor-element elementor-element-e5dfdc3 elementor-section-boxed elementor-section-height-default elementor-section-height-default\" data-id=\"e5dfdc3\" data-element_type=\"section\">\n\t\t\t\t\t\t<div class=\"elementor-container elementor-column-gap-default\">\n\t\t\t\t\t<div class=\"elementor-column elementor-col-100 elementor-top-column elementor-element elementor-element-0e7cb33\" data-id=\"0e7cb33\" data-element_type=\"column\">\n\t\t\t<div class=\"elementor-widget-wrap elementor-element-populated\">\n\t\t\t\t\t\t<div class=\"elementor-element elementor-element-e23f401 elementor-widget elementor-widget-text-editor\" data-id=\"e23f401\" data-element_type=\"widget\" data-widget_type=\"text-editor.default\">\n\t\t\t\t<div class=\"elementor-widget-container\">\n\t\t\t\t\t\t\t\t\t<p><strong><span style=\"color: #ff0000\">Dekan <\/span><\/strong>Prof. Dr. S\u00fcleyman \u00c7\u0130\u011eDEM 8001<\/p><p><strong><span style=\"color: #000080\">Profes\u00f6r Temsilcisi<\/span> <\/strong>Prof. Dr. Firdes TEM\u0130ZG\u00dcNEY 8095<\/p><p><strong><span style=\"color: #000080\">Profes\u00f6r Temsilcisi<\/span> <\/strong>Prof. Dr. Ali Yal\u00e7\u0131n TAVUK\u00c7U 8250<\/p><p><strong><span style=\"color: #000080\">Profes\u00f6r Temsilcisi<\/span> <\/strong>Prof. Dr. Mustafa \u00d6ZDEM\u0130R 8219<\/p><p><strong><span style=\"color: #000080\">Do\u00e7ent Temsilcisi<\/span> <\/strong>Do\u00e7. Dr. Sava\u015f E\u011e\u0130LMEZ 8103<\/p><p><strong><span style=\"color: #000080\">Do\u00e7ent Temsilcisi<\/span> <\/strong>Do\u00e7. Dr. Feridun KAYA 8402<\/p><p><strong><span style=\"color: #000080\">Dr. \u00d6\u011fr. \u00dcyesi Temsilcisi<\/span> <\/strong>Dr. \u00d6\u011fr. \u00dcyesi Cemal SEV\u0130ND\u0130 8221<\/p><p><strong><span style=\"color: #000080\">Raport\u00f6r<\/span> <\/strong>Fak\u00fclte Sekreteri Cemal AKBA\u015e 8005<\/p>\t\t\t\t\t\t\t\t<\/div>\n\t\t\t\t<\/div>\n\t\t\t\t\t<\/div>\n\t\t<\/div>\n\t\t\t\t\t<\/div>\n\t\t<\/section>\n\t\t\t\t<\/div>\n\t\t","protected":false},"excerpt":{"rendered":"<p>Y\u00f6netim Kurulu Dekan Prof. Dr. S\u00fcleyman \u00c7\u0130\u011eDEM 8001 Profes\u00f6r Temsilcisi Prof. Dr. Firdes TEM\u0130ZG\u00dcNEY 8095 Profes\u00f6r Temsilcisi Prof. Dr. Ali Yal\u00e7\u0131n TAVUK\u00c7U 8250 Profes\u00f6r Temsilcisi Prof. Dr. Mustafa \u00d6ZDEM\u0130R 8219 Do\u00e7ent Temsilcisi Do\u00e7. Dr. Sava\u015f E\u011e\u0130LMEZ 8103 Do\u00e7ent Temsilcisi Do\u00e7. Dr. Feridun KAYA 8402 Dr. \u00d6\u011fr. \u00dcyesi Temsilcisi Dr. \u00d6\u011fr. \u00dcyesi Cemal SEV\u0130ND\u0130 8221 Raport\u00f6r [&hellip;]<\/p>\n","protected":false},"author":1,"featured_media":0,"parent":0,"menu_order":0,"comment_status":"closed","ping_status":"closed","template":"elementor_header_footer","meta":{"footnotes":""},"class_list":["post-5691","page","type-page","status-publish","hentry"],"_links":{"self":[{"href":"https:\/\/atauni.edu.tr\/edebiyat-fakultesi\/wp-json\/wp\/v2\/pages\/5691","targetHints":{"allow":["GET"]}}],"collection":[{"href":"https:\/\/atauni.edu.tr\/edebiyat-fakultesi\/wp-json\/wp\/v2\/pages"}],"about":[{"href":"https:\/\/atauni.edu.tr\/edebiyat-fakultesi\/wp-json\/wp\/v2\/types\/page"}],"author":[{"embeddable":true,"href":"https:\/\/atauni.edu.tr\/edebiyat-fakultesi\/wp-json\/wp\/v2\/users\/1"}],"replies":[{"embeddable":true,"href":"https:\/\/atauni.edu.tr\/edebiyat-fakultesi\/wp-json\/wp\/v2\/comments?post=5691"}],"version-history":[{"count":56,"href":"https:\/\/atauni.edu.tr\/edebiyat-fakultesi\/wp-json\/wp\/v2\/pages\/5691\/revisions"}],"predecessor-version":[{"id":14754,"href":"https:\/\/atauni.edu.tr\/edebiyat-fakultesi\/wp-json\/wp\/v2\/pages\/5691\/revisions\/14754"}],"wp:attachment":[{"href":"https:\/\/atauni.edu.tr\/edebiyat-fakultesi\/wp-json\/wp\/v2\/media?parent=5691"}],"curies":[{"name":"wp","href":"https:\/\/api.w.org\/{rel}","templated":true}]}}