{"id":5717,"date":"2021-07-13T11:26:14","date_gmt":"2021-07-13T08:26:14","guid":{"rendered":"https:\/\/portaltest.atauni.edu.tr\/muhendislik-fakultesi\/?page_id=5717"},"modified":"2026-02-05T16:29:44","modified_gmt":"2026-02-05T13:29:44","slug":"komisyonlar","status":"publish","type":"page","link":"https:\/\/atauni.edu.tr\/edebiyat-fakultesi\/komisyonlar\/","title":{"rendered":"Komisyonlar"},"content":{"rendered":"\t\t<div data-elementor-type=\"wp-page\" data-elementor-id=\"5717\" class=\"elementor elementor-5717\" data-elementor-post-type=\"page\">\n\t\t\t\t\t\t<section class=\"elementor-section elementor-top-section elementor-element elementor-element-2050830 elementor-section-boxed elementor-section-height-default elementor-section-height-default\" data-id=\"2050830\" data-element_type=\"section\">\n\t\t\t\t\t\t<div class=\"elementor-container elementor-column-gap-default\">\n\t\t\t\t\t<div class=\"elementor-column elementor-col-100 elementor-top-column elementor-element elementor-element-da09a4e\" data-id=\"da09a4e\" data-element_type=\"column\">\n\t\t\t<div class=\"elementor-widget-wrap elementor-element-populated\">\n\t\t\t\t\t\t<div class=\"elementor-element elementor-element-6b32ea5 elementor-widget elementor-widget-text-editor\" data-id=\"6b32ea5\" data-element_type=\"widget\" data-widget_type=\"text-editor.default\">\n\t\t\t\t<div class=\"elementor-widget-container\">\n\t\t\t\t\t\t\t\t\t<h3><span style=\"text-decoration: underline;color: #000080\">Komisyonlar<\/span><\/h3><p><strong><span style=\"color: #000080\">Birim Kalite Komisyonu Ba\u015fkan\u0131 Dr.\u00d6\u011fr. \u00dcyesi Esra HALICI 8153<\/span><\/strong><br \/>Birim Kalite Komisyonu \u00dcyesi Prof. Dr. Firdes TEM\u0130ZG\u00dcNEY 8095<br \/>Birim Kalite Komisyonu \u00dcyesi Do\u00e7. Dr. Serkan \u00c7AKMAK 8141<br \/>Birim Kalite Komisyonu \u00dcyesi Dr. \u00d6\u011fr. \u00dcyesi \u0130smail \u00d6Z 8051<br \/>Birim Kalite Komisyonu \u00dcyesi Ar\u015f. G\u00f6r. Dr. \u00d6mer Faruk KARATA\u015e 8145<br \/>Birim Kalite Komisyonu \u00dcyesi Ar\u015f. G\u00f6r. Dr. Mehmet K\u00fcr\u015fat DE\u011eER 8126<br \/>Birim Kalite Komisyonu \u00dcyesi Fak\u00fclte Sekreteri Cemal AKBA\u015e 8005<\/p><p><strong><span style=\"color: #000080\">Birim E\u011fitim Komisyonu Ba\u015fkan\u0131 Prof. Dr. Mustafa \u00d6ZDEM\u0130R 8219<\/span><\/strong><br \/>Birim E\u011fitim Komisyonu \u00dcyesi Prof. Dr. \u0130brahim Etem \u00c7AKIR 8087<br \/>Birim E\u011fitim Komisyonu \u00dcyesi Do\u00e7. Dr. Servet T\u0130KEN 8139<br \/>Birim E\u011fitim Komisyonu \u00dcyesi Do\u00e7. Dr. Meva DEM\u0130R KAYA 8263<br \/>Birim E\u011fitim Komisyonu \u00dcyesi Do\u00e7. Dr. \u0130smail AVCU 8197<br \/>Birim E\u011fitim Komisyonu \u00dcyesi Dr. \u00d6\u011fr. \u00dcyesi Hayati \u00d6NCEL 8076<\/p><p><strong><span style=\"color: #000080\">Birim Mezun \u0130zleme Komisyonu Ba\u015fkan\u0131 Dr. \u00d6\u011fr. \u00dcyesi Cansu G\u00dcR 8271<\/span><\/strong><br \/>Birim Mezun \u0130zleme Komisyonu \u00dcyesi Dr. \u00d6\u011fr. \u00dcyesi \u00d6zlem \u015eENYURT 8037<br \/>Birim Mezun \u0130zleme Komisyonu \u00dcyesi Dr. \u00d6\u011fr. \u00dcyesi Ahmet Cuneydi HAS 8257<br \/>Birim Mezun \u0130zleme Komisyonu \u00dcyesi Dr. \u00d6\u011fr. \u00dcyesi Emine ERDO\u011eAN 8242<br \/>Birim Mezun \u0130zleme Komisyonu \u00dcyesi Ar\u015f. G\u00f6r. Dr. Muhammet Emin UZUNYAYLALI 8077<\/p><p><strong><span style=\"color: #000080\">Birim M\u00fcfredat \u00d6l\u00e7me De\u011ferlendirme Komisyonu Ba\u015fkan\u0131 Do\u00e7. Dr. Meltem ORAL 8208<\/span><\/strong><br \/>Birim M\u00fcfredat \u00d6l\u00e7me De\u011ferlendirme Komisyonu \u00dcyesi Dr. \u00d6\u011fr. \u00dcyesi Burcu AYDEM\u0130R \u015eENAY 8125<br \/>Birim M\u00fcfredat \u00d6l\u00e7me De\u011ferlendirme Komisyonu \u00dcyesi Do\u00e7. Dr. Berna KAVAZ KINDI\u011eILI 8251<br \/>Birim M\u00fcfredat \u00d6l\u00e7me De\u011ferlendirme Komisyonu \u00dcyesi Dr.\u00d6\u011fr. \u00dcyesi Esra HALICI 8001<br \/>Birim M\u00fcfredat \u00d6l\u00e7me De\u011ferlendirme Komisyonu \u00dcyesi Do\u00e7. Dr. Yusuf KIZILKAN 8224<br \/>Birim M\u00fcfredat \u00d6l\u00e7me De\u011ferlendirme Komisyonu \u00dcyesi Ar\u015f. G\u00f6r. Dr. K\u00fcbra \u00c7AVU\u015e 8274<\/p><p><strong><span style=\"color: #000080\">Birim Program De\u011f. Ve M\u00fcfredat Gel. Komisyonu Ba\u015fkan\u0131 Do\u00e7. Dr. M\u00fccella CAN 8235<\/span><\/strong><br \/>Birim Program De\u011f. Ve M\u00fcfredat Gel. Komisyonu \u00dcyesi Dr. \u00d6\u011fr. \u00dcyesi Muhammed TA\u015eKESENL\u0130G\u0130L 8182<br \/>Birim Program De\u011f. Ve M\u00fcfredat Gel. Komisyonu \u00dcyesi Dr. \u00d6\u011fr. \u00dcyesi Reyhan KARKINLI 8166<br \/>Birim Program De\u011f. Ve M\u00fcfredat Gel. Komisyonu \u00dcyesi Ar\u015f. G\u00f6r. Abdurrahim \u015eAH\u0130N 8052<br \/>Birim Program De\u011f. Ve M\u00fcfredat Gel. Komisyonu \u00dcyesi Ar\u015f. G\u00f6r. G\u00fclcan KISINMA 8212<\/p><p><strong><span style=\"color: #000080\">Birim LABS\u0130S Komisyonu Ba\u015fkan\u0131 Prof. Dr. S\u00fcleyman \u00c7\u0130\u011eDEM (Dekan-Komisyon Ba\u015fk.) 8001<\/span><\/strong><br \/>Birim LABS\u0130S Birim Sorumlusu Do\u00e7. Dr. Yusuf KIZILKAN 8224<br \/>Birim LABS\u0130S Komisyonu \u00dcyesi Mail KALAO\u011eLU (Ayniyat Sayman\u0131) 8017<br \/>Birim LABS\u0130S Komisyonu \u00dcyesi Prof. Dr. Cemile AKYILDIZ (Alman Dili) 8187<br \/>Birim LABS\u0130S Komisyonu \u00dcyesi Dr. \u00d6\u011fr. \u00dcyesi Cansu G\u00dcR (Amerikan K\u00fcl.) 8271<br \/>Birim LABS\u0130S Komisyonu \u00dcyesi Dr. \u00d6\u011fr. \u00dcyesi Hayati \u00d6NCEL (Arap Dili) 8076<br \/>Birim LABS\u0130S Komisyonu \u00dcyesi Do\u00e7. Dr. Berna KAVAZ KINDI\u011eILI (Ark.) 8251<br \/>Birim LABS\u0130S Komisyonu \u00dcyesi Do\u00e7. Dr. \u00d6mer KO\u00c7AK (Bilgi ve Belge) 8123<br \/>Birim LABS\u0130S Komisyonu \u00dcyesi Dr. \u00d6\u011fr. \u00dcyesi Cemal SEV\u0130ND\u0130 (Co\u011frafya) 8221<br \/>Birim LABS\u0130S Komisyonu \u00dcyesi Dr. \u00d6\u011fr. \u00dcyesi Nursan ILDIRI (\u00c7.T.L.) 8161<br \/>Birim LABS\u0130S Komisyonu \u00dcyesi Do\u00e7. Dr. Yasemin YAYLALI (Fars Dili) 8065<br \/>Birim LABS\u0130S Komisyonu \u00dcyesi Dr. \u00d6\u011fr. \u00dcyesi Emine AYDO\u011eAN (Felsefe) 8242<br \/>Birim LABS\u0130S Komisyonu \u00dcyesi Dr. \u00d6\u011fr. \u00dcyesi Sel\u00e7uk YAZICI (M\u00fctervim) 8409<br \/>Birim LABS\u0130S Komisyonu \u00dcyesi Do\u00e7. Dr. Tu\u011fba AYGAN (\u0130ngiliz Dili) 8198<br \/>Birim LABS\u0130S Komisyonu \u00dcyesi Do\u00e7. Dr. Meva DEM\u0130R KAYA (Psikoloji) 8263<br \/>Birim LABS\u0130S Komisyonu \u00dcyesi Ar\u015f. G\u00f6r. Dr. Can KARAYEL (Rus Dili) 8174<br \/>Birim LABS\u0130S Komisyonu \u00dcyesi Dr. \u00d6\u011fr. \u00dcyesi Zerrin K\u00d6\u015eKL\u00dc (Sanat Tar.) 8151<br \/>Birim LABS\u0130S Komisyonu \u00dcyesi Do\u00e7. Dr. Erdi AKSAKAL (Sosyoloji) 8047<br \/>Birim LABS\u0130S Komisyonu \u00dcyesi Do\u00e7. Dr. Co\u015fkun ERDO\u011eAN (Tarih) 8096<br \/>Birim LABS\u0130S Komisyonu \u00dcyesi Do\u00e7. Dr. Serkan \u00c7AKMAK (T\u00fcrk Dili) 8141<\/p><p><span style=\"color: #000080\"><strong>Birim \u00c7eviri Komisyonu Ba\u015fkan\u0131 Prof. Dr. S\u00fcleyman \u00c7\u0130\u011eDEM (Dekan-Komisyon Ba\u015fk.) 8001<\/strong><\/span><br \/>Birim \u00c7eviri Komisyonu Genel Koordinat\u00f6r Dr. \u00d6\u011fr. \u00dcyesi Sel\u00e7uk YAZICI 8409<br \/>Birim \u00c7eviri Komisyonu \u00dcyesi Prof. Dr. G\u00fcrsel Uyan\u0131k 8147<br \/>Birim \u00c7eviri Komisyonu \u00dcyesi Prof. Dr. Mehmet T\u00d6RENEK 8132<br \/>Birim \u00c7eviri Komisyonu \u00dcyesi Prof. Dr. Selami BAKIRCI 8071<br \/>Birim \u00c7eviri Komisyonu \u00dcyesi Prof. Dr. Nimet YILDIRIM 8061<br \/>Birim \u00c7eviri Komisyonu \u00dcyesi Prof. Dr. Sedat ADIG\u00dcZEL 8156<br \/>Birim \u00c7eviri Komisyonu \u00dcyesi Do\u00e7. Dr. Kubilay GE\u00c7\u0130KL\u0130 8204<br \/>Birim \u00c7eviri Komisyonu \u00dcyesi Dr. \u00d6\u011fr. \u00dcyesi Rahman \u00d6ZDEM\u0130R 8181<br \/>Birim \u00c7eviri Komisyonu \u00dcyesi Dr. \u00d6\u011fr. \u00dcyesi Deniz ARAS 8269<\/p><p><strong><span style=\"color: #000080\">Birim K\u00fct\u00fcphane ve Yay\u0131n Komisyonu Ba\u015fkan\u0131 Prof. Dr. S\u00fcleyman EFEND\u0130O\u011eLU 8159<\/span><\/strong><br \/>Birim K\u00fct\u00fcphane ve Yay\u0131n Komisyonu \u00dcyesi Prof. Dr. D\u00fcndar AL\u0130KILI\u00c7 (K\u00fct\u00fcphane) 8119<br \/>Birim K\u00fct\u00fcphane ve Yay\u0131n Komisyonu \u00dcyesi Do\u00e7. Dr. Sava\u015f E\u011e\u0130LMEZ (Dergi) 8001<br \/>Birim K\u00fct\u00fcphane ve Yay\u0131n Komisyonu \u00dcyesi Do\u00e7. Dr. \u00d6mer KO\u00c7AK (B\u00fclten) 8123<br \/>Birim K\u00fct\u00fcphane ve Yay\u0131n Komisyonu \u00dcyesi Ar\u015f. G\u00f6r. Zeynep \u015eule DE\u011eERL\u0130 (B\u00fclten) 8178<\/p><p><strong><span style=\"color: #000080\">Birim Kriter Komisyonu Ba\u015fkan\u0131 Prof. Dr. S\u00fcleyman EFEND\u0130O\u011eLU 8159<\/span><\/strong><br \/>Birim Kriter Komisyonu \u00dcyesi Do\u00e7. Dr. Erdi AKSAKAL 8047<br \/>Birim Kriter Komisyonu \u00dcyesi Dr. \u00d6\u011fr. \u00dcyesi Veli KILI\u00c7ARSLAN 8146<\/p><p><strong><span style=\"color: #000080\">Birim Uluslararas\u0131la\u015fma ve Ara\u015ft\u0131rma \u0130\u015f Birli\u011fi Komisyonu Ba\u015fkan\u0131 Do\u00e7. Dr. Sava\u015f E\u011e\u0130LMEZ 8001<\/span><\/strong><br \/>Birim Uluslararas\u0131la\u015fma ve Ara\u015ft\u0131rma \u0130\u015f Birli\u011fi Komisyonu \u00dcyesi Prof. Dr. Ahmet SARI 8155<br \/>Birim Uluslararas\u0131la\u015fma ve Ara\u015ft\u0131rma \u0130\u015f Birli\u011fi Komisyonu \u00dcyesi Prof. Dr. Mehmet I\u015eIKLI 8247<br \/>Birim Uluslararas\u0131la\u015fma ve Ara\u015ft\u0131rma \u0130\u015f Birli\u011fi Komisyonu \u00dcyesi Do\u00e7. Dr. Mehmet Fikret ARARG\u00dc\u00c7 8199<br \/>Birim Uluslararas\u0131la\u015fma ve Ara\u015ft\u0131rma \u0130\u015f Birli\u011fi Komisyonu \u00dcyesi Do\u00e7. Dr. \u00c7a\u011flar K\u0131van\u00e7 KAYMAZ 8225<br \/>Birim Uluslararas\u0131la\u015fma ve Ara\u015ft\u0131rma \u0130\u015f Birli\u011fi Komisyonu \u00dcyesi Do\u00e7. Dr. Burak Muhammet G\u00d6KLER 8154<br \/>Birim Uluslararas\u0131la\u015fma ve Ara\u015ft\u0131rma \u0130\u015f Birli\u011fi Komisyonu \u00dcyesi Dr. \u00d6\u011fr. \u00dcyesi Deniz ARAS 8269<br \/>Birim Uluslararas\u0131la\u015fma ve Ara\u015ft\u0131rma \u0130\u015f Birli\u011fi Komisyonu \u00dcyesi Dr. \u00d6\u011fr. \u00dcyesi Canan KARADUMAN 4705<br \/>Birim Uluslararas\u0131la\u015fma ve Ara\u015ft\u0131rma \u0130\u015f Birli\u011fi Komisyonu \u00dcyesi Dr. \u00d6\u011fr. \u00dcyesi Rahman \u00d6ZDEM\u0130R 8181<br \/>Birim Uluslararas\u0131la\u015fma ve Ara\u015ft\u0131rma \u0130\u015f Birli\u011fi Komisyonu \u00dcyesi Dr. \u00d6\u011fr. \u00dcyesi \u0130smail \u00d6Z 8051<br \/>Birim Uluslararas\u0131la\u015fma ve Ara\u015ft\u0131rma \u0130\u015f Birli\u011fi Komisyonu \u00dcyesi Dr. \u00d6\u011fr. \u00dcyesi \u0130lyas AK 8098<br \/>Birim Uluslararas\u0131la\u015fma ve Ara\u015ft\u0131rma \u0130\u015f Birli\u011fi Komisyonu \u00dcyesi Dr. \u00d6\u011fr. \u00dcyesi Tevfik DARIYEMEZ 8268<br \/>Birim Uluslararas\u0131la\u015fma ve Ara\u015ft\u0131rma \u0130\u015f Birli\u011fi Komisyonu \u00dcyesi Dr. \u00d6\u011fr. \u00dcyesi Mold\u0131r BULUT 8168<br \/>Birim Uluslararas\u0131la\u015fma ve Ara\u015ft\u0131rma \u0130\u015f Birli\u011fi Komisyonu \u00dcyesi Ar\u015f. G\u00f6r. Dr. Muhammet Emin UZUNYAYLALI 8077<br \/>Birim Uluslararas\u0131la\u015fma ve Ara\u015ft\u0131rma \u0130\u015f Birli\u011fi Komisyonu \u00dcyesi Ar\u015f. G\u00f6r. Dr. Mehmet K\u00fcr\u015fat DE\u011eER 8126<br \/>Birim Uluslararas\u0131la\u015fma ve Ara\u015ft\u0131rma \u0130\u015f Birli\u011fi Komisyonu \u00dcyesi Ar\u015f. G\u00f6r. Dr. \u015eeyda ARISOY 8066<br \/>Birim Uluslararas\u0131la\u015fma ve Ara\u015ft\u0131rma \u0130\u015f Birli\u011fi Komisyonu \u00dcyesi Ar\u015f. G\u00f6r. Dr Alper \u0130PL\u0130K\u00c7\u0130 8243<br \/>Birim Uluslararas\u0131la\u015fma ve Ara\u015ft\u0131rma \u0130\u015f Birli\u011fi Komisyonu \u00dcyesi Ar\u015f. G\u00f6r. \u00d6zlem S\u00dcR\u00dcC\u00dc 8172<br \/>Birim Uluslararas\u0131la\u015fma ve Ara\u015ft\u0131rma \u0130\u015f Birli\u011fi Komisyonu \u00dcyesi Ar\u015f. G\u00f6r. Muhammed Huzeyfe G\u00dcLTEK\u0130N 8266<\/p><p><strong><span style=\"color: #000080\">Birim Muayene ve Sat\u0131n Alma Komisyonu Ba\u015fkan\u0131 Prof. Dr. S\u00fcleyman EFEND\u0130O\u011eLU 8159<\/span><\/strong><br \/>Birim Muayene ve Sat\u0131n Alma Komisyonu Uzman \u00dcyesi Fak\u00fclte Sekreteri Cemal AKBA\u015e 8005<br \/>Birim Muayene ve Sat\u0131n Alma Komisyonu Uzman \u00dcyesi Y\u00fcksel KELE\u015e 8014<br \/>Birim Muayene ve Sat\u0131n Alma Komisyonu \u00dcyesi K\u00f6ksal \u00d6NAL 8036<\/p><p><span style=\"color: #000080\"><strong>Birim Demirba\u015f Say\u0131m, K\u0131ymet, Tespit ve Hurdaya Ay\u0131rma Kom. Ba\u015fkan\u0131 Do\u00e7. Dr. Sava\u015f E\u011e\u0130LMEZ 8001<\/strong><\/span><br \/>Birim Demirba\u015f Say\u0131m, K\u0131ymet, Tespit ve Hurdaya Ay\u0131rma Kom. \u00dcyesi Fak\u00fclte Sekreteri Cemal AKBA\u015e 8005<br \/>Birim Demirba\u015f Say\u0131m, K\u0131ymet, Tespit ve Hurdaya Ay\u0131rma Kom. \u00dcyesi Y\u00fcksel KELE\u015e 8014<br \/>Birim Demirba\u015f Say\u0131m, K\u0131ymet, Tespit ve Hurdaya Ay\u0131rma Kom. \u00dcyesi Orhan SAVSAR 8033<br \/>Birim Demirba\u015f Say\u0131m, K\u0131ymet, Tespit ve Hurdaya Ay\u0131rma Kom. \u00dcyesi K\u00f6ksal \u00d6NAL 8036<br \/>Birim Demirba\u015f Say\u0131m, K\u0131ymet, Tespit ve Hurdaya Ay\u0131rma Kom. \u00dcyesi Mail KALAO\u011eLU 8017<\/p><p><strong><span style=\"color: #000080\">Birim \u0130\u015f Sa\u011fl\u0131\u011f\u0131 ve G\u00fcv. Komisyonu \u0130\u015fveren Temsilcisi Prof. Dr. S\u00fcleyman EFEND\u0130O\u011eLU 8159<\/span><\/strong><\/p><p><strong><span style=\"color: #000080\">Birim \u0130\u015f Sa\u011fl\u0131\u011f\u0131 ve G\u00fcv. Komisyonu \u0130\u015f G\u00fcvenli\u011fi Uzm. Erkan BE\u015eKEN 8502<\/span><\/strong><\/p><p><strong><span style=\"color: #000080\">Birim \u0130\u015f Sa\u011fl\u0131\u011f\u0131 ve G\u00fcv. Komisyonu \u0130\u015fyeri Hekimi Dr. \u00d6\u011fr. \u00dcyesi Ezel Bilge YERL\u0130 1404<\/span><\/strong><\/p><p><strong><span style=\"color: #000080\">Birim \u0130\u015f Sa\u011fl\u0131\u011f\u0131 ve G\u00fcv. Komisyonu Sivil Savunma Uzm. Recai ODABA\u015e 2833<\/span><\/strong><\/p><p><strong><span style=\"color: #000080\">Birim \u0130\u015f Sa\u011fl\u0131\u011f\u0131 ve G\u00fcv. Komisyonu \u0130nsan Kay. Sor. Fak\u00fclte Sekreteri Cemal AKBA\u015e 8005<\/span><\/strong><\/p><p><strong><span style=\"color: #000080\">Birim \u0130\u015f Sa\u011fl\u0131\u011f\u0131 ve G\u00fcv. Komisyonu Ustaba\u015f\u0131\/Formen Y\u00fcksel KELE\u015e 8014<\/span><\/strong><\/p>\t\t\t\t\t\t\t\t<\/div>\n\t\t\t\t<\/div>\n\t\t\t\t\t<\/div>\n\t\t<\/div>\n\t\t\t\t\t<\/div>\n\t\t<\/section>\n\t\t\t\t<\/div>\n\t\t","protected":false},"excerpt":{"rendered":"<p>Komisyonlar Birim Kalite Komisyonu Ba\u015fkan\u0131 Dr.\u00d6\u011fr. \u00dcyesi Esra HALICI 8153Birim Kalite Komisyonu \u00dcyesi Prof. Dr. Firdes TEM\u0130ZG\u00dcNEY 8095Birim Kalite Komisyonu \u00dcyesi Do\u00e7. Dr. Serkan \u00c7AKMAK 8141Birim Kalite Komisyonu \u00dcyesi Dr. \u00d6\u011fr. \u00dcyesi \u0130smail \u00d6Z 8051Birim Kalite Komisyonu \u00dcyesi Ar\u015f. G\u00f6r. Dr. \u00d6mer Faruk KARATA\u015e 8145Birim Kalite Komisyonu \u00dcyesi Ar\u015f. G\u00f6r. Dr. Mehmet K\u00fcr\u015fat DE\u011eER 8126Birim [&hellip;]<\/p>\n","protected":false},"author":1,"featured_media":0,"parent":0,"menu_order":0,"comment_status":"closed","ping_status":"closed","template":"elementor_header_footer","meta":{"footnotes":""},"class_list":["post-5717","page","type-page","status-publish","hentry"],"_links":{"self":[{"href":"https:\/\/atauni.edu.tr\/edebiyat-fakultesi\/wp-json\/wp\/v2\/pages\/5717","targetHints":{"allow":["GET"]}}],"collection":[{"href":"https:\/\/atauni.edu.tr\/edebiyat-fakultesi\/wp-json\/wp\/v2\/pages"}],"about":[{"href":"https:\/\/atauni.edu.tr\/edebiyat-fakultesi\/wp-json\/wp\/v2\/types\/page"}],"author":[{"embeddable":true,"href":"https:\/\/atauni.edu.tr\/edebiyat-fakultesi\/wp-json\/wp\/v2\/users\/1"}],"replies":[{"embeddable":true,"href":"https:\/\/atauni.edu.tr\/edebiyat-fakultesi\/wp-json\/wp\/v2\/comments?post=5717"}],"version-history":[{"count":170,"href":"https:\/\/atauni.edu.tr\/edebiyat-fakultesi\/wp-json\/wp\/v2\/pages\/5717\/revisions"}],"predecessor-version":[{"id":14764,"href":"https:\/\/atauni.edu.tr\/edebiyat-fakultesi\/wp-json\/wp\/v2\/pages\/5717\/revisions\/14764"}],"wp:attachment":[{"href":"https:\/\/atauni.edu.tr\/edebiyat-fakultesi\/wp-json\/wp\/v2\/media?parent=5717"}],"curies":[{"name":"wp","href":"https:\/\/api.w.org\/{rel}","templated":true}]}}