{"id":5774,"date":"2021-07-13T13:54:52","date_gmt":"2021-07-13T10:54:52","guid":{"rendered":"https:\/\/portaltest.atauni.edu.tr\/muhendislik-fakultesi\/?page_id=5774"},"modified":"2024-11-11T22:12:50","modified_gmt":"2024-11-11T19:12:50","slug":"tarihce","status":"publish","type":"page","link":"https:\/\/atauni.edu.tr\/edebiyat-fakultesi\/tarihce\/","title":{"rendered":"Tarih\u00e7e"},"content":{"rendered":"\t\t<div data-elementor-type=\"wp-page\" data-elementor-id=\"5774\" class=\"elementor elementor-5774\" data-elementor-post-type=\"page\">\n\t\t\t\t\t\t<section class=\"elementor-section elementor-top-section elementor-element elementor-element-46c2cb5d elementor-section-boxed elementor-section-height-default elementor-section-height-default\" data-id=\"46c2cb5d\" data-element_type=\"section\">\n\t\t\t\t\t\t<div class=\"elementor-container elementor-column-gap-default\">\n\t\t\t\t\t<div class=\"elementor-column elementor-col-100 elementor-top-column elementor-element elementor-element-299813e7\" data-id=\"299813e7\" data-element_type=\"column\">\n\t\t\t<div class=\"elementor-widget-wrap elementor-element-populated\">\n\t\t\t\t\t\t<div class=\"elementor-element elementor-element-3ec495a9 elementor-widget elementor-widget-heading\" data-id=\"3ec495a9\" data-element_type=\"widget\" data-widget_type=\"heading.default\">\n\t\t\t\t<div class=\"elementor-widget-container\">\n\t\t\t\t\t<h2 class=\"elementor-heading-title elementor-size-default\">Tarih\u00e7e<\/h2>\t\t\t\t<\/div>\n\t\t\t\t<\/div>\n\t\t\t\t<div class=\"elementor-element elementor-element-2092e3b3 elementor-widget-divider--view-line elementor-widget elementor-widget-divider\" data-id=\"2092e3b3\" data-element_type=\"widget\" data-widget_type=\"divider.default\">\n\t\t\t\t<div class=\"elementor-widget-container\">\n\t\t\t\t\t\t\t<div class=\"elementor-divider\">\n\t\t\t<span class=\"elementor-divider-separator\">\n\t\t\t\t\t\t<\/span>\n\t\t<\/div>\n\t\t\t\t\t\t<\/div>\n\t\t\t\t<\/div>\n\t\t\t\t\t<\/div>\n\t\t<\/div>\n\t\t\t\t\t<\/div>\n\t\t<\/section>\n\t\t\t\t<section class=\"elementor-section elementor-top-section elementor-element elementor-element-a00ea8d elementor-section-boxed elementor-section-height-default elementor-section-height-default\" data-id=\"a00ea8d\" data-element_type=\"section\">\n\t\t\t\t\t\t<div class=\"elementor-container elementor-column-gap-default\">\n\t\t\t\t\t<div class=\"elementor-column elementor-col-100 elementor-top-column elementor-element elementor-element-0ad1be4\" data-id=\"0ad1be4\" data-element_type=\"column\">\n\t\t\t<div class=\"elementor-widget-wrap elementor-element-populated\">\n\t\t\t\t\t\t<div class=\"elementor-element elementor-element-c133bed elementor-widget elementor-widget-text-editor\" data-id=\"c133bed\" data-element_type=\"widget\" data-widget_type=\"text-editor.default\">\n\t\t\t\t<div class=\"elementor-widget-container\">\n\t\t\t\t\t\t\t\t\t<p>Edebiyat Fak\u00fcltesi, Atat\u00fcrk \u00dcniversitesi b\u00fcnyesinde &#8220;Fen-Edebiyat Fak\u00fcltesi&#8221; ad\u0131 alt\u0131nda 17 Kas\u0131m 1958 tarihinde kuruldu. Fen Grubunda, Matematik-Fizik B\u00f6l\u00fcm\u00fc ve Tabii \u0130limler B\u00f6l\u00fcm\u00fc olmak \u00fczere iki b\u00f6l\u00fcm; Edebiyat Grubunda ise T\u00fcrk Dili ve Edebiyat\u0131, Alman Dili ve Edebiyat\u0131, \u0130ngiliz Dili ve Edebiyat\u0131, Frans\u0131z Dili ve Edebiyat\u0131 ile \u0130ktisat ve \u0130\u015fletmecilik b\u00f6l\u00fcmleri olmak \u00fczere be\u015f b\u00f6l\u00fcm vard\u0131. 1958-1959 \u00f6\u011fretim y\u0131l\u0131nda \u0130ngiliz Dili ve Edebiyat\u0131 5, Frans\u0131z Dili ve Edebiyat\u0131 4 ve Alman Dili Edebiyat\u0131 1 olmak \u00fczere toplam 10 \u00f6\u011frenci alarak lisans e\u011fitimine ba\u015flad\u0131. Fen Grubu ise Ziraat Fak\u00fcltesinin FKB derslerinin y\u00fcr\u00fct\u00fclmesini \u00fcstlendi. Kuruldu\u011fu y\u0131llarda, bug\u00fcnk\u00fc \u015eair Nefi Ortaokulunda faaliyetlerini s\u00fcrd\u00fcren Fen-Edebiyat Fak\u00fcltesi, 1962-1963 \u00f6\u011fretim y\u0131l\u0131 ba\u015f\u0131nda \u015fu andaki kamp\u00fcs i\u00e7erisinde yer alan kendi binalar\u0131na ta\u015f\u0131nd\u0131. 1969 y\u0131l\u0131nda, Fen-Edebiyat Fak\u00fcltesi, Fen Fak\u00fcltesi, Edebiyat Fak\u00fcltesi ve \u0130\u015fletme Fak\u00fcltesi olmak \u00fczere \u00fc\u00e7 ayr\u0131 fak\u00fclteye ayr\u0131ld\u0131. 1971 y\u0131l\u0131nda Edebiyat Fak\u00fcltesinde, T\u00fcrk Dili ve Edebiyat\u0131, Alman Dili ve Edebiyat\u0131, \u0130ngiliz Dili ve Edebiyat\u0131, Frans\u0131z Dili ve Edebiyat\u0131, Tarih, Arap-Fars Dili ve Edebiyat\u0131, Co\u011frafya, Arkeoloji b\u00f6l\u00fcmleri vard\u0131. 20 Temmuz 1982 tarih ve 2547 Say\u0131l\u0131 &#8220;Y\u00fcksek\u00f6\u011fretim Kurumlar\u0131 Te\u015fkilat\u0131 Hakk\u0131nda Kanun H\u00fckm\u00fcnde Kararname&#8221; ile \u00dcniversiteler yeniden \u00f6rg\u00fctlenirken Fen ve Edebiyat Fak\u00fclteleri tekrar &#8220;Fen-Edebiyat Fak\u00fcltesi&#8221; ad\u0131 alt\u0131nda birle\u015ftirildi. 17 Eyl\u00fcl 2008 tarih ve 2008\/14169 say\u0131l\u0131 Bakanlar Kurulu karar\u0131 ile Fen-Edebiyat Fak\u00fcltesi kapat\u0131larak, Fen Fak\u00fcltesi ve Edebiyat Fak\u00fcltesi yeniden kuruldu. 2019 y\u0131l\u0131nda yeni binas\u0131na ta\u015f\u0131nan Edebiyat Fak\u00fcltesi b\u00fcnyesinde Amerikan K\u00fclt\u00fcr\u00fc ve Edebiyat\u0131, Arap Dili ve Edebiyat\u0131, Alman Dili ve Edebiyat\u0131, Arkeoloji, Bilgi ve Belge Y\u00f6netimi, Co\u011frafya, \u00c7a\u011fda\u015f T\u00fcrk Leh\u00e7eleri ve Edebiyatlar\u0131, Fars Dili ve Edebiyat\u0131, Felsefe, Frans\u0131z Dili ve Edebiyat\u0131, \u0130ngiliz Dili ve Edebiyat\u0131, Psikoloji, Sanat Tarihi, Sosyoloji, Tarih, T\u00fcrk Dili ve Edebiyat\u0131, M\u00fctercim ve Terc\u00fcmanl\u0131k olmak \u00fczere 17 b\u00f6l\u00fcmde lisans program\u0131 y\u00fcr\u00fct\u00fclmektedir.<\/p>\t\t\t\t\t\t\t\t<\/div>\n\t\t\t\t<\/div>\n\t\t\t\t\t<\/div>\n\t\t<\/div>\n\t\t\t\t\t<\/div>\n\t\t<\/section>\n\t\t\t\t<section class=\"elementor-section elementor-top-section elementor-element elementor-element-f16dd77 elementor-section-boxed elementor-section-height-default elementor-section-height-default\" data-id=\"f16dd77\" data-element_type=\"section\">\n\t\t\t\t\t\t<div class=\"elementor-container elementor-column-gap-default\">\n\t\t\t\t\t<div class=\"elementor-column elementor-col-100 elementor-top-column elementor-element elementor-element-146d043\" data-id=\"146d043\" data-element_type=\"column\">\n\t\t\t<div class=\"elementor-widget-wrap elementor-element-populated\">\n\t\t\t\t\t\t<div class=\"elementor-element elementor-element-8f7acfd elementor-widget elementor-widget-image-gallery\" data-id=\"8f7acfd\" data-element_type=\"widget\" data-widget_type=\"image-gallery.default\">\n\t\t\t\t<div class=\"elementor-widget-container\">\n\t\t\t\t\t\t\t<div class=\"elementor-image-gallery\">\n\t\t\t\n\t\t<style type=\"text\/css\">\n\t\t\t#gallery-1 {\n\t\t\t\tmargin: auto;\n\t\t\t}\n\t\t\t#gallery-1 .gallery-item {\n\t\t\t\tfloat: left;\n\t\t\t\tmargin-top: 10px;\n\t\t\t\ttext-align: center;\n\t\t\t\twidth: 16%;\n\t\t\t}\n\t\t\t#gallery-1 img {\n\t\t\t\tborder: 2px solid #cfcfcf;\n\t\t\t}\n\t\t\t#gallery-1 .gallery-caption {\n\t\t\t\tmargin-left: 0;\n\t\t\t}\n\t\t\t\/* see gallery_shortcode() in wp-includes\/media.php *\/\n\t\t<\/style>\n\t\t<div id='gallery-1' class='gallery galleryid-5774 gallery-columns-6 gallery-size-thumbnail'><dl class='gallery-item'>\n\t\t\t<dt class='gallery-icon landscape'>\n\t\t\t\t<a data-elementor-open-lightbox=\"yes\" data-elementor-lightbox-slideshow=\"8f7acfd\" data-elementor-lightbox-title=\"1a00275f0c1ad61b7fb9fa48472ba745\" data-e-action-hash=\"#elementor-action%3Aaction%3Dlightbox%26settings%3DeyJpZCI6NzE5MiwidXJsIjoiaHR0cDpcL1wvYXRhdW5pLmVkdS50clwvZWRlYml5YXQtZmFrdWx0ZXNpXC93cC1jb250ZW50XC91cGxvYWRzXC9zaXRlc1wvNTlcLzIwMjBcLzA3XC8xYTAwMjc1ZjBjMWFkNjFiN2ZiOWZhNDg0NzJiYTc0NS5qcGciLCJzbGlkZXNob3ciOiI4ZjdhY2ZkIn0%3D\" href='http:\/\/atauni.edu.tr\/edebiyat-fakultesi\/wp-content\/uploads\/sites\/59\/2020\/07\/1a00275f0c1ad61b7fb9fa48472ba745.jpg'><img decoding=\"async\" width=\"150\" height=\"150\" src=\"http:\/\/atauni.edu.tr\/edebiyat-fakultesi\/wp-content\/uploads\/sites\/59\/2020\/07\/1a00275f0c1ad61b7fb9fa48472ba745-150x150.jpg\" class=\"attachment-thumbnail size-thumbnail\" alt=\"\" \/><\/a>\n\t\t\t<\/dt><\/dl><dl class='gallery-item'>\n\t\t\t<dt class='gallery-icon landscape'>\n\t\t\t\t<a data-elementor-open-lightbox=\"yes\" data-elementor-lightbox-slideshow=\"8f7acfd\" data-elementor-lightbox-title=\"1e58512ad5df880ae73f1850ccf770e3\" data-e-action-hash=\"#elementor-action%3Aaction%3Dlightbox%26settings%3DeyJpZCI6NzE5MywidXJsIjoiaHR0cDpcL1wvYXRhdW5pLmVkdS50clwvZWRlYml5YXQtZmFrdWx0ZXNpXC93cC1jb250ZW50XC91cGxvYWRzXC9zaXRlc1wvNTlcLzIwMjBcLzA3XC8xZTU4NTEyYWQ1ZGY4ODBhZTczZjE4NTBjY2Y3NzBlMy1zY2FsZWQuanBnIiwic2xpZGVzaG93IjoiOGY3YWNmZCJ9\" href='http:\/\/atauni.edu.tr\/edebiyat-fakultesi\/wp-content\/uploads\/sites\/59\/2020\/07\/1e58512ad5df880ae73f1850ccf770e3-scaled.jpg'><img decoding=\"async\" width=\"150\" height=\"150\" src=\"http:\/\/atauni.edu.tr\/edebiyat-fakultesi\/wp-content\/uploads\/sites\/59\/2020\/07\/1e58512ad5df880ae73f1850ccf770e3-150x150.jpg\" class=\"attachment-thumbnail size-thumbnail\" alt=\"\" \/><\/a>\n\t\t\t<\/dt><\/dl><dl class='gallery-item'>\n\t\t\t<dt class='gallery-icon landscape'>\n\t\t\t\t<a data-elementor-open-lightbox=\"yes\" data-elementor-lightbox-slideshow=\"8f7acfd\" data-elementor-lightbox-title=\"2f896fd67f5d1182d7a7638bddde5576\" data-e-action-hash=\"#elementor-action%3Aaction%3Dlightbox%26settings%3DeyJpZCI6NzE5NCwidXJsIjoiaHR0cDpcL1wvYXRhdW5pLmVkdS50clwvZWRlYml5YXQtZmFrdWx0ZXNpXC93cC1jb250ZW50XC91cGxvYWRzXC9zaXRlc1wvNTlcLzIwMjBcLzA3XC8yZjg5NmZkNjdmNWQxMTgyZDdhNzYzOGJkZGRlNTU3Ni5qcGciLCJzbGlkZXNob3ciOiI4ZjdhY2ZkIn0%3D\" href='http:\/\/atauni.edu.tr\/edebiyat-fakultesi\/wp-content\/uploads\/sites\/59\/2020\/07\/2f896fd67f5d1182d7a7638bddde5576.jpg'><img decoding=\"async\" width=\"150\" height=\"150\" src=\"http:\/\/atauni.edu.tr\/edebiyat-fakultesi\/wp-content\/uploads\/sites\/59\/2020\/07\/2f896fd67f5d1182d7a7638bddde5576-150x150.jpg\" class=\"attachment-thumbnail size-thumbnail\" alt=\"\" \/><\/a>\n\t\t\t<\/dt><\/dl><dl class='gallery-item'>\n\t\t\t<dt class='gallery-icon landscape'>\n\t\t\t\t<a data-elementor-open-lightbox=\"yes\" data-elementor-lightbox-slideshow=\"8f7acfd\" data-elementor-lightbox-title=\"825a180ca62ec98f0aea7916a4db275b\" data-e-action-hash=\"#elementor-action%3Aaction%3Dlightbox%26settings%3DeyJpZCI6NzE5NiwidXJsIjoiaHR0cDpcL1wvYXRhdW5pLmVkdS50clwvZWRlYml5YXQtZmFrdWx0ZXNpXC93cC1jb250ZW50XC91cGxvYWRzXC9zaXRlc1wvNTlcLzIwMjBcLzA3XC84MjVhMTgwY2E2MmVjOThmMGFlYTc5MTZhNGRiMjc1Yi1zY2FsZWQuanBnIiwic2xpZGVzaG93IjoiOGY3YWNmZCJ9\" href='http:\/\/atauni.edu.tr\/edebiyat-fakultesi\/wp-content\/uploads\/sites\/59\/2020\/07\/825a180ca62ec98f0aea7916a4db275b-scaled.jpg'><img loading=\"lazy\" decoding=\"async\" width=\"150\" height=\"150\" src=\"http:\/\/atauni.edu.tr\/edebiyat-fakultesi\/wp-content\/uploads\/sites\/59\/2020\/07\/825a180ca62ec98f0aea7916a4db275b-150x150.jpg\" class=\"attachment-thumbnail size-thumbnail\" alt=\"\" \/><\/a>\n\t\t\t<\/dt><\/dl><dl class='gallery-item'>\n\t\t\t<dt class='gallery-icon landscape'>\n\t\t\t\t<a data-elementor-open-lightbox=\"yes\" data-elementor-lightbox-slideshow=\"8f7acfd\" data-elementor-lightbox-title=\"888a311c998a1857ce1b0bf3d0460b70\" data-e-action-hash=\"#elementor-action%3Aaction%3Dlightbox%26settings%3DeyJpZCI6NzE5NywidXJsIjoiaHR0cDpcL1wvYXRhdW5pLmVkdS50clwvZWRlYml5YXQtZmFrdWx0ZXNpXC93cC1jb250ZW50XC91cGxvYWRzXC9zaXRlc1wvNTlcLzIwMjBcLzA3XC84ODhhMzExYzk5OGExODU3Y2UxYjBiZjNkMDQ2MGI3MC1zY2FsZWQuanBnIiwic2xpZGVzaG93IjoiOGY3YWNmZCJ9\" href='http:\/\/atauni.edu.tr\/edebiyat-fakultesi\/wp-content\/uploads\/sites\/59\/2020\/07\/888a311c998a1857ce1b0bf3d0460b70-scaled.jpg'><img loading=\"lazy\" decoding=\"async\" width=\"150\" height=\"150\" src=\"http:\/\/atauni.edu.tr\/edebiyat-fakultesi\/wp-content\/uploads\/sites\/59\/2020\/07\/888a311c998a1857ce1b0bf3d0460b70-150x150.jpg\" class=\"attachment-thumbnail size-thumbnail\" alt=\"\" \/><\/a>\n\t\t\t<\/dt><\/dl><dl class='gallery-item'>\n\t\t\t<dt class='gallery-icon landscape'>\n\t\t\t\t<a data-elementor-open-lightbox=\"yes\" data-elementor-lightbox-slideshow=\"8f7acfd\" data-elementor-lightbox-title=\"0972a665233656bae7cb62160e0c780c\" data-e-action-hash=\"#elementor-action%3Aaction%3Dlightbox%26settings%3DeyJpZCI6NzE5OCwidXJsIjoiaHR0cDpcL1wvYXRhdW5pLmVkdS50clwvZWRlYml5YXQtZmFrdWx0ZXNpXC93cC1jb250ZW50XC91cGxvYWRzXC9zaXRlc1wvNTlcLzIwMjBcLzA3XC8wOTcyYTY2NTIzMzY1NmJhZTdjYjYyMTYwZTBjNzgwYy5qcGciLCJzbGlkZXNob3ciOiI4ZjdhY2ZkIn0%3D\" href='http:\/\/atauni.edu.tr\/edebiyat-fakultesi\/wp-content\/uploads\/sites\/59\/2020\/07\/0972a665233656bae7cb62160e0c780c.jpg'><img loading=\"lazy\" decoding=\"async\" width=\"150\" height=\"150\" src=\"http:\/\/atauni.edu.tr\/edebiyat-fakultesi\/wp-content\/uploads\/sites\/59\/2020\/07\/0972a665233656bae7cb62160e0c780c-150x150.jpg\" class=\"attachment-thumbnail size-thumbnail\" alt=\"\" \/><\/a>\n\t\t\t<\/dt><\/dl><br style=\"clear: both\" \/><dl class='gallery-item'>\n\t\t\t<dt class='gallery-icon portrait'>\n\t\t\t\t<a data-elementor-open-lightbox=\"yes\" data-elementor-lightbox-slideshow=\"8f7acfd\" data-elementor-lightbox-title=\"996b06f688014c61ee1424b256e14200\" data-e-action-hash=\"#elementor-action%3Aaction%3Dlightbox%26settings%3DeyJpZCI6NzE5OSwidXJsIjoiaHR0cDpcL1wvYXRhdW5pLmVkdS50clwvZWRlYml5YXQtZmFrdWx0ZXNpXC93cC1jb250ZW50XC91cGxvYWRzXC9zaXRlc1wvNTlcLzIwMjBcLzA3XC85OTZiMDZmNjg4MDE0YzYxZWUxNDI0YjI1NmUxNDIwMC5qcGciLCJzbGlkZXNob3ciOiI4ZjdhY2ZkIn0%3D\" href='http:\/\/atauni.edu.tr\/edebiyat-fakultesi\/wp-content\/uploads\/sites\/59\/2020\/07\/996b06f688014c61ee1424b256e14200.jpg'><img loading=\"lazy\" decoding=\"async\" width=\"150\" height=\"150\" src=\"http:\/\/atauni.edu.tr\/edebiyat-fakultesi\/wp-content\/uploads\/sites\/59\/2020\/07\/996b06f688014c61ee1424b256e14200-150x150.jpg\" class=\"attachment-thumbnail size-thumbnail\" alt=\"\" \/><\/a>\n\t\t\t<\/dt><\/dl><dl class='gallery-item'>\n\t\t\t<dt class='gallery-icon landscape'>\n\t\t\t\t<a data-elementor-open-lightbox=\"yes\" data-elementor-lightbox-slideshow=\"8f7acfd\" data-elementor-lightbox-title=\"a2a7f2a4df129672e4d92275278cb13c\" data-e-action-hash=\"#elementor-action%3Aaction%3Dlightbox%26settings%3DeyJpZCI6NzIwMCwidXJsIjoiaHR0cDpcL1wvYXRhdW5pLmVkdS50clwvZWRlYml5YXQtZmFrdWx0ZXNpXC93cC1jb250ZW50XC91cGxvYWRzXC9zaXRlc1wvNTlcLzIwMjBcLzA3XC9hMmE3ZjJhNGRmMTI5NjcyZTRkOTIyNzUyNzhjYjEzYy5qcGciLCJzbGlkZXNob3ciOiI4ZjdhY2ZkIn0%3D\" href='http:\/\/atauni.edu.tr\/edebiyat-fakultesi\/wp-content\/uploads\/sites\/59\/2020\/07\/a2a7f2a4df129672e4d92275278cb13c.jpg'><img loading=\"lazy\" decoding=\"async\" width=\"150\" height=\"150\" src=\"http:\/\/atauni.edu.tr\/edebiyat-fakultesi\/wp-content\/uploads\/sites\/59\/2020\/07\/a2a7f2a4df129672e4d92275278cb13c-150x150.jpg\" class=\"attachment-thumbnail size-thumbnail\" alt=\"\" \/><\/a>\n\t\t\t<\/dt><\/dl><dl class='gallery-item'>\n\t\t\t<dt class='gallery-icon landscape'>\n\t\t\t\t<a data-elementor-open-lightbox=\"yes\" data-elementor-lightbox-slideshow=\"8f7acfd\" data-elementor-lightbox-title=\"a97566693812246cfadafba9c1409a3f\" data-e-action-hash=\"#elementor-action%3Aaction%3Dlightbox%26settings%3DeyJpZCI6NzIwMSwidXJsIjoiaHR0cDpcL1wvYXRhdW5pLmVkdS50clwvZWRlYml5YXQtZmFrdWx0ZXNpXC93cC1jb250ZW50XC91cGxvYWRzXC9zaXRlc1wvNTlcLzIwMjBcLzA3XC9hOTc1NjY2OTM4MTIyNDZjZmFkYWZiYTljMTQwOWEzZi5qcGciLCJzbGlkZXNob3ciOiI4ZjdhY2ZkIn0%3D\" href='http:\/\/atauni.edu.tr\/edebiyat-fakultesi\/wp-content\/uploads\/sites\/59\/2020\/07\/a97566693812246cfadafba9c1409a3f.jpg'><img loading=\"lazy\" decoding=\"async\" width=\"150\" height=\"150\" src=\"http:\/\/atauni.edu.tr\/edebiyat-fakultesi\/wp-content\/uploads\/sites\/59\/2020\/07\/a97566693812246cfadafba9c1409a3f-150x150.jpg\" class=\"attachment-thumbnail size-thumbnail\" alt=\"\" \/><\/a>\n\t\t\t<\/dt><\/dl><dl class='gallery-item'>\n\t\t\t<dt class='gallery-icon landscape'>\n\t\t\t\t<a data-elementor-open-lightbox=\"yes\" data-elementor-lightbox-slideshow=\"8f7acfd\" data-elementor-lightbox-title=\"b0ee8afefd82521a5e36f600af622de6\" data-e-action-hash=\"#elementor-action%3Aaction%3Dlightbox%26settings%3DeyJpZCI6NzIwMiwidXJsIjoiaHR0cDpcL1wvYXRhdW5pLmVkdS50clwvZWRlYml5YXQtZmFrdWx0ZXNpXC93cC1jb250ZW50XC91cGxvYWRzXC9zaXRlc1wvNTlcLzIwMjBcLzA3XC9iMGVlOGFmZWZkODI1MjFhNWUzNmY2MDBhZjYyMmRlNi5qcGciLCJzbGlkZXNob3ciOiI4ZjdhY2ZkIn0%3D\" href='http:\/\/atauni.edu.tr\/edebiyat-fakultesi\/wp-content\/uploads\/sites\/59\/2020\/07\/b0ee8afefd82521a5e36f600af622de6.jpg'><img loading=\"lazy\" decoding=\"async\" width=\"150\" height=\"150\" src=\"http:\/\/atauni.edu.tr\/edebiyat-fakultesi\/wp-content\/uploads\/sites\/59\/2020\/07\/b0ee8afefd82521a5e36f600af622de6-150x150.jpg\" class=\"attachment-thumbnail size-thumbnail\" alt=\"\" \/><\/a>\n\t\t\t<\/dt><\/dl><dl class='gallery-item'>\n\t\t\t<dt class='gallery-icon landscape'>\n\t\t\t\t<a data-elementor-open-lightbox=\"yes\" data-elementor-lightbox-slideshow=\"8f7acfd\" data-elementor-lightbox-title=\"bd5e8510b370de606d9cbe889b8c8190\" data-e-action-hash=\"#elementor-action%3Aaction%3Dlightbox%26settings%3DeyJpZCI6NzIwMywidXJsIjoiaHR0cDpcL1wvYXRhdW5pLmVkdS50clwvZWRlYml5YXQtZmFrdWx0ZXNpXC93cC1jb250ZW50XC91cGxvYWRzXC9zaXRlc1wvNTlcLzIwMjBcLzA3XC9iZDVlODUxMGIzNzBkZTYwNmQ5Y2JlODg5YjhjODE5MC1zY2FsZWQuanBnIiwic2xpZGVzaG93IjoiOGY3YWNmZCJ9\" href='http:\/\/atauni.edu.tr\/edebiyat-fakultesi\/wp-content\/uploads\/sites\/59\/2020\/07\/bd5e8510b370de606d9cbe889b8c8190-scaled.jpg'><img loading=\"lazy\" decoding=\"async\" width=\"150\" height=\"150\" src=\"http:\/\/atauni.edu.tr\/edebiyat-fakultesi\/wp-content\/uploads\/sites\/59\/2020\/07\/bd5e8510b370de606d9cbe889b8c8190-150x150.jpg\" class=\"attachment-thumbnail size-thumbnail\" alt=\"\" \/><\/a>\n\t\t\t<\/dt><\/dl><dl class='gallery-item'>\n\t\t\t<dt class='gallery-icon landscape'>\n\t\t\t\t<a data-elementor-open-lightbox=\"yes\" data-elementor-lightbox-slideshow=\"8f7acfd\" data-elementor-lightbox-title=\"f14f14a6c89e052d1cd231b99a4f3da9\" data-e-action-hash=\"#elementor-action%3Aaction%3Dlightbox%26settings%3DeyJpZCI6NzIwNCwidXJsIjoiaHR0cDpcL1wvYXRhdW5pLmVkdS50clwvZWRlYml5YXQtZmFrdWx0ZXNpXC93cC1jb250ZW50XC91cGxvYWRzXC9zaXRlc1wvNTlcLzIwMjBcLzA3XC9mMTRmMTRhNmM4OWUwNTJkMWNkMjMxYjk5YTRmM2RhOS5qcGciLCJzbGlkZXNob3ciOiI4ZjdhY2ZkIn0%3D\" href='http:\/\/atauni.edu.tr\/edebiyat-fakultesi\/wp-content\/uploads\/sites\/59\/2020\/07\/f14f14a6c89e052d1cd231b99a4f3da9.jpg'><img loading=\"lazy\" decoding=\"async\" width=\"150\" height=\"150\" src=\"http:\/\/atauni.edu.tr\/edebiyat-fakultesi\/wp-content\/uploads\/sites\/59\/2020\/07\/f14f14a6c89e052d1cd231b99a4f3da9-150x150.jpg\" class=\"attachment-thumbnail size-thumbnail\" alt=\"\" \/><\/a>\n\t\t\t<\/dt><\/dl><br style=\"clear: both\" \/><dl class='gallery-item'>\n\t\t\t<dt class='gallery-icon landscape'>\n\t\t\t\t<a data-elementor-open-lightbox=\"yes\" data-elementor-lightbox-slideshow=\"8f7acfd\" data-elementor-lightbox-title=\"fbd1974748fb39c8b73ea1ae45028604\" data-e-action-hash=\"#elementor-action%3Aaction%3Dlightbox%26settings%3DeyJpZCI6NzIwNSwidXJsIjoiaHR0cDpcL1wvYXRhdW5pLmVkdS50clwvZWRlYml5YXQtZmFrdWx0ZXNpXC93cC1jb250ZW50XC91cGxvYWRzXC9zaXRlc1wvNTlcLzIwMjBcLzA3XC9mYmQxOTc0NzQ4ZmIzOWM4YjczZWExYWU0NTAyODYwNC1zY2FsZWQuanBnIiwic2xpZGVzaG93IjoiOGY3YWNmZCJ9\" href='http:\/\/atauni.edu.tr\/edebiyat-fakultesi\/wp-content\/uploads\/sites\/59\/2020\/07\/fbd1974748fb39c8b73ea1ae45028604-scaled.jpg'><img loading=\"lazy\" decoding=\"async\" width=\"150\" height=\"150\" src=\"http:\/\/atauni.edu.tr\/edebiyat-fakultesi\/wp-content\/uploads\/sites\/59\/2020\/07\/fbd1974748fb39c8b73ea1ae45028604-150x150.jpg\" class=\"attachment-thumbnail size-thumbnail\" alt=\"\" \/><\/a>\n\t\t\t<\/dt><\/dl>\n\t\t\t<br style='clear: both' \/>\n\t\t<\/div>\n\t\t<\/div>\n\t\t\t\t\t\t<\/div>\n\t\t\t\t<\/div>\n\t\t\t\t\t<\/div>\n\t\t<\/div>\n\t\t\t\t\t<\/div>\n\t\t<\/section>\n\t\t\t\t<\/div>\n\t\t","protected":false},"excerpt":{"rendered":"<p>Tarih\u00e7e Edebiyat Fak\u00fcltesi, Atat\u00fcrk \u00dcniversitesi b\u00fcnyesinde &#8220;Fen-Edebiyat Fak\u00fcltesi&#8221; ad\u0131 alt\u0131nda 17 Kas\u0131m 1958 tarihinde kuruldu. Fen Grubunda, Matematik-Fizik B\u00f6l\u00fcm\u00fc ve Tabii \u0130limler B\u00f6l\u00fcm\u00fc olmak \u00fczere iki b\u00f6l\u00fcm; Edebiyat Grubunda ise T\u00fcrk Dili ve Edebiyat\u0131, Alman Dili ve Edebiyat\u0131, \u0130ngiliz Dili ve Edebiyat\u0131, Frans\u0131z Dili ve Edebiyat\u0131 ile \u0130ktisat ve \u0130\u015fletmecilik b\u00f6l\u00fcmleri olmak \u00fczere be\u015f b\u00f6l\u00fcm [&hellip;]<\/p>\n","protected":false},"author":1,"featured_media":0,"parent":0,"menu_order":0,"comment_status":"closed","ping_status":"closed","template":"elementor_header_footer","meta":{"footnotes":""},"class_list":["post-5774","page","type-page","status-publish","hentry"],"_links":{"self":[{"href":"https:\/\/atauni.edu.tr\/edebiyat-fakultesi\/wp-json\/wp\/v2\/pages\/5774","targetHints":{"allow":["GET"]}}],"collection":[{"href":"https:\/\/atauni.edu.tr\/edebiyat-fakultesi\/wp-json\/wp\/v2\/pages"}],"about":[{"href":"https:\/\/atauni.edu.tr\/edebiyat-fakultesi\/wp-json\/wp\/v2\/types\/page"}],"author":[{"embeddable":true,"href":"https:\/\/atauni.edu.tr\/edebiyat-fakultesi\/wp-json\/wp\/v2\/users\/1"}],"replies":[{"embeddable":true,"href":"https:\/\/atauni.edu.tr\/edebiyat-fakultesi\/wp-json\/wp\/v2\/comments?post=5774"}],"version-history":[{"count":38,"href":"https:\/\/atauni.edu.tr\/edebiyat-fakultesi\/wp-json\/wp\/v2\/pages\/5774\/revisions"}],"predecessor-version":[{"id":13312,"href":"https:\/\/atauni.edu.tr\/edebiyat-fakultesi\/wp-json\/wp\/v2\/pages\/5774\/revisions\/13312"}],"wp:attachment":[{"href":"https:\/\/atauni.edu.tr\/edebiyat-fakultesi\/wp-json\/wp\/v2\/media?parent=5774"}],"curies":[{"name":"wp","href":"https:\/\/api.w.org\/{rel}","templated":true}]}}