{"id":5847,"date":"2021-07-13T14:56:17","date_gmt":"2021-07-13T11:56:17","guid":{"rendered":"https:\/\/portaltest.atauni.edu.tr\/muhendislik-fakultesi\/?page_id=5847"},"modified":"2022-01-25T16:04:10","modified_gmt":"2022-01-25T13:04:10","slug":"formlar","status":"publish","type":"page","link":"https:\/\/atauni.edu.tr\/edebiyat-fakultesi\/formlar\/","title":{"rendered":"Formlar"},"content":{"rendered":"\t\t<div data-elementor-type=\"wp-page\" data-elementor-id=\"5847\" class=\"elementor elementor-5847\" data-elementor-post-type=\"page\">\n\t\t\t\t\t\t<section class=\"elementor-section elementor-top-section elementor-element elementor-element-46c2cb5d elementor-section-boxed elementor-section-height-default elementor-section-height-default\" data-id=\"46c2cb5d\" data-element_type=\"section\">\n\t\t\t\t\t\t<div class=\"elementor-container elementor-column-gap-default\">\n\t\t\t\t\t<div class=\"elementor-column elementor-col-100 elementor-top-column elementor-element elementor-element-299813e7\" data-id=\"299813e7\" data-element_type=\"column\">\n\t\t\t<div class=\"elementor-widget-wrap elementor-element-populated\">\n\t\t\t\t\t\t<div class=\"elementor-element elementor-element-3ec495a9 elementor-widget elementor-widget-heading\" data-id=\"3ec495a9\" data-element_type=\"widget\" data-widget_type=\"heading.default\">\n\t\t\t\t<div class=\"elementor-widget-container\">\n\t\t\t\t\t<h2 class=\"elementor-heading-title elementor-size-default\">Formlar<\/h2>\t\t\t\t<\/div>\n\t\t\t\t<\/div>\n\t\t\t\t<div class=\"elementor-element elementor-element-2092e3b3 elementor-widget-divider--view-line elementor-widget elementor-widget-divider\" data-id=\"2092e3b3\" data-element_type=\"widget\" data-widget_type=\"divider.default\">\n\t\t\t\t<div class=\"elementor-widget-container\">\n\t\t\t\t\t\t\t<div class=\"elementor-divider\">\n\t\t\t<span class=\"elementor-divider-separator\">\n\t\t\t\t\t\t<\/span>\n\t\t<\/div>\n\t\t\t\t\t\t<\/div>\n\t\t\t\t<\/div>\n\t\t\t\t\t<\/div>\n\t\t<\/div>\n\t\t\t\t\t<\/div>\n\t\t<\/section>\n\t\t\t\t<section class=\"elementor-section elementor-top-section elementor-element elementor-element-2717b74 elementor-section-boxed elementor-section-height-default elementor-section-height-default\" data-id=\"2717b74\" data-element_type=\"section\">\n\t\t\t\t\t\t<div class=\"elementor-container elementor-column-gap-default\">\n\t\t\t\t\t<div class=\"elementor-column elementor-col-100 elementor-top-column elementor-element elementor-element-d58c62b\" data-id=\"d58c62b\" data-element_type=\"column\">\n\t\t\t<div class=\"elementor-widget-wrap elementor-element-populated\">\n\t\t\t\t\t\t<div class=\"elementor-element elementor-element-d0a7d5e elementor-tabs-view-horizontal elementor-widget elementor-widget-tabs\" data-id=\"d0a7d5e\" data-element_type=\"widget\" data-widget_type=\"tabs.default\">\n\t\t\t\t<div class=\"elementor-widget-container\">\n\t\t\t\t\t\t\t<div class=\"elementor-tabs\">\n\t\t\t<div class=\"elementor-tabs-wrapper\" role=\"tablist\" >\n\t\t\t\t\t\t\t\t\t<div id=\"elementor-tab-title-2181\" class=\"elementor-tab-title elementor-tab-desktop-title\" aria-selected=\"true\" data-tab=\"1\" role=\"tab\" tabindex=\"0\" aria-controls=\"elementor-tab-content-2181\" aria-expanded=\"false\">\u00d6\u011frenciler<\/div>\n\t\t\t\t\t\t\t\t\t<div id=\"elementor-tab-title-2182\" class=\"elementor-tab-title elementor-tab-desktop-title\" aria-selected=\"false\" data-tab=\"2\" role=\"tab\" tabindex=\"-1\" aria-controls=\"elementor-tab-content-2182\" aria-expanded=\"false\">\u00d6\u011fretim \u00dcyeleri<\/div>\n\t\t\t\t\t\t\t<\/div>\n\t\t\t<div class=\"elementor-tabs-content-wrapper\" role=\"tablist\" aria-orientation=\"vertical\">\n\t\t\t\t\t\t\t\t\t<div class=\"elementor-tab-title elementor-tab-mobile-title\" aria-selected=\"true\" data-tab=\"1\" role=\"tab\" tabindex=\"0\" aria-controls=\"elementor-tab-content-2181\" aria-expanded=\"false\">\u00d6\u011frenciler<\/div>\n\t\t\t\t\t<div id=\"elementor-tab-content-2181\" class=\"elementor-tab-content elementor-clearfix\" data-tab=\"1\" role=\"tabpanel\" aria-labelledby=\"elementor-tab-title-2181\" tabindex=\"0\" hidden=\"false\"><div><div><strong>Form ve Dilek\u00e7eler<\/strong><\/div><div>\u00c7ift Anadal Program\u0131 Ders Sayd\u0131rma Ba\u015fvuru Dilek\u00e7esi <a href=\"https:\/\/www.atauni.edu.tr\/yuklemeler\/96af981b3ab29aa3a7432a6504c44135.pdf\">indir<\/a>.<br \/>\u00a0Ders Muafiyet Ba\u015fvuru Dilek\u00e7esi <a href=\"https:\/\/www.atauni.edu.tr\/yuklemeler\/1c4af55a25c0fce022678d66a807db65.pdf\">indir<\/a>.<br \/>\u00a0Kay\u0131t Dondurma Ba\u015fvuru Dilek\u00e7esi <a href=\"https:\/\/www.atauni.edu.tr\/yuklemeler\/60a4b1213a264af2786cc1ef850de60b.pdf\">indir<\/a>.<br \/>\u00a0Kurum \u0130\u00e7i Yatay Ge\u00e7i\u015f Ba\u015fvurusu Dilek\u00e7esi <a href=\"https:\/\/www.atauni.edu.tr\/yuklemeler\/17520a31c6c06afe40d91803401abcd7.pdf\">indir<\/a>.<br \/>\u00a0Mazeret S\u0131nav\u0131 Ba\u015fvuru Dilek\u00e7esi <a href=\"https:\/\/www.atauni.edu.tr\/yuklemeler\/86b602426762bff1fe4467ba8d96a5e7.pdf\">indir<\/a>.<br \/>\u00a0Mezuniyet Tek Ders S\u0131nav\u0131 Ba\u015fvuru Dilek\u00e7esi <a href=\"https:\/\/www.atauni.edu.tr\/yuklemeler\/3ac02270a6fe4ebef189c335a7622e7f.pdf\">indir<\/a>.<br \/>\u00a0Se\u00e7meli Ders De\u011fi\u015ftirme Ba\u015fvuru Dilek\u00e7esi <a href=\"https:\/\/www.atauni.edu.tr\/yuklemeler\/8b6e5efa7adfb700092dd6bf687cf887.pdf\">indir<\/a>.<br \/>\u00a0S\u0131nav Notu \u0130tiraz Dilek\u00e7esi <a href=\"https:\/\/www.atauni.edu.tr\/yuklemeler\/8fc9e29de854e577c3a2d720000bd8eb.pdf\">indir<\/a>.<br \/>\u00a0Yandal Program\u0131 Ba\u015fvuru Dilek\u00e7esi <a href=\"https:\/\/www.atauni.edu.tr\/yuklemeler\/76a14f3cb855c4c9e202f4d8379ddcb5.pdf\">indir<\/a>.<br \/>\u00a0Yaz Okulu Ba\u015fvuru Dilek\u00e7esi <a href=\"https:\/\/www.atauni.edu.tr\/yuklemeler\/91fab0ea6dfe5f9205b6e03ea1ba686a.pdf\">indir<\/a>.<br \/>\u00a0Yeni Y\u00f6netmeli\u011fe \u0130ntibak Dilek\u00e7esi <a href=\"https:\/\/www.atauni.edu.tr\/yuklemeler\/687ac48980e45fe6caf70d13f96cbf49.pdf\">indir<\/a>.\u00a0<\/div><\/div><\/div>\n\t\t\t\t\t\t\t\t\t<div class=\"elementor-tab-title elementor-tab-mobile-title\" aria-selected=\"false\" data-tab=\"2\" role=\"tab\" tabindex=\"-1\" aria-controls=\"elementor-tab-content-2182\" aria-expanded=\"false\">\u00d6\u011fretim \u00dcyeleri<\/div>\n\t\t\t\t\t<div id=\"elementor-tab-content-2182\" class=\"elementor-tab-content elementor-clearfix\" data-tab=\"2\" role=\"tabpanel\" aria-labelledby=\"elementor-tab-title-2182\" tabindex=\"0\" hidden=\"hidden\"><div><a href=\"https:\/\/atauni.edu.tr\/yuklemeler\/d98a905338a30642a3a3ee42703d887d.pdf\" target=\"_blank\" rel=\"noopener\">Ara\u015ft\u0131rma G\u00f6revlisi Ba\u015fvuru Formu<\/a><\/div><div>\u00d6\u011fretim \u00dcyeli\u011fine Atanma Kriterleri<\/div><div><a href=\"http:\/\/birimler.atauni.edu.tr\/edebiyat-fakultesi\/wp-content\/uploads\/sites\/59\/2020\/07\/ozgecmis_formu.doc\" target=\"_blank\" rel=\"noopener\">\u00d6zgecmi\u015f Formu<\/a><\/div><div><a href=\"http:\/\/birimler.atauni.edu.tr\/edebiyat-fakultesi\/wp-content\/uploads\/sites\/59\/2020\/07\/ogretim_elemanlari_puanlandirma_formu.doc\" target=\"_blank\" rel=\"noopener\">\u00d6\u011fretim Elemanlar\u0131 Puanland\u0131rma Formu<\/a><\/div><div>\u00a0<\/div><div><strong>Do\u00e7entlik S\u0131nav J\u00fcri \u00dcyeleri ile Yard\u0131mc\u0131 Do\u00e7ent, Do\u00e7ent ve Profes\u00f6r Atama J\u00fcrilerinde G\u00f6rev Alan \u00d6\u011fretim \u00dcyelerine Y\u00f6nelik \u00dccret Formu<\/strong><\/div><div>\u00a0<\/div><div><a href=\"http:\/\/birimler.atauni.edu.tr\/edebiyat-fakultesi\/wp-content\/uploads\/sites\/59\/2020\/07\/edebiyat_fakultesi_juri_uyeligi_ucret_formu.doc\" target=\"_blank\" rel=\"noopener\">Edebiyat Fak\u00fcltesi J\u00fcri \u00dcyeli\u011fi \u00dccret Formu<\/a><\/div><div><a href=\"http:\/\/birimler.atauni.edu.tr\/edebiyat-fakultesi\/wp-content\/uploads\/sites\/59\/2020\/07\/juri_uyeligi_ucret_beyani.pdf\">J\u00fcri \u00dcyeli\u011fi \u00dccret Beyan\u0131 (YEN\u0130)<\/a><\/div><\/div>\n\t\t\t\t\t\t\t<\/div>\n\t\t<\/div>\n\t\t\t\t\t\t<\/div>\n\t\t\t\t<\/div>\n\t\t\t\t\t<\/div>\n\t\t<\/div>\n\t\t\t\t\t<\/div>\n\t\t<\/section>\n\t\t\t\t<\/div>\n\t\t","protected":false},"excerpt":{"rendered":"<p>Formlar \u00d6\u011frenciler \u00d6\u011fretim \u00dcyeleri \u00d6\u011frenciler Form ve Dilek\u00e7eler\u00c7ift Anadal Program\u0131 Ders Sayd\u0131rma Ba\u015fvuru Dilek\u00e7esi indir.\u00a0Ders Muafiyet Ba\u015fvuru Dilek\u00e7esi indir.\u00a0Kay\u0131t Dondurma Ba\u015fvuru Dilek\u00e7esi indir.\u00a0Kurum \u0130\u00e7i Yatay Ge\u00e7i\u015f Ba\u015fvurusu Dilek\u00e7esi indir.\u00a0Mazeret S\u0131nav\u0131 Ba\u015fvuru Dilek\u00e7esi indir.\u00a0Mezuniyet Tek Ders S\u0131nav\u0131 Ba\u015fvuru Dilek\u00e7esi indir.\u00a0Se\u00e7meli Ders De\u011fi\u015ftirme Ba\u015fvuru Dilek\u00e7esi indir.\u00a0S\u0131nav Notu \u0130tiraz Dilek\u00e7esi indir.\u00a0Yandal Program\u0131 Ba\u015fvuru Dilek\u00e7esi indir.\u00a0Yaz Okulu Ba\u015fvuru Dilek\u00e7esi [&hellip;]<\/p>\n","protected":false},"author":1,"featured_media":0,"parent":0,"menu_order":0,"comment_status":"closed","ping_status":"closed","template":"elementor_header_footer","meta":{"footnotes":""},"class_list":["post-5847","page","type-page","status-publish","hentry"],"_links":{"self":[{"href":"https:\/\/atauni.edu.tr\/edebiyat-fakultesi\/wp-json\/wp\/v2\/pages\/5847","targetHints":{"allow":["GET"]}}],"collection":[{"href":"https:\/\/atauni.edu.tr\/edebiyat-fakultesi\/wp-json\/wp\/v2\/pages"}],"about":[{"href":"https:\/\/atauni.edu.tr\/edebiyat-fakultesi\/wp-json\/wp\/v2\/types\/page"}],"author":[{"embeddable":true,"href":"https:\/\/atauni.edu.tr\/edebiyat-fakultesi\/wp-json\/wp\/v2\/users\/1"}],"replies":[{"embeddable":true,"href":"https:\/\/atauni.edu.tr\/edebiyat-fakultesi\/wp-json\/wp\/v2\/comments?post=5847"}],"version-history":[{"count":56,"href":"https:\/\/atauni.edu.tr\/edebiyat-fakultesi\/wp-json\/wp\/v2\/pages\/5847\/revisions"}],"predecessor-version":[{"id":8101,"href":"https:\/\/atauni.edu.tr\/edebiyat-fakultesi\/wp-json\/wp\/v2\/pages\/5847\/revisions\/8101"}],"wp:attachment":[{"href":"https:\/\/atauni.edu.tr\/edebiyat-fakultesi\/wp-json\/wp\/v2\/media?parent=5847"}],"curies":[{"name":"wp","href":"https:\/\/api.w.org\/{rel}","templated":true}]}}