{"id":7037,"date":"2021-12-19T16:50:29","date_gmt":"2021-12-19T13:50:29","guid":{"rendered":"https:\/\/birimler.atauni.edu.tr\/edebiyat-fakultesi\/?page_id=7037"},"modified":"2024-11-11T22:10:01","modified_gmt":"2024-11-11T19:10:01","slug":"onceki-dekanlarimiz","status":"publish","type":"page","link":"https:\/\/atauni.edu.tr\/edebiyat-fakultesi\/onceki-dekanlarimiz\/","title":{"rendered":"\u00d6nceki Dekanlar\u0131m\u0131z"},"content":{"rendered":"\t\t<div data-elementor-type=\"wp-page\" data-elementor-id=\"7037\" class=\"elementor elementor-7037\" data-elementor-post-type=\"page\">\n\t\t\t\t\t\t<section class=\"elementor-section elementor-top-section elementor-element elementor-element-442b07a elementor-section-boxed elementor-section-height-default elementor-section-height-default\" data-id=\"442b07a\" data-element_type=\"section\">\n\t\t\t\t\t\t<div class=\"elementor-container elementor-column-gap-default\">\n\t\t\t\t\t<div class=\"elementor-column elementor-col-100 elementor-top-column elementor-element elementor-element-295c9dd\" data-id=\"295c9dd\" data-element_type=\"column\">\n\t\t\t<div class=\"elementor-widget-wrap elementor-element-populated\">\n\t\t\t\t\t\t<div class=\"elementor-element elementor-element-b3234cd elementor-widget elementor-widget-text-editor\" data-id=\"b3234cd\" data-element_type=\"widget\" data-widget_type=\"text-editor.default\">\n\t\t\t\t<div class=\"elementor-widget-container\">\n\t\t\t\t\t\t\t\t\t<p style=\"text-align: left\"><strong>Ge\u00e7mi\u015ften G\u00fcn\u00fcm\u00fcze Edebiyat Fak\u00fcltesi Dekanlar\u0131<\/strong><\/p><table class=\" aligncenter\" style=\"height: 5901px\" width=\"267\"><tbody><tr><td width=\"359\"><img decoding=\"async\" class=\"size-full wp-image-13269 alignleft\" src=\"http:\/\/birimler.atauni.edu.tr\/edebiyat-fakultesi\/wp-content\/uploads\/sites\/59\/2020\/07\/1-18.jpg\" alt=\"\" width=\"152\" height=\"202\" \/><\/td><\/tr><tr><td width=\"359\"><p><strong>Prof. Dr. Mehmet KAPLAN<\/strong><\/p><p><strong>08.11.1958-23.02.1960<\/strong><\/p><\/td><\/tr><tr><td width=\"359\"><img decoding=\"async\" class=\"size-full wp-image-13270 alignleft\" src=\"http:\/\/birimler.atauni.edu.tr\/edebiyat-fakultesi\/wp-content\/uploads\/sites\/59\/2020\/07\/2-18.jpg\" alt=\"\" width=\"152\" height=\"202\" \/><\/td><\/tr><tr><td width=\"359\"><p style=\"text-align: left\"><strong>Prof. Dr. Ahmet \u00d6ZER <\/strong><\/p><p><strong>23.02.1960-15.12.1963<\/strong><\/p><\/td><\/tr><tr><td width=\"359\"><img decoding=\"async\" class=\"size-full wp-image-13271 alignleft\" src=\"http:\/\/birimler.atauni.edu.tr\/edebiyat-fakultesi\/wp-content\/uploads\/sites\/59\/2020\/07\/3-15.jpg\" alt=\"\" width=\"152\" height=\"200\" \/><\/td><\/tr><tr><td width=\"359\"><p><strong>Prof. Dr. G\u00fcnd\u00fcz AKINCI <\/strong><\/p><p><strong>09.01.1963-23.10.1964<\/strong><\/p><\/td><\/tr><tr><td width=\"359\"><img loading=\"lazy\" decoding=\"async\" class=\"alignnone size-full wp-image-13272\" src=\"http:\/\/birimler.atauni.edu.tr\/edebiyat-fakultesi\/wp-content\/uploads\/sites\/59\/2020\/07\/4-18.jpg\" alt=\"\" width=\"152\" height=\"202\" \/><\/td><\/tr><tr><td width=\"359\"><p><strong>Prof. Dr. \u0130smail YAL\u00c7INLAR <\/strong><\/p><p><strong>23.10.1964-21.11.1966<\/strong><\/p><\/td><\/tr><tr><td width=\"359\"><img loading=\"lazy\" decoding=\"async\" class=\"alignnone size-full wp-image-13273\" src=\"http:\/\/birimler.atauni.edu.tr\/edebiyat-fakultesi\/wp-content\/uploads\/sites\/59\/2020\/07\/5-15.jpg\" alt=\"\" width=\"152\" height=\"202\" \/><\/td><\/tr><tr><td width=\"359\"><p><strong>Prof. Dr. \u015eaban KARATA\u015e <\/strong><\/p><p><strong>21.11.1966-10.10.1969<\/strong><\/p><\/td><\/tr><tr><td width=\"359\"><img loading=\"lazy\" decoding=\"async\" class=\"alignnone size-full wp-image-13274\" src=\"http:\/\/birimler.atauni.edu.tr\/edebiyat-fakultesi\/wp-content\/uploads\/sites\/59\/2020\/07\/6-11.jpg\" alt=\"\" width=\"152\" height=\"202\" \/><\/td><\/tr><tr><td width=\"359\"><p><strong>Prof. Dr. Selahattin OLCAY <\/strong><\/p><p><strong>1970-1973<\/strong><\/p><\/td><\/tr><tr><td width=\"359\"><img loading=\"lazy\" decoding=\"async\" class=\"alignnone size-full wp-image-13275\" src=\"http:\/\/birimler.atauni.edu.tr\/edebiyat-fakultesi\/wp-content\/uploads\/sites\/59\/2020\/07\/7-7.jpg\" alt=\"\" width=\"152\" height=\"200\" \/><\/td><\/tr><tr><td width=\"359\"><p><strong>Prof. Dr. H\u00fcseyin SESL\u0130 <\/strong><\/p><p><strong>02.10.1973-04.03.1976<\/strong><\/p><\/td><\/tr><tr><td width=\"359\"><img loading=\"lazy\" decoding=\"async\" class=\"alignnone size-full wp-image-13276\" src=\"http:\/\/birimler.atauni.edu.tr\/edebiyat-fakultesi\/wp-content\/uploads\/sites\/59\/2020\/07\/8-7.jpg\" alt=\"\" width=\"152\" height=\"197\" \/><\/td><\/tr><tr><td width=\"359\"><p><strong>Prof. Dr. M. Kaya B\u0130LGEG\u0130L <\/strong><\/p><p><strong>04.03.1976-08.10.1982<\/strong><\/p><\/td><\/tr><tr><td width=\"359\"><img loading=\"lazy\" decoding=\"async\" class=\"alignnone size-full wp-image-13277\" src=\"http:\/\/birimler.atauni.edu.tr\/edebiyat-fakultesi\/wp-content\/uploads\/sites\/59\/2020\/07\/9-5.jpg\" alt=\"\" width=\"152\" height=\"201\" \/><\/td><\/tr><tr><td width=\"359\"><p><strong>Prof. Dr. Ahmet \u00c7AKIR <\/strong><\/p><p><strong>06.09.1982-05.09.1994<\/strong><\/p><\/td><\/tr><tr><td width=\"359\"><img loading=\"lazy\" decoding=\"async\" class=\"alignnone size-full wp-image-13278\" src=\"http:\/\/birimler.atauni.edu.tr\/edebiyat-fakultesi\/wp-content\/uploads\/sites\/59\/2020\/07\/10-2.jpg\" alt=\"\" width=\"152\" height=\"200\" \/><\/td><\/tr><tr><td width=\"359\"><p><strong>Prof. Dr. Enver KONUK\u00c7U <\/strong><\/p><p><strong>05.09.1994-24.11.1997<\/strong><\/p><\/td><\/tr><tr><td width=\"359\"><img loading=\"lazy\" decoding=\"async\" class=\"alignnone size-full wp-image-13279\" src=\"http:\/\/birimler.atauni.edu.tr\/edebiyat-fakultesi\/wp-content\/uploads\/sites\/59\/2020\/07\/11-2.jpg\" alt=\"\" width=\"151\" height=\"201\" \/><\/td><\/tr><tr><td width=\"359\"><p><strong>Prof. Dr. Ya\u015far S\u00dcTBEYAZ <\/strong><\/p><p><strong>26.1.1998-07.08.2000<\/strong><\/p><\/td><\/tr><tr><td width=\"359\"><img loading=\"lazy\" decoding=\"async\" class=\"alignnone size-full wp-image-13280\" src=\"http:\/\/birimler.atauni.edu.tr\/edebiyat-fakultesi\/wp-content\/uploads\/sites\/59\/2020\/07\/12-4.jpg\" alt=\"\" width=\"152\" height=\"202\" \/><\/td><\/tr><tr><td width=\"359\"><p><strong>Prof. Dr. Sebahattin T\u00dcZEMEN <\/strong><\/p><p><strong>25.9.2000-25.09.2003<\/strong><\/p><\/td><\/tr><tr><td width=\"359\"><img loading=\"lazy\" decoding=\"async\" class=\"alignnone size-full wp-image-13281\" src=\"http:\/\/birimler.atauni.edu.tr\/edebiyat-fakultesi\/wp-content\/uploads\/sites\/59\/2020\/07\/13-3.jpg\" alt=\"\" width=\"152\" height=\"201\" \/><\/td><\/tr><tr><td width=\"359\"><p><strong>Prof. Dr. \u00dcmit DEM\u0130R <\/strong><\/p><p><strong>2003-2008<\/strong><\/p><\/td><\/tr><tr><td width=\"359\"><img loading=\"lazy\" decoding=\"async\" class=\"alignnone size-full wp-image-13289\" src=\"http:\/\/birimler.atauni.edu.tr\/edebiyat-fakultesi\/wp-content\/uploads\/sites\/59\/2020\/07\/14-2.jpg\" alt=\"\" width=\"152\" height=\"202\" \/><\/td><\/tr><tr><td width=\"359\"><p><strong>Prof. Dr. Y\u0131lmaz \u00d6ZBEK <\/strong><\/p><p><strong>12.11.2008-16.11.2012<\/strong><\/p><\/td><\/tr><tr><td width=\"359\"><img loading=\"lazy\" decoding=\"async\" class=\"alignnone wp-image-13290 \" src=\"http:\/\/birimler.atauni.edu.tr\/edebiyat-fakultesi\/wp-content\/uploads\/sites\/59\/2020\/07\/15-2-210x300.jpg\" alt=\"\" width=\"155\" height=\"221\" srcset=\"https:\/\/atauni.edu.tr\/edebiyat-fakultesi\/wp-content\/uploads\/sites\/59\/2020\/07\/15-2-210x300.jpg 210w, https:\/\/atauni.edu.tr\/edebiyat-fakultesi\/wp-content\/uploads\/sites\/59\/2020\/07\/15-2.jpg 300w\" sizes=\"(max-width: 155px) 100vw, 155px\" \/><\/td><\/tr><tr><td width=\"359\"><p><strong>Prof. Dr. Dilaver D\u00dcZG\u00dcN <\/strong><\/p><p><strong>19.11.2012-23.08.2016<\/strong><\/p><\/td><\/tr><tr><td width=\"359\"><img loading=\"lazy\" decoding=\"async\" class=\"alignnone wp-image-13291 \" src=\"http:\/\/birimler.atauni.edu.tr\/edebiyat-fakultesi\/wp-content\/uploads\/sites\/59\/2020\/07\/16-1.jpg\" alt=\"\" width=\"150\" height=\"196\" \/><\/td><\/tr><tr><td width=\"359\"><p><strong>Prof. Dr. Veyis DE\u011e\u0130RMEN\u00c7AY<\/strong><\/p><p><strong>2016-2020<\/strong><\/p><\/td><\/tr><tr><td width=\"359\"><img loading=\"lazy\" decoding=\"async\" class=\"alignnone wp-image-13290 \" src=\"http:\/\/birimler.atauni.edu.tr\/edebiyat-fakultesi\/wp-content\/uploads\/sites\/59\/2020\/07\/15-2-210x300.jpg\" alt=\"\" width=\"145\" height=\"207\" srcset=\"https:\/\/atauni.edu.tr\/edebiyat-fakultesi\/wp-content\/uploads\/sites\/59\/2020\/07\/15-2-210x300.jpg 210w, https:\/\/atauni.edu.tr\/edebiyat-fakultesi\/wp-content\/uploads\/sites\/59\/2020\/07\/15-2.jpg 300w\" sizes=\"(max-width: 145px) 100vw, 145px\" \/><\/td><\/tr><tr><td width=\"359\"><p><strong>Prof. Dr. Dilaver D\u00dcZG\u00dcN <\/strong><\/p><p><strong>2020-2024<\/strong><\/p><\/td><\/tr><tr><td width=\"359\">\u00a0<\/td><\/tr><tr><td width=\"359\">\u00a0<\/td><\/tr><\/tbody><\/table>\t\t\t\t\t\t\t\t<\/div>\n\t\t\t\t<\/div>\n\t\t\t\t\t<\/div>\n\t\t<\/div>\n\t\t\t\t\t<\/div>\n\t\t<\/section>\n\t\t\t\t<\/div>\n\t\t","protected":false},"excerpt":{"rendered":"<p>Ge\u00e7mi\u015ften G\u00fcn\u00fcm\u00fcze Edebiyat Fak\u00fcltesi Dekanlar\u0131 Prof. Dr. Mehmet KAPLAN 08.11.1958-23.02.1960 Prof. Dr. Ahmet \u00d6ZER 23.02.1960-15.12.1963 Prof. Dr. G\u00fcnd\u00fcz AKINCI 09.01.1963-23.10.1964 Prof. Dr. \u0130smail YAL\u00c7INLAR 23.10.1964-21.11.1966 Prof. Dr. \u015eaban KARATA\u015e 21.11.1966-10.10.1969 Prof. Dr. Selahattin OLCAY 1970-1973 Prof. Dr. H\u00fcseyin SESL\u0130 02.10.1973-04.03.1976 Prof. Dr. M. Kaya B\u0130LGEG\u0130L 04.03.1976-08.10.1982 Prof. Dr. Ahmet \u00c7AKIR 06.09.1982-05.09.1994 Prof. Dr. Enver KONUK\u00c7U [&hellip;]<\/p>\n","protected":false},"author":212,"featured_media":0,"parent":0,"menu_order":0,"comment_status":"closed","ping_status":"closed","template":"elementor_header_footer","meta":{"footnotes":""},"class_list":["post-7037","page","type-page","status-publish","hentry"],"_links":{"self":[{"href":"https:\/\/atauni.edu.tr\/edebiyat-fakultesi\/wp-json\/wp\/v2\/pages\/7037","targetHints":{"allow":["GET"]}}],"collection":[{"href":"https:\/\/atauni.edu.tr\/edebiyat-fakultesi\/wp-json\/wp\/v2\/pages"}],"about":[{"href":"https:\/\/atauni.edu.tr\/edebiyat-fakultesi\/wp-json\/wp\/v2\/types\/page"}],"author":[{"embeddable":true,"href":"https:\/\/atauni.edu.tr\/edebiyat-fakultesi\/wp-json\/wp\/v2\/users\/212"}],"replies":[{"embeddable":true,"href":"https:\/\/atauni.edu.tr\/edebiyat-fakultesi\/wp-json\/wp\/v2\/comments?post=7037"}],"version-history":[{"count":25,"href":"https:\/\/atauni.edu.tr\/edebiyat-fakultesi\/wp-json\/wp\/v2\/pages\/7037\/revisions"}],"predecessor-version":[{"id":13306,"href":"https:\/\/atauni.edu.tr\/edebiyat-fakultesi\/wp-json\/wp\/v2\/pages\/7037\/revisions\/13306"}],"wp:attachment":[{"href":"https:\/\/atauni.edu.tr\/edebiyat-fakultesi\/wp-json\/wp\/v2\/media?parent=7037"}],"curies":[{"name":"wp","href":"https:\/\/api.w.org\/{rel}","templated":true}]}}