{"id":7297,"date":"2021-12-20T03:00:50","date_gmt":"2021-12-20T00:00:50","guid":{"rendered":"http:\/\/birimler.atauni.edu.tr\/edebiyat-fakultesi\/?page_id=7297"},"modified":"2021-12-20T03:14:50","modified_gmt":"2021-12-20T00:14:50","slug":"nadir-eserler-katalogu","status":"publish","type":"page","link":"https:\/\/atauni.edu.tr\/edebiyat-fakultesi\/nadir-eserler-katalogu\/","title":{"rendered":"Nadir Eserler Katalo\u011fu"},"content":{"rendered":"\t\t<div data-elementor-type=\"wp-page\" data-elementor-id=\"7297\" class=\"elementor elementor-7297\" data-elementor-post-type=\"page\">\n\t\t\t\t\t\t<section class=\"elementor-section elementor-top-section elementor-element elementor-element-46c2cb5d elementor-section-boxed elementor-section-height-default elementor-section-height-default\" data-id=\"46c2cb5d\" data-element_type=\"section\">\n\t\t\t\t\t\t<div class=\"elementor-container elementor-column-gap-default\">\n\t\t\t\t\t<div class=\"elementor-column elementor-col-100 elementor-top-column elementor-element elementor-element-299813e7\" data-id=\"299813e7\" data-element_type=\"column\">\n\t\t\t<div class=\"elementor-widget-wrap elementor-element-populated\">\n\t\t\t\t\t\t<div class=\"elementor-element elementor-element-3ec495a9 elementor-widget elementor-widget-heading\" data-id=\"3ec495a9\" data-element_type=\"widget\" data-widget_type=\"heading.default\">\n\t\t\t\t<div class=\"elementor-widget-container\">\n\t\t\t\t\t<h2 class=\"elementor-heading-title elementor-size-default\">Nadir Eserler Katalo\u011fu<\/h2>\t\t\t\t<\/div>\n\t\t\t\t<\/div>\n\t\t\t\t<div class=\"elementor-element elementor-element-2092e3b3 elementor-widget-divider--view-line elementor-widget elementor-widget-divider\" data-id=\"2092e3b3\" data-element_type=\"widget\" data-widget_type=\"divider.default\">\n\t\t\t\t<div class=\"elementor-widget-container\">\n\t\t\t\t\t\t\t<div class=\"elementor-divider\">\n\t\t\t<span class=\"elementor-divider-separator\">\n\t\t\t\t\t\t<\/span>\n\t\t<\/div>\n\t\t\t\t\t\t<\/div>\n\t\t\t\t<\/div>\n\t\t\t\t\t<\/div>\n\t\t<\/div>\n\t\t\t\t\t<\/div>\n\t\t<\/section>\n\t\t\t\t<section class=\"elementor-section elementor-top-section elementor-element elementor-element-55dbe3f elementor-section-boxed elementor-section-height-default elementor-section-height-default\" data-id=\"55dbe3f\" data-element_type=\"section\">\n\t\t\t\t\t\t<div class=\"elementor-container elementor-column-gap-default\">\n\t\t\t\t\t<div class=\"elementor-column elementor-col-100 elementor-top-column elementor-element elementor-element-c38135b\" data-id=\"c38135b\" data-element_type=\"column\">\n\t\t\t<div class=\"elementor-widget-wrap elementor-element-populated\">\n\t\t\t\t\t\t<div class=\"elementor-element elementor-element-70f771c elementor-widget elementor-widget-text-editor\" data-id=\"70f771c\" data-element_type=\"widget\" data-widget_type=\"text-editor.default\">\n\t\t\t\t<div class=\"elementor-widget-container\">\n\t\t\t\t\t\t\t\t\t<p>Edebiyat Fak\u00fcltesi 17 Kas\u0131m 1958\u2019de Fen-Edebiyat Fak\u00fcltesi olarak Atat\u00fcrk \u00dcniversitesi b\u00fcnyesinde kurulmu\u015ftur. 1962-1963 \u00f6\u011fretim y\u0131l\u0131 ba\u015f\u0131nda ise Fak\u00fcltemiz i\u00e7erisinde Sosyal Bilimler K\u00fct\u00fcphanesi kurulmas\u0131na karar verilmi\u015ftir. Kuruldu\u011fu g\u00fcnden itibaren k\u00fct\u00fcphane, gerek akademik ve idari personelin gerek \u00f6\u011frencilerimizin katk\u0131lar\u0131yla i\u00e7inde bar\u0131nd\u0131rd\u0131\u011f\u0131 zengin kitap, ansiklopedi, dergi koleksiyonu ve ders \u00e7al\u0131\u015fma salonlar\u0131yla \u00f6\u011frencilerimize ve personele hizmet vermeye devam etmi\u015ftir. K\u00fct\u00fcphanemizde yirmi bin civar\u0131nda kaynak eser bulunmaktad\u0131r. Bunlar\u0131n i\u00e7erisinde 2105 nadir eser (eski harfli matbu T\u00fcrk\u00e7e 1438 adet, matbu Arap\u00e7a 225 adet, matbu Fars\u00e7a 31 adet, el yazmas\u0131 T\u00fcrk\u00e7e 45 adet, el yazmas\u0131 Arap\u00e7a 255 adet, \u00a0el yazmas\u0131 Fars\u00e7a 11 adet, s\u00fcreli yay\u0131n eski harfli matbu T\u00fcrk\u00e7e 100 adet) bulunmaktad\u0131r. Ayr\u0131ca k\u00fct\u00fcphanemizde, Fak\u00fcltemizin muhtelif b\u00f6l\u00fcmlerine ait 5000 civar\u0131nda lisans, y\u00fcksek lisans ve doktora tezi yer almaktad\u0131r.<\/p><p>K\u00fct\u00fcphanemizin de\u011ferine de\u011fer katan bir k\u0131sm\u0131 merhum Prof. Dr. Haluk \u0130PEKTEN taraf\u0131ndan ba\u011f\u0131\u015flanm\u0131\u015f olan 2105 adet nadir eserin ne yaz\u0131k ki 2013 y\u0131l\u0131na kadar katalo\u011fu haz\u0131rlanmam\u0131\u015ft\u0131. Dekan Prof. Dr. Dilaver D\u00dcZG\u00dcN, Dekan Yard\u0131mc\u0131s\u0131 Prof. Dr. Veyis DE\u011e\u0130RMEN\u00c7AY, Dekan Yard\u0131mc\u0131s\u0131 Prof. Dr. Sedat ADIG\u00dcZEL, Fak\u00fclte Sekreteri Fikret Y\u00dcCELER\u2019in giri\u015fimleri ve talimatlar\u0131yla s\u00f6z konusu nadir eserler bulundu\u011fu yerden \u00e7\u0131kar\u0131l\u0131p K\u00fct\u00fcphane Memuru Fahrettin KARATA\u015e, Okutman Mehmet Suat DEM\u0130R ve Uzman Mahmut ARIK taraf\u0131ndan tavsifleri, tasnifleri ve teknik i\u015flemleri yap\u0131larak Edebiyat Fak\u00fcltesi Sosyal Bilimler K\u00fct\u00fcphanesi \u201cNadir Eserler Katalo\u011fu\u201d olu\u015fturulmu\u015ftur. De\u011fi\u015fen y\u00f6netimle birlikte Dekan Prof. Dr. Veyis DE\u011e\u0130RMEN\u00c7AY, Dekan Yard\u0131mc\u0131s\u0131 Do\u00e7. Dr. S\u00fcleyman EFEND\u0130O\u011eLU, Dekan Yard\u0131mc\u0131s\u0131 Do\u00e7. Dr. Ali Yal\u00e7\u0131n TAVUK\u00c7U ve Fak\u00fclte Sekreteri \u0130smail YILDIZ taraf\u0131ndan i\u015flemlere devam edilmi\u015f, Do\u00e7. Dr. Ahmet TOPAL\u2019\u0131n mevcut katalo\u011fu yeniden g\u00f6zden ge\u00e7irip son h\u00e2lini vermesiyle elinizdeki katalog ortaya \u00e7\u0131km\u0131\u015ft\u0131r.<\/p><p>Bu katalog, Fak\u00fcltemize yeni ba\u011f\u0131\u015flanan elli civar\u0131nda farkl\u0131 matbu eserin de i\u00e7ine kat\u0131ld\u0131\u011f\u0131 <em>Edebiyat Fak\u00fcltesi Sosyal Bilimler K\u00fct\u00fcphanesi Nadir Eserler Katalo\u011fu<\/em>\u2019nun son \u015feklidir. Katalog iki k\u0131s\u0131mdan olu\u015fmaktad\u0131r:<\/p><p>I. Yazma Eserler Katalo\u011fu<\/p><p>II. Matbu Eserler Katalo\u011fu<\/p><p><em>\u00a0 \u00a0 \u00a0 \u00a0 \u00a0 \u00a0 \u00a0 \u00a0 \u00a0 \u00a0\u00a0<\/em>Katalo\u011fun haz\u0131rlanmas\u0131nda ve bas\u0131lmas\u0131nda eme\u011fi ge\u00e7en herkese te\u015fekk\u00fcr eder, t\u00fcm ara\u015ft\u0131rmac\u0131lara faydal\u0131 olmas\u0131n\u0131 temenni ederim.<\/p><p align=\"right\">Prof. Dr. Veyis DE\u011e\u0130RMEN\u00c7AY<\/p><div class=\"col-md-3 d-none d-sm-block p-0 mt-4\"><div class=\"haberler\"><div class=\"linkleriki\"><nav class=\"navbar p-0\"><ul class=\"nav flex-column\"><li class=\"nav-item\">\u00a0<\/li><\/ul><\/nav><\/div><\/div><\/div><div class=\"col-md-9 tarihce mt-4 p-0\"><div class=\"downloads\"><a href=\"http:\/\/birimler.atauni.edu.tr\/edebiyat-fakultesi\/wp-content\/uploads\/sites\/59\/2020\/07\/nadir_eserler_el_yazmasi_katalogu.xlsx\" target=\"_blank\" rel=\"noopener\">Nadir Eserler (El Yazmas\u0131 Eserler) Katalo\u011fu.xlsx<\/a><\/div><div><a href=\"http:\/\/birimler.atauni.edu.tr\/edebiyat-fakultesi\/wp-content\/uploads\/sites\/59\/2020\/07\/nadir_eserler_matbuu_eserler_katalogu.xlsx\" target=\"_blank\" rel=\"noopener\">Nadir Eserler (Matbuu Eserler) katalogu.xlsx<\/a><\/div><\/div><p align=\"right\">\u00a0<\/p>\t\t\t\t\t\t\t\t<\/div>\n\t\t\t\t<\/div>\n\t\t\t\t\t<\/div>\n\t\t<\/div>\n\t\t\t\t\t<\/div>\n\t\t<\/section>\n\t\t\t\t<\/div>\n\t\t","protected":false},"excerpt":{"rendered":"<p>Nadir Eserler Katalo\u011fu Edebiyat Fak\u00fcltesi 17 Kas\u0131m 1958\u2019de Fen-Edebiyat Fak\u00fcltesi olarak Atat\u00fcrk \u00dcniversitesi b\u00fcnyesinde kurulmu\u015ftur. 1962-1963 \u00f6\u011fretim y\u0131l\u0131 ba\u015f\u0131nda ise Fak\u00fcltemiz i\u00e7erisinde Sosyal Bilimler K\u00fct\u00fcphanesi kurulmas\u0131na karar verilmi\u015ftir. Kuruldu\u011fu g\u00fcnden itibaren k\u00fct\u00fcphane, gerek akademik ve idari personelin gerek \u00f6\u011frencilerimizin katk\u0131lar\u0131yla i\u00e7inde bar\u0131nd\u0131rd\u0131\u011f\u0131 zengin kitap, ansiklopedi, dergi koleksiyonu ve ders \u00e7al\u0131\u015fma salonlar\u0131yla \u00f6\u011frencilerimize ve personele hizmet [&hellip;]<\/p>\n","protected":false},"author":212,"featured_media":0,"parent":0,"menu_order":0,"comment_status":"closed","ping_status":"closed","template":"elementor_header_footer","meta":{"footnotes":""},"class_list":["post-7297","page","type-page","status-publish","hentry"],"_links":{"self":[{"href":"https:\/\/atauni.edu.tr\/edebiyat-fakultesi\/wp-json\/wp\/v2\/pages\/7297","targetHints":{"allow":["GET"]}}],"collection":[{"href":"https:\/\/atauni.edu.tr\/edebiyat-fakultesi\/wp-json\/wp\/v2\/pages"}],"about":[{"href":"https:\/\/atauni.edu.tr\/edebiyat-fakultesi\/wp-json\/wp\/v2\/types\/page"}],"author":[{"embeddable":true,"href":"https:\/\/atauni.edu.tr\/edebiyat-fakultesi\/wp-json\/wp\/v2\/users\/212"}],"replies":[{"embeddable":true,"href":"https:\/\/atauni.edu.tr\/edebiyat-fakultesi\/wp-json\/wp\/v2\/comments?post=7297"}],"version-history":[{"count":28,"href":"https:\/\/atauni.edu.tr\/edebiyat-fakultesi\/wp-json\/wp\/v2\/pages\/7297\/revisions"}],"predecessor-version":[{"id":7328,"href":"https:\/\/atauni.edu.tr\/edebiyat-fakultesi\/wp-json\/wp\/v2\/pages\/7297\/revisions\/7328"}],"wp:attachment":[{"href":"https:\/\/atauni.edu.tr\/edebiyat-fakultesi\/wp-json\/wp\/v2\/media?parent=7297"}],"curies":[{"name":"wp","href":"https:\/\/api.w.org\/{rel}","templated":true}]}}