{"id":7403,"date":"2021-12-22T02:51:25","date_gmt":"2021-12-21T23:51:25","guid":{"rendered":"http:\/\/birimler.atauni.edu.tr\/edebiyat-fakultesi\/?page_id=7403"},"modified":"2026-02-05T16:30:50","modified_gmt":"2026-02-05T13:30:50","slug":"kordinatorler","status":"publish","type":"page","link":"https:\/\/atauni.edu.tr\/edebiyat-fakultesi\/kordinatorler\/","title":{"rendered":"Koordinat\u00f6rler"},"content":{"rendered":"\t\t<div data-elementor-type=\"wp-page\" data-elementor-id=\"7403\" class=\"elementor elementor-7403\" data-elementor-post-type=\"page\">\n\t\t\t\t\t\t<section class=\"elementor-section elementor-top-section elementor-element elementor-element-e130919 elementor-section-boxed elementor-section-height-default elementor-section-height-default\" data-id=\"e130919\" data-element_type=\"section\">\n\t\t\t\t\t\t<div class=\"elementor-container elementor-column-gap-default\">\n\t\t\t\t\t<div class=\"elementor-column elementor-col-100 elementor-top-column elementor-element elementor-element-0ea2030\" data-id=\"0ea2030\" data-element_type=\"column\">\n\t\t\t<div class=\"elementor-widget-wrap elementor-element-populated\">\n\t\t\t\t\t\t<div class=\"elementor-element elementor-element-3584332 elementor-widget elementor-widget-text-editor\" data-id=\"3584332\" data-element_type=\"widget\" data-widget_type=\"text-editor.default\">\n\t\t\t\t<div class=\"elementor-widget-container\">\n\t\t\t\t\t\t\t\t\t<h3><span style=\"text-decoration: underline;color: #000080\"><strong><span>Koordinat\u00f6rl\u00fckler<\/span><\/strong><\/span><\/h3><p><span style=\"color: #000080\">Fak\u00fclte Ders\/S\u0131nav Program\u0131 Koordinat\u00f6r\u00fc<\/span> Do\u00e7. Dr. Yusuf KIZILKAN 8224<br \/><span style=\"color: #000080\">Fak\u00fclte \u00c7ift Ana Dal \/ Yan Dal Program Koordinat\u00f6r\u00fc<\/span> Ar\u015f. G\u00f6r. Nihat Sefa KOMESL\u0130 8405<br \/><span style=\"color: #000080\">Fak\u00fclte Proje Koordinat\u00f6r\u00fc<\/span> Do\u00e7. Dr. G\u00fcl GEY\u0130K 8152<br \/><span style=\"color: #000080\">Fak\u00fclte Web Koordinat\u00f6r\u00fc<\/span> Ar\u015f. G\u00f6r. Abdurrahim \u015eAH\u0130N 8052<br \/><span style=\"color: #000080\">Fak\u00fclte Sosyal Medya Hesaplar\u0131 Koordinat\u00f6r\u00fc<\/span> Ar\u015f. G\u00f6r. Ahmet Yasin AYDIN 8305<br \/><span style=\"color: #000080\">Fak\u00fclte Avesis Koordinat\u00f6r\u00fc<\/span> Ar\u015f. G\u00f6r. Dr. Asl\u0131han S\u00dcMB\u00dcLL\u00dc 8228<br \/><span style=\"color: #000080\">Fak\u00fclte Ders Bilgi Paketi Koordinat\u00f6r\u00fc<\/span> Dr. \u00d6\u011fr. \u00dcyesi Esra HALICI 8001<br \/><span style=\"color: #000080\">Fak\u00fclte Bologna Koordinat\u00f6r\u00fc<\/span> Ar\u015f. G\u00f6r. Zeynep \u015eule DE\u011eERL\u0130 8178<br \/><span style=\"color: #000080\">Fak\u00fclte T\u00dcB\u0130TAK Koordinat\u00f6r\u00fc<\/span> Do\u00e7. Dr. G\u00fcl GEY\u0130K 8152<br \/><span style=\"color: #000080\">Fak\u00fclte FEDEK Koordinat\u00f6r\u00fc<\/span> Prof. Dr. \u0130brahim Etem \u00c7AKIR 8087<br \/><span style=\"color: #000080\">Fak\u00fclte \u00d6\u011frenci De\u011fi\u015fim Programlar\u0131 Koordinat\u00f6r\u00fc<\/span> Ar\u015f. G\u00f6r. \u00d6zlem \u00dcNSAL 8179<br \/><span style=\"color: #000080\">Fak\u00fclte Fikri M\u00fclkiyet Haklar\u0131 (Patent) Koordinat\u00f6r\u00fc<\/span> Prof. Dr. Recep Murat GE\u00c7\u0130KL\u0130 8059<br \/><span style=\"color: #000080\">Fak\u00fclte Spor Faaliyetleri Y\u00fcr\u00fctme Koordinat\u00f6r\u00fc<\/span> Dr. \u00d6\u011fr. \u00dcyesi Ahmet Cuneydi HAS 8257<br \/><span style=\"color: #000080\">Fak\u00fclte Staj Koordinat\u00f6r\u00fc<\/span> Dr. \u00d6\u011fr. \u00dcyesi Burcu AYDEM\u0130R \u015eENAY 8125<br \/><span style=\"color: #000080\">Fak\u00fclte Engelli \u00d6\u011frenci Koordinat\u00f6r\u00fc<\/span> Ar\u015f. G\u00f6r. G\u00fclcan KISINMA 8212<br \/><span style=\"color: #000080\">Fak\u00fclte \u00d6\u011frenci Kul\u00fcpleri Koordinat\u00f6r\u00fc<\/span> Ar\u015f. G\u00f6r. Dr. \u00d6zden ERDO\u011eAN 8115<br \/><span style=\"color: #000080\">Fak\u00fclte \u0130\u015f Sa\u011fl\u0131\u011f\u0131 ve G\u00fcvenli\u011fi Koordinat\u00f6r\u00fc<\/span> Prof. Dr. S\u00fcleyman EFEND\u0130O\u011eLU 8159<br \/><span style=\"color: #000080\">Fak\u00fclte LABS\u0130S Koordinat\u00f6r\u00fc<\/span> Do\u00e7. Dr. Yusuf KIZILKAN 8224<br \/><span style=\"color: #000080\">Fak\u00fclte Kariyer Merkezi Koordinat\u00f6r\u00fc<\/span> Do\u00e7. Dr. Sait G\u00dcLSOY 8054<br \/><span style=\"color: #000080\">Fak\u00fclte Kurumsal \u0130leti\u015fim ve Tan\u0131t\u0131m Koordinat\u00f6r\u00fc<\/span> Do\u00e7. Dr. Nermin \u00c7AKMAK 8122<br \/><span style=\"color: #000080\">Fak\u00fclte Kurumsal \u0130leti\u015fim ve Tan\u0131t\u0131m Koordinat\u00f6r\u00fc<\/span> <span style=\"color: #000080\">Yard\u0131mc\u0131s\u0131<\/span> Ar\u015f. G\u00f6r. Dr. Muhammet \u00dcnal ARVAS 8124<br \/><span style=\"color: #000080\">Fak\u00fclte Toplumsal Duyarl\u0131l\u0131k Projeleri Koordinat\u00f6r\u00fc<\/span> Dr. \u00d6\u011fr. \u00dcyesi \u00d6zlem S\u00dcR\u00dcC\u00dc 8172<br \/><span style=\"color: #000080\">Fak\u00fclte Bilimsel Dergiler Koordinat\u00f6r\u00fc<\/span> Prof. Dr. S\u00fcleyman EFEND\u0130O\u011eLU 8159<br \/><span style=\"color: #000080\">Fak\u00fclte BAPS\u0130S Koordinat\u00f6r\u00fc<\/span> Prof. Dr. Funda KARA 8131<br \/><span style=\"color: #000080\">Fak\u00fclte British Corner Koordinat\u00f6r\u00fc<\/span> Prof. Dr. Yeliz B\u0130BER VANG\u00d6L\u00dc 8202<br \/><span style=\"color: #000080\">Fak\u00fclte SDG Koordinat\u00f6r\u00fc<\/span> Do\u00e7. Dr. Yusuf KIZILKAN 8224<br \/><span style=\"color: #000080\">Fak\u00fclte \u00c7eviri Koordinat\u00f6r\u00fc<\/span> Dr. \u00d6\u011fr. \u00dcyesi Sel\u00e7uk YAZICI 8409<br \/><strong><span style=\"color: #000080\">Co\u011frafi Bilgi Sistemleri Koordinat\u00f6rl\u00fc\u011f\u00fc Ba\u015fkan\u0131 Prof. Dr. S\u00fcleyman \u00c7\u0130\u011eDEM (Dekan-Komisyon Ba\u015fk.) 8001<\/span><\/strong><br \/><span style=\"color: #000080\">Co\u011frafi Bilgi Sistemleri Koordinat\u00f6rl\u00fc\u011f\u00fc \u00dcyesi<\/span> Prof. Dr. Saliha KODAY 8213<br \/><span style=\"color: #000080\">Co\u011frafi Bilgi Sistemleri Koordinat\u00f6rl\u00fc\u011f\u00fc \u00dcyesi<\/span> Prof. Dr. Mustafa \u00d6ZDEM\u0130R 8219<br \/><span style=\"color: #000080\">Co\u011frafi Bilgi Sistemleri Koordinat\u00f6rl\u00fc\u011f\u00fc \u00dcyesi<\/span> Do\u00e7. Dr. Sava\u015f E\u011e\u0130LMEZ 8001<br \/><span style=\"color: #000080\">Co\u011frafi Bilgi Sistemleri Koordinat\u00f6rl\u00fc\u011f\u00fc \u00dcyesi<\/span> Dr. \u00d6\u011fr. \u00dcyesi Cemal SEV\u0130ND\u0130 8221<\/p>\t\t\t\t\t\t\t\t<\/div>\n\t\t\t\t<\/div>\n\t\t\t\t\t<\/div>\n\t\t<\/div>\n\t\t\t\t\t<\/div>\n\t\t<\/section>\n\t\t\t\t<\/div>\n\t\t","protected":false},"excerpt":{"rendered":"<p>Koordinat\u00f6rl\u00fckler Fak\u00fclte Ders\/S\u0131nav Program\u0131 Koordinat\u00f6r\u00fc Do\u00e7. Dr. Yusuf KIZILKAN 8224Fak\u00fclte \u00c7ift Ana Dal \/ Yan Dal Program Koordinat\u00f6r\u00fc Ar\u015f. G\u00f6r. Nihat Sefa KOMESL\u0130 8405Fak\u00fclte Proje Koordinat\u00f6r\u00fc Do\u00e7. Dr. G\u00fcl GEY\u0130K 8152Fak\u00fclte Web Koordinat\u00f6r\u00fc Ar\u015f. G\u00f6r. Abdurrahim \u015eAH\u0130N 8052Fak\u00fclte Sosyal Medya Hesaplar\u0131 Koordinat\u00f6r\u00fc Ar\u015f. G\u00f6r. Ahmet Yasin AYDIN 8305Fak\u00fclte Avesis Koordinat\u00f6r\u00fc Ar\u015f. G\u00f6r. Dr. Asl\u0131han S\u00dcMB\u00dcLL\u00dc [&hellip;]<\/p>\n","protected":false},"author":212,"featured_media":0,"parent":0,"menu_order":0,"comment_status":"closed","ping_status":"closed","template":"elementor_header_footer","meta":{"footnotes":""},"class_list":["post-7403","page","type-page","status-publish","hentry"],"_links":{"self":[{"href":"https:\/\/atauni.edu.tr\/edebiyat-fakultesi\/wp-json\/wp\/v2\/pages\/7403","targetHints":{"allow":["GET"]}}],"collection":[{"href":"https:\/\/atauni.edu.tr\/edebiyat-fakultesi\/wp-json\/wp\/v2\/pages"}],"about":[{"href":"https:\/\/atauni.edu.tr\/edebiyat-fakultesi\/wp-json\/wp\/v2\/types\/page"}],"author":[{"embeddable":true,"href":"https:\/\/atauni.edu.tr\/edebiyat-fakultesi\/wp-json\/wp\/v2\/users\/212"}],"replies":[{"embeddable":true,"href":"https:\/\/atauni.edu.tr\/edebiyat-fakultesi\/wp-json\/wp\/v2\/comments?post=7403"}],"version-history":[{"count":331,"href":"https:\/\/atauni.edu.tr\/edebiyat-fakultesi\/wp-json\/wp\/v2\/pages\/7403\/revisions"}],"predecessor-version":[{"id":14767,"href":"https:\/\/atauni.edu.tr\/edebiyat-fakultesi\/wp-json\/wp\/v2\/pages\/7403\/revisions\/14767"}],"wp:attachment":[{"href":"https:\/\/atauni.edu.tr\/edebiyat-fakultesi\/wp-json\/wp\/v2\/media?parent=7403"}],"curies":[{"name":"wp","href":"https:\/\/api.w.org\/{rel}","templated":true}]}}