{"id":5734,"date":"2021-07-13T11:37:45","date_gmt":"2021-07-13T08:37:45","guid":{"rendered":"https:\/\/portaltest.atauni.edu.tr\/bilgisayar-muhendisligi\/?page_id=5734"},"modified":"2021-08-27T15:50:14","modified_gmt":"2021-08-27T12:50:14","slug":"ogrenci-deneyimi","status":"publish","type":"page","link":"https:\/\/atauni.edu.tr\/ekonometri-bolumu-1\/ogrenci-deneyimi\/","title":{"rendered":"\u00d6\u011frenci Deneyimi"},"content":{"rendered":"\t\t<div data-elementor-type=\"wp-page\" data-elementor-id=\"5734\" class=\"elementor elementor-5734\" data-elementor-post-type=\"page\">\n\t\t\t\t\t\t<section class=\"elementor-section elementor-top-section elementor-element elementor-element-730d320 elementor-section-boxed elementor-section-height-default elementor-section-height-default\" data-id=\"730d320\" data-element_type=\"section\">\n\t\t\t\t\t\t<div class=\"elementor-container elementor-column-gap-default\">\n\t\t\t\t\t<div class=\"elementor-column elementor-col-100 elementor-top-column elementor-element elementor-element-753d0860\" data-id=\"753d0860\" data-element_type=\"column\">\n\t\t\t<div class=\"elementor-widget-wrap\">\n\t\t\t\t\t\t\t<\/div>\n\t\t<\/div>\n\t\t\t\t\t<\/div>\n\t\t<\/section>\n\t\t\t\t<section class=\"elementor-section elementor-top-section elementor-element elementor-element-9be811a elementor-section-boxed elementor-section-height-default elementor-section-height-default\" data-id=\"9be811a\" data-element_type=\"section\">\n\t\t\t\t\t\t<div class=\"elementor-container elementor-column-gap-default\">\n\t\t\t\t\t<div class=\"elementor-column elementor-col-100 elementor-top-column elementor-element elementor-element-1ed847b7\" data-id=\"1ed847b7\" data-element_type=\"column\">\n\t\t\t<div class=\"elementor-widget-wrap elementor-element-populated\">\n\t\t\t\t\t\t<div class=\"elementor-element elementor-element-4ce0d07f elementor-widget elementor-widget-heading\" data-id=\"4ce0d07f\" data-element_type=\"widget\" data-widget_type=\"heading.default\">\n\t\t\t\t<div class=\"elementor-widget-container\">\n\t\t\t\t\t<h2 class=\"elementor-heading-title elementor-size-default\">\u00d6\u011frenci Deneyimi<\/h2>\t\t\t\t<\/div>\n\t\t\t\t<\/div>\n\t\t\t\t<div class=\"elementor-element elementor-element-63260862 elementor-widget-divider--view-line elementor-widget elementor-widget-divider\" data-id=\"63260862\" data-element_type=\"widget\" data-widget_type=\"divider.default\">\n\t\t\t\t<div class=\"elementor-widget-container\">\n\t\t\t\t\t\t\t<div class=\"elementor-divider\">\n\t\t\t<span class=\"elementor-divider-separator\">\n\t\t\t\t\t\t<\/span>\n\t\t<\/div>\n\t\t\t\t\t\t<\/div>\n\t\t\t\t<\/div>\n\t\t\t\t\t<\/div>\n\t\t<\/div>\n\t\t\t\t\t<\/div>\n\t\t<\/section>\n\t\t\t\t<section class=\"elementor-section elementor-top-section elementor-element elementor-element-4debb41 elementor-section-boxed elementor-section-height-default elementor-section-height-default\" data-id=\"4debb41\" data-element_type=\"section\">\n\t\t\t\t\t\t<div class=\"elementor-container elementor-column-gap-default\">\n\t\t\t\t\t<div class=\"elementor-column elementor-col-100 elementor-top-column elementor-element elementor-element-28420b1\" data-id=\"28420b1\" data-element_type=\"column\">\n\t\t\t<div class=\"elementor-widget-wrap elementor-element-populated\">\n\t\t\t\t\t\t<div class=\"elementor-element elementor-element-e007b90 elementor-widget elementor-widget-ova_testimonial\" data-id=\"e007b90\" data-element_type=\"widget\" data-settings=\"{&quot;pause_on_hover&quot;:&quot;yes&quot;,&quot;infinite&quot;:&quot;yes&quot;,&quot;autoplay&quot;:&quot;yes&quot;,&quot;autoplay_speed&quot;:3000,&quot;dot_control&quot;:&quot;yes&quot;}\" data-widget_type=\"ova_testimonial.default\">\n\t\t\t\t<div class=\"elementor-widget-container\">\n\t\t\t\t\t\n\t\t\n\t\t\t<section class=\"ova-testimonial \">\n\t\t\t\t<div class=\"slide-testimonials owl-carousel owl-theme\" data-options=\"{&quot;items&quot;:3,&quot;slideBy&quot;:1,&quot;margin&quot;:30,&quot;autoplayHoverPause&quot;:true,&quot;loop&quot;:true,&quot;autoplay&quot;:true,&quot;autoplayTimeout&quot;:3000,&quot;smartSpeed&quot;:500,&quot;dots&quot;:true}\">\n\t\t\t\t\t\t\t\t\t\t\t<div class=\"item\">\n\t\t\t\t\t\t\t<div class=\"client_info\">\n\t\t\t\t\t\t\t\t\t\t\t\t\t\t\t\t\t<p class=\"evaluate\">Ekonometri b\u00f6l\u00fcm\u00fcm\u00fczde \u00f6\u011frencilerimize sundu\u011fumuz deneyim, onlar\u0131n akademik ve profesyonel geli\u015fimlerini desteklemek amac\u0131yla tasarlanm\u0131\u015ft\u0131r. B\u00f6l\u00fcm\u00fcm\u00fcz\u00fcn g\u00fc\u00e7l\u00fc akademik kadrosu ve dinamik yap\u0131s\u0131, \u00f6\u011frencilerin econometrik analizlerin uygulanmas\u0131na y\u00f6nelik derinlemesine bir e\u011fitim almalar\u0131n\u0131 sa\u011flar.\n\n\u00d6\u011frenci deneyimi, s\u0131n\u0131flar\u0131m\u0131zda teorik bilgilerin prati\u011fe d\u00f6k\u00fclmesi ile ba\u015flar. \u00d6\u011frencilere sunulan projeler ve vaka \u00e7al\u0131\u015fmalar\u0131 sayesinde, ger\u00e7ek d\u00fcnya sorunlar\u0131n\u0131 \u00e7\u00f6zme becerileri geli\u015ftirilir. Ayr\u0131ca, b\u00f6l\u00fcm\u00fcm\u00fcz\u00fcn d\u00fczenledi\u011fi seminerler ve konferanslar, \u00f6\u011frencilerin ekonomi ve finans d\u00fcnyas\u0131n\u0131n \u00f6nde gelen isimlerinden \u00f6\u011frenmelerine olanak tan\u0131r.\n\nAyr\u0131ca, \u00f6\u011frencilere verilen bireysel proje \u00e7al\u0131\u015fmalar\u0131, onlar\u0131n ba\u011f\u0131ms\u0131z d\u00fc\u015f\u00fcnme ve \u00e7\u00f6z\u00fcm \u00fcretme becerilerini geli\u015ftirmelerine yard\u0131mc\u0131 olur. Bu projelerde, g\u00fcncel ekonomik sorunlara kar\u015f\u0131 \u00f6neriler geli\u015ftirerek, econometrik y\u00f6ntemlerin somut uygulamalar\u0131n\u0131 deneyimlemeleri sa\u011flan\u0131r.\n\n\u00d6\u011frenci kul\u00fcpleri ve sosyal aktiviteler de \u00f6\u011frenci deneyiminin \u00f6nemli bir par\u00e7as\u0131n\u0131 olu\u015fturur. Bunlar, \u00f6\u011frencilerin birbirleriyle ve \u00f6\u011fretim \u00fcyeleriyle etkile\u015fim kurmalar\u0131na, tak\u0131m \u00e7al\u0131\u015fmas\u0131 ruhunu geli\u015ftirmelerine ve b\u00f6l\u00fcm\u00fcn sosyal yap\u0131s\u0131na entegre olmalar\u0131na yard\u0131mc\u0131 olur.\n\nEkonometri b\u00f6l\u00fcm\u00fcndeki e\u011fitim s\u00fcreci boyunca, \u00f6\u011frencilere kariyerlerine y\u00f6n vermek i\u00e7in gerekli ara\u00e7lar da sunulur. Mezunlar\u0131m\u0131z\u0131n i\u015f d\u00fcnyas\u0131nda successful bir \u015fekilde yer alabilmeleri i\u00e7in, staj imkanlar\u0131ndan faydalanmalar\u0131 te\u015fvik edilir ve mezuniyet sonras\u0131nda da desteklenmeleri sa\u011flan\u0131r.\n\nGenel olarak, b\u00f6l\u00fcm\u00fcm\u00fcz\u00fcn \u00f6\u011frenci deneyimi, teorik bilgiyi prati\u011fe d\u00f6kerek, gelece\u011fin ekonomi ve finans liderlerini yeti\u015ftirmeyi ama\u00e7lar.<\/p>\n\t\t\t\t\t\t\t\t\n\t\t\t\t\t\t\t\t<div class=\"info\">\n\t\t\t\t\t\t\t\t\t\t\t\t\t\t\t\t\t\t<div class=\"name-job\">\n\t\t\t\t\t\t\t\t\t\t\t\t\t\t\t\t\t\t\t\t\t<p class=\"name second_font\">Ekonometri b\u00f6l\u00fcm\u00fcm\u00fczde \u00f6\u011frencilerimize sundu\u011fumuz deneyim, onlar\u0131n akademik ve profesyonel geli\u015fimlerini desteklemek amac\u0131yla tasarlanm\u0131\u015ft\u0131r. B\u00f6l\u00fcm\u00fcm\u00fcz\u00fcn g\u00fc\u00e7l\u00fc akademik kadrosu ve dinamik yap\u0131s\u0131, \u00f6\u011frencilerin econometrik analizlerin uygulanmas\u0131na y\u00f6nelik derinlemesine bir e\u011fitim almalar\u0131n\u0131 sa\u011flar.\n\n\u00d6\u011frenci deneyimi, s\u0131n\u0131flar\u0131m\u0131zda teorik bilgilerin prati\u011fe d\u00f6k\u00fclmesi ile ba\u015flar. \u00d6\u011frencilere sunulan projeler ve vaka \u00e7al\u0131\u015fmalar\u0131 sayesinde, ger\u00e7ek d\u00fcnya sorunlar\u0131n\u0131 \u00e7\u00f6zme becerileri geli\u015ftirilir. Ayr\u0131ca, b\u00f6l\u00fcm\u00fcm\u00fcz\u00fcn d\u00fczenledi\u011fi seminerler ve konferanslar, \u00f6\u011frencilerin ekonomi ve finans d\u00fcnyas\u0131n\u0131n \u00f6nde gelen isimlerinden \u00f6\u011frenmelerine olanak tan\u0131r.\n\nAyr\u0131ca, \u00f6\u011frencilere verilen bireysel proje \u00e7al\u0131\u015fmalar\u0131, onlar\u0131n ba\u011f\u0131ms\u0131z d\u00fc\u015f\u00fcnme ve \u00e7\u00f6z\u00fcm \u00fcretme becerilerini geli\u015ftirmelerine yard\u0131mc\u0131 olur. Bu projelerde, g\u00fcncel ekonomik sorunlara kar\u015f\u0131 \u00f6neriler geli\u015ftirerek, econometrik y\u00f6ntemlerin somut uygulamalar\u0131n\u0131 deneyimlemeleri sa\u011flan\u0131r.\n\n\u00d6\u011frenci kul\u00fcpleri ve sosyal aktiviteler de \u00f6\u011frenci deneyiminin \u00f6nemli bir par\u00e7as\u0131n\u0131 olu\u015fturur. Bunlar, \u00f6\u011frencilerin birbirleriyle ve \u00f6\u011fretim \u00fcyeleriyle etkile\u015fim kurmalar\u0131na, tak\u0131m \u00e7al\u0131\u015fmas\u0131 ruhunu geli\u015ftirmelerine ve b\u00f6l\u00fcm\u00fcn sosyal yap\u0131s\u0131na entegre olmalar\u0131na yard\u0131mc\u0131 olur.\n\nEkonometri b\u00f6l\u00fcm\u00fcndeki e\u011fitim s\u00fcreci boyunca, \u00f6\u011frencilere kariyerlerine y\u00f6n vermek i\u00e7in gerekli ara\u00e7lar da sunulur. Mezunlar\u0131m\u0131z\u0131n i\u015f d\u00fcnyas\u0131nda successful bir \u015fekilde yer alabilmeleri i\u00e7in, staj imkanlar\u0131ndan faydalanmalar\u0131 te\u015fvik edilir ve mezuniyet sonras\u0131nda da desteklenmeleri sa\u011flan\u0131r.\n\nGenel olarak, b\u00f6l\u00fcm\u00fcm\u00fcz\u00fcn \u00f6\u011frenci deneyimi, teorik bilgiyi prati\u011fe d\u00f6kerek, gelece\u011fin ekonomi ve finans liderlerini yeti\u015ftirmeyi ama\u00e7lar.<\/p>\n\t\t\t\t\t\t\t\t\t\t\t\t\t\t\t\t\t\t\t\t\t\t\t\t\t\t\t\t\t\t\t<p class=\"job\">Ekonometri b\u00f6l\u00fcm\u00fcm\u00fczde \u00f6\u011frencilerimize sundu\u011fumuz deneyim, onlar\u0131n akademik ve profesyonel geli\u015fimlerini desteklemek amac\u0131yla tasarlanm\u0131\u015ft\u0131r. B\u00f6l\u00fcm\u00fcm\u00fcz\u00fcn g\u00fc\u00e7l\u00fc akademik kadrosu ve dinamik yap\u0131s\u0131, \u00f6\u011frencilerin econometrik analizlerin uygulanmas\u0131na y\u00f6nelik derinlemesine bir e\u011fitim almalar\u0131n\u0131 sa\u011flar.\n\n\u00d6\u011frenci deneyimi, s\u0131n\u0131flar\u0131m\u0131zda teorik bilgilerin prati\u011fe d\u00f6k\u00fclmesi ile ba\u015flar. \u00d6\u011frencilere sunulan projeler ve vaka \u00e7al\u0131\u015fmalar\u0131 sayesinde, ger\u00e7ek d\u00fcnya sorunlar\u0131n\u0131 \u00e7\u00f6zme becerileri geli\u015ftirilir. Ayr\u0131ca, b\u00f6l\u00fcm\u00fcm\u00fcz\u00fcn d\u00fczenledi\u011fi seminerler ve konferanslar, \u00f6\u011frencilerin ekonomi ve finans d\u00fcnyas\u0131n\u0131n \u00f6nde gelen isimlerinden \u00f6\u011frenmelerine olanak tan\u0131r.\n\nAyr\u0131ca, \u00f6\u011frencilere verilen bireysel proje \u00e7al\u0131\u015fmalar\u0131, onlar\u0131n ba\u011f\u0131ms\u0131z d\u00fc\u015f\u00fcnme ve \u00e7\u00f6z\u00fcm \u00fcretme becerilerini geli\u015ftirmelerine yard\u0131mc\u0131 olur. Bu projelerde, g\u00fcncel ekonomik sorunlara kar\u015f\u0131 \u00f6neriler geli\u015ftirerek, econometrik y\u00f6ntemlerin somut uygulamalar\u0131n\u0131 deneyimlemeleri sa\u011flan\u0131r.\n\n\u00d6\u011frenci kul\u00fcpleri ve sosyal aktiviteler de \u00f6\u011frenci deneyiminin \u00f6nemli bir par\u00e7as\u0131n\u0131 olu\u015fturur. Bunlar, \u00f6\u011frencilerin birbirleriyle ve \u00f6\u011fretim \u00fcyeleriyle etkile\u015fim kurmalar\u0131na, tak\u0131m \u00e7al\u0131\u015fmas\u0131 ruhunu geli\u015ftirmelerine ve b\u00f6l\u00fcm\u00fcn sosyal yap\u0131s\u0131na entegre olmalar\u0131na yard\u0131mc\u0131 olur.\n\nEkonometri b\u00f6l\u00fcm\u00fcndeki e\u011fitim s\u00fcreci boyunca, \u00f6\u011frencilere kariyerlerine y\u00f6n vermek i\u00e7in gerekli ara\u00e7lar da sunulur. Mezunlar\u0131m\u0131z\u0131n i\u015f d\u00fcnyas\u0131nda successful bir \u015fekilde yer alabilmeleri i\u00e7in, staj imkanlar\u0131ndan faydalanmalar\u0131 te\u015fvik edilir ve mezuniyet sonras\u0131nda da desteklenmeleri sa\u011flan\u0131r.\n\nGenel olarak, b\u00f6l\u00fcm\u00fcm\u00fcz\u00fcn \u00f6\u011frenci deneyimi, teorik bilgiyi prati\u011fe d\u00f6kerek, gelece\u011fin ekonomi ve finans liderlerini yeti\u015ftirmeyi ama\u00e7lar.<\/p>\n\t\t\t\t\t\t\t\t\t\t\t\t\t\t\t\t\t\t\t<\/div>\n\t\t\t\t\t\t\t\t<\/div>\n\t\t\t\t\t\t\t\t\n\t\t\t\t\t\t\t\t\t\t\t\t\t\t\t\t\t<div class=\"icon-quote\">\n\t\t\t\t\t\t\t\t\t\t<span class=\"flaticon-left-quote-1\"><\/span>\n\t\t\t\t\t\t\t\t\t<\/div>\n\t\t\t\t\t\t\t\t\t\t\t\t\t\t\t<\/div>\n\t\t\t\t\t\t<\/div>\n\t\t\t\t\t\t\t\t\t<\/div>\n\t\t\t<\/section>\n\n\t\t\t\t\n\t\t\t\t\t\t<\/div>\n\t\t\t\t<\/div>\n\t\t\t\t\t<\/div>\n\t\t<\/div>\n\t\t\t\t\t<\/div>\n\t\t<\/section>\n\t\t\t\t<\/div>\n\t\t","protected":false},"excerpt":{"rendered":"<p>\u00d6\u011frenci Deneyimi Lorem Ipsum Nedir? Lorem Ipsum, dizgi ve bask\u0131 end\u00fcstrisinde kullan\u0131lan m\u0131g\u0131r metinlerdir. Lorem Ipsum, ad\u0131 bilinmeyen bir matbaac\u0131n\u0131n bir hurufat numune kitab\u0131 olu\u015fturmak \u00fczere bir yaz\u0131 galerisini alarak kar\u0131\u015ft\u0131rd\u0131\u011f\u0131 1500&#039;lerden beri end\u00fcstri standard\u0131 sahte metinler olarak kullan\u0131lm\u0131\u015ft\u0131r. Be\u015fy\u00fcz y\u0131l boyunca varl\u0131\u011f\u0131n\u0131 s\u00fcrd\u00fcrmekle kalmam\u0131\u015f, ayn\u0131 zamanda pek de\u011fi\u015fmeden elektronik dizgiye de s\u0131\u00e7ram\u0131\u015ft\u0131r. 1960&#039;larda Lorem [&hellip;]<\/p>\n","protected":false},"author":1,"featured_media":0,"parent":0,"menu_order":0,"comment_status":"closed","ping_status":"closed","template":"elementor_header_footer","meta":{"footnotes":""},"class_list":["post-5734","page","type-page","status-publish","hentry"],"_links":{"self":[{"href":"https:\/\/atauni.edu.tr\/ekonometri-bolumu-1\/wp-json\/wp\/v2\/pages\/5734","targetHints":{"allow":["GET"]}}],"collection":[{"href":"https:\/\/atauni.edu.tr\/ekonometri-bolumu-1\/wp-json\/wp\/v2\/pages"}],"about":[{"href":"https:\/\/atauni.edu.tr\/ekonometri-bolumu-1\/wp-json\/wp\/v2\/types\/page"}],"author":[{"embeddable":true,"href":"https:\/\/atauni.edu.tr\/ekonometri-bolumu-1\/wp-json\/wp\/v2\/users\/1"}],"replies":[{"embeddable":true,"href":"https:\/\/atauni.edu.tr\/ekonometri-bolumu-1\/wp-json\/wp\/v2\/comments?post=5734"}],"version-history":[{"count":20,"href":"https:\/\/atauni.edu.tr\/ekonometri-bolumu-1\/wp-json\/wp\/v2\/pages\/5734\/revisions"}],"predecessor-version":[{"id":6103,"href":"https:\/\/atauni.edu.tr\/ekonometri-bolumu-1\/wp-json\/wp\/v2\/pages\/5734\/revisions\/6103"}],"wp:attachment":[{"href":"https:\/\/atauni.edu.tr\/ekonometri-bolumu-1\/wp-json\/wp\/v2\/media?parent=5734"}],"curies":[{"name":"wp","href":"https:\/\/api.w.org\/{rel}","templated":true}]}}