{"id":5638,"date":"2021-07-13T09:49:25","date_gmt":"2021-07-13T06:49:25","guid":{"rendered":"https:\/\/portaltest.atauni.edu.tr\/bilgisayar-muhendisligi\/?page_id=5638"},"modified":"2025-11-13T22:59:18","modified_gmt":"2025-11-13T19:59:18","slug":"tarihce","status":"publish","type":"page","link":"https:\/\/atauni.edu.tr\/ekonometri-bolumu\/tarihce\/","title":{"rendered":"Tarih\u00e7e"},"content":{"rendered":"<h2>Tarih\u00e7e<\/h2>\n<h2>Ekonometri b\u00f6l\u00fcm\u00fc \u0130ktisadi ve \u0130dari Bilimler Fak\u00fcltesi b\u00fcnyesinde 2007 y\u0131l\u0131nda kurulmu\u015ftur. B\u00f6l\u00fcm\u00fcm\u00fcz ilk lisans \u00f6\u011frencilerini 2008-2009 e\u011fitim \u00f6\u011fretim y\u0131l\u0131nda alarak faaliyete ge\u00e7mi\u015ftir. \u0130lk lisans mezunlar\u0131n\u0131 2011-2012 y\u0131l\u0131nda veren b\u00f6l\u00fcm\u00fcm\u00fcz, hali haz\u0131rda yedi profes\u00f6r, bir do\u00e7ent, d\u00f6rt doktor \u00f6\u011fretim \u00fcyesi ve bir ara\u015ft\u0131rma g\u00f6revlisi doktor ile hizmetine devam etmektedir.<\/h2>\n","protected":false},"excerpt":{"rendered":"<p>Tarih\u00e7e Ekonometri b\u00f6l\u00fcm\u00fc \u0130ktisadi ve \u0130dari Bilimler Fak\u00fcltesi b\u00fcnyesinde 2007 y\u0131l\u0131nda kurulmu\u015ftur. B\u00f6l\u00fcm\u00fcm\u00fcz ilk lisans \u00f6\u011frencilerini 2008-2009 e\u011fitim \u00f6\u011fretim y\u0131l\u0131nda alarak faaliyete ge\u00e7mi\u015ftir. \u0130lk lisans mezunlar\u0131n\u0131 2011-2012 y\u0131l\u0131nda veren b\u00f6l\u00fcm\u00fcm\u00fcz, hali haz\u0131rda yedi profes\u00f6r, bir do\u00e7ent, d\u00f6rt doktor \u00f6\u011fretim \u00fcyesi ve bir ara\u015ft\u0131rma g\u00f6revlisi doktor ile hizmetine devam etmektedir.<\/p>\n","protected":false},"author":1,"featured_media":0,"parent":0,"menu_order":0,"comment_status":"closed","ping_status":"closed","template":"","meta":{"footnotes":""},"class_list":["post-5638","page","type-page","status-publish","hentry"],"_links":{"self":[{"href":"https:\/\/atauni.edu.tr\/ekonometri-bolumu\/wp-json\/wp\/v2\/pages\/5638","targetHints":{"allow":["GET"]}}],"collection":[{"href":"https:\/\/atauni.edu.tr\/ekonometri-bolumu\/wp-json\/wp\/v2\/pages"}],"about":[{"href":"https:\/\/atauni.edu.tr\/ekonometri-bolumu\/wp-json\/wp\/v2\/types\/page"}],"author":[{"embeddable":true,"href":"https:\/\/atauni.edu.tr\/ekonometri-bolumu\/wp-json\/wp\/v2\/users\/1"}],"replies":[{"embeddable":true,"href":"https:\/\/atauni.edu.tr\/ekonometri-bolumu\/wp-json\/wp\/v2\/comments?post=5638"}],"version-history":[{"count":32,"href":"https:\/\/atauni.edu.tr\/ekonometri-bolumu\/wp-json\/wp\/v2\/pages\/5638\/revisions"}],"predecessor-version":[{"id":6762,"href":"https:\/\/atauni.edu.tr\/ekonometri-bolumu\/wp-json\/wp\/v2\/pages\/5638\/revisions\/6762"}],"wp:attachment":[{"href":"https:\/\/atauni.edu.tr\/ekonometri-bolumu\/wp-json\/wp\/v2\/media?parent=5638"}],"curies":[{"name":"wp","href":"https:\/\/api.w.org\/{rel}","templated":true}]}}