{"id":5662,"date":"2021-07-13T10:01:45","date_gmt":"2021-07-13T07:01:45","guid":{"rendered":"https:\/\/portaltest.atauni.edu.tr\/bilgisayar-muhendisligi\/?page_id=5662"},"modified":"2025-11-14T14:38:41","modified_gmt":"2025-11-14T11:38:41","slug":"yonetim","status":"publish","type":"page","link":"https:\/\/atauni.edu.tr\/ekonometri-bolumu\/yonetim\/","title":{"rendered":"Y\u00f6netim"},"content":{"rendered":"<h2>Y\u00f6netim<\/h2>\n<p><strong>B\u00f6l\u00fcm Ba\u015fkan\u0131m\u0131z<\/strong><\/p>\n<p><a href=\"https:\/\/atauni.edu.tr\/erkan-oktay\">Prof. Dr. Erkan OKTAY<\/a><\/p>\n<p><strong>B\u00f6l\u00fcm Ba\u015fkan Yard\u0131mc\u0131lar\u0131m\u0131z<\/strong><\/p>\n<p><a href=\"https:\/\/avesis.atauni.edu.tr\/seyda.unver\/deneyim\">Dr. \u00d6\u011fretim \u00dcyesi \u015eeyda \u00dcNVER<\/a><\/p>\n<p><a href=\"https:\/\/avesis.atauni.edu.tr\/hasan.tekmanli\">Dr. \u00d6\u011fretim \u00dcyesi Hasan H\u00fcseyin TEKMANLI<\/a><\/p>\n","protected":false},"excerpt":{"rendered":"<p>Y\u00f6netim B\u00f6l\u00fcm Ba\u015fkan\u0131m\u0131z Prof. Dr. Erkan OKTAY B\u00f6l\u00fcm Ba\u015fkan Yard\u0131mc\u0131lar\u0131m\u0131z Dr. \u00d6\u011fretim \u00dcyesi \u015eeyda \u00dcNVER Dr. \u00d6\u011fretim \u00dcyesi Hasan H\u00fcseyin TEKMANLI<\/p>\n","protected":false},"author":1,"featured_media":0,"parent":0,"menu_order":0,"comment_status":"closed","ping_status":"closed","template":"elementor_header_footer","meta":{"footnotes":""},"class_list":["post-5662","page","type-page","status-publish","hentry"],"_links":{"self":[{"href":"https:\/\/atauni.edu.tr\/ekonometri-bolumu\/wp-json\/wp\/v2\/pages\/5662","targetHints":{"allow":["GET"]}}],"collection":[{"href":"https:\/\/atauni.edu.tr\/ekonometri-bolumu\/wp-json\/wp\/v2\/pages"}],"about":[{"href":"https:\/\/atauni.edu.tr\/ekonometri-bolumu\/wp-json\/wp\/v2\/types\/page"}],"author":[{"embeddable":true,"href":"https:\/\/atauni.edu.tr\/ekonometri-bolumu\/wp-json\/wp\/v2\/users\/1"}],"replies":[{"embeddable":true,"href":"https:\/\/atauni.edu.tr\/ekonometri-bolumu\/wp-json\/wp\/v2\/comments?post=5662"}],"version-history":[{"count":33,"href":"https:\/\/atauni.edu.tr\/ekonometri-bolumu\/wp-json\/wp\/v2\/pages\/5662\/revisions"}],"predecessor-version":[{"id":6790,"href":"https:\/\/atauni.edu.tr\/ekonometri-bolumu\/wp-json\/wp\/v2\/pages\/5662\/revisions\/6790"}],"wp:attachment":[{"href":"https:\/\/atauni.edu.tr\/ekonometri-bolumu\/wp-json\/wp\/v2\/media?parent=5662"}],"curies":[{"name":"wp","href":"https:\/\/api.w.org\/{rel}","templated":true}]}}