{"id":5682,"date":"2021-07-13T10:10:01","date_gmt":"2021-07-13T07:10:01","guid":{"rendered":"https:\/\/portaltest.atauni.edu.tr\/bilgisayar-muhendisligi\/?page_id=5682"},"modified":"2025-05-15T15:48:45","modified_gmt":"2025-05-15T12:48:45","slug":"misyon-vizyon-ve-temel-degerler","status":"publish","type":"page","link":"https:\/\/atauni.edu.tr\/ekonometri-bolumu\/misyon-vizyon-ve-temel-degerler\/","title":{"rendered":"Misyon, Vizyon ve Temel De\u011ferler"},"content":{"rendered":"<p><strong>Misyon<\/strong><\/p>\n<p>Kuramsal ve olgusal bilgiye, bili\u015fsel ve uygulama becerisine, ba\u011f\u0131ms\u0131z \u00e7al\u0131\u015fma ve \u00f6\u011frenme yetkinli\u011fine sahip, etik de\u011ferlere ba\u011fl\u0131, disiplinler aras\u0131 analitik d\u00fc\u015f\u00fcnebilen, yenilik\u00e7i giri\u015fimci ruhlu bireyler yeti\u015ftirmektir.<\/p>\n<p><strong>Vizyon<\/strong><\/p>\n<p>Bilimsel geli\u015fmeleri yak\u0131ndan takip eden ve uygulayabilen, i\u015f birli\u011fine a\u00e7\u0131k, analitik d\u00fc\u015f\u00fcnme becerisine sahip bireyler yeti\u015ftiren; ara\u015ft\u0131rma ve \u00f6\u011fretim m\u00fckemmelli\u011fi ile tan\u0131nan bir b\u00f6l\u00fcm olmakt\u0131r.<\/p>\n<p><strong>Temel De\u011ferler<\/strong><\/p>\n<p>Bilgi Temellilik<\/p>\n<p>Giri\u015fimcilik<\/p>\n<p>\u0130\u015fbirli\u011fi<\/p>\n<p>\u0130novasyon<\/p>\n<p>\u00c7\u00f6z\u00fcm Odakl\u0131l\u0131k<\/p>\n","protected":false},"excerpt":{"rendered":"<p>Misyon Kuramsal ve olgusal bilgiye, bili\u015fsel ve uygulama becerisine, ba\u011f\u0131ms\u0131z \u00e7al\u0131\u015fma ve \u00f6\u011frenme yetkinli\u011fine sahip, etik de\u011ferlere ba\u011fl\u0131, disiplinler aras\u0131 analitik d\u00fc\u015f\u00fcnebilen, yenilik\u00e7i giri\u015fimci ruhlu bireyler yeti\u015ftirmektir. Vizyon Bilimsel geli\u015fmeleri yak\u0131ndan takip eden ve uygulayabilen, i\u015f birli\u011fine a\u00e7\u0131k, analitik d\u00fc\u015f\u00fcnme becerisine sahip bireyler yeti\u015ftiren; ara\u015ft\u0131rma ve \u00f6\u011fretim m\u00fckemmelli\u011fi ile tan\u0131nan bir b\u00f6l\u00fcm olmakt\u0131r. Temel De\u011ferler [&hellip;]<\/p>\n","protected":false},"author":1,"featured_media":0,"parent":0,"menu_order":0,"comment_status":"closed","ping_status":"closed","template":"","meta":{"footnotes":""},"class_list":["post-5682","page","type-page","status-publish","hentry"],"_links":{"self":[{"href":"https:\/\/atauni.edu.tr\/ekonometri-bolumu\/wp-json\/wp\/v2\/pages\/5682","targetHints":{"allow":["GET"]}}],"collection":[{"href":"https:\/\/atauni.edu.tr\/ekonometri-bolumu\/wp-json\/wp\/v2\/pages"}],"about":[{"href":"https:\/\/atauni.edu.tr\/ekonometri-bolumu\/wp-json\/wp\/v2\/types\/page"}],"author":[{"embeddable":true,"href":"https:\/\/atauni.edu.tr\/ekonometri-bolumu\/wp-json\/wp\/v2\/users\/1"}],"replies":[{"embeddable":true,"href":"https:\/\/atauni.edu.tr\/ekonometri-bolumu\/wp-json\/wp\/v2\/comments?post=5682"}],"version-history":[{"count":19,"href":"https:\/\/atauni.edu.tr\/ekonometri-bolumu\/wp-json\/wp\/v2\/pages\/5682\/revisions"}],"predecessor-version":[{"id":6492,"href":"https:\/\/atauni.edu.tr\/ekonometri-bolumu\/wp-json\/wp\/v2\/pages\/5682\/revisions\/6492"}],"wp:attachment":[{"href":"https:\/\/atauni.edu.tr\/ekonometri-bolumu\/wp-json\/wp\/v2\/media?parent=5682"}],"curies":[{"name":"wp","href":"https:\/\/api.w.org\/{rel}","templated":true}]}}