{"id":5688,"date":"2021-07-13T10:13:48","date_gmt":"2021-07-13T07:13:48","guid":{"rendered":"https:\/\/portaltest.atauni.edu.tr\/bilgisayar-muhendisligi\/?page_id=5688"},"modified":"2025-05-24T21:51:52","modified_gmt":"2025-05-24T18:51:52","slug":"akademik-personel","status":"publish","type":"page","link":"https:\/\/atauni.edu.tr\/ekonometri-bolumu\/akademik-personel\/","title":{"rendered":"Akademik Personel"},"content":{"rendered":"\t\t<div data-elementor-type=\"wp-page\" data-elementor-id=\"5688\" class=\"elementor elementor-5688\" data-elementor-post-type=\"page\">\n\t\t\t\t\t\t<section class=\"elementor-section elementor-top-section elementor-element elementor-element-22b96024 elementor-section-boxed elementor-section-height-default elementor-section-height-default\" data-id=\"22b96024\" data-element_type=\"section\">\n\t\t\t\t\t\t<div class=\"elementor-container elementor-column-gap-default\">\n\t\t\t\t\t<div class=\"elementor-column elementor-col-100 elementor-top-column elementor-element elementor-element-5a1f7769\" data-id=\"5a1f7769\" data-element_type=\"column\">\n\t\t\t<div class=\"elementor-widget-wrap elementor-element-populated\">\n\t\t\t\t\t\t<div class=\"elementor-element elementor-element-3b3e2d4a elementor-widget elementor-widget-heading\" data-id=\"3b3e2d4a\" data-element_type=\"widget\" data-widget_type=\"heading.default\">\n\t\t\t\t<div class=\"elementor-widget-container\">\n\t\t\t\t\t<h2 class=\"elementor-heading-title elementor-size-default\">Akademik Personel<\/h2>\t\t\t\t<\/div>\n\t\t\t\t<\/div>\n\t\t\t\t<div class=\"elementor-element elementor-element-35223868 elementor-widget-divider--view-line elementor-widget elementor-widget-divider\" data-id=\"35223868\" data-element_type=\"widget\" data-widget_type=\"divider.default\">\n\t\t\t\t<div class=\"elementor-widget-container\">\n\t\t\t\t\t\t\t<div class=\"elementor-divider\">\n\t\t\t<span class=\"elementor-divider-separator\">\n\t\t\t\t\t\t<\/span>\n\t\t<\/div>\n\t\t\t\t\t\t<\/div>\n\t\t\t\t<\/div>\n\t\t\t\t\t<\/div>\n\t\t<\/div>\n\t\t\t\t\t<\/div>\n\t\t<\/section>\n\t\t\t\t<section class=\"elementor-section elementor-top-section elementor-element elementor-element-b21569b elementor-section-boxed elementor-section-height-default elementor-section-height-default\" data-id=\"b21569b\" data-element_type=\"section\">\n\t\t\t\t\t\t<div class=\"elementor-container elementor-column-gap-default\">\n\t\t\t\t\t<div class=\"elementor-column elementor-col-100 elementor-top-column elementor-element elementor-element-ab30dbe\" data-id=\"ab30dbe\" data-element_type=\"column\">\n\t\t\t<div class=\"elementor-widget-wrap elementor-element-populated\">\n\t\t\t\t\t\t<div class=\"elementor-element elementor-element-5866e08 elementor-drop-cap-yes elementor-drop-cap-view-default elementor-widget elementor-widget-text-editor\" data-id=\"5866e08\" data-element_type=\"widget\" data-settings=\"{&quot;drop_cap&quot;:&quot;yes&quot;}\" data-widget_type=\"text-editor.default\">\n\t\t\t\t<div class=\"elementor-widget-container\">\n\t\t\t\t\t\t\t\t\t<p><a href=\"https:\/\/atauni.edu.tr\/cavit-yesilyurt\">Prof. Dr. Cavit YE\u015e\u0130LYURT<\/a><\/p><p><a href=\"https:\/\/atauni.edu.tr\/erkan-oktay\">Prof. Dr. Erkan OKTAY<\/a><\/p><p><a href=\"https:\/\/atauni.edu.tr\/huseyin-ozer\">Prof. Dr. H\u00fcseyin \u00d6ZER<\/a><\/p><p><a href=\"https:\/\/atauni.edu.tr\/mehmet-suphi-ozcomak\">Prof. Dr. Mehmet Suphi \u00d6Z\u00c7OMAK\u00a0<\/a><\/p><p><a href=\"https:\/\/atauni.edu.tr\/omer-yilmaz\">Prof. Dr. \u00d6mer YILMAZ<\/a><\/p><p><a href=\"https:\/\/atauni.edu.tr\/omer-alkan\">Prof. Dr. \u00d6mer ALKAN<\/a><\/p><p><a href=\"https:\/\/atauni.edu.tr\/abdulkerim-karaaslan\">Prof. Dr. Abdulkerim KARAASLAN<\/a><\/p><p><a href=\"https:\/\/atauni.edu.tr\/hakan-eygu\">Do\u00e7. Dr. Hakan EYG\u00dc<\/a>\u00a0 \u00a0<span style=\"letter-spacing: 0px\">\u00a0\u00a0<\/span><\/p><p><a href=\"https:\/\/atauni.edu.tr\/gokhan-erkal\">Dr. \u00d6\u011fretim \u00dcyesi G\u00f6khan ERKAL<\/a><\/p><p><a href=\"https:\/\/avesis.atauni.edu.tr\/anil.logun\">Dr. \u00d6\u011fretim \u00dcyesi An\u0131l L\u00d6\u011e\u00dcN<\/a><\/p><p><a href=\"https:\/\/avesis.atauni.edu.tr\/seyda.unver\/deneyim\">Dr. \u00d6\u011fretim \u00dcyesi \u015eeyda \u00dcNVER<\/a><\/p><p><a href=\"https:\/\/avesis.atauni.edu.tr\/hasan.tekmanli\">Dr. \u00d6\u011fretim \u00dcyesi Hasan H\u00fcseyin TEKMANLI<\/a><\/p><p><a href=\"https:\/\/avesis.atauni.edu.tr\/enzel.o\/yayinlar\">Ar\u015f. G\u00f6r. Dr. Enzel \u00d6ZGEN\u00c7 OSMANO\u011eLU<\/a><\/p><p>\u00a0<\/p>\t\t\t\t\t\t\t\t<\/div>\n\t\t\t\t<\/div>\n\t\t\t\t\t<\/div>\n\t\t<\/div>\n\t\t\t\t\t<\/div>\n\t\t<\/section>\n\t\t\t\t<\/div>\n\t\t","protected":false},"excerpt":{"rendered":"<p>Akademik Personel Prof. Dr. Cavit YE\u015e\u0130LYURT Prof. Dr. Erkan OKTAY Prof. Dr. H\u00fcseyin \u00d6ZER Prof. Dr. Mehmet Suphi \u00d6Z\u00c7OMAK\u00a0 Prof. Dr. \u00d6mer YILMAZ Prof. Dr. \u00d6mer ALKAN Prof. Dr. Abdulkerim KARAASLAN Do\u00e7. Dr. Hakan EYG\u00dc\u00a0 \u00a0\u00a0\u00a0 Dr. \u00d6\u011fretim \u00dcyesi G\u00f6khan ERKAL Dr. \u00d6\u011fretim \u00dcyesi An\u0131l L\u00d6\u011e\u00dcN Dr. \u00d6\u011fretim \u00dcyesi \u015eeyda \u00dcNVER Dr. \u00d6\u011fretim \u00dcyesi Hasan [&hellip;]<\/p>\n","protected":false},"author":1,"featured_media":0,"parent":0,"menu_order":0,"comment_status":"closed","ping_status":"closed","template":"elementor_header_footer","meta":{"footnotes":""},"class_list":["post-5688","page","type-page","status-publish","hentry"],"_links":{"self":[{"href":"https:\/\/atauni.edu.tr\/ekonometri-bolumu\/wp-json\/wp\/v2\/pages\/5688","targetHints":{"allow":["GET"]}}],"collection":[{"href":"https:\/\/atauni.edu.tr\/ekonometri-bolumu\/wp-json\/wp\/v2\/pages"}],"about":[{"href":"https:\/\/atauni.edu.tr\/ekonometri-bolumu\/wp-json\/wp\/v2\/types\/page"}],"author":[{"embeddable":true,"href":"https:\/\/atauni.edu.tr\/ekonometri-bolumu\/wp-json\/wp\/v2\/users\/1"}],"replies":[{"embeddable":true,"href":"https:\/\/atauni.edu.tr\/ekonometri-bolumu\/wp-json\/wp\/v2\/comments?post=5688"}],"version-history":[{"count":80,"href":"https:\/\/atauni.edu.tr\/ekonometri-bolumu\/wp-json\/wp\/v2\/pages\/5688\/revisions"}],"predecessor-version":[{"id":6551,"href":"https:\/\/atauni.edu.tr\/ekonometri-bolumu\/wp-json\/wp\/v2\/pages\/5688\/revisions\/6551"}],"wp:attachment":[{"href":"https:\/\/atauni.edu.tr\/ekonometri-bolumu\/wp-json\/wp\/v2\/media?parent=5688"}],"curies":[{"name":"wp","href":"https:\/\/api.w.org\/{rel}","templated":true}]}}